{"id":2760,"date":"2025-09-04T08:12:27","date_gmt":"2025-09-04T08:12:27","guid":{"rendered":"https:\/\/www.stanleypackage.com\/?post_type=product&#038;p=2760"},"modified":"2025-09-04T08:12:33","modified_gmt":"2025-09-04T08:12:33","slug":"customized-spout-pouches","status":"publish","type":"product","link":"https:\/\/www.stanleypackage.com\/es\/product\/customized-spout-pouches\/","title":{"rendered":"Bolsas con boquilla personalizadas al por mayor para productos de cuidado personal"},"content":{"rendered":"<div class=\"wp-block-columns is-layout-flex wp-container-core-columns-is-layout-9d6595d7 wp-block-columns-is-layout-flex\">\n<div class=\"wp-block-column is-layout-flow wp-block-column-is-layout-flow\">\n<h2 class=\"wp-block-heading\">Caracter\u00edsticas de las bolsas de ca\u00f1o personalizadas<\/h2>\n\n\n\n<ul class=\"wp-block-list\">\n<li><strong>Material compuesto duradero y respetuoso con el medio ambiente:<\/strong> Estas bolsas con boquilla personalizadas al por mayor adoptan el material compuesto de tres capas Matte MOPP25\/AL7\/PET12\/PE70, que es a prueba de humedad, a prueba de luz y duradero, protegiendo eficazmente el l\u00edquido interno del entorno externo.<\/li>\n\n\n\n<li><strong>El dise\u00f1o de la boquilla es c\u00f3modo de usar: <\/strong>El dise\u00f1o de la boquilla de esta bolsa con boquilla de pie personalizada facilita el control preciso de la cantidad utilizada cada vez, evitando el desperdicio y siendo m\u00e1s higi\u00e9nica.<\/li>\n\n\n\n<li><strong>El dise\u00f1o de la bolsa de pie ahorra espacio: <\/strong>Estas bolsas con boquilla personalizadas al por mayor son f\u00e1ciles de exponer, almacenar y transportar, especialmente adecuadas para viajes y exposiciones al por menor.<\/li>\n\n\n\n<li><strong>El servicio personalizado satisface las necesidades:<\/strong> Ofrecemos una gran variedad de opciones de personalizaci\u00f3n para la bolsa con boquilla de pie a medida, y podemos dise\u00f1ar diferentes formas, tama\u00f1os y patrones de impresi\u00f3n seg\u00fan las necesidades del cliente para mejorar la personalizaci\u00f3n de la marca y la competitividad en el mercado.<\/li>\n\n\n\n<li><strong>Adecuado para una gran variedad de productos de cuidado l\u00edquidos:<\/strong> Nuestras bolsas personalizadas con boquilla son adecuadas para las necesidades de envasado de productos de viaje, hoteler\u00eda y cuidado diario.<\/li>\n<\/ul>\n\n\n\n<div class=\"wp-block-columns is-layout-flex wp-container-core-columns-is-layout-9d6595d7 wp-block-columns-is-layout-flex\">\n<div class=\"wp-block-column is-layout-flow wp-block-column-is-layout-flow\">\n<figure class=\"wp-block-image size-full\"><img decoding=\"async\" width=\"750\" height=\"750\" src=\"https:\/\/www.stanleypackage.com\/wp-content\/uploads\/2025\/08\/Customized-Stand-Up-Pouches-with-Spout-Travel-Personal-Care-Packaging-2.jpg\" alt=\"\" class=\"wp-image-2761\" srcset=\"https:\/\/www.stanleypackage.com\/wp-content\/uploads\/2025\/08\/Customized-Stand-Up-Pouches-with-Spout-Travel-Personal-Care-Packaging-2.jpg 750w, https:\/\/www.stanleypackage.com\/wp-content\/uploads\/2025\/08\/Customized-Stand-Up-Pouches-with-Spout-Travel-Personal-Care-Packaging-2-300x300.jpg 300w, https:\/\/www.stanleypackage.com\/wp-content\/uploads\/2025\/08\/Customized-Stand-Up-Pouches-with-Spout-Travel-Personal-Care-Packaging-2-150x150.jpg 150w, https:\/\/www.stanleypackage.com\/wp-content\/uploads\/2025\/08\/Customized-Stand-Up-Pouches-with-Spout-Travel-Personal-Care-Packaging-2-12x12.jpg 12w, https:\/\/www.stanleypackage.com\/wp-content\/uploads\/2025\/08\/Customized-Stand-Up-Pouches-with-Spout-Travel-Personal-Care-Packaging-2-600x600.jpg 600w, https:\/\/www.stanleypackage.com\/wp-content\/uploads\/2025\/08\/Customized-Stand-Up-Pouches-with-Spout-Travel-Personal-Care-Packaging-2-100x100.jpg 100w\" sizes=\"(max-width: 750px) 100vw, 750px\" \/><\/figure>\n<\/div>\n\n\n\n<div class=\"wp-block-column is-layout-flow wp-block-column-is-layout-flow\">\n<figure class=\"wp-block-image size-full\"><img decoding=\"async\" width=\"3024\" height=\"2664\" src=\"https:\/\/www.stanleypackage.com\/wp-content\/uploads\/2025\/08\/Customized-Stand-Up-Pouches-with-Spout-Travel-Personal-Care-Packaging-5.jpg\" alt=\"\" class=\"wp-image-2766\" srcset=\"https:\/\/www.stanleypackage.com\/wp-content\/uploads\/2025\/08\/Customized-Stand-Up-Pouches-with-Spout-Travel-Personal-Care-Packaging-5.jpg 3024w, https:\/\/www.stanleypackage.com\/wp-content\/uploads\/2025\/08\/Customized-Stand-Up-Pouches-with-Spout-Travel-Personal-Care-Packaging-5-300x264.jpg 300w, https:\/\/www.stanleypackage.com\/wp-content\/uploads\/2025\/08\/Customized-Stand-Up-Pouches-with-Spout-Travel-Personal-Care-Packaging-5-768x677.jpg 768w, https:\/\/www.stanleypackage.com\/wp-content\/uploads\/2025\/08\/Customized-Stand-Up-Pouches-with-Spout-Travel-Personal-Care-Packaging-5-14x12.jpg 14w, https:\/\/www.stanleypackage.com\/wp-content\/uploads\/2025\/08\/Customized-Stand-Up-Pouches-with-Spout-Travel-Personal-Care-Packaging-5-1200x1057.jpg 1200w, https:\/\/www.stanleypackage.com\/wp-content\/uploads\/2025\/08\/Customized-Stand-Up-Pouches-with-Spout-Travel-Personal-Care-Packaging-5-600x529.jpg 600w\" sizes=\"(max-width: 3024px) 100vw, 3024px\" \/><\/figure>\n<\/div>\n<\/div>\n<\/div>\n<\/div>","protected":false},"excerpt":{"rendered":"<p>Bienvenido a comprar bolsas con boquilla personalizadas al por mayor. Esta bolsa de pie personalizado con dise\u00f1o de pico est\u00e1 dise\u00f1ado para champ\u00fa tama\u00f1o de viaje, gel de ducha y acondicionador y otros productos de cuidado personal, que es c\u00f3modo de usar y f\u00e1cil de llevar.<\/p>\n<table style=\"border-collapse: collapse; width: 334.02pt;\" border=\"0\" width=\"334\" cellspacing=\"0\" cellpadding=\"0\">\n<tbody>\n<tr style=\"height: 16.00pt;\">\n<td class=\"et2\" style=\"height: 16.00pt; width: 97.50pt;\" width=\"97\" height=\"16\">Fabricante<\/td>\n<td class=\"et2\" style=\"width: 236.80pt;\" width=\"236\">Stanley<\/td>\n<\/tr>\n<tr style=\"height: 16.00pt;\">\n<td class=\"et2\" style=\"height: 16.00pt; width: 97.50pt;\" width=\"97\" height=\"16\">Tipos de bolsas<\/td>\n<td class=\"et3\">Bolsa de ca\u00f1o, Bolsa de pie<\/td>\n<\/tr>\n<tr style=\"height: 16.00pt;\">\n<td class=\"et2\" style=\"height: 16.00pt; width: 97.50pt;\" width=\"97\" height=\"16\">Material<\/td>\n<td class=\"et2\" style=\"width: 236.80pt;\" width=\"236\">MOPP25\/AL7\/PET12\/PE70<\/td>\n<\/tr>\n<tr style=\"height: 16.00pt;\">\n<td class=\"et2\" style=\"height: 16.00pt; width: 97.50pt;\" width=\"97\" height=\"16\">Reportaje especial<\/td>\n<td class=\"et2\" style=\"width: 236.80pt;\" width=\"236\">Ca\u00f1o, fondo vertical<\/td>\n<\/tr>\n<tr style=\"height: 16.00pt;\">\n<td class=\"et2\" style=\"height: 16.00pt; width: 97.50pt;\" width=\"97\" height=\"16\">Manipulaci\u00f3n de superficies<\/td>\n<td class=\"et2\" style=\"width: 236.80pt;\" width=\"236\">Impresi\u00f3n en huecograbado<\/td>\n<\/tr>\n<tr style=\"height: 16.00pt;\">\n<td class=\"et2\" style=\"height: 16.00pt; width: 97.50pt;\" width=\"97\" height=\"16\">Color<\/td>\n<td class=\"et2\" style=\"width: 236.80pt;\" width=\"236\">Hasta 10 colores<\/td>\n<\/tr>\n<tr style=\"height: 16.00pt;\">\n<td class=\"et2\" style=\"height: 16.00pt; width: 97.50pt;\" width=\"97\" height=\"16\">Utilizaci\u00f3n<\/td>\n<td>Champ\u00fa, gel de ducha, crema y otros productos de cuidado personal<\/td>\n<\/tr>\n<tr style=\"height: 16.00pt;\">\n<td class=\"et2\" style=\"height: 16.00pt; width: 97.50pt;\" width=\"97\" height=\"16\">MOQ<\/td>\n<td class=\"et2\" style=\"width: 236.80pt;\" width=\"236\">50.000 unidades<\/td>\n<\/tr>\n<tr style=\"height: 16.00pt;\">\n<td class=\"et2\" style=\"height: 16.00pt; width: 97.50pt;\" width=\"97\" height=\"16\">Pedido a medida<\/td>\n<td class=\"et2\" style=\"width: 236.80pt;\" width=\"236\">Aceptamos OEM, Soporte Muestra gratis<\/td>\n<\/tr>\n<\/tbody>\n<\/table>\n<p>&nbsp;<\/p>","protected":false},"featured_media":2763,"comment_status":"closed","ping_status":"closed","template":"","meta":{"_acf_changed":false},"product_brand":[],"product_cat":[32,30],"product_tag":[],"class_list":{"0":"post-2760","1":"product","2":"type-product","3":"status-publish","4":"has-post-thumbnail","6":"product_cat-spout-pouch-manufacturer","7":"product_cat-stand-up-pouch-manufacturer","8":"pa_non-food-packaging-cosmetic-packaging-pouches","9":"pa_non-food-packaging-soap-detergent-pouches","10":"pa_non-food-packaging-hotel-supplies-packaging","12":"first","13":"instock","14":"shipping-taxable","15":"product-type-simple"},"acf":[],"_links":{"self":[{"href":"https:\/\/www.stanleypackage.com\/es\/wp-json\/wp\/v2\/product\/2760","targetHints":{"allow":["GET"]}}],"collection":[{"href":"https:\/\/www.stanleypackage.com\/es\/wp-json\/wp\/v2\/product"}],"about":[{"href":"https:\/\/www.stanleypackage.com\/es\/wp-json\/wp\/v2\/types\/product"}],"replies":[{"embeddable":true,"href":"https:\/\/www.stanleypackage.com\/es\/wp-json\/wp\/v2\/comments?post=2760"}],"wp:featuredmedia":[{"embeddable":true,"href":"https:\/\/www.stanleypackage.com\/es\/wp-json\/wp\/v2\/media\/2763"}],"wp:attachment":[{"href":"https:\/\/www.stanleypackage.com\/es\/wp-json\/wp\/v2\/media?parent=2760"}],"wp:term":[{"taxonomy":"product_brand","embeddable":true,"href":"https:\/\/www.stanleypackage.com\/es\/wp-json\/wp\/v2\/product_brand?post=2760"},{"taxonomy":"product_cat","embeddable":true,"href":"https:\/\/www.stanleypackage.com\/es\/wp-json\/wp\/v2\/product_cat?post=2760"},{"taxonomy":"product_tag","embeddable":true,"href":"https:\/\/www.stanleypackage.com\/es\/wp-json\/wp\/v2\/product_tag?post=2760"}],"curies":[{"name":"wp","href":"https:\/\/api.w.org\/{rel}","templated":true}]}}