{"id":2777,"date":"2025-08-27T08:29:02","date_gmt":"2025-08-27T08:29:02","guid":{"rendered":"https:\/\/www.stanleypackage.com\/?post_type=product&#038;p=2777"},"modified":"2025-09-06T01:53:39","modified_gmt":"2025-09-06T01:53:39","slug":"wholesale-beverage-pouches","status":"publish","type":"product","link":"https:\/\/www.stanleypackage.com\/es\/product\/wholesale-beverage-pouches\/","title":{"rendered":"Bolsas de bebidas al por mayor, Bolsas de bebidas resellables personalizadas"},"content":{"rendered":"<div class=\"wp-block-columns is-layout-flex wp-container-core-columns-is-layout-9d6595d7 wp-block-columns-is-layout-flex\">\n<div class=\"wp-block-column is-layout-flow wp-block-column-is-layout-flow\">\n<h2 class=\"wp-block-heading\">Caracter\u00edsticas de las bolsas para bebidas al por mayor<\/h2>\n\n\n\n<ul class=\"wp-block-list\">\n<li><strong>Construcci\u00f3n compuesta de alta calidad: <\/strong>Nuestras bolsas para bebidas al por mayor utilizan un material multicapa formado por PET12, AL7, BOPA15 y Retort CPP100, que ofrece excelentes propiedades de barrera y resistencia a la retorta, preservando eficazmente la frescura de las bebidas y prolongando su vida \u00fatil.<\/li>\n\n\n\n<li><strong>Dise\u00f1o de bolsa transparente: <\/strong>Estas bolsas personalizadas para bebidas est\u00e1n hechas de material transparente, que muestra claramente el color y la textura de la bebida, mejorando el atractivo del producto y aumentando el deseo de compra del consumidor.<\/li>\n\n\n\n<li><strong>Caracter\u00edsticas pr\u00e1cticas: <\/strong>Estas bolsas para bebidas al por mayor cuentan con un orificio para el asa, una cremallera resellable y una pajita para facilitar el transporte, la apertura, el cierre y la bebida, mejorando la experiencia del usuario. <\/li>\n\n\n\n<li><strong>Amplia gama de aplicaciones: <\/strong>Nuestras bolsas personalizadas para bebidas son adecuadas para envasar una gran variedad de bebidas, como alcohol, zumos y refrescos. Pueden utilizarse tanto para la venta al por menor como para el suministro a granel en supermercados, restaurantes y eventos.<\/li>\n\n\n\n<li><strong>Personalizaci\u00f3n masiva: <\/strong>Ofrecemos una gran variedad de tama\u00f1os y servicios de impresi\u00f3n personalizada para bolsas de bebidas al por mayor, que satisfacen las necesidades de diferenciaci\u00f3n de la marca y ayudan a los clientes a mejorar su imagen de marca y su competitividad en el mercado.<\/li>\n<\/ul>\n\n\n\n<div class=\"wp-block-columns is-layout-flex wp-container-core-columns-is-layout-9d6595d7 wp-block-columns-is-layout-flex\">\n<div class=\"wp-block-column is-layout-flow wp-block-column-is-layout-flow\">\n<figure class=\"wp-block-image size-full\"><img decoding=\"async\" width=\"2079\" height=\"2035\" src=\"https:\/\/www.stanleypackage.com\/wp-content\/uploads\/2025\/08\/Custom-Wholesale-Stand-Up-With-Zipper-Packaging-For-Drinks-2.webp\" alt=\"\" class=\"wp-image-2778\" srcset=\"https:\/\/www.stanleypackage.com\/wp-content\/uploads\/2025\/08\/Custom-Wholesale-Stand-Up-With-Zipper-Packaging-For-Drinks-2.webp 2079w, https:\/\/www.stanleypackage.com\/wp-content\/uploads\/2025\/08\/Custom-Wholesale-Stand-Up-With-Zipper-Packaging-For-Drinks-2-300x294.webp 300w, https:\/\/www.stanleypackage.com\/wp-content\/uploads\/2025\/08\/Custom-Wholesale-Stand-Up-With-Zipper-Packaging-For-Drinks-2-768x752.webp 768w, https:\/\/www.stanleypackage.com\/wp-content\/uploads\/2025\/08\/Custom-Wholesale-Stand-Up-With-Zipper-Packaging-For-Drinks-2-12x12.webp 12w, https:\/\/www.stanleypackage.com\/wp-content\/uploads\/2025\/08\/Custom-Wholesale-Stand-Up-With-Zipper-Packaging-For-Drinks-2-1200x1175.webp 1200w, https:\/\/www.stanleypackage.com\/wp-content\/uploads\/2025\/08\/Custom-Wholesale-Stand-Up-With-Zipper-Packaging-For-Drinks-2-600x587.webp 600w\" sizes=\"(max-width: 2079px) 100vw, 2079px\" \/><\/figure>\n<\/div>\n\n\n\n<div class=\"wp-block-column is-layout-flow wp-block-column-is-layout-flow\">\n<figure class=\"wp-block-image size-full\"><img decoding=\"async\" width=\"2079\" height=\"2035\" src=\"https:\/\/www.stanleypackage.com\/wp-content\/uploads\/2025\/08\/Custom-Wholesale-Stand-Up-With-Zipper-Packaging-For-Drinks-5.webp\" alt=\"Bolsas de Bebidas al por mayor, Bolsas de bebidas resellables personalizadas-2\" class=\"wp-image-2781\" srcset=\"https:\/\/www.stanleypackage.com\/wp-content\/uploads\/2025\/08\/Custom-Wholesale-Stand-Up-With-Zipper-Packaging-For-Drinks-5.webp 2079w, https:\/\/www.stanleypackage.com\/wp-content\/uploads\/2025\/08\/Custom-Wholesale-Stand-Up-With-Zipper-Packaging-For-Drinks-5-300x294.webp 300w, https:\/\/www.stanleypackage.com\/wp-content\/uploads\/2025\/08\/Custom-Wholesale-Stand-Up-With-Zipper-Packaging-For-Drinks-5-768x752.webp 768w, https:\/\/www.stanleypackage.com\/wp-content\/uploads\/2025\/08\/Custom-Wholesale-Stand-Up-With-Zipper-Packaging-For-Drinks-5-12x12.webp 12w, https:\/\/www.stanleypackage.com\/wp-content\/uploads\/2025\/08\/Custom-Wholesale-Stand-Up-With-Zipper-Packaging-For-Drinks-5-1200x1175.webp 1200w, https:\/\/www.stanleypackage.com\/wp-content\/uploads\/2025\/08\/Custom-Wholesale-Stand-Up-With-Zipper-Packaging-For-Drinks-5-600x587.webp 600w\" sizes=\"(max-width: 2079px) 100vw, 2079px\" \/><\/figure>\n<\/div>\n<\/div>\n<\/div>\n<\/div>","protected":false},"excerpt":{"rendered":"<p>Bienvenido a comprar bolsas para bebidas al por mayor. Estas bolsas transparentes y autoportantes para bebidas ofrecen propiedades de alta barrera y resistencia a altas temperaturas. Cuentan con un orificio para el asa, cremallera resellable y pajita para un uso c\u00f3modo.<\/p>\n<table style=\"border-collapse: collapse; width: 365.02pt;\" border=\"0\" width=\"365\" cellspacing=\"0\" cellpadding=\"0\">\n<tbody>\n<tr style=\"height: 16.00pt;\">\n<td class=\"et2\" style=\"height: 16.00pt; width: 97.50pt;\" width=\"97\" height=\"16\">Fabricante<\/td>\n<td class=\"et2\" style=\"width: 267.50pt;\" width=\"267\">Stanley<\/td>\n<\/tr>\n<tr style=\"height: 16.00pt;\">\n<td class=\"et2\" style=\"height: 16.00pt; width: 97.50pt;\" width=\"97\" height=\"16\">Tipos de bolsas<\/td>\n<td class=\"et3\">Stand Up Pouch, Bolsas con cremallera<\/td>\n<\/tr>\n<tr style=\"height: 16.00pt;\">\n<td class=\"et2\" style=\"height: 16.00pt; width: 97.50pt;\" width=\"97\" height=\"16\">Material<\/td>\n<td class=\"et2\" style=\"width: 267.50pt;\" width=\"267\">PET12 \/ AL7 \/ BOPA15 \/ Retort CPP100<\/td>\n<\/tr>\n<tr style=\"height: 16.00pt;\">\n<td class=\"et2\" style=\"height: 16.00pt; width: 97.50pt;\" width=\"97\" height=\"16\">Reportaje especial<\/td>\n<td class=\"et2\" style=\"width: 267.50pt;\" width=\"267\">Agujero para asa, cremallera resellable, pajitas<\/td>\n<\/tr>\n<tr style=\"height: 16.00pt;\">\n<td class=\"et2\" style=\"height: 16.00pt; width: 97.50pt;\" width=\"97\" height=\"16\">Manipulaci\u00f3n de superficies<\/td>\n<td class=\"et2\" style=\"width: 267.50pt;\" width=\"267\">Impresi\u00f3n en huecograbado<\/td>\n<\/tr>\n<tr style=\"height: 16.00pt;\">\n<td class=\"et2\" style=\"height: 16.00pt; width: 97.50pt;\" width=\"97\" height=\"16\">Color<\/td>\n<td class=\"et2\" style=\"width: 267.50pt;\" width=\"267\">Hasta 10 colores<\/td>\n<\/tr>\n<tr style=\"height: 16.00pt;\">\n<td class=\"et2\" style=\"height: 16.00pt; width: 97.50pt;\" width=\"97\" height=\"16\">Utilizaci\u00f3n<\/td>\n<td class=\"et2\" style=\"width: 267.50pt;\" width=\"267\">Alcohol, zumos, refrescos<\/td>\n<\/tr>\n<tr style=\"height: 16.00pt;\">\n<td class=\"et2\" style=\"height: 16.00pt; width: 97.50pt;\" width=\"97\" height=\"16\">MOQ<\/td>\n<td class=\"et2\" style=\"width: 267.50pt;\" width=\"267\">50.000 unidades<\/td>\n<\/tr>\n<tr style=\"height: 16.00pt;\">\n<td class=\"et2\" style=\"height: 16.00pt; width: 97.50pt;\" width=\"97\" height=\"16\">Pedido a medida<\/td>\n<td class=\"et2\" style=\"width: 267.50pt;\" width=\"267\">Aceptamos OEM, Soporte Muestra gratis<\/td>\n<\/tr>\n<\/tbody>\n<\/table>","protected":false},"featured_media":2782,"comment_status":"closed","ping_status":"closed","template":"","meta":{"_acf_changed":false},"product_brand":[],"product_cat":[30,23,18],"product_tag":[],"class_list":{"0":"post-2777","1":"product","2":"type-product","3":"status-publish","4":"has-post-thumbnail","6":"product_cat-stand-up-pouch-manufacturer","7":"product_cat-retort-pouch-manufacturer","8":"product_cat-zipper-pouch-manufacturer","9":"pa_food-packaging-coffee-packaging-pouch","10":"pa_food-packaging-tea-pouch-packaging","11":"pa_food-packaging-drink-beverage-pouch","13":"first","14":"instock","15":"shipping-taxable","16":"product-type-simple"},"acf":[],"_links":{"self":[{"href":"https:\/\/www.stanleypackage.com\/es\/wp-json\/wp\/v2\/product\/2777","targetHints":{"allow":["GET"]}}],"collection":[{"href":"https:\/\/www.stanleypackage.com\/es\/wp-json\/wp\/v2\/product"}],"about":[{"href":"https:\/\/www.stanleypackage.com\/es\/wp-json\/wp\/v2\/types\/product"}],"replies":[{"embeddable":true,"href":"https:\/\/www.stanleypackage.com\/es\/wp-json\/wp\/v2\/comments?post=2777"}],"wp:featuredmedia":[{"embeddable":true,"href":"https:\/\/www.stanleypackage.com\/es\/wp-json\/wp\/v2\/media\/2782"}],"wp:attachment":[{"href":"https:\/\/www.stanleypackage.com\/es\/wp-json\/wp\/v2\/media?parent=2777"}],"wp:term":[{"taxonomy":"product_brand","embeddable":true,"href":"https:\/\/www.stanleypackage.com\/es\/wp-json\/wp\/v2\/product_brand?post=2777"},{"taxonomy":"product_cat","embeddable":true,"href":"https:\/\/www.stanleypackage.com\/es\/wp-json\/wp\/v2\/product_cat?post=2777"},{"taxonomy":"product_tag","embeddable":true,"href":"https:\/\/www.stanleypackage.com\/es\/wp-json\/wp\/v2\/product_tag?post=2777"}],"curies":[{"name":"wp","href":"https:\/\/api.w.org\/{rel}","templated":true}]}}