{"id":2813,"date":"2025-08-27T07:29:10","date_gmt":"2025-08-27T07:29:10","guid":{"rendered":"https:\/\/www.stanleypackage.com\/?post_type=product&#038;p=2813"},"modified":"2025-08-27T07:29:17","modified_gmt":"2025-08-27T07:29:17","slug":"wholesale-fresh-fruit-bags","status":"publish","type":"product","link":"https:\/\/www.stanleypackage.com\/es\/product\/wholesale-fresh-fruit-bags\/","title":{"rendered":"Bolsas de Fruta Fresca al por mayor, Bolsas de Fruta Fresca de impresi\u00f3n personalizada con ventilaci\u00f3n"},"content":{"rendered":"<div class=\"wp-block-columns is-layout-flex wp-container-core-columns-is-layout-9d6595d7 wp-block-columns-is-layout-flex\">\n<div class=\"wp-block-column is-layout-flow wp-block-column-is-layout-flow\">\n<h2 class=\"wp-block-heading\">Caracter\u00edsticas de las bolsas de fruta fresca al por mayor<\/h2>\n\n\n\n<ul class=\"wp-block-list\">\n<li><strong>Material compuesto de alta calidad: <\/strong>Nuestras bolsas para fruta fresca al por mayor est\u00e1n fabricadas con PET12\/CPP45, que ofrece una excelente resistencia y dureza, garantizando que las bolsas sean resistentes a los da\u00f1os y adecuadas para transportar una gran variedad de fruta fresca.<\/li>\n\n\n\n<li><strong>Orificios de ventilaci\u00f3n: <\/strong>Estas bolsas ventiladas personalizadas para productos frescos presentan orificios de ventilaci\u00f3n para mantener la transpirabilidad, prolongar la frescura y mejorar la vida \u00fatil.<\/li>\n\n\n\n<li><strong>F\u00e1cil de abrir y cerrar:<\/strong> Nuestras bolsas de fruta fresca al por mayor cuentan con una cremallera deslizante y orificios para el asa, lo que facilita su apertura, cierre y transporte, mejorando la experiencia de compra.<\/li>\n\n\n\n<li><strong>Impresi\u00f3n personalizada de alta calidad:<\/strong> Nuestras bolsas ventiladas personalizadas pueden imprimirse en hasta 10 colores. La impresi\u00f3n vibrante y clara muestra perfectamente el logotipo y el dise\u00f1o de su marca, ayudando a los minoristas a mejorar el reconocimiento de la marca.<\/li>\n\n\n\n<li><strong>Amplia gama de escenarios de aplicaci\u00f3n:<\/strong> Nuestras bolsas de fruta fresca al por mayor son adecuadas para supermercados, fruter\u00edas, mercados mayoristas y otros escenarios. Pueden satisfacer las necesidades del comercio minorista y son adecuadas para el suministro a gran escala, teniendo en cuenta tanto la practicidad como el valor publicitario.<\/li>\n<\/ul>\n\n\n\n<div class=\"wp-block-columns is-layout-flex wp-container-core-columns-is-layout-9d6595d7 wp-block-columns-is-layout-flex\">\n<div class=\"wp-block-column is-layout-flow wp-block-column-is-layout-flow\">\n<figure class=\"wp-block-image size-full\"><img decoding=\"async\" width=\"640\" height=\"640\" src=\"https:\/\/www.stanleypackage.com\/wp-content\/uploads\/2025\/08\/Custom-Fruit-Packaging-Bag-Wholesale-Stand-Up-Zipper-Pouch-2.jpg\" alt=\"\" class=\"wp-image-2814\" srcset=\"https:\/\/www.stanleypackage.com\/wp-content\/uploads\/2025\/08\/Custom-Fruit-Packaging-Bag-Wholesale-Stand-Up-Zipper-Pouch-2.jpg 640w, https:\/\/www.stanleypackage.com\/wp-content\/uploads\/2025\/08\/Custom-Fruit-Packaging-Bag-Wholesale-Stand-Up-Zipper-Pouch-2-300x300.jpg 300w, https:\/\/www.stanleypackage.com\/wp-content\/uploads\/2025\/08\/Custom-Fruit-Packaging-Bag-Wholesale-Stand-Up-Zipper-Pouch-2-150x150.jpg 150w, https:\/\/www.stanleypackage.com\/wp-content\/uploads\/2025\/08\/Custom-Fruit-Packaging-Bag-Wholesale-Stand-Up-Zipper-Pouch-2-12x12.jpg 12w, https:\/\/www.stanleypackage.com\/wp-content\/uploads\/2025\/08\/Custom-Fruit-Packaging-Bag-Wholesale-Stand-Up-Zipper-Pouch-2-600x600.jpg 600w, https:\/\/www.stanleypackage.com\/wp-content\/uploads\/2025\/08\/Custom-Fruit-Packaging-Bag-Wholesale-Stand-Up-Zipper-Pouch-2-100x100.jpg 100w\" sizes=\"(max-width: 640px) 100vw, 640px\" \/><\/figure>\n<\/div>\n\n\n\n<div class=\"wp-block-column is-layout-flow wp-block-column-is-layout-flow\">\n<figure class=\"wp-block-image size-full\"><img decoding=\"async\" width=\"640\" height=\"640\" src=\"https:\/\/www.stanleypackage.com\/wp-content\/uploads\/2025\/08\/Custom-Fruit-Packaging-Bag-Wholesale-Stand-Up-Zipper-Pouch-6.jpg\" alt=\"\" class=\"wp-image-2815\" srcset=\"https:\/\/www.stanleypackage.com\/wp-content\/uploads\/2025\/08\/Custom-Fruit-Packaging-Bag-Wholesale-Stand-Up-Zipper-Pouch-6.jpg 640w, https:\/\/www.stanleypackage.com\/wp-content\/uploads\/2025\/08\/Custom-Fruit-Packaging-Bag-Wholesale-Stand-Up-Zipper-Pouch-6-300x300.jpg 300w, https:\/\/www.stanleypackage.com\/wp-content\/uploads\/2025\/08\/Custom-Fruit-Packaging-Bag-Wholesale-Stand-Up-Zipper-Pouch-6-150x150.jpg 150w, https:\/\/www.stanleypackage.com\/wp-content\/uploads\/2025\/08\/Custom-Fruit-Packaging-Bag-Wholesale-Stand-Up-Zipper-Pouch-6-12x12.jpg 12w, https:\/\/www.stanleypackage.com\/wp-content\/uploads\/2025\/08\/Custom-Fruit-Packaging-Bag-Wholesale-Stand-Up-Zipper-Pouch-6-600x600.jpg 600w, https:\/\/www.stanleypackage.com\/wp-content\/uploads\/2025\/08\/Custom-Fruit-Packaging-Bag-Wholesale-Stand-Up-Zipper-Pouch-6-100x100.jpg 100w\" sizes=\"(max-width: 640px) 100vw, 640px\" \/><\/figure>\n<\/div>\n<\/div>\n<\/div>\n<\/div>","protected":false},"excerpt":{"rendered":"<p>Le invitamos a encargar bolsas ventiladas para frutas y verduras con impresi\u00f3n personalizada. Nuestras bolsas de fruta fresca al por mayor son duraderas y cuentan con orificios de ventilaci\u00f3n, una cremallera deslizante y orificios para asas que facilitan su uso. La impresi\u00f3n personalizada est\u00e1 disponible en hasta 10 colores, lo que las hace ideales para la venta al por mayor y el uso en supermercados.<\/p>\n<table style=\"border-collapse: collapse; width: 327.77pt;\" border=\"0\" width=\"437\" cellspacing=\"0\" cellpadding=\"0\">\n<tbody>\n<tr style=\"height: 12.75pt;\">\n<td class=\"et2\" style=\"height: 12.75pt; width: 91.40pt;\" width=\"121\" height=\"17\">Fabricante<\/td>\n<td class=\"et2\" style=\"width: 237.00pt;\" width=\"316\">Stanley<\/td>\n<\/tr>\n<tr style=\"height: 12.75pt;\">\n<td class=\"et2\" style=\"height: 12.75pt; width: 91.40pt;\" width=\"121\" height=\"17\">Tipos de bolsas<\/td>\n<td class=\"et3\">Bolsas ventiladas para frutas y verduras, bolsa con cremallera<\/td>\n<\/tr>\n<tr style=\"height: 12.75pt;\">\n<td class=\"et2\" style=\"height: 12.75pt; width: 91.40pt;\" width=\"121\" height=\"17\">Material<\/td>\n<td class=\"et2\" style=\"width: 237.00pt;\" width=\"316\">PET12\/CPP45<\/td>\n<\/tr>\n<tr style=\"height: 12.75pt;\">\n<td class=\"et2\" style=\"height: 12.75pt; width: 91.40pt;\" width=\"121\" height=\"17\">Reportaje especial<\/td>\n<td class=\"et2\" style=\"width: 237.00pt;\" width=\"316\">Cremallera Slieder, orificio para asa, orificios de ventilaci\u00f3n<\/td>\n<\/tr>\n<tr style=\"height: 12.75pt;\">\n<td class=\"et2\" style=\"height: 12.75pt; width: 91.40pt;\" width=\"121\" height=\"17\">Manipulaci\u00f3n de superficies<\/td>\n<td class=\"et2\" style=\"width: 237.00pt;\" width=\"316\">Impresi\u00f3n en huecograbado<\/td>\n<\/tr>\n<tr style=\"height: 12.75pt;\">\n<td class=\"et2\" style=\"height: 12.75pt; width: 91.40pt;\" width=\"121\" height=\"17\">Color<\/td>\n<td class=\"et2\" style=\"width: 237.00pt;\" width=\"316\">Hasta 10 colores<\/td>\n<\/tr>\n<tr style=\"height: 12.75pt;\">\n<td class=\"et2\" style=\"height: 12.75pt; width: 91.40pt;\" width=\"121\" height=\"17\">Utilizaci\u00f3n<\/td>\n<td class=\"et3\">Frutas y verduras frescas<\/td>\n<\/tr>\n<tr style=\"height: 12.75pt;\">\n<td class=\"et2\" style=\"height: 12.75pt; width: 91.40pt;\" width=\"121\" height=\"17\">MOQ<\/td>\n<td class=\"et2\" style=\"width: 237.00pt;\" width=\"316\">50.000 unidades<\/td>\n<\/tr>\n<tr style=\"height: 12.75pt;\">\n<td class=\"et2\" style=\"height: 12.75pt; width: 91.40pt;\" width=\"121\" height=\"17\">Pedido a medida<\/td>\n<td class=\"et2\" style=\"width: 237.00pt;\" width=\"316\">Acepta OEM , Soporte Muestra gratis<\/td>\n<\/tr>\n<\/tbody>\n<\/table>","protected":false},"featured_media":2817,"comment_status":"closed","ping_status":"closed","template":"","meta":{"_acf_changed":false},"product_brand":[],"product_cat":[18,30],"product_tag":[],"class_list":{"0":"post-2813","1":"product","2":"type-product","3":"status-publish","4":"has-post-thumbnail","6":"product_cat-zipper-pouch-manufacturer","7":"product_cat-stand-up-pouch-manufacturer","8":"pa_food-packaging-vented-produce-pouch","10":"first","11":"instock","12":"shipping-taxable","13":"product-type-simple"},"acf":[],"_links":{"self":[{"href":"https:\/\/www.stanleypackage.com\/es\/wp-json\/wp\/v2\/product\/2813","targetHints":{"allow":["GET"]}}],"collection":[{"href":"https:\/\/www.stanleypackage.com\/es\/wp-json\/wp\/v2\/product"}],"about":[{"href":"https:\/\/www.stanleypackage.com\/es\/wp-json\/wp\/v2\/types\/product"}],"replies":[{"embeddable":true,"href":"https:\/\/www.stanleypackage.com\/es\/wp-json\/wp\/v2\/comments?post=2813"}],"wp:featuredmedia":[{"embeddable":true,"href":"https:\/\/www.stanleypackage.com\/es\/wp-json\/wp\/v2\/media\/2817"}],"wp:attachment":[{"href":"https:\/\/www.stanleypackage.com\/es\/wp-json\/wp\/v2\/media?parent=2813"}],"wp:term":[{"taxonomy":"product_brand","embeddable":true,"href":"https:\/\/www.stanleypackage.com\/es\/wp-json\/wp\/v2\/product_brand?post=2813"},{"taxonomy":"product_cat","embeddable":true,"href":"https:\/\/www.stanleypackage.com\/es\/wp-json\/wp\/v2\/product_cat?post=2813"},{"taxonomy":"product_tag","embeddable":true,"href":"https:\/\/www.stanleypackage.com\/es\/wp-json\/wp\/v2\/product_tag?post=2813"}],"curies":[{"name":"wp","href":"https:\/\/api.w.org\/{rel}","templated":true}]}}