{"id":2825,"date":"2025-09-09T06:58:43","date_gmt":"2025-09-09T06:58:43","guid":{"rendered":"https:\/\/www.stanleypackage.com\/?post_type=product&#038;p=2825"},"modified":"2025-09-09T06:59:11","modified_gmt":"2025-09-09T06:59:11","slug":"standing-pouch-wholesale","status":"publish","type":"product","link":"https:\/\/www.stanleypackage.com\/es\/product\/standing-pouch-wholesale\/","title":{"rendered":"Bolsa con fuelle inferior al por mayor para platos preparados"},"content":{"rendered":"<div class=\"wp-block-columns is-layout-flex wp-container-core-columns-is-layout-9d6595d7 wp-block-columns-is-layout-flex\">\n<div class=\"wp-block-column is-layout-flow wp-block-column-is-layout-flow\">\n<h2 class=\"wp-block-heading\">Features of Standing Pouch Wholesale<\/h2>\n\n\n\n<ul class=\"wp-block-list\">\n<li><strong>Dise\u00f1o de sellado por tres lados, estructura compacta:<\/strong> This custom food packaging pouch is a three-side seal bag type, flat and plain, takes up less space, and is convenient to stack and transport in batches.<\/li>\n\n\n\n<li><strong>Relleno inferior, cierre firme: <\/strong>This custom standing pouch wholesale can be adapted to automatic or manual production lines, with a stable seal and not easy to leak, ensuring the integrity of the package.<\/li>\n\n\n\n<li><strong>Dise\u00f1o f\u00e1cil de rasgar, f\u00e1cil de abrir: <\/strong>Our custom standing pouch wholesale is designed with an easy tear notch, which can be easily opened without scissors, improving the user experience.<\/li>\n\n\n\n<li><strong>Dise\u00f1o con orificio para colgar, pantalla flexible:<\/strong> There is a hook hole on our wholesale food packaging pouch, suitable for shelf hook display in supermarket shelves to display the product in an exposed position.<\/li>\n\n\n\n<li><strong>Estructura de material compuesto, a prueba de humedad y que mantiene el frescor:<\/strong> This custom standing pouch wholesale is made of MOPP20\/White Kraft Paper 50g\/MBPE60 composite material, which has good oxygen and moisture barrier effect, extending the shelf life of snacks.<\/li>\n\n\n\n<li><strong>Respetuoso con el medio ambiente y reciclable, en l\u00ednea con las tendencias sostenibles:<\/strong> These wholesale food packaging pouches are made of kraft paper, which can be biodegradable and easy to recycle, and meet the market demand for green environmental protection and sustainable development.<\/li>\n<\/ul>\n\n\n\n<div class=\"wp-block-columns is-layout-flex wp-container-core-columns-is-layout-9d6595d7 wp-block-columns-is-layout-flex\">\n<div class=\"wp-block-column is-layout-flow wp-block-column-is-layout-flow\">\n<figure class=\"wp-block-image size-full\"><img decoding=\"async\" width=\"750\" height=\"750\" src=\"https:\/\/www.stanleypackage.com\/wp-content\/uploads\/2025\/08\/Custom-Snack-3-Side-Seal-Stand-Up-Pouch-Wholesale-Recyclable-Packaging-Bag-2.jpg\" alt=\"\" class=\"wp-image-2828\" srcset=\"https:\/\/www.stanleypackage.com\/wp-content\/uploads\/2025\/08\/Custom-Snack-3-Side-Seal-Stand-Up-Pouch-Wholesale-Recyclable-Packaging-Bag-2.jpg 750w, https:\/\/www.stanleypackage.com\/wp-content\/uploads\/2025\/08\/Custom-Snack-3-Side-Seal-Stand-Up-Pouch-Wholesale-Recyclable-Packaging-Bag-2-300x300.jpg 300w, https:\/\/www.stanleypackage.com\/wp-content\/uploads\/2025\/08\/Custom-Snack-3-Side-Seal-Stand-Up-Pouch-Wholesale-Recyclable-Packaging-Bag-2-150x150.jpg 150w, https:\/\/www.stanleypackage.com\/wp-content\/uploads\/2025\/08\/Custom-Snack-3-Side-Seal-Stand-Up-Pouch-Wholesale-Recyclable-Packaging-Bag-2-12x12.jpg 12w, https:\/\/www.stanleypackage.com\/wp-content\/uploads\/2025\/08\/Custom-Snack-3-Side-Seal-Stand-Up-Pouch-Wholesale-Recyclable-Packaging-Bag-2-600x600.jpg 600w, https:\/\/www.stanleypackage.com\/wp-content\/uploads\/2025\/08\/Custom-Snack-3-Side-Seal-Stand-Up-Pouch-Wholesale-Recyclable-Packaging-Bag-2-100x100.jpg 100w\" sizes=\"(max-width: 750px) 100vw, 750px\" \/><\/figure>\n<\/div>\n\n\n\n<div class=\"wp-block-column is-layout-flow wp-block-column-is-layout-flow\">\n<figure class=\"wp-block-image size-full\"><img decoding=\"async\" width=\"750\" height=\"750\" src=\"https:\/\/www.stanleypackage.com\/wp-content\/uploads\/2025\/08\/Custom-Snack-3-Side-Seal-Stand-Up-Pouch-Wholesale-Recyclable-Packaging-Bag-4.jpg\" alt=\"\" class=\"wp-image-2827\" srcset=\"https:\/\/www.stanleypackage.com\/wp-content\/uploads\/2025\/08\/Custom-Snack-3-Side-Seal-Stand-Up-Pouch-Wholesale-Recyclable-Packaging-Bag-4.jpg 750w, https:\/\/www.stanleypackage.com\/wp-content\/uploads\/2025\/08\/Custom-Snack-3-Side-Seal-Stand-Up-Pouch-Wholesale-Recyclable-Packaging-Bag-4-300x300.jpg 300w, https:\/\/www.stanleypackage.com\/wp-content\/uploads\/2025\/08\/Custom-Snack-3-Side-Seal-Stand-Up-Pouch-Wholesale-Recyclable-Packaging-Bag-4-150x150.jpg 150w, https:\/\/www.stanleypackage.com\/wp-content\/uploads\/2025\/08\/Custom-Snack-3-Side-Seal-Stand-Up-Pouch-Wholesale-Recyclable-Packaging-Bag-4-12x12.jpg 12w, https:\/\/www.stanleypackage.com\/wp-content\/uploads\/2025\/08\/Custom-Snack-3-Side-Seal-Stand-Up-Pouch-Wholesale-Recyclable-Packaging-Bag-4-600x600.jpg 600w, https:\/\/www.stanleypackage.com\/wp-content\/uploads\/2025\/08\/Custom-Snack-3-Side-Seal-Stand-Up-Pouch-Wholesale-Recyclable-Packaging-Bag-4-100x100.jpg 100w\" sizes=\"(max-width: 750px) 100vw, 750px\" \/><\/figure>\n<\/div>\n<\/div>\n<\/div>\n<\/div>\n\n\n\n<p><\/p>","protected":false},"excerpt":{"rendered":"<p>Bienvenido a la bolsa personalizada para envasado de alimentos. Nuestra bolsa para comida preparada al por mayor est\u00e1 hecha de papel kraft, es biodegradable y f\u00e1cil de reciclar. Tiene un gran rendimiento de barrera y sellado, admite la impresi\u00f3n a doble cara, adecuada para aperitivos como galletas, caramelos, frutos secos, patatas fritas, etc.<\/p>\n<table style=\"border-collapse: collapse; width: 365.02pt;\" border=\"0\" width=\"365\" cellspacing=\"0\" cellpadding=\"0\">\n<tbody>\n<tr style=\"height: 16.00pt;\">\n<td class=\"et2\" style=\"height: 16.00pt; width: 97.50pt;\" width=\"97\" height=\"16\">Fabricante<\/td>\n<td class=\"et2\" style=\"width: 267.50pt;\" width=\"267\">Stanley<\/td>\n<\/tr>\n<tr style=\"height: 16.00pt;\">\n<td class=\"et2\" style=\"height: 16.00pt; width: 97.50pt;\" width=\"97\" height=\"16\">Tipos de bolsas<\/td>\n<td class=\"et2\" style=\"width: 267.50pt;\" width=\"267\">Bolsa de pie, bolsa con fuelle<\/td>\n<\/tr>\n<tr style=\"height: 16.00pt;\">\n<td class=\"et2\" style=\"height: 16.00pt; width: 97.50pt;\" width=\"97\" height=\"16\">Material<\/td>\n<td class=\"et2\" style=\"width: 267.50pt;\" width=\"267\">MOPP20\/Papel kraft blanco 50 g\/MBPE60<\/td>\n<\/tr>\n<tr style=\"height: 16.00pt;\">\n<td class=\"et2\" style=\"height: 16.00pt; width: 97.50pt;\" width=\"97\" height=\"16\">Reportaje especial<\/td>\n<td class=\"et2\" style=\"width: 267.50pt;\" width=\"267\">Relleno inferior, muesca para rasgar, agujero para colgar<\/td>\n<\/tr>\n<tr style=\"height: 16.00pt;\">\n<td class=\"et2\" style=\"height: 16.00pt; width: 97.50pt;\" width=\"97\" height=\"16\">Manipulaci\u00f3n de superficies<\/td>\n<td class=\"et2\" style=\"width: 267.50pt;\" width=\"267\">Impresi\u00f3n en huecograbado<\/td>\n<\/tr>\n<tr style=\"height: 16.00pt;\">\n<td class=\"et2\" style=\"height: 16.00pt; width: 97.50pt;\" width=\"97\" height=\"16\">Color<\/td>\n<td class=\"et2\" style=\"width: 267.50pt;\" width=\"267\">Impresi\u00f3n a doble cara, hasta 10 colores<\/td>\n<\/tr>\n<tr style=\"height: 16.00pt;\">\n<td class=\"et2\" style=\"height: 16.00pt; width: 97.50pt;\" width=\"97\" height=\"16\">Utilizaci\u00f3n<\/td>\n<td class=\"et2\" style=\"width: 267.50pt;\" width=\"267\">Platos Preparados, Alimentos Congelados, Salsas, Aperitivos<\/td>\n<\/tr>\n<tr style=\"height: 16.00pt;\">\n<td class=\"et2\" style=\"height: 16.00pt; width: 97.50pt;\" width=\"97\" height=\"16\">MOQ<\/td>\n<td class=\"et2\" style=\"width: 267.50pt;\" width=\"267\">50.000 unidades<\/td>\n<\/tr>\n<tr style=\"height: 16.00pt;\">\n<td class=\"et2\" style=\"height: 16.00pt; width: 97.50pt;\" width=\"97\" height=\"16\">Pedido a medida<\/td>\n<td class=\"et2\" style=\"width: 267.50pt;\" width=\"267\">Aceptamos OEM, Soporte Muestra gratis<\/td>\n<\/tr>\n<\/tbody>\n<\/table>","protected":false},"featured_media":2830,"comment_status":"closed","ping_status":"closed","template":"","meta":{"_acf_changed":false},"product_brand":[],"product_cat":[30,17],"product_tag":[],"class_list":{"0":"post-2825","1":"product","2":"type-product","3":"status-publish","4":"has-post-thumbnail","6":"product_cat-stand-up-pouch-manufacturer","7":"product_cat-gusset-bag-manufacturer","8":"pa_food-packaging-snack-food-pouch","9":"pa_food-packaging-ready-meal-pouch","10":"pa_food-packaging-frozen-food-pouch","11":"pa_material-kraft-paper","13":"first","14":"instock","15":"shipping-taxable","16":"product-type-simple"},"acf":[],"_links":{"self":[{"href":"https:\/\/www.stanleypackage.com\/es\/wp-json\/wp\/v2\/product\/2825","targetHints":{"allow":["GET"]}}],"collection":[{"href":"https:\/\/www.stanleypackage.com\/es\/wp-json\/wp\/v2\/product"}],"about":[{"href":"https:\/\/www.stanleypackage.com\/es\/wp-json\/wp\/v2\/types\/product"}],"replies":[{"embeddable":true,"href":"https:\/\/www.stanleypackage.com\/es\/wp-json\/wp\/v2\/comments?post=2825"}],"wp:featuredmedia":[{"embeddable":true,"href":"https:\/\/www.stanleypackage.com\/es\/wp-json\/wp\/v2\/media\/2830"}],"wp:attachment":[{"href":"https:\/\/www.stanleypackage.com\/es\/wp-json\/wp\/v2\/media?parent=2825"}],"wp:term":[{"taxonomy":"product_brand","embeddable":true,"href":"https:\/\/www.stanleypackage.com\/es\/wp-json\/wp\/v2\/product_brand?post=2825"},{"taxonomy":"product_cat","embeddable":true,"href":"https:\/\/www.stanleypackage.com\/es\/wp-json\/wp\/v2\/product_cat?post=2825"},{"taxonomy":"product_tag","embeddable":true,"href":"https:\/\/www.stanleypackage.com\/es\/wp-json\/wp\/v2\/product_tag?post=2825"}],"curies":[{"name":"wp","href":"https:\/\/api.w.org\/{rel}","templated":true}]}}