{"id":2846,"date":"2025-08-27T07:16:44","date_gmt":"2025-08-27T07:16:44","guid":{"rendered":"https:\/\/www.stanleypackage.com\/?post_type=product&#038;p=2846"},"modified":"2025-08-27T07:17:16","modified_gmt":"2025-08-27T07:17:16","slug":"coffee-packaging-bags-wholesale","status":"publish","type":"product","link":"https:\/\/www.stanleypackage.com\/es\/product\/coffee-packaging-bags-wholesale\/","title":{"rendered":"Bolsas De Fondo Plano Con V\u00e1lvulas Para Caf\u00e9 Al Por Mayor"},"content":{"rendered":"<div class=\"wp-block-columns is-layout-flex wp-container-core-columns-is-layout-9d6595d7 wp-block-columns-is-layout-flex\">\n<div class=\"wp-block-column is-layout-flow wp-block-column-is-layout-flow\">\n<h2 class=\"wp-block-heading\">Features of Coffee Packaging Bags Wholesale<\/h2>\n\n\n\n<ul class=\"wp-block-list\">\n<li><strong>Estructura de sellado de ocho lados, tridimensional y afilada:<\/strong> The eight-side seal structure of this wholesale flat bottom packaging bag with zipper increases the stability and visual appearance of the bag shape, and makes it shelf attractive.<\/li>\n\n\n\n<li><strong>Dise\u00f1o con cremallera resellable:<\/strong> These coffee packaging bags wholesale are equipped with a high-quality zipper, which is easy to open and close and re-use, thus increasing the shelf life of the product.<\/li>\n\n\n\n<li><strong>Material multicapa de alta barrera: <\/strong>The front and back of these custom print valve pouches witha zipper are made of MOPP20\/VMPET12\/PE110 material, which is moisture-proof, anti-oxidation, and light-proof to protect the fresh taste of oats.<\/li>\n\n\n\n<li><strong>V\u00e1lvula+ dise\u00f1o de llenado inferior:<\/strong> The valve design of these coffee packaging bags wholesale is intended to release air, preventing air and moisture from entering the interior of the package, thereby preventing coffee from oxidizing and deteriorating. And the bottom filling is suitable for automated production lines, making bagging efficient and convenient.<\/li>\n\n\n\n<li><strong>Impresi\u00f3n en huecograbado de hasta 10 colores:<\/strong> Our custom print valve pouches with zipper support high-precision multi-color gravure printing, with fine patterns and bright colors, to promote the brand image.<\/li>\n\n\n\n<li><strong>Se adapta a m\u00faltiples necesidades personalizadas:<\/strong> Dimensions, print, and type of zipper on our coffee packaging bags wholesale can be on-demand tailored to different requirements of multiple brands and positioning within the market.<\/li>\n<\/ul>\n\n\n\n<div class=\"wp-block-columns is-layout-flex wp-container-core-columns-is-layout-9d6595d7 wp-block-columns-is-layout-flex\">\n<div class=\"wp-block-column is-layout-flow wp-block-column-is-layout-flow\">\n<figure class=\"wp-block-image size-full\"><img decoding=\"async\" width=\"573\" height=\"471\" src=\"https:\/\/www.stanleypackage.com\/wp-content\/uploads\/2025\/08\/Wholesale-Flat-Bottom-Packaging-Bag-with-Zipper-Custom-Coffee-Valve-Bags-4.jpg\" alt=\"\" class=\"wp-image-2847\" srcset=\"https:\/\/www.stanleypackage.com\/wp-content\/uploads\/2025\/08\/Wholesale-Flat-Bottom-Packaging-Bag-with-Zipper-Custom-Coffee-Valve-Bags-4.jpg 573w, https:\/\/www.stanleypackage.com\/wp-content\/uploads\/2025\/08\/Wholesale-Flat-Bottom-Packaging-Bag-with-Zipper-Custom-Coffee-Valve-Bags-4-300x247.jpg 300w, https:\/\/www.stanleypackage.com\/wp-content\/uploads\/2025\/08\/Wholesale-Flat-Bottom-Packaging-Bag-with-Zipper-Custom-Coffee-Valve-Bags-4-15x12.jpg 15w\" sizes=\"(max-width: 573px) 100vw, 573px\" \/><\/figure>\n<\/div>\n\n\n\n<div class=\"wp-block-column is-layout-flow wp-block-column-is-layout-flow\">\n<figure class=\"wp-block-image size-full\"><img decoding=\"async\" width=\"535\" height=\"481\" src=\"https:\/\/www.stanleypackage.com\/wp-content\/uploads\/2025\/08\/Wholesale-Flat-Bottom-Packaging-Bag-with-Zipper-Custom-Coffee-Valve-Bags.jpg\" alt=\"\" class=\"wp-image-2848\" srcset=\"https:\/\/www.stanleypackage.com\/wp-content\/uploads\/2025\/08\/Wholesale-Flat-Bottom-Packaging-Bag-with-Zipper-Custom-Coffee-Valve-Bags.jpg 535w, https:\/\/www.stanleypackage.com\/wp-content\/uploads\/2025\/08\/Wholesale-Flat-Bottom-Packaging-Bag-with-Zipper-Custom-Coffee-Valve-Bags-300x270.jpg 300w, https:\/\/www.stanleypackage.com\/wp-content\/uploads\/2025\/08\/Wholesale-Flat-Bottom-Packaging-Bag-with-Zipper-Custom-Coffee-Valve-Bags-13x12.jpg 13w\" sizes=\"(max-width: 535px) 100vw, 535px\" \/><\/figure>\n<\/div>\n<\/div>\n<\/div>\n<\/div>","protected":false},"excerpt":{"rendered":"<p>Bienvenido a comprar bolsas de v\u00e1lvula con impresi\u00f3n personalizada. Nuestros bolsos de empaquetado del caf\u00e9 al por mayor se equipan de una cremallera, de una v\u00e1lvula, y de un dise\u00f1o de relleno inferior para ayudar a la marca a destacarse en el estante, y tienen propiedades frescas-que guardan y a prueba de humedad excelentes.<\/p>\n<table style=\"border-collapse: collapse; width: 365.02pt;\" border=\"0\" width=\"365\" cellspacing=\"0\" cellpadding=\"0\">\n<tbody>\n<tr style=\"height: 16.00pt;\">\n<td class=\"et2\" style=\"height: 16.00pt; width: 97.50pt;\" width=\"97\" height=\"16\">Fabricante<\/td>\n<td class=\"et2\" style=\"width: 267.50pt;\" width=\"267\">Stanley<\/td>\n<\/tr>\n<tr style=\"height: 16.00pt;\">\n<td class=\"et2\" style=\"height: 16.00pt; width: 97.50pt;\" width=\"97\" height=\"16\">Tipos de bolsas<\/td>\n<td class=\"et3\">8 Bolsa de fondo plano con cierre lateral, bolsa con cremallera<\/td>\n<\/tr>\n<tr style=\"height: 31.00pt;\">\n<td class=\"et2\" style=\"height: 31.00pt; width: 97.50pt;\" width=\"97\" height=\"31\">Material<\/td>\n<td class=\"et2\" style=\"width: 267.50pt;\" width=\"267\">MOPP20\/VMPET12\/PE110\u00a0<\/td>\n<\/tr>\n<tr style=\"height: 16.00pt;\">\n<td class=\"et2\" style=\"height: 16.00pt; width: 97.50pt;\" width=\"97\" height=\"16\">Reportaje especial<\/td>\n<td class=\"et2\" style=\"width: 267.50pt;\" width=\"267\">Cremallera, v\u00e1lvula, relleno inferior<\/td>\n<\/tr>\n<tr style=\"height: 16.00pt;\">\n<td class=\"et2\" style=\"height: 16.00pt; width: 97.50pt;\" width=\"97\" height=\"16\">Manipulaci\u00f3n de superficies<\/td>\n<td class=\"et2\" style=\"width: 267.50pt;\" width=\"267\">Impresi\u00f3n en huecograbado<\/td>\n<\/tr>\n<tr style=\"height: 16.00pt;\">\n<td class=\"et2\" style=\"height: 16.00pt; width: 97.50pt;\" width=\"97\" height=\"16\">Color<\/td>\n<td class=\"et2\" style=\"width: 267.50pt;\" width=\"267\">Impresi\u00f3n a doble cara, hasta 10 colores<\/td>\n<\/tr>\n<tr style=\"height: 16.00pt;\">\n<td class=\"et2\" style=\"height: 16.00pt; width: 97.50pt;\" width=\"97\" height=\"16\">Utilizaci\u00f3n<\/td>\n<td class=\"et2\" style=\"width: 267.50pt;\" width=\"267\">Caf\u00e9, t\u00e9, aperitivos, avena,<\/td>\n<\/tr>\n<tr style=\"height: 16.00pt;\">\n<td class=\"et2\" style=\"height: 16.00pt; width: 97.50pt;\" width=\"97\" height=\"16\">MOQ<\/td>\n<td class=\"et2\" style=\"width: 267.50pt;\" width=\"267\">50.000 unidades<\/td>\n<\/tr>\n<tr style=\"height: 16.00pt;\">\n<td class=\"et2\" style=\"height: 16.00pt; width: 97.50pt;\" width=\"97\" height=\"16\">Pedido a medida<\/td>\n<td class=\"et2\" style=\"width: 267.50pt;\" width=\"267\">Aceptamos OEM, Soporte Muestra gratis<\/td>\n<\/tr>\n<\/tbody>\n<\/table>\n<p>&nbsp;<\/p>","protected":false},"featured_media":2851,"comment_status":"closed","ping_status":"closed","template":"","meta":{"_acf_changed":false},"product_brand":[],"product_cat":[24,18],"product_tag":[],"class_list":{"0":"post-2846","1":"product","2":"type-product","3":"status-publish","4":"has-post-thumbnail","6":"product_cat-flat-bottom-pouch-manufacturer","7":"product_cat-zipper-pouch-manufacturer","8":"pa_food-packaging-oatmeal-pouch","9":"pa_food-packaging-coffee-packaging-pouch","10":"pa_food-packaging-tea-pouch-packaging","11":"pa_food-packaging-snack-food-pouch","12":"pa_food-packaging-ready-meal-pouch","14":"first","15":"instock","16":"shipping-taxable","17":"product-type-simple"},"acf":[],"_links":{"self":[{"href":"https:\/\/www.stanleypackage.com\/es\/wp-json\/wp\/v2\/product\/2846","targetHints":{"allow":["GET"]}}],"collection":[{"href":"https:\/\/www.stanleypackage.com\/es\/wp-json\/wp\/v2\/product"}],"about":[{"href":"https:\/\/www.stanleypackage.com\/es\/wp-json\/wp\/v2\/types\/product"}],"replies":[{"embeddable":true,"href":"https:\/\/www.stanleypackage.com\/es\/wp-json\/wp\/v2\/comments?post=2846"}],"wp:featuredmedia":[{"embeddable":true,"href":"https:\/\/www.stanleypackage.com\/es\/wp-json\/wp\/v2\/media\/2851"}],"wp:attachment":[{"href":"https:\/\/www.stanleypackage.com\/es\/wp-json\/wp\/v2\/media?parent=2846"}],"wp:term":[{"taxonomy":"product_brand","embeddable":true,"href":"https:\/\/www.stanleypackage.com\/es\/wp-json\/wp\/v2\/product_brand?post=2846"},{"taxonomy":"product_cat","embeddable":true,"href":"https:\/\/www.stanleypackage.com\/es\/wp-json\/wp\/v2\/product_cat?post=2846"},{"taxonomy":"product_tag","embeddable":true,"href":"https:\/\/www.stanleypackage.com\/es\/wp-json\/wp\/v2\/product_tag?post=2846"}],"curies":[{"name":"wp","href":"https:\/\/api.w.org\/{rel}","templated":true}]}}