{"id":2853,"date":"2025-08-27T07:07:33","date_gmt":"2025-08-27T07:07:33","guid":{"rendered":"https:\/\/www.stanleypackage.com\/?post_type=product&#038;p=2853"},"modified":"2025-08-27T07:07:40","modified_gmt":"2025-08-27T07:07:40","slug":"liquid-pouches-wholesale","status":"publish","type":"product","link":"https:\/\/www.stanleypackage.com\/es\/product\/liquid-pouches-wholesale\/","title":{"rendered":"Bolsas para L\u00edquidos al por mayor con pico para bebidas gelatinosas"},"content":{"rendered":"<div class=\"wp-block-columns is-layout-flex wp-container-core-columns-is-layout-9d6595d7 wp-block-columns-is-layout-flex\">\n<div class=\"wp-block-column is-layout-flow wp-block-column-is-layout-flow\">\n<h2 class=\"wp-block-heading\">Caracter\u00edsticas de las bolsas para l\u00edquidos al por mayor<\/h2>\n\n\n\n<ul class=\"wp-block-list\">\n<li><strong>Material compuesto multicapa de calidad alimentaria:<\/strong> Estas bolsas para l\u00edquidos impresas al por mayor utilizan una estructura compuesta multicapa de PET12\/AL7\/PET12\/PE85, que bloquea eficazmente el aire, la humedad y la luz.<\/li>\n\n\n\n<li><strong>Fondo plano de pie: <\/strong>Estas bolsas de fondo plano para l\u00edquidos al por mayor garantizan un soporte estable, mejorando la presencia en los estantes.<\/li>\n\n\n\n<li><strong>C\u00f3modo dise\u00f1o del ca\u00f1o:<\/strong> Este envase flexible personalizado para bebidas incorpora una boquilla de alta calidad para beber o verter c\u00f3modamente, evitando derrames y fugas. Es perfecto para beber sobre la marcha y al aire libre.<\/li>\n\n\n\n<li><strong>Admite distintos efectos y formas de impresi\u00f3n: <\/strong>Nuestras bolsas para l\u00edquidos stand-up al por mayor admiten la personalizaci\u00f3n de la forma de la bolsa y diferentes efectos de impresi\u00f3n seg\u00fan los requisitos espec\u00edficos de los clientes.<\/li>\n\n\n\n<li><strong>Aplicable a una amplia gama de productos l\u00edquidos:<\/strong> Adem\u00e1s de para zumos, nuestros envases flexibles personalizados para bebidas tambi\u00e9n son adecuados para bebidas energ\u00e9ticas, batidos, salsas, aderezos, bebidas infantiles y otros envases para alimentos l\u00edquidos.<\/li>\n<\/ul>\n\n\n\n<div class=\"wp-block-columns is-layout-flex wp-container-core-columns-is-layout-9d6595d7 wp-block-columns-is-layout-flex\">\n<div class=\"wp-block-column is-layout-flow wp-block-column-is-layout-flow\">\n<figure class=\"wp-block-image size-full\"><img decoding=\"async\" width=\"750\" height=\"750\" src=\"https:\/\/www.stanleypackage.com\/wp-content\/uploads\/2025\/08\/Custom-Printed-Flexible-Packaging-Stand-Up-Pouches-With-Spout-Wholesale-6.jpg\" alt=\"\" class=\"wp-image-2854\" srcset=\"https:\/\/www.stanleypackage.com\/wp-content\/uploads\/2025\/08\/Custom-Printed-Flexible-Packaging-Stand-Up-Pouches-With-Spout-Wholesale-6.jpg 750w, https:\/\/www.stanleypackage.com\/wp-content\/uploads\/2025\/08\/Custom-Printed-Flexible-Packaging-Stand-Up-Pouches-With-Spout-Wholesale-6-300x300.jpg 300w, https:\/\/www.stanleypackage.com\/wp-content\/uploads\/2025\/08\/Custom-Printed-Flexible-Packaging-Stand-Up-Pouches-With-Spout-Wholesale-6-150x150.jpg 150w, https:\/\/www.stanleypackage.com\/wp-content\/uploads\/2025\/08\/Custom-Printed-Flexible-Packaging-Stand-Up-Pouches-With-Spout-Wholesale-6-12x12.jpg 12w, https:\/\/www.stanleypackage.com\/wp-content\/uploads\/2025\/08\/Custom-Printed-Flexible-Packaging-Stand-Up-Pouches-With-Spout-Wholesale-6-600x600.jpg 600w, https:\/\/www.stanleypackage.com\/wp-content\/uploads\/2025\/08\/Custom-Printed-Flexible-Packaging-Stand-Up-Pouches-With-Spout-Wholesale-6-100x100.jpg 100w\" sizes=\"(max-width: 750px) 100vw, 750px\" \/><\/figure>\n<\/div>\n\n\n\n<div class=\"wp-block-column is-layout-flow wp-block-column-is-layout-flow\">\n<figure class=\"wp-block-image size-full\"><img decoding=\"async\" width=\"750\" height=\"750\" src=\"https:\/\/www.stanleypackage.com\/wp-content\/uploads\/2025\/08\/Custom-Printed-Flexible-Packaging-Stand-Up-Pouches-With-Spout-Wholesale.jpg\" alt=\"\" class=\"wp-image-2855\" srcset=\"https:\/\/www.stanleypackage.com\/wp-content\/uploads\/2025\/08\/Custom-Printed-Flexible-Packaging-Stand-Up-Pouches-With-Spout-Wholesale.jpg 750w, https:\/\/www.stanleypackage.com\/wp-content\/uploads\/2025\/08\/Custom-Printed-Flexible-Packaging-Stand-Up-Pouches-With-Spout-Wholesale-300x300.jpg 300w, https:\/\/www.stanleypackage.com\/wp-content\/uploads\/2025\/08\/Custom-Printed-Flexible-Packaging-Stand-Up-Pouches-With-Spout-Wholesale-150x150.jpg 150w, https:\/\/www.stanleypackage.com\/wp-content\/uploads\/2025\/08\/Custom-Printed-Flexible-Packaging-Stand-Up-Pouches-With-Spout-Wholesale-12x12.jpg 12w, https:\/\/www.stanleypackage.com\/wp-content\/uploads\/2025\/08\/Custom-Printed-Flexible-Packaging-Stand-Up-Pouches-With-Spout-Wholesale-600x600.jpg 600w, https:\/\/www.stanleypackage.com\/wp-content\/uploads\/2025\/08\/Custom-Printed-Flexible-Packaging-Stand-Up-Pouches-With-Spout-Wholesale-100x100.jpg 100w\" sizes=\"(max-width: 750px) 100vw, 750px\" \/><\/figure>\n<\/div>\n<\/div>\n<\/div>\n<\/div>","protected":false},"excerpt":{"rendered":"<p>Bienvenido a los envases flexibles personalizados para bebidas. Estas bolsas para l\u00edquidos al por mayor con boquilla est\u00e1n fabricadas con materiales de calidad alimentaria, bloquean eficazmente el aire, la humedad y la luz, y son adecuadas para envasar una gran variedad de bebidas y alimentos l\u00edquidos.<\/p>\n<table width=\"417\">\n<tbody>\n<tr>\n<td width=\"121\">Fabricante<\/td>\n<td width=\"296\">Stanley<\/td>\n<\/tr>\n<tr>\n<td width=\"121\">Tipos de bolsas<\/td>\n<td>Bolsa de pie, bolsa de fondo plano, bolsa con boquilla<\/td>\n<\/tr>\n<tr>\n<td width=\"121\">Material<\/td>\n<td width=\"296\">PET12\/AL7\/PET12\/PE85<\/td>\n<\/tr>\n<tr>\n<td width=\"121\">Reportaje especial<\/td>\n<td width=\"296\">Fondo alto, ca\u00f1o<\/td>\n<\/tr>\n<tr>\n<td width=\"121\">Manipulaci\u00f3n de superficies<\/td>\n<td width=\"296\">Impresi\u00f3n en huecograbado<\/td>\n<\/tr>\n<tr>\n<td width=\"121\">Color<\/td>\n<td width=\"296\">Hasta 10 colores<\/td>\n<\/tr>\n<tr>\n<td width=\"121\">Utilizaci\u00f3n<\/td>\n<td>bebidas, gelatina<\/td>\n<\/tr>\n<tr>\n<td width=\"121\">MOQ<\/td>\n<td width=\"296\">50.000 unidades<\/td>\n<\/tr>\n<tr>\n<td width=\"121\">Pedido a medida<\/td>\n<td width=\"296\">Acepta OEM , Soporte Muestra gratis<\/td>\n<\/tr>\n<\/tbody>\n<\/table>","protected":false},"featured_media":2856,"comment_status":"closed","ping_status":"closed","template":"","meta":{"_acf_changed":false},"product_brand":[],"product_cat":[32,30],"product_tag":[],"class_list":{"0":"post-2853","1":"product","2":"type-product","3":"status-publish","4":"has-post-thumbnail","6":"product_cat-spout-pouch-manufacturer","7":"product_cat-stand-up-pouch-manufacturer","8":"pa_food-packaging-baby-food-packaging","9":"pa_food-packaging-drink-beverage-pouch","11":"first","12":"instock","13":"shipping-taxable","14":"product-type-simple"},"acf":[],"_links":{"self":[{"href":"https:\/\/www.stanleypackage.com\/es\/wp-json\/wp\/v2\/product\/2853","targetHints":{"allow":["GET"]}}],"collection":[{"href":"https:\/\/www.stanleypackage.com\/es\/wp-json\/wp\/v2\/product"}],"about":[{"href":"https:\/\/www.stanleypackage.com\/es\/wp-json\/wp\/v2\/types\/product"}],"replies":[{"embeddable":true,"href":"https:\/\/www.stanleypackage.com\/es\/wp-json\/wp\/v2\/comments?post=2853"}],"wp:featuredmedia":[{"embeddable":true,"href":"https:\/\/www.stanleypackage.com\/es\/wp-json\/wp\/v2\/media\/2856"}],"wp:attachment":[{"href":"https:\/\/www.stanleypackage.com\/es\/wp-json\/wp\/v2\/media?parent=2853"}],"wp:term":[{"taxonomy":"product_brand","embeddable":true,"href":"https:\/\/www.stanleypackage.com\/es\/wp-json\/wp\/v2\/product_brand?post=2853"},{"taxonomy":"product_cat","embeddable":true,"href":"https:\/\/www.stanleypackage.com\/es\/wp-json\/wp\/v2\/product_cat?post=2853"},{"taxonomy":"product_tag","embeddable":true,"href":"https:\/\/www.stanleypackage.com\/es\/wp-json\/wp\/v2\/product_tag?post=2853"}],"curies":[{"name":"wp","href":"https:\/\/api.w.org\/{rel}","templated":true}]}}