{"id":2862,"date":"2025-09-01T10:09:34","date_gmt":"2025-09-01T10:09:34","guid":{"rendered":"https:\/\/www.stanleypackage.com\/?post_type=product&#038;p=2862"},"modified":"2025-09-01T10:09:41","modified_gmt":"2025-09-01T10:09:41","slug":"wholesale-coffee-packaging-bags","status":"publish","type":"product","link":"https:\/\/www.stanleypackage.com\/es\/product\/wholesale-coffee-packaging-bags\/","title":{"rendered":"Venta al Mayor de Bolsas para Caf\u00e9, Bolsas con Cremallera de Fondo Plano"},"content":{"rendered":"<div class=\"wp-block-columns is-layout-flex wp-container-core-columns-is-layout-9d6595d7 wp-block-columns-is-layout-flex\">\n<div class=\"wp-block-column is-layout-flow wp-block-column-is-layout-flow\">\n<h2 class=\"wp-block-heading\">Caracter\u00edsticas de las bolsas para envasar caf\u00e9 al por mayor<\/h2>\n\n\n\n<ul class=\"wp-block-list\">\n<li><strong>Estructura de sellado de ocho lados: <\/strong>La estructura de sellado de ocho lados de estas bolsas de envasado de caf\u00e9 al por mayor con cremallera en un lado aumenta la estabilidad y el aspecto visual de la forma de la bolsa, y la hace atractiva en los estantes.<\/li>\n\n\n\n<li><strong>Dise\u00f1o con cremallera resellable:<\/strong> Estas bolsas personalizadas de fondo plano con cremallera est\u00e1n equipadas con una cremallera unilateral de alta calidad, f\u00e1cil de abrir y cerrar y de reutilizar, lo que aumenta la vida \u00fatil del producto.<\/li>\n\n\n\n<li><strong>Material multicapa de alta barrera: <\/strong>La parte delantera y trasera de estas bolsas de envasado de caf\u00e9 al por mayor est\u00e1n hechas de PET12\/AL7\/PE105, que es a prueba de humedad, antioxidante y a prueba de luz para proteger el sabor fresco de la avena.<\/li>\n\n\n\n<li><strong>Dise\u00f1o de fondo plano + relleno inferior:<\/strong> El dise\u00f1o de caja de esta bolsa personalizada de fondo plano con cremallera hace que el envase sea m\u00e1s atractivo visualmente y le confiere un aspecto novedoso y bello. Y el llenado inferior es adecuado para l\u00edneas de producci\u00f3n automatizadas, lo que hace que el embolsado sea eficiente y c\u00f3modo.<\/li>\n\n\n\n<li><strong>Impresi\u00f3n en huecograbado de hasta 10 colores:<\/strong> Nuestras bolsas para envasado de caf\u00e9 al por mayor admiten impresi\u00f3n en huecograbado multicolor de alta precisi\u00f3n, con finos dise\u00f1os y colores brillantes, para promover la imagen de marca.<\/li>\n\n\n\n<li><strong>Se adapta a m\u00faltiples necesidades personalizadas: <\/strong>Las dimensiones, la impresi\u00f3n y el tipo de cremallera de nuestras bolsas con cremallera de fondo plano personalizadas pueden adaptarse bajo demanda a los distintos requisitos de varias marcas y a su posicionamiento en el mercado.<\/li>\n<\/ul>\n\n\n\n<div class=\"wp-block-columns is-layout-flex wp-container-core-columns-is-layout-9d6595d7 wp-block-columns-is-layout-flex\">\n<div class=\"wp-block-column is-layout-flow wp-block-column-is-layout-flow\">\n<figure class=\"wp-block-image size-full\"><img decoding=\"async\" width=\"750\" height=\"750\" src=\"https:\/\/www.stanleypackage.com\/wp-content\/uploads\/2025\/08\/Custom-Flat-Bottom-Pouch-with-One-Side-Zipper-Wholesale-Coffee-Packaging-Bags-2.jpg\" alt=\"\" class=\"wp-image-2866\" srcset=\"https:\/\/www.stanleypackage.com\/wp-content\/uploads\/2025\/08\/Custom-Flat-Bottom-Pouch-with-One-Side-Zipper-Wholesale-Coffee-Packaging-Bags-2.jpg 750w, https:\/\/www.stanleypackage.com\/wp-content\/uploads\/2025\/08\/Custom-Flat-Bottom-Pouch-with-One-Side-Zipper-Wholesale-Coffee-Packaging-Bags-2-300x300.jpg 300w, https:\/\/www.stanleypackage.com\/wp-content\/uploads\/2025\/08\/Custom-Flat-Bottom-Pouch-with-One-Side-Zipper-Wholesale-Coffee-Packaging-Bags-2-150x150.jpg 150w, https:\/\/www.stanleypackage.com\/wp-content\/uploads\/2025\/08\/Custom-Flat-Bottom-Pouch-with-One-Side-Zipper-Wholesale-Coffee-Packaging-Bags-2-12x12.jpg 12w, https:\/\/www.stanleypackage.com\/wp-content\/uploads\/2025\/08\/Custom-Flat-Bottom-Pouch-with-One-Side-Zipper-Wholesale-Coffee-Packaging-Bags-2-600x600.jpg 600w, https:\/\/www.stanleypackage.com\/wp-content\/uploads\/2025\/08\/Custom-Flat-Bottom-Pouch-with-One-Side-Zipper-Wholesale-Coffee-Packaging-Bags-2-100x100.jpg 100w\" sizes=\"(max-width: 750px) 100vw, 750px\" \/><\/figure>\n<\/div>\n\n\n\n<div class=\"wp-block-column is-layout-flow wp-block-column-is-layout-flow\">\n<figure class=\"wp-block-image size-full\"><img decoding=\"async\" width=\"750\" height=\"750\" src=\"https:\/\/www.stanleypackage.com\/wp-content\/uploads\/2025\/08\/Custom-Flat-Bottom-Pouch-with-One-Side-Zipper-Wholesale-Coffee-Packaging-Bags-5.jpg\" alt=\"\" class=\"wp-image-2867\" srcset=\"https:\/\/www.stanleypackage.com\/wp-content\/uploads\/2025\/08\/Custom-Flat-Bottom-Pouch-with-One-Side-Zipper-Wholesale-Coffee-Packaging-Bags-5.jpg 750w, https:\/\/www.stanleypackage.com\/wp-content\/uploads\/2025\/08\/Custom-Flat-Bottom-Pouch-with-One-Side-Zipper-Wholesale-Coffee-Packaging-Bags-5-300x300.jpg 300w, https:\/\/www.stanleypackage.com\/wp-content\/uploads\/2025\/08\/Custom-Flat-Bottom-Pouch-with-One-Side-Zipper-Wholesale-Coffee-Packaging-Bags-5-150x150.jpg 150w, https:\/\/www.stanleypackage.com\/wp-content\/uploads\/2025\/08\/Custom-Flat-Bottom-Pouch-with-One-Side-Zipper-Wholesale-Coffee-Packaging-Bags-5-12x12.jpg 12w, https:\/\/www.stanleypackage.com\/wp-content\/uploads\/2025\/08\/Custom-Flat-Bottom-Pouch-with-One-Side-Zipper-Wholesale-Coffee-Packaging-Bags-5-600x600.jpg 600w, https:\/\/www.stanleypackage.com\/wp-content\/uploads\/2025\/08\/Custom-Flat-Bottom-Pouch-with-One-Side-Zipper-Wholesale-Coffee-Packaging-Bags-5-100x100.jpg 100w\" sizes=\"(max-width: 750px) 100vw, 750px\" \/><\/figure>\n<\/div>\n<\/div>\n<\/div>\n<\/div>","protected":false},"excerpt":{"rendered":"<p>Bienvenido a solicitar al por mayor bolsas para envasar caf\u00e9. Esta bolsa personalizada de fondo plano con cremallera es adecuada para granos de caf\u00e9 y avena, tiene excelentes propiedades de conservaci\u00f3n en fresco y a prueba de humedad. El cuerpo de la bolsa est\u00e1 equipada con una cremallera resellable, y el dise\u00f1o de llenado inferior para ayudar a la marca se destacan en el estante.<\/p>\n<table style=\"border-collapse: collapse; width: 365.02pt;\" border=\"0\" width=\"365\" cellspacing=\"0\" cellpadding=\"0\">\n<tbody>\n<tr style=\"height: 16.00pt;\">\n<td class=\"et2\" style=\"height: 16.00pt; width: 97.50pt;\" width=\"97\" height=\"16\">Fabricante<\/td>\n<td class=\"et2\" style=\"width: 267.50pt;\" width=\"267\">Stanley<\/td>\n<\/tr>\n<tr style=\"height: 16.00pt;\">\n<td class=\"et2\" style=\"height: 16.00pt; width: 97.50pt;\" width=\"97\" height=\"16\">Tipos de bolsas<\/td>\n<td class=\"et3\">8 Bolsa de fondo plano con cierre lateral, bolsa con cremallera<\/td>\n<\/tr>\n<tr style=\"height: 31.00pt;\">\n<td class=\"et2\" style=\"height: 31.00pt; width: 97.50pt;\" width=\"97\" height=\"31\">Material<\/td>\n<td class=\"et2\" style=\"width: 267.50pt;\" width=\"267\">PET12\/AL7\/PE105<\/td>\n<\/tr>\n<tr style=\"height: 16.00pt;\">\n<td class=\"et2\" style=\"height: 16.00pt; width: 97.50pt;\" width=\"97\" height=\"16\">Reportaje especial<\/td>\n<td class=\"et2\" style=\"width: 267.50pt;\" width=\"267\">Cremallera en un lado, relleno inferior, 8 mares laterales<\/td>\n<\/tr>\n<tr style=\"height: 16.00pt;\">\n<td class=\"et2\" style=\"height: 16.00pt; width: 97.50pt;\" width=\"97\" height=\"16\">Manipulaci\u00f3n de superficies<\/td>\n<td class=\"et2\" style=\"width: 267.50pt;\" width=\"267\">Impresi\u00f3n en huecograbado<\/td>\n<\/tr>\n<tr style=\"height: 16.00pt;\">\n<td class=\"et2\" style=\"height: 16.00pt; width: 97.50pt;\" width=\"97\" height=\"16\">Color<\/td>\n<td class=\"et2\" style=\"width: 267.50pt;\" width=\"267\">Impresi\u00f3n a doble cara, hasta 10 colores<\/td>\n<\/tr>\n<tr style=\"height: 16.00pt;\">\n<td class=\"et2\" style=\"height: 16.00pt; width: 97.50pt;\" width=\"97\" height=\"16\">Utilizaci\u00f3n<\/td>\n<td class=\"et2\" style=\"width: 267.50pt;\" width=\"267\">Caf\u00e9, Aperitivos, Avena<\/td>\n<\/tr>\n<tr style=\"height: 16.00pt;\">\n<td class=\"et2\" style=\"height: 16.00pt; width: 97.50pt;\" width=\"97\" height=\"16\">MOQ<\/td>\n<td class=\"et2\" style=\"width: 267.50pt;\" width=\"267\">50.000 unidades<\/td>\n<\/tr>\n<tr style=\"height: 16.00pt;\">\n<td class=\"et2\" style=\"height: 16.00pt; width: 97.50pt;\" width=\"97\" height=\"16\">Pedido a medida<\/td>\n<td class=\"et2\" style=\"width: 267.50pt;\" width=\"267\">Acepta OEM , Soporte Muestra gratis<\/td>\n<\/tr>\n<\/tbody>\n<\/table>\n<p>&nbsp;<\/p>","protected":false},"featured_media":2868,"comment_status":"closed","ping_status":"closed","template":"","meta":{"_acf_changed":false},"product_brand":[],"product_cat":[24,18],"product_tag":[],"class_list":{"0":"post-2862","1":"product","2":"type-product","3":"status-publish","4":"has-post-thumbnail","6":"product_cat-flat-bottom-pouch-manufacturer","7":"product_cat-zipper-pouch-manufacturer","8":"pa_food-packaging-oatmeal-pouch","9":"pa_food-packaging-coffee-packaging-pouch","10":"pa_food-packaging-tea-pouch-packaging","12":"first","13":"instock","14":"shipping-taxable","15":"product-type-simple"},"acf":[],"_links":{"self":[{"href":"https:\/\/www.stanleypackage.com\/es\/wp-json\/wp\/v2\/product\/2862","targetHints":{"allow":["GET"]}}],"collection":[{"href":"https:\/\/www.stanleypackage.com\/es\/wp-json\/wp\/v2\/product"}],"about":[{"href":"https:\/\/www.stanleypackage.com\/es\/wp-json\/wp\/v2\/types\/product"}],"replies":[{"embeddable":true,"href":"https:\/\/www.stanleypackage.com\/es\/wp-json\/wp\/v2\/comments?post=2862"}],"wp:featuredmedia":[{"embeddable":true,"href":"https:\/\/www.stanleypackage.com\/es\/wp-json\/wp\/v2\/media\/2868"}],"wp:attachment":[{"href":"https:\/\/www.stanleypackage.com\/es\/wp-json\/wp\/v2\/media?parent=2862"}],"wp:term":[{"taxonomy":"product_brand","embeddable":true,"href":"https:\/\/www.stanleypackage.com\/es\/wp-json\/wp\/v2\/product_brand?post=2862"},{"taxonomy":"product_cat","embeddable":true,"href":"https:\/\/www.stanleypackage.com\/es\/wp-json\/wp\/v2\/product_cat?post=2862"},{"taxonomy":"product_tag","embeddable":true,"href":"https:\/\/www.stanleypackage.com\/es\/wp-json\/wp\/v2\/product_tag?post=2862"}],"curies":[{"name":"wp","href":"https:\/\/api.w.org\/{rel}","templated":true}]}}