{"id":2921,"date":"2025-09-09T07:11:06","date_gmt":"2025-09-09T07:11:06","guid":{"rendered":"https:\/\/www.stanleypackage.com\/?post_type=product&#038;p=2921"},"modified":"2025-09-09T07:11:13","modified_gmt":"2025-09-09T07:11:13","slug":"hotel-amenities-packaging","status":"publish","type":"product","link":"https:\/\/www.stanleypackage.com\/es\/product\/hotel-amenities-packaging\/","title":{"rendered":"Embalaje personalizado para peine y almohadillas de algod\u00f3n"},"content":{"rendered":"<div class=\"wp-block-columns is-layout-flex wp-container-core-columns-is-layout-9d6595d7 wp-block-columns-is-layout-flex\">\n<div class=\"wp-block-column is-layout-flow wp-block-column-is-layout-flow\">\n<h2 class=\"wp-block-heading\">Caracter\u00edsticas de los envases personalizados para amenities de hotel<\/h2>\n\n\n\n<ul class=\"wp-block-list\">\n<li><strong>Bordes rugosos para prensar, garantizando la calidad:<\/strong> Los patrones de envasado de nuestros envases personalizados para amenities de hotel tienen bordes lisos y no son propensos a agrietarse, lo que garantiza la calidad de nuestros productos.<\/li>\n\n\n\n<li><strong>Dise\u00f1o de l\u00e1grima para facilitar la apertura: <\/strong>Nuestros envases personalizados para amenities de hotel est\u00e1n dise\u00f1ados con una muesca f\u00e1cil de rasgar, los consumidores pueden rasgar f\u00e1cilmente el envase sin tijeras u otras herramientas, y la experiencia de uso es m\u00e1s c\u00f3moda.<\/li>\n\n\n\n<li><strong>Embalaje compacto, f\u00e1cil de transportar:<\/strong> Nuestro envase al por mayor en bolsa sellada por tres lados es compacto. Tanto si viaja como si se va de viaje, es muy port\u00e1til y no ocupa mucho espacio cuando se coloca en una bolsa.<\/li>\n\n\n\n<li><strong>Relleno inferior para mejorar la eficiencia: <\/strong>El m\u00e9todo de llenado inferior de esta bolsa de sellado trilateral al por mayor es adecuado para el funcionamiento autom\u00e1tico del equipo de envasado, lo que mejora la eficiencia de la producci\u00f3n y reduce los costes de mano de obra.<\/li>\n\n\n\n<li><strong>Admite impresi\u00f3n y especificaciones personalizadas<\/strong>: Nuestros envases personalizados para amenities de hotel pueden personalizar el tama\u00f1o de la bolsa y el contenido de la impresi\u00f3n seg\u00fan las necesidades de la marca para mejorar el reconocimiento de la marca y la competitividad en el mercado.<\/li>\n<\/ul>\n\n\n\n<div class=\"wp-block-columns is-layout-flex wp-container-core-columns-is-layout-9d6595d7 wp-block-columns-is-layout-flex\">\n<div class=\"wp-block-column is-layout-flow wp-block-column-is-layout-flow\">\n<figure class=\"wp-block-image size-full\"><img decoding=\"async\" width=\"750\" height=\"750\" src=\"https:\/\/www.stanleypackage.com\/wp-content\/uploads\/2025\/09\/Customized-Hotel-Product-Packaging-Bag-Wholesale-Three-sided-Sealing-Pouch-4.jpg\" alt=\"\" class=\"wp-image-2922\" srcset=\"https:\/\/www.stanleypackage.com\/wp-content\/uploads\/2025\/09\/Customized-Hotel-Product-Packaging-Bag-Wholesale-Three-sided-Sealing-Pouch-4.jpg 750w, https:\/\/www.stanleypackage.com\/wp-content\/uploads\/2025\/09\/Customized-Hotel-Product-Packaging-Bag-Wholesale-Three-sided-Sealing-Pouch-4-300x300.jpg 300w, https:\/\/www.stanleypackage.com\/wp-content\/uploads\/2025\/09\/Customized-Hotel-Product-Packaging-Bag-Wholesale-Three-sided-Sealing-Pouch-4-150x150.jpg 150w, https:\/\/www.stanleypackage.com\/wp-content\/uploads\/2025\/09\/Customized-Hotel-Product-Packaging-Bag-Wholesale-Three-sided-Sealing-Pouch-4-12x12.jpg 12w, https:\/\/www.stanleypackage.com\/wp-content\/uploads\/2025\/09\/Customized-Hotel-Product-Packaging-Bag-Wholesale-Three-sided-Sealing-Pouch-4-600x600.jpg 600w, https:\/\/www.stanleypackage.com\/wp-content\/uploads\/2025\/09\/Customized-Hotel-Product-Packaging-Bag-Wholesale-Three-sided-Sealing-Pouch-4-100x100.jpg 100w\" sizes=\"(max-width: 750px) 100vw, 750px\" \/><\/figure>\n<\/div>\n\n\n\n<div class=\"wp-block-column is-layout-flow wp-block-column-is-layout-flow\">\n<figure class=\"wp-block-image size-full\"><img decoding=\"async\" width=\"750\" height=\"750\" src=\"https:\/\/www.stanleypackage.com\/wp-content\/uploads\/2025\/09\/Customized-Hotel-Product-Packaging-Bag-Wholesale-Three-sided-Sealing-Pouch-5.jpg\" alt=\"\" class=\"wp-image-2923\" srcset=\"https:\/\/www.stanleypackage.com\/wp-content\/uploads\/2025\/09\/Customized-Hotel-Product-Packaging-Bag-Wholesale-Three-sided-Sealing-Pouch-5.jpg 750w, https:\/\/www.stanleypackage.com\/wp-content\/uploads\/2025\/09\/Customized-Hotel-Product-Packaging-Bag-Wholesale-Three-sided-Sealing-Pouch-5-300x300.jpg 300w, https:\/\/www.stanleypackage.com\/wp-content\/uploads\/2025\/09\/Customized-Hotel-Product-Packaging-Bag-Wholesale-Three-sided-Sealing-Pouch-5-150x150.jpg 150w, https:\/\/www.stanleypackage.com\/wp-content\/uploads\/2025\/09\/Customized-Hotel-Product-Packaging-Bag-Wholesale-Three-sided-Sealing-Pouch-5-12x12.jpg 12w, https:\/\/www.stanleypackage.com\/wp-content\/uploads\/2025\/09\/Customized-Hotel-Product-Packaging-Bag-Wholesale-Three-sided-Sealing-Pouch-5-600x600.jpg 600w, https:\/\/www.stanleypackage.com\/wp-content\/uploads\/2025\/09\/Customized-Hotel-Product-Packaging-Bag-Wholesale-Three-sided-Sealing-Pouch-5-100x100.jpg 100w\" sizes=\"(max-width: 750px) 100vw, 750px\" \/><\/figure>\n<\/div>\n<\/div>\n<\/div>\n<\/div>","protected":false},"excerpt":{"rendered":"<p>Le invitamos a encargar envases personalizados para amenities de hotel. Nuestras bolsas de sellado trilateral al por mayor est\u00e1n equipadas con una muesca f\u00e1cil de rasgar, y los bordes son lisos y planos, lo que garantiza la calidad. Adem\u00e1s, podemos personalizar bolsas de embalaje de diferentes especificaciones, colores y formas seg\u00fan los requisitos del cliente.<\/p>\n<table style=\"border-collapse: collapse; width: 365.02pt;\" border=\"0\" width=\"365\" cellspacing=\"0\" cellpadding=\"0\">\n<tbody>\n<tr style=\"height: 16.00pt;\">\n<td class=\"et2\" style=\"height: 16.00pt; width: 97.50pt;\" width=\"97\" height=\"16\">Fabricante<\/td>\n<td class=\"et2\" style=\"width: 267.50pt;\" width=\"267\">Stanley<\/td>\n<\/tr>\n<tr style=\"height: 16.00pt;\">\n<td class=\"et2\" style=\"height: 16.00pt; width: 97.50pt;\" width=\"97\" height=\"16\">Tipos de bolsas<\/td>\n<td class=\"et3\">Bolsa de cierre por tres lados<\/td>\n<\/tr>\n<tr style=\"height: 16.00pt;\">\n<td class=\"et2\" style=\"height: 16.00pt; width: 97.50pt;\" width=\"97\" height=\"16\">Material<\/td>\n<td class=\"et2\" style=\"width: 267.50pt;\" width=\"267\">L\u00e1ser PET12\/VMPET12\/PE56 (Efecto 3D))<\/td>\n<\/tr>\n<tr style=\"height: 16.00pt;\">\n<td class=\"et2\" style=\"height: 16.00pt; width: 97.50pt;\" width=\"97\" height=\"16\">Reportaje especial<\/td>\n<td class=\"et2\" style=\"width: 267.50pt;\" width=\"267\">Muesca de rasgado, relleno inferior<\/td>\n<\/tr>\n<tr style=\"height: 16.00pt;\">\n<td class=\"et2\" style=\"height: 16.00pt; width: 97.50pt;\" width=\"97\" height=\"16\">Manipulaci\u00f3n de superficies<\/td>\n<td class=\"et2\" style=\"width: 267.50pt;\" width=\"267\">Impresi\u00f3n en huecograbado<\/td>\n<\/tr>\n<tr style=\"height: 16.00pt;\">\n<td class=\"et2\" style=\"height: 16.00pt; width: 97.50pt;\" width=\"97\" height=\"16\">Color<\/td>\n<td class=\"et2\" style=\"width: 267.50pt;\" width=\"267\">Impresi\u00f3n a doble cara, hasta 10 colores<\/td>\n<\/tr>\n<tr style=\"height: 16.00pt;\">\n<td class=\"et2\" style=\"height: 16.00pt; width: 97.50pt;\" width=\"97\" height=\"16\">Utilizaci\u00f3n<\/td>\n<td class=\"et2\" style=\"width: 267.50pt;\" width=\"267\">peine, bastoncillo de algod\u00f3n, palillo de dientes<\/td>\n<\/tr>\n<tr style=\"height: 16.00pt;\">\n<td class=\"et2\" style=\"height: 16.00pt; width: 97.50pt;\" width=\"97\" height=\"16\">MOQ<\/td>\n<td class=\"et2\" style=\"width: 267.50pt;\" width=\"267\">50.000 unidades<\/td>\n<\/tr>\n<tr style=\"height: 16.00pt;\">\n<td class=\"et2\" style=\"height: 16.00pt; width: 97.50pt;\" width=\"97\" height=\"16\">Pedido a medida<\/td>\n<td class=\"et2\" style=\"width: 267.50pt;\" width=\"267\">Aceptamos OEM, Soporte Muestra gratis<\/td>\n<\/tr>\n<\/tbody>\n<\/table>\n<p>&nbsp;<\/p>","protected":false},"featured_media":2924,"comment_status":"closed","ping_status":"closed","template":"","meta":{"_acf_changed":false},"product_brand":[],"product_cat":[31,28],"product_tag":[],"class_list":{"0":"post-2921","1":"product","2":"type-product","3":"status-publish","4":"has-post-thumbnail","6":"product_cat-lay-flat-pouch-manufacturer","7":"product_cat-three-side-seal-pouch-manufacturer","8":"pa_non-food-packaging-hotel-supplies-packaging","10":"first","11":"instock","12":"shipping-taxable","13":"product-type-simple"},"acf":[],"_links":{"self":[{"href":"https:\/\/www.stanleypackage.com\/es\/wp-json\/wp\/v2\/product\/2921","targetHints":{"allow":["GET"]}}],"collection":[{"href":"https:\/\/www.stanleypackage.com\/es\/wp-json\/wp\/v2\/product"}],"about":[{"href":"https:\/\/www.stanleypackage.com\/es\/wp-json\/wp\/v2\/types\/product"}],"replies":[{"embeddable":true,"href":"https:\/\/www.stanleypackage.com\/es\/wp-json\/wp\/v2\/comments?post=2921"}],"wp:featuredmedia":[{"embeddable":true,"href":"https:\/\/www.stanleypackage.com\/es\/wp-json\/wp\/v2\/media\/2924"}],"wp:attachment":[{"href":"https:\/\/www.stanleypackage.com\/es\/wp-json\/wp\/v2\/media?parent=2921"}],"wp:term":[{"taxonomy":"product_brand","embeddable":true,"href":"https:\/\/www.stanleypackage.com\/es\/wp-json\/wp\/v2\/product_brand?post=2921"},{"taxonomy":"product_cat","embeddable":true,"href":"https:\/\/www.stanleypackage.com\/es\/wp-json\/wp\/v2\/product_cat?post=2921"},{"taxonomy":"product_tag","embeddable":true,"href":"https:\/\/www.stanleypackage.com\/es\/wp-json\/wp\/v2\/product_tag?post=2921"}],"curies":[{"name":"wp","href":"https:\/\/api.w.org\/{rel}","templated":true}]}}