{"id":2936,"date":"2025-09-15T06:08:20","date_gmt":"2025-09-15T06:08:20","guid":{"rendered":"https:\/\/www.stanleypackage.com\/?post_type=product&#038;p=2936"},"modified":"2025-09-15T06:12:41","modified_gmt":"2025-09-15T06:12:41","slug":"custom-stand-up-pouch-packaging","status":"publish","type":"product","link":"https:\/\/www.stanleypackage.com\/es\/product\/custom-stand-up-pouch-packaging\/","title":{"rendered":"Bolsas de embalaje personalizadas para kits dentales infantiles"},"content":{"rendered":"<div class=\"wp-block-columns is-layout-flex wp-container-core-columns-is-layout-9d6595d7 wp-block-columns-is-layout-flex\">\n<div class=\"wp-block-column is-layout-flow wp-block-column-is-layout-flow\">\n<h2 class=\"wp-block-heading\">Caracter\u00edsticas de los envases Stand Up Pouch personalizados<\/h2>\n\n\n\n<ul class=\"wp-block-list\">\n<li><strong>Dise\u00f1o en 3D con bordes laterales: <\/strong>El lateral de nuestros envases de bolsa stand up personalizados adopta un dise\u00f1o 3D, lo que hace que nuestros envases parezcan m\u00e1s tridimensionales y bellos, atrayendo as\u00ed la atenci\u00f3n de los clientes.<\/li>\n\n\n\n<li><strong>Dise\u00f1o de fondo estable: <\/strong>Estas bolsas al por mayor selladas por 8 lados garantizan un soporte estable en estanter\u00edas o mostradores de exposici\u00f3n, mejorando el aspecto de las estanter\u00edas al tiempo que maximizan la capacidad interna.<\/li>\n\n\n\n<li><strong>Construcci\u00f3n vers\u00e1til y c\u00f3moda:<\/strong> Nuestros envases de bolsa de pie personalizados est\u00e1n equipados con una muesca f\u00e1cil de rasgar que permite a los consumidores abrirlos con facilidad, y el orificio para colgarlos facilita su exposici\u00f3n.<\/li>\n\n\n\n<li><strong>Admite personalizaci\u00f3n de tama\u00f1o y marca:\u00a0<\/strong>Nuestras bolsas selladas por los 8 lados al por mayor pueden personalizarse en tama\u00f1o, patr\u00f3n de impresi\u00f3n y detalles del tipo de bolsa seg\u00fan los requisitos del producto para crear una soluci\u00f3n de envasado \u00fanica para la marca.<\/li>\n\n\n\n<li><strong>Forma y efecto especiales:<\/strong> Nuestros envases al por mayor de bolsas stand up personalizadas ofrecen la opci\u00f3n de personalizar la forma de las bolsas, as\u00ed como los efectos de impresi\u00f3n, como uv, mate, brillante, etc.<\/li>\n<\/ul>\n\n\n\n<div class=\"wp-block-columns is-layout-flex wp-container-core-columns-is-layout-9d6595d7 wp-block-columns-is-layout-flex\">\n<div class=\"wp-block-column is-layout-flow wp-block-column-is-layout-flow\">\n<figure class=\"wp-block-image size-full\"><img decoding=\"async\" width=\"750\" height=\"750\" src=\"https:\/\/www.stanleypackage.com\/wp-content\/uploads\/2025\/09\/Custom-Stand-Up-Pouch-Packaging-Wholesale-Childrens-Toiletries-8-Side-Sealed-Bag-2.jpg\" alt=\"\" class=\"wp-image-2990\" srcset=\"https:\/\/www.stanleypackage.com\/wp-content\/uploads\/2025\/09\/Custom-Stand-Up-Pouch-Packaging-Wholesale-Childrens-Toiletries-8-Side-Sealed-Bag-2.jpg 750w, https:\/\/www.stanleypackage.com\/wp-content\/uploads\/2025\/09\/Custom-Stand-Up-Pouch-Packaging-Wholesale-Childrens-Toiletries-8-Side-Sealed-Bag-2-300x300.jpg 300w, https:\/\/www.stanleypackage.com\/wp-content\/uploads\/2025\/09\/Custom-Stand-Up-Pouch-Packaging-Wholesale-Childrens-Toiletries-8-Side-Sealed-Bag-2-150x150.jpg 150w, https:\/\/www.stanleypackage.com\/wp-content\/uploads\/2025\/09\/Custom-Stand-Up-Pouch-Packaging-Wholesale-Childrens-Toiletries-8-Side-Sealed-Bag-2-12x12.jpg 12w, https:\/\/www.stanleypackage.com\/wp-content\/uploads\/2025\/09\/Custom-Stand-Up-Pouch-Packaging-Wholesale-Childrens-Toiletries-8-Side-Sealed-Bag-2-600x600.jpg 600w, https:\/\/www.stanleypackage.com\/wp-content\/uploads\/2025\/09\/Custom-Stand-Up-Pouch-Packaging-Wholesale-Childrens-Toiletries-8-Side-Sealed-Bag-2-100x100.jpg 100w\" sizes=\"(max-width: 750px) 100vw, 750px\" \/><\/figure>\n<\/div>\n\n\n\n<div class=\"wp-block-column is-layout-flow wp-block-column-is-layout-flow\">\n<figure class=\"wp-block-image size-full\"><img decoding=\"async\" width=\"750\" height=\"750\" src=\"https:\/\/www.stanleypackage.com\/wp-content\/uploads\/2025\/09\/Custom-Stand-Up-Pouch-Packaging-Wholesale-Childrens-Toiletries-8-Side-Sealed-Bag-5.jpg\" alt=\"\" class=\"wp-image-2991\" srcset=\"https:\/\/www.stanleypackage.com\/wp-content\/uploads\/2025\/09\/Custom-Stand-Up-Pouch-Packaging-Wholesale-Childrens-Toiletries-8-Side-Sealed-Bag-5.jpg 750w, https:\/\/www.stanleypackage.com\/wp-content\/uploads\/2025\/09\/Custom-Stand-Up-Pouch-Packaging-Wholesale-Childrens-Toiletries-8-Side-Sealed-Bag-5-300x300.jpg 300w, https:\/\/www.stanleypackage.com\/wp-content\/uploads\/2025\/09\/Custom-Stand-Up-Pouch-Packaging-Wholesale-Childrens-Toiletries-8-Side-Sealed-Bag-5-150x150.jpg 150w, https:\/\/www.stanleypackage.com\/wp-content\/uploads\/2025\/09\/Custom-Stand-Up-Pouch-Packaging-Wholesale-Childrens-Toiletries-8-Side-Sealed-Bag-5-12x12.jpg 12w, https:\/\/www.stanleypackage.com\/wp-content\/uploads\/2025\/09\/Custom-Stand-Up-Pouch-Packaging-Wholesale-Childrens-Toiletries-8-Side-Sealed-Bag-5-600x600.jpg 600w, https:\/\/www.stanleypackage.com\/wp-content\/uploads\/2025\/09\/Custom-Stand-Up-Pouch-Packaging-Wholesale-Childrens-Toiletries-8-Side-Sealed-Bag-5-100x100.jpg 100w\" sizes=\"(max-width: 750px) 100vw, 750px\" \/><\/figure>\n<\/div>\n<\/div>\n<\/div>\n<\/div>","protected":false},"excerpt":{"rendered":"<p>Le damos la bienvenida a su pedido de bolsas de envasado stand up personalizadas. Nuestra bolsa sellada de 8 lados para art\u00edculos de aseo infantil al por mayor cuenta con un orificio para colgar y una muesca f\u00e1cil de rasgar. Adem\u00e1s, nuestros envases adoptan un dise\u00f1o tridimensional y permiten personalizar el tama\u00f1o y la marca.<\/p>\n<table style=\"border-collapse: collapse; width: 365.02pt;\" border=\"0\" width=\"365\" cellspacing=\"0\" cellpadding=\"0\">\n<tbody>\n<tr style=\"height: 16.00pt;\">\n<td class=\"et2\" style=\"height: 16.00pt; width: 97.50pt;\" width=\"97\" height=\"16\">Fabricante<\/td>\n<td class=\"et2\" style=\"width: 267.50pt;\" width=\"267\">Stanley<\/td>\n<\/tr>\n<tr style=\"height: 16.00pt;\">\n<td class=\"et2\" style=\"height: 16.00pt; width: 97.50pt;\" width=\"97\" height=\"16\">Tipos de bolsas<\/td>\n<td class=\"et2\" style=\"width: 267.50pt;\" width=\"267\">8 Bolsa de fondo plano con cierre lateral<\/td>\n<\/tr>\n<tr style=\"height: 31.00pt;\">\n<td class=\"et2\" style=\"height: 31.00pt; width: 97.50pt;\" width=\"97\" height=\"31\">Material<\/td>\n<td class=\"et2\" style=\"width: 267.50pt;\" width=\"267\">PET12\/PE85<\/td>\n<\/tr>\n<tr style=\"height: 16.00pt;\">\n<td class=\"et2\" style=\"height: 16.00pt; width: 97.50pt;\" width=\"97\" height=\"16\">Reportaje especial<\/td>\n<td class=\"et2\" style=\"width: 267.50pt;\" width=\"267\">8 Sello lateral, agujero para colgar, muesca para rasgar, ventana transparente<\/td>\n<\/tr>\n<tr style=\"height: 16.00pt;\">\n<td class=\"et2\" style=\"height: 16.00pt; width: 97.50pt;\" width=\"97\" height=\"16\">Manipulaci\u00f3n de superficies<\/td>\n<td class=\"et2\" style=\"width: 267.50pt;\" width=\"267\">Impresi\u00f3n en huecograbado<\/td>\n<\/tr>\n<tr style=\"height: 16.00pt;\">\n<td class=\"et2\" style=\"height: 16.00pt; width: 97.50pt;\" width=\"97\" height=\"16\">Color<\/td>\n<td class=\"et2\" style=\"width: 267.50pt;\" width=\"267\">Hasta 10 colores<\/td>\n<\/tr>\n<tr style=\"height: 16.00pt;\">\n<td class=\"et2\" style=\"height: 16.00pt; width: 97.50pt;\" width=\"97\" height=\"16\">Utilizaci\u00f3n<\/td>\n<td class=\"et2\" style=\"width: 267.50pt;\" width=\"267\">Kit dental, neceser<\/td>\n<\/tr>\n<tr style=\"height: 16.00pt;\">\n<td class=\"et2\" style=\"height: 16.00pt; width: 97.50pt;\" width=\"97\" height=\"16\">MOQ<\/td>\n<td class=\"et2\" style=\"width: 267.50pt;\" width=\"267\">50.000 unidades<\/td>\n<\/tr>\n<tr style=\"height: 16.00pt;\">\n<td class=\"et2\" style=\"height: 16.00pt; width: 97.50pt;\" width=\"97\" height=\"16\">Pedido a medida<\/td>\n<td class=\"et2\" style=\"width: 267.50pt;\" width=\"267\">Aceptar soporte OEM Muestra gratuita<\/td>\n<\/tr>\n<\/tbody>\n<\/table>","protected":false},"featured_media":2992,"comment_status":"closed","ping_status":"closed","template":"","meta":{"_acf_changed":false},"product_brand":[],"product_cat":[24],"product_tag":[],"class_list":{"0":"post-2936","1":"product","2":"type-product","3":"status-publish","4":"has-post-thumbnail","6":"product_cat-flat-bottom-pouch-manufacturer","7":"pa_non-food-packaging-tool-accessories-pouch","8":"pa_non-food-packaging-hotel-supplies-packaging","10":"first","11":"instock","12":"shipping-taxable","13":"product-type-simple"},"acf":[],"_links":{"self":[{"href":"https:\/\/www.stanleypackage.com\/es\/wp-json\/wp\/v2\/product\/2936","targetHints":{"allow":["GET"]}}],"collection":[{"href":"https:\/\/www.stanleypackage.com\/es\/wp-json\/wp\/v2\/product"}],"about":[{"href":"https:\/\/www.stanleypackage.com\/es\/wp-json\/wp\/v2\/types\/product"}],"replies":[{"embeddable":true,"href":"https:\/\/www.stanleypackage.com\/es\/wp-json\/wp\/v2\/comments?post=2936"}],"wp:featuredmedia":[{"embeddable":true,"href":"https:\/\/www.stanleypackage.com\/es\/wp-json\/wp\/v2\/media\/2992"}],"wp:attachment":[{"href":"https:\/\/www.stanleypackage.com\/es\/wp-json\/wp\/v2\/media?parent=2936"}],"wp:term":[{"taxonomy":"product_brand","embeddable":true,"href":"https:\/\/www.stanleypackage.com\/es\/wp-json\/wp\/v2\/product_brand?post=2936"},{"taxonomy":"product_cat","embeddable":true,"href":"https:\/\/www.stanleypackage.com\/es\/wp-json\/wp\/v2\/product_cat?post=2936"},{"taxonomy":"product_tag","embeddable":true,"href":"https:\/\/www.stanleypackage.com\/es\/wp-json\/wp\/v2\/product_tag?post=2936"}],"curies":[{"name":"wp","href":"https:\/\/api.w.org\/{rel}","templated":true}]}}