{"id":3005,"date":"2025-09-11T03:21:09","date_gmt":"2025-09-11T03:21:09","guid":{"rendered":"https:\/\/www.stanleypackage.com\/?post_type=product&#038;p=3005"},"modified":"2025-09-19T08:00:31","modified_gmt":"2025-09-19T08:00:31","slug":"pet-food-pouch-wholesale","status":"publish","type":"product","link":"https:\/\/www.stanleypackage.com\/es\/product\/pet-food-pouch-wholesale\/","title":{"rendered":"Bolsas de comida para mascotas al por mayor, bolsas con sello trasero impresas a medida"},"content":{"rendered":"<div class=\"wp-block-columns is-layout-flex wp-container-core-columns-is-layout-9d6595d7 wp-block-columns-is-layout-flex\">\n<div class=\"wp-block-column is-layout-flow wp-block-column-is-layout-flow\">\n<h2 class=\"wp-block-heading\">Caracter\u00edsticas de la bolsa de comida para mascotas al por mayor<\/h2>\n\n\n\n<ul class=\"wp-block-list\">\n<li><strong>Estructura de material de alta calidad:<\/strong> Esta bolsa personalizada para comida de mascotas al por mayor adopta una estructura compuesta de BOPP20\/BOPA15\/MBPE130, con buena barrera, resistencia a la humedad y resistencia a la perforaci\u00f3n, para garantizar la frescura y seguridad de los alimentos.<\/li>\n\n\n\n<li><strong>Dise\u00f1o de junta trasera: <\/strong>La estructura del sello posterior de estos envases personalizados para alimentos de mascotas con sello posterior es hermosa y prolija, adecuada para m\u00e1quinas envasadoras autom\u00e1ticas, conveniente para la producci\u00f3n en masa y mejora la eficiencia del envasado.<\/li>\n\n\n\n<li><strong>Relleno superior: <\/strong>Dise\u00f1ada para llenado superior, esta bolsa de comida para mascotas impresa personalizada al por mayor es adecuada para varios tipos de l\u00edneas de envasado automatizadas, el proceso de llenado es eficiente y c\u00f3modo, y se reducen los costes de mano de obra.<\/li>\n\n\n\n<li><strong>Impresi\u00f3n en huecograbado a doble cara: <\/strong>Nuestras bolsas personalizadas para envasado de alimentos para mascotas admiten una exquisita impresi\u00f3n en color a doble cara, con dise\u00f1os claros y completos, que mejoran la imagen de marca y el atractivo en los estantes.<\/li>\n\n\n\n<li><strong>Varios servicios personalizados: <\/strong>El tama\u00f1o, el patr\u00f3n de impresi\u00f3n, el tipo de bolsa y la estructura funcional de nuestras bolsas para alimentos de mascotas al por mayor pueden personalizarse seg\u00fan las necesidades del cliente para satisfacer las necesidades de envasado de diversos productos.<\/li>\n<\/ul>\n\n\n\n<div class=\"wp-block-columns is-layout-flex wp-container-core-columns-is-layout-9d6595d7 wp-block-columns-is-layout-flex\">\n<div class=\"wp-block-column is-layout-flow wp-block-column-is-layout-flow\">\n<figure class=\"wp-block-image size-full\"><img decoding=\"async\" width=\"750\" height=\"750\" src=\"https:\/\/www.stanleypackage.com\/wp-content\/uploads\/2025\/09\/Custom-Back-Seal-Flexible-Packaging-Bag-for-Snacks-Pet-Food-4.jpg\" alt=\"\" class=\"wp-image-3006\" srcset=\"https:\/\/www.stanleypackage.com\/wp-content\/uploads\/2025\/09\/Custom-Back-Seal-Flexible-Packaging-Bag-for-Snacks-Pet-Food-4.jpg 750w, https:\/\/www.stanleypackage.com\/wp-content\/uploads\/2025\/09\/Custom-Back-Seal-Flexible-Packaging-Bag-for-Snacks-Pet-Food-4-300x300.jpg 300w, https:\/\/www.stanleypackage.com\/wp-content\/uploads\/2025\/09\/Custom-Back-Seal-Flexible-Packaging-Bag-for-Snacks-Pet-Food-4-150x150.jpg 150w, https:\/\/www.stanleypackage.com\/wp-content\/uploads\/2025\/09\/Custom-Back-Seal-Flexible-Packaging-Bag-for-Snacks-Pet-Food-4-12x12.jpg 12w, https:\/\/www.stanleypackage.com\/wp-content\/uploads\/2025\/09\/Custom-Back-Seal-Flexible-Packaging-Bag-for-Snacks-Pet-Food-4-600x600.jpg 600w, https:\/\/www.stanleypackage.com\/wp-content\/uploads\/2025\/09\/Custom-Back-Seal-Flexible-Packaging-Bag-for-Snacks-Pet-Food-4-100x100.jpg 100w\" sizes=\"(max-width: 750px) 100vw, 750px\" \/><\/figure>\n<\/div>\n\n\n\n<div class=\"wp-block-column is-layout-flow wp-block-column-is-layout-flow\">\n<figure class=\"wp-block-image size-full\"><img decoding=\"async\" width=\"750\" height=\"750\" src=\"https:\/\/www.stanleypackage.com\/wp-content\/uploads\/2025\/09\/Custom-Back-Seal-Flexible-Packaging-Bag-for-Snacks-Pet-Food-5.jpg\" alt=\"\" class=\"wp-image-3007\" srcset=\"https:\/\/www.stanleypackage.com\/wp-content\/uploads\/2025\/09\/Custom-Back-Seal-Flexible-Packaging-Bag-for-Snacks-Pet-Food-5.jpg 750w, https:\/\/www.stanleypackage.com\/wp-content\/uploads\/2025\/09\/Custom-Back-Seal-Flexible-Packaging-Bag-for-Snacks-Pet-Food-5-300x300.jpg 300w, https:\/\/www.stanleypackage.com\/wp-content\/uploads\/2025\/09\/Custom-Back-Seal-Flexible-Packaging-Bag-for-Snacks-Pet-Food-5-150x150.jpg 150w, https:\/\/www.stanleypackage.com\/wp-content\/uploads\/2025\/09\/Custom-Back-Seal-Flexible-Packaging-Bag-for-Snacks-Pet-Food-5-12x12.jpg 12w, https:\/\/www.stanleypackage.com\/wp-content\/uploads\/2025\/09\/Custom-Back-Seal-Flexible-Packaging-Bag-for-Snacks-Pet-Food-5-600x600.jpg 600w, https:\/\/www.stanleypackage.com\/wp-content\/uploads\/2025\/09\/Custom-Back-Seal-Flexible-Packaging-Bag-for-Snacks-Pet-Food-5-100x100.jpg 100w\" sizes=\"(max-width: 750px) 100vw, 750px\" \/><\/figure>\n<\/div>\n<\/div>\n<\/div>\n<\/div>\n\n\n\n<p><\/p>","protected":false},"excerpt":{"rendered":"<p>Bienvenido a comprar bolsas personalizadas para envasado de alimentos para mascotas. Nuestras bolsas personalizadas para comida de mascotas al por mayor tienen buena adaptabilidad de sellado e impresi\u00f3n, llenado superior, y son adecuadas para l\u00edneas de envasado automatizadas. Admite una personalizaci\u00f3n completa.<\/p>\n<table style=\"border-collapse: collapse; width: 365.02pt;\" border=\"0\" width=\"365\" cellspacing=\"0\" cellpadding=\"0\">\n<tbody>\n<tr style=\"height: 16.00pt;\">\n<td class=\"et2\" style=\"height: 16.00pt; width: 97.50pt;\" width=\"97\" height=\"16\">Fabricante<\/td>\n<td class=\"et2\" style=\"width: 267.50pt;\" width=\"267\">Stanley<\/td>\n<\/tr>\n<tr style=\"height: 16.00pt;\">\n<td class=\"et2\" style=\"height: 16.00pt; width: 97.50pt;\" width=\"97\" height=\"16\">Tipos de bolsas<\/td>\n<td class=\"et2\" style=\"width: 267.50pt;\" width=\"267\">Bolsa de cierre posterior, Bolsa de fuelle<\/td>\n<\/tr>\n<tr style=\"height: 16.00pt;\">\n<td class=\"et2\" style=\"height: 16.00pt; width: 97.50pt;\" width=\"97\" height=\"16\">Material<\/td>\n<td class=\"et2\" style=\"width: 267.50pt;\" width=\"267\">BOPP20\/BOPA15\/MBPE130<\/td>\n<\/tr>\n<tr style=\"height: 16.00pt;\">\n<td class=\"et2\" style=\"height: 16.00pt; width: 97.50pt;\" width=\"97\" height=\"16\">Reportaje especial<\/td>\n<td class=\"et2\" style=\"width: 267.50pt;\" width=\"267\">Relleno superior<\/td>\n<\/tr>\n<tr style=\"height: 16.00pt;\">\n<td class=\"et2\" style=\"height: 16.00pt; width: 97.50pt;\" width=\"97\" height=\"16\">Manipulaci\u00f3n de superficies<\/td>\n<td class=\"et2\" style=\"width: 267.50pt;\" width=\"267\">Impresi\u00f3n en huecograbado<\/td>\n<\/tr>\n<tr style=\"height: 16.00pt;\">\n<td class=\"et2\" style=\"height: 16.00pt; width: 97.50pt;\" width=\"97\" height=\"16\">Color<\/td>\n<td class=\"et2\" style=\"width: 267.50pt;\" width=\"267\">Impresi\u00f3n a doble cara, hasta 10 colores<\/td>\n<\/tr>\n<tr style=\"height: 16.00pt;\">\n<td class=\"et2\" style=\"height: 16.00pt; width: 97.50pt;\" width=\"97\" height=\"16\">Utilizaci\u00f3n<\/td>\n<td class=\"et2\" style=\"width: 267.50pt;\" width=\"267\">Comida para mascotas, Snack, Comida seca<\/td>\n<\/tr>\n<tr style=\"height: 16.00pt;\">\n<td class=\"et2\" style=\"height: 16.00pt; width: 97.50pt;\" width=\"97\" height=\"16\">MOQ<\/td>\n<td class=\"et2\" style=\"width: 267.50pt;\" width=\"267\">50.000 unidades<\/td>\n<\/tr>\n<tr style=\"height: 16.00pt;\">\n<td class=\"et2\" style=\"height: 16.00pt; width: 97.50pt;\" width=\"97\" height=\"16\">Pedido a medida<\/td>\n<td class=\"et2\" style=\"width: 267.50pt;\" width=\"267\">Aceptamos OEM, Soporte Muestra gratis<\/td>\n<\/tr>\n<\/tbody>\n<\/table>\n<p>&nbsp;<\/p>","protected":false},"featured_media":3008,"comment_status":"closed","ping_status":"closed","template":"","meta":{"_acf_changed":false},"product_brand":[],"product_cat":[59,31,17],"product_tag":[],"class_list":{"0":"post-3005","1":"product","2":"type-product","3":"status-publish","4":"has-post-thumbnail","6":"product_cat-pillow-pouch-manufacturer","7":"product_cat-lay-flat-pouch-manufacturer","8":"product_cat-gusset-bag-manufacturer","9":"pa_food-packaging-baby-food-packaging","10":"pa_food-packaging-pet-food-pouches","11":"pa_food-packaging-ready-meal-pouch","13":"first","14":"instock","15":"shipping-taxable","16":"product-type-simple"},"acf":[],"_links":{"self":[{"href":"https:\/\/www.stanleypackage.com\/es\/wp-json\/wp\/v2\/product\/3005","targetHints":{"allow":["GET"]}}],"collection":[{"href":"https:\/\/www.stanleypackage.com\/es\/wp-json\/wp\/v2\/product"}],"about":[{"href":"https:\/\/www.stanleypackage.com\/es\/wp-json\/wp\/v2\/types\/product"}],"replies":[{"embeddable":true,"href":"https:\/\/www.stanleypackage.com\/es\/wp-json\/wp\/v2\/comments?post=3005"}],"wp:featuredmedia":[{"embeddable":true,"href":"https:\/\/www.stanleypackage.com\/es\/wp-json\/wp\/v2\/media\/3008"}],"wp:attachment":[{"href":"https:\/\/www.stanleypackage.com\/es\/wp-json\/wp\/v2\/media?parent=3005"}],"wp:term":[{"taxonomy":"product_brand","embeddable":true,"href":"https:\/\/www.stanleypackage.com\/es\/wp-json\/wp\/v2\/product_brand?post=3005"},{"taxonomy":"product_cat","embeddable":true,"href":"https:\/\/www.stanleypackage.com\/es\/wp-json\/wp\/v2\/product_cat?post=3005"},{"taxonomy":"product_tag","embeddable":true,"href":"https:\/\/www.stanleypackage.com\/es\/wp-json\/wp\/v2\/product_tag?post=3005"}],"curies":[{"name":"wp","href":"https:\/\/api.w.org\/{rel}","templated":true}]}}