{"id":3016,"date":"2025-09-11T03:10:03","date_gmt":"2025-09-11T03:10:03","guid":{"rendered":"https:\/\/www.stanleypackage.com\/?post_type=product&#038;p=3016"},"modified":"2025-09-11T03:10:12","modified_gmt":"2025-09-11T03:10:12","slug":"custom-pet-food-packaging","status":"publish","type":"product","link":"https:\/\/www.stanleypackage.com\/es\/product\/custom-pet-food-packaging\/","title":{"rendered":"Bolsas personalizadas para envasado de alimentos para mascotas, bolsas con cremallera a granel"},"content":{"rendered":"<div class=\"wp-block-columns is-layout-flex wp-container-core-columns-is-layout-9d6595d7 wp-block-columns-is-layout-flex\">\n<div class=\"wp-block-column is-layout-flow wp-block-column-is-layout-flow\">\n<h2 class=\"wp-block-heading\">Caracter\u00edsticas de las bolsas personalizadas para alimentos para mascotas<\/h2>\n\n\n\n<ul class=\"wp-block-list\">\n<li><strong>Dise\u00f1o de fondo de saco autoportante: <\/strong>Estas bolsas personalizadas al por mayor para envasado de alimentos para mascotas tienen un fondo autoportante duradero, que se mantiene estable, es pr\u00e1ctico para colocar en estanter\u00edas y mejora el efecto de exposici\u00f3n del producto.<\/li>\n\n\n\n<li><strong>Estructura de relleno superior: <\/strong>Estas bolsas stand-up personalizadas para comida de gatos adoptan un dise\u00f1o de llenado superior, que resulta c\u00f3modo para el llenado mec\u00e1nico o manual, adecuado para distintos procesos de producci\u00f3n y m\u00e1s eficiente.<\/li>\n\n\n\n<li><strong>Dise\u00f1o de apertura de ventanas: <\/strong>Nuestras bolsas personalizadas al por mayor para envasado de alimentos para mascotas presentan un dise\u00f1o con ventana, que permite a los clientes ver la forma y el color del alimento para mascotas, facilit\u00e1ndoles la selecci\u00f3n.<\/li>\n\n\n\n<li><strong>Equipado con una cremallera: <\/strong>Nuestra bolsa de pie personalizada para comida de gatos cuenta con una cremallera de sellado reutilizable para m\u00faltiples aperturas y cierres.<\/li>\n\n\n\n<li><strong>El servicio personalizado satisface las necesidades:\u00a0<\/strong>Ofrecemos diversas opciones de personalizaci\u00f3n para la venta al por mayor de bolsas stand-up, y podemos dise\u00f1ar diferentes formas, tama\u00f1os y patrones de impresi\u00f3n seg\u00fan las necesidades del cliente para mejorar la personalizaci\u00f3n de la marca y la competitividad en el mercado.<\/li>\n\n\n\n<li><strong>Admite impresi\u00f3n personalizada a doble cara: <\/strong>Nuestros envases stand-up personalizados para comida de mascotas adoptan la impresi\u00f3n en huecograbado, y el patr\u00f3n de la marca se presenta claramente para ayudar a los clientes a crear un sistema de identificaci\u00f3n visual exclusivo.<\/li>\n<\/ul>\n\n\n\n<div class=\"wp-block-columns is-layout-flex wp-container-core-columns-is-layout-9d6595d7 wp-block-columns-is-layout-flex\">\n<div class=\"wp-block-column is-layout-flow wp-block-column-is-layout-flow\">\n<figure class=\"wp-block-image size-full\"><img decoding=\"async\" width=\"750\" height=\"750\" src=\"https:\/\/www.stanleypackage.com\/wp-content\/uploads\/2025\/09\/Resealable-Stand-Up-Pouch-Wholesale-Packaging-Bag-For-Pet-Food-3.jpg\" alt=\"\" class=\"wp-image-3017\" srcset=\"https:\/\/www.stanleypackage.com\/wp-content\/uploads\/2025\/09\/Resealable-Stand-Up-Pouch-Wholesale-Packaging-Bag-For-Pet-Food-3.jpg 750w, https:\/\/www.stanleypackage.com\/wp-content\/uploads\/2025\/09\/Resealable-Stand-Up-Pouch-Wholesale-Packaging-Bag-For-Pet-Food-3-300x300.jpg 300w, https:\/\/www.stanleypackage.com\/wp-content\/uploads\/2025\/09\/Resealable-Stand-Up-Pouch-Wholesale-Packaging-Bag-For-Pet-Food-3-150x150.jpg 150w, https:\/\/www.stanleypackage.com\/wp-content\/uploads\/2025\/09\/Resealable-Stand-Up-Pouch-Wholesale-Packaging-Bag-For-Pet-Food-3-12x12.jpg 12w, https:\/\/www.stanleypackage.com\/wp-content\/uploads\/2025\/09\/Resealable-Stand-Up-Pouch-Wholesale-Packaging-Bag-For-Pet-Food-3-600x600.jpg 600w, https:\/\/www.stanleypackage.com\/wp-content\/uploads\/2025\/09\/Resealable-Stand-Up-Pouch-Wholesale-Packaging-Bag-For-Pet-Food-3-100x100.jpg 100w\" sizes=\"(max-width: 750px) 100vw, 750px\" \/><\/figure>\n<\/div>\n\n\n\n<div class=\"wp-block-column is-layout-flow wp-block-column-is-layout-flow\">\n<figure class=\"wp-block-image size-full\"><img decoding=\"async\" width=\"750\" height=\"750\" src=\"https:\/\/www.stanleypackage.com\/wp-content\/uploads\/2025\/09\/Resealable-Stand-Up-Pouch-Wholesale-Packaging-Bag-For-Pet-Food-7.jpg\" alt=\"\" class=\"wp-image-3018\" srcset=\"https:\/\/www.stanleypackage.com\/wp-content\/uploads\/2025\/09\/Resealable-Stand-Up-Pouch-Wholesale-Packaging-Bag-For-Pet-Food-7.jpg 750w, https:\/\/www.stanleypackage.com\/wp-content\/uploads\/2025\/09\/Resealable-Stand-Up-Pouch-Wholesale-Packaging-Bag-For-Pet-Food-7-300x300.jpg 300w, https:\/\/www.stanleypackage.com\/wp-content\/uploads\/2025\/09\/Resealable-Stand-Up-Pouch-Wholesale-Packaging-Bag-For-Pet-Food-7-150x150.jpg 150w, https:\/\/www.stanleypackage.com\/wp-content\/uploads\/2025\/09\/Resealable-Stand-Up-Pouch-Wholesale-Packaging-Bag-For-Pet-Food-7-12x12.jpg 12w, https:\/\/www.stanleypackage.com\/wp-content\/uploads\/2025\/09\/Resealable-Stand-Up-Pouch-Wholesale-Packaging-Bag-For-Pet-Food-7-600x600.jpg 600w, https:\/\/www.stanleypackage.com\/wp-content\/uploads\/2025\/09\/Resealable-Stand-Up-Pouch-Wholesale-Packaging-Bag-For-Pet-Food-7-100x100.jpg 100w\" sizes=\"(max-width: 750px) 100vw, 750px\" \/><\/figure>\n<\/div>\n<\/div>\n<\/div>\n<\/div>","protected":false},"excerpt":{"rendered":"<p>Bienvenido a los envases personalizados para comida de mascotas. Esta bolsa de pie personalizada para comida de gato est\u00e1 equipada con una cremallera y un dise\u00f1o de ventana transparente, que es c\u00f3modo de abrir y usar. Admite personalizaci\u00f3n completa.<\/p>\n<table style=\"border-collapse: collapse; width: 365.02pt;\" border=\"0\" width=\"365\" cellspacing=\"0\" cellpadding=\"0\">\n<tbody>\n<tr style=\"height: 16.00pt;\">\n<td class=\"et2\" style=\"height: 16.00pt; width: 97.50pt;\" width=\"97\" height=\"16\">Fabricante<\/td>\n<td class=\"et2\" style=\"width: 267.50pt;\" width=\"267\">Stanley<\/td>\n<\/tr>\n<tr style=\"height: 16.00pt;\">\n<td class=\"et2\" style=\"height: 16.00pt; width: 97.50pt;\" width=\"97\" height=\"16\">Tipos de bolsas<\/td>\n<td class=\"et2\" style=\"width: 267.50pt;\" width=\"267\">Stand Up Pouch, Bolsa con cremallera<\/td>\n<\/tr>\n<tr style=\"height: 16.00pt;\">\n<td class=\"et2\" style=\"height: 16.00pt; width: 97.50pt;\" width=\"97\" height=\"16\">Material<\/td>\n<td class=\"et2\" style=\"width: 267.50pt;\" width=\"267\">PET12\/PE Reforzado 90<\/td>\n<\/tr>\n<tr style=\"height: 16.00pt;\">\n<td class=\"et2\" style=\"height: 16.00pt; width: 97.50pt;\" width=\"97\" height=\"16\">Reportaje especial<\/td>\n<td class=\"et2\" style=\"width: 267.50pt;\" width=\"267\">Relleno superior, dise\u00f1o con apertura de ventana, cremallera<\/td>\n<\/tr>\n<tr style=\"height: 16.00pt;\">\n<td class=\"et2\" style=\"height: 16.00pt; width: 97.50pt;\" width=\"97\" height=\"16\">Manipulaci\u00f3n de superficies<\/td>\n<td class=\"et2\" style=\"width: 267.50pt;\" width=\"267\">Impresi\u00f3n en huecograbado<\/td>\n<\/tr>\n<tr style=\"height: 16.00pt;\">\n<td class=\"et2\" style=\"height: 16.00pt; width: 97.50pt;\" width=\"97\" height=\"16\">Color<\/td>\n<td class=\"et2\" style=\"width: 267.50pt;\" width=\"267\">Impresi\u00f3n a doble cara, hasta 10 colores<\/td>\n<\/tr>\n<tr style=\"height: 16.00pt;\">\n<td class=\"et2\" style=\"height: 16.00pt; width: 97.50pt;\" width=\"97\" height=\"16\">Utilizaci\u00f3n<\/td>\n<td class=\"et2\" style=\"width: 267.50pt;\" width=\"267\">Comida para mascotas, Snack, Pan, Comida seca<\/td>\n<\/tr>\n<tr style=\"height: 16.00pt;\">\n<td class=\"et2\" style=\"height: 16.00pt; width: 97.50pt;\" width=\"97\" height=\"16\">MOQ<\/td>\n<td class=\"et2\" style=\"width: 267.50pt;\" width=\"267\">50.000 unidades<\/td>\n<\/tr>\n<tr style=\"height: 16.00pt;\">\n<td class=\"et2\" style=\"height: 16.00pt; width: 97.50pt;\" width=\"97\" height=\"16\">Pedido a medida<\/td>\n<td class=\"et2\" style=\"width: 267.50pt;\" width=\"267\">Aceptamos OEM, Soporte Muestra gratis<\/td>\n<\/tr>\n<\/tbody>\n<\/table>","protected":false},"featured_media":3019,"comment_status":"closed","ping_status":"closed","template":"","meta":{"_acf_changed":false},"product_brand":[],"product_cat":[30,18],"product_tag":[],"class_list":{"0":"post-3016","1":"product","2":"type-product","3":"status-publish","4":"has-post-thumbnail","6":"product_cat-stand-up-pouch-manufacturer","7":"product_cat-zipper-pouch-manufacturer","8":"pa_food-packaging-pet-food-pouches","10":"first","11":"instock","12":"shipping-taxable","13":"product-type-simple"},"acf":[],"_links":{"self":[{"href":"https:\/\/www.stanleypackage.com\/es\/wp-json\/wp\/v2\/product\/3016","targetHints":{"allow":["GET"]}}],"collection":[{"href":"https:\/\/www.stanleypackage.com\/es\/wp-json\/wp\/v2\/product"}],"about":[{"href":"https:\/\/www.stanleypackage.com\/es\/wp-json\/wp\/v2\/types\/product"}],"replies":[{"embeddable":true,"href":"https:\/\/www.stanleypackage.com\/es\/wp-json\/wp\/v2\/comments?post=3016"}],"wp:featuredmedia":[{"embeddable":true,"href":"https:\/\/www.stanleypackage.com\/es\/wp-json\/wp\/v2\/media\/3019"}],"wp:attachment":[{"href":"https:\/\/www.stanleypackage.com\/es\/wp-json\/wp\/v2\/media?parent=3016"}],"wp:term":[{"taxonomy":"product_brand","embeddable":true,"href":"https:\/\/www.stanleypackage.com\/es\/wp-json\/wp\/v2\/product_brand?post=3016"},{"taxonomy":"product_cat","embeddable":true,"href":"https:\/\/www.stanleypackage.com\/es\/wp-json\/wp\/v2\/product_cat?post=3016"},{"taxonomy":"product_tag","embeddable":true,"href":"https:\/\/www.stanleypackage.com\/es\/wp-json\/wp\/v2\/product_tag?post=3016"}],"curies":[{"name":"wp","href":"https:\/\/api.w.org\/{rel}","templated":true}]}}