{"id":3024,"date":"2025-09-11T03:00:13","date_gmt":"2025-09-11T03:00:13","guid":{"rendered":"https:\/\/www.stanleypackage.com\/?post_type=product&#038;p=3024"},"modified":"2025-09-19T07:59:46","modified_gmt":"2025-09-19T07:59:46","slug":"customized-fruit-purees-spout-pouch-packaging","status":"publish","type":"product","link":"https:\/\/www.stanleypackage.com\/es\/product\/customized-fruit-purees-spout-pouch-packaging\/","title":{"rendered":"Pur\u00e9s de frutas personalizados Envasado en bolsa con boquilla antiahogo"},"content":{"rendered":"<div class=\"wp-block-columns is-layout-flex wp-container-core-columns-is-layout-9d6595d7 wp-block-columns-is-layout-flex\">\n<div class=\"wp-block-column is-layout-flow wp-block-column-is-layout-flow\">\n<h2 class=\"wp-block-heading\">Caracter\u00edsticas de los envases de bolsa con boquilla para pur\u00e9s de frutas personalizados<\/h2>\n\n\n\n<ul class=\"wp-block-list\">\n<li><strong>Tapones infantiles anti-tragones para mayor seguridad: <\/strong>Estos envases de bolsa con boquilla para pur\u00e9s de fruta personalizados con tapones antitraga para beb\u00e9s y ni\u00f1os peque\u00f1os reducen eficazmente el riesgo de ingesti\u00f3n accidental y mejoran el nivel de seguridad de los envases.<\/li>\n\n\n\n<li><strong>Dise\u00f1o lateral en 3D: <\/strong>Esta bolsa exprimible con boquilla personalizada presenta un exclusivo dise\u00f1o lateral en 3D, que no s\u00f3lo realza la dimensionalidad del envase, sino que tambi\u00e9n mejora su atractivo est\u00e9tico y su novedad.<\/li>\n\n\n\n<li><strong>L\u00e1mina impresa mate, de textura delicada y de alta gama: <\/strong>Nuestra pel\u00edcula mate exterior para envasado de pur\u00e9s de frutas a medida permite una impresi\u00f3n de alta calidad, una visi\u00f3n m\u00e1s suave y una sensaci\u00f3n m\u00e1s c\u00f3moda, lo que mejora la imagen de gama alta de la marca.<\/li>\n\n\n\n<li><strong>Bolsa blanda, f\u00e1cil de usar para los ni\u00f1os:<\/strong> La estructura de esta bolsa de bebida personalizada es adecuada para que las manos peque\u00f1as la agarren y succionen con facilidad, lo que resulta c\u00f3modo para que los beb\u00e9s y ni\u00f1os peque\u00f1os coman de forma independiente.<\/li>\n\n\n\n<li><strong>Adecuado para pur\u00e9s, bebidas gelatinosas y muchos otros productos:<\/strong> Estos envases de bolsa con boquilla personalizados para pur\u00e9s de frutas son adecuados para pur\u00e9s infantiles, bebidas gelatinosas para ni\u00f1os, salsas de frutas y verduras y otros alimentos fluidos o semifluidos, ampliamente utilizados en el mercado de alimentos para madres y beb\u00e9s y alimentos saludables.<\/li>\n\n\n\n<li><strong>Admite personalizaci\u00f3n de tama\u00f1o e impresi\u00f3n:\u00a0<\/strong>Nuestra bolsa exprimible con boquilla puede personalizarse en tama\u00f1o, patr\u00f3n de impresi\u00f3n y detalles del tipo de bolsa seg\u00fan los requisitos del producto para crear una soluci\u00f3n de envasado \u00fanica para la marca.<\/li>\n<\/ul>\n\n\n\n<div class=\"wp-block-columns is-layout-flex wp-container-core-columns-is-layout-9d6595d7 wp-block-columns-is-layout-flex\">\n<div class=\"wp-block-column is-layout-flow wp-block-column-is-layout-flow\">\n<figure class=\"wp-block-image size-full\"><img decoding=\"async\" width=\"750\" height=\"750\" src=\"https:\/\/www.stanleypackage.com\/wp-content\/uploads\/2025\/09\/Customized-Stand-Up-Squeeze-Pouches-Wholesale-Packaging-Bag-For-Drink-2.jpg\" alt=\"\" class=\"wp-image-3025\" srcset=\"https:\/\/www.stanleypackage.com\/wp-content\/uploads\/2025\/09\/Customized-Stand-Up-Squeeze-Pouches-Wholesale-Packaging-Bag-For-Drink-2.jpg 750w, https:\/\/www.stanleypackage.com\/wp-content\/uploads\/2025\/09\/Customized-Stand-Up-Squeeze-Pouches-Wholesale-Packaging-Bag-For-Drink-2-300x300.jpg 300w, https:\/\/www.stanleypackage.com\/wp-content\/uploads\/2025\/09\/Customized-Stand-Up-Squeeze-Pouches-Wholesale-Packaging-Bag-For-Drink-2-150x150.jpg 150w, https:\/\/www.stanleypackage.com\/wp-content\/uploads\/2025\/09\/Customized-Stand-Up-Squeeze-Pouches-Wholesale-Packaging-Bag-For-Drink-2-12x12.jpg 12w, https:\/\/www.stanleypackage.com\/wp-content\/uploads\/2025\/09\/Customized-Stand-Up-Squeeze-Pouches-Wholesale-Packaging-Bag-For-Drink-2-600x600.jpg 600w, https:\/\/www.stanleypackage.com\/wp-content\/uploads\/2025\/09\/Customized-Stand-Up-Squeeze-Pouches-Wholesale-Packaging-Bag-For-Drink-2-100x100.jpg 100w\" sizes=\"(max-width: 750px) 100vw, 750px\" \/><\/figure>\n<\/div>\n\n\n\n<div class=\"wp-block-column is-layout-flow wp-block-column-is-layout-flow\">\n<figure class=\"wp-block-image size-full\"><img decoding=\"async\" width=\"750\" height=\"750\" src=\"https:\/\/www.stanleypackage.com\/wp-content\/uploads\/2025\/09\/Customized-Stand-Up-Squeeze-Pouches-Wholesale-Packaging-Bag-For-Drink-6.jpg\" alt=\"\" class=\"wp-image-3026\" srcset=\"https:\/\/www.stanleypackage.com\/wp-content\/uploads\/2025\/09\/Customized-Stand-Up-Squeeze-Pouches-Wholesale-Packaging-Bag-For-Drink-6.jpg 750w, https:\/\/www.stanleypackage.com\/wp-content\/uploads\/2025\/09\/Customized-Stand-Up-Squeeze-Pouches-Wholesale-Packaging-Bag-For-Drink-6-300x300.jpg 300w, https:\/\/www.stanleypackage.com\/wp-content\/uploads\/2025\/09\/Customized-Stand-Up-Squeeze-Pouches-Wholesale-Packaging-Bag-For-Drink-6-150x150.jpg 150w, https:\/\/www.stanleypackage.com\/wp-content\/uploads\/2025\/09\/Customized-Stand-Up-Squeeze-Pouches-Wholesale-Packaging-Bag-For-Drink-6-12x12.jpg 12w, https:\/\/www.stanleypackage.com\/wp-content\/uploads\/2025\/09\/Customized-Stand-Up-Squeeze-Pouches-Wholesale-Packaging-Bag-For-Drink-6-600x600.jpg 600w, https:\/\/www.stanleypackage.com\/wp-content\/uploads\/2025\/09\/Customized-Stand-Up-Squeeze-Pouches-Wholesale-Packaging-Bag-For-Drink-6-100x100.jpg 100w\" sizes=\"(max-width: 750px) 100vw, 750px\" \/><\/figure>\n<\/div>\n<\/div>\n<\/div>\n<\/div>","protected":false},"excerpt":{"rendered":"<p>Bienvenido a la bolsa exprimible con boquilla personalizada. Este envase personalizado de bolsa con boquilla para pur\u00e9s de frutas est\u00e1 dise\u00f1ado con un tap\u00f3n para sorber anti-tragones, lo que reduce el riesgo de ingesti\u00f3n accidental y mejora el nivel de seguridad del envase.<\/p>\n<table style=\"border-collapse: collapse; width: 365.02pt;\" border=\"0\" width=\"365\" cellspacing=\"0\" cellpadding=\"0\">\n<tbody>\n<tr style=\"height: 16.00pt;\">\n<td class=\"et2\" style=\"height: 16.00pt; width: 97.50pt;\" width=\"97\" height=\"16\">Fabricante<\/td>\n<td class=\"et2\" style=\"width: 267.50pt;\" width=\"267\">Stanley<\/td>\n<\/tr>\n<tr style=\"height: 16.00pt;\">\n<td class=\"et2\" style=\"height: 16.00pt; width: 97.50pt;\" width=\"97\" height=\"16\">Tipos de bolsas<\/td>\n<td class=\"et3\">Bolsa exprimible, bolsa con boquilla, bolsa de fondo plano<\/td>\n<\/tr>\n<tr style=\"height: 16.00pt;\">\n<td class=\"et2\" style=\"height: 16.00pt; width: 97.50pt;\" width=\"97\" height=\"16\">Material<\/td>\n<td class=\"et2\" style=\"width: 267.50pt;\" width=\"267\">BOPP28\/VMPET12\/PE95<\/td>\n<\/tr>\n<tr style=\"height: 16.00pt;\">\n<td class=\"et2\" style=\"height: 16.00pt; width: 97.50pt;\" width=\"97\" height=\"16\">Reportaje especial<\/td>\n<td class=\"et2\" style=\"width: 267.50pt;\" width=\"267\">Ca\u00f1o, tapa antiahogo, fondo vertical<\/td>\n<\/tr>\n<tr style=\"height: 16.00pt;\">\n<td class=\"et2\" style=\"height: 16.00pt; width: 97.50pt;\" width=\"97\" height=\"16\">Manipulaci\u00f3n de superficies<\/td>\n<td class=\"et2\" style=\"width: 267.50pt;\" width=\"267\">Impresi\u00f3n en huecograbado<\/td>\n<\/tr>\n<tr style=\"height: 16.00pt;\">\n<td class=\"et2\" style=\"height: 16.00pt; width: 97.50pt;\" width=\"97\" height=\"16\">Color<\/td>\n<td class=\"et2\" style=\"width: 267.50pt;\" width=\"267\">Impresi\u00f3n a doble cara, hasta 10 colores<\/td>\n<\/tr>\n<tr style=\"height: 16.00pt;\">\n<td class=\"et2\" style=\"height: 16.00pt; width: 97.50pt;\" width=\"97\" height=\"16\">Utilizaci\u00f3n<\/td>\n<td class=\"et2\" style=\"width: 267.50pt;\" width=\"267\">Pur\u00e9s de frutas, Bebidas, Bebidas gelatinosas, Pur\u00e9s para beb\u00e9s<\/td>\n<\/tr>\n<tr style=\"height: 16.00pt;\">\n<td class=\"et2\" style=\"height: 16.00pt; width: 97.50pt;\" width=\"97\" height=\"16\">MOQ<\/td>\n<td class=\"et2\" style=\"width: 267.50pt;\" width=\"267\">50.000 unidades<\/td>\n<\/tr>\n<tr style=\"height: 16.00pt;\">\n<td class=\"et2\" style=\"height: 16.00pt; width: 97.50pt;\" width=\"97\" height=\"16\">Pedido a medida<\/td>\n<td class=\"et2\" style=\"width: 267.50pt;\" width=\"267\">Aceptamos OEM, Soporte Muestra gratis<\/td>\n<\/tr>\n<\/tbody>\n<\/table>","protected":false},"featured_media":3027,"comment_status":"closed","ping_status":"closed","template":"","meta":{"_acf_changed":false},"product_brand":[],"product_cat":[61,32,24],"product_tag":[],"class_list":{"0":"post-3024","1":"product","2":"type-product","3":"status-publish","4":"has-post-thumbnail","6":"product_cat-squeeze-pouch-manufacturer","7":"product_cat-spout-pouch-manufacturer","8":"product_cat-flat-bottom-pouch-manufacturer","9":"pa_food-packaging-baby-food-packaging","10":"pa_food-packaging-drink-beverage-pouch","12":"first","13":"instock","14":"shipping-taxable","15":"product-type-simple"},"acf":[],"_links":{"self":[{"href":"https:\/\/www.stanleypackage.com\/es\/wp-json\/wp\/v2\/product\/3024","targetHints":{"allow":["GET"]}}],"collection":[{"href":"https:\/\/www.stanleypackage.com\/es\/wp-json\/wp\/v2\/product"}],"about":[{"href":"https:\/\/www.stanleypackage.com\/es\/wp-json\/wp\/v2\/types\/product"}],"replies":[{"embeddable":true,"href":"https:\/\/www.stanleypackage.com\/es\/wp-json\/wp\/v2\/comments?post=3024"}],"wp:featuredmedia":[{"embeddable":true,"href":"https:\/\/www.stanleypackage.com\/es\/wp-json\/wp\/v2\/media\/3027"}],"wp:attachment":[{"href":"https:\/\/www.stanleypackage.com\/es\/wp-json\/wp\/v2\/media?parent=3024"}],"wp:term":[{"taxonomy":"product_brand","embeddable":true,"href":"https:\/\/www.stanleypackage.com\/es\/wp-json\/wp\/v2\/product_brand?post=3024"},{"taxonomy":"product_cat","embeddable":true,"href":"https:\/\/www.stanleypackage.com\/es\/wp-json\/wp\/v2\/product_cat?post=3024"},{"taxonomy":"product_tag","embeddable":true,"href":"https:\/\/www.stanleypackage.com\/es\/wp-json\/wp\/v2\/product_tag?post=3024"}],"curies":[{"name":"wp","href":"https:\/\/api.w.org\/{rel}","templated":true}]}}