{"id":3035,"date":"2025-09-11T02:42:36","date_gmt":"2025-09-11T02:42:36","guid":{"rendered":"https:\/\/www.stanleypackage.com\/?post_type=product&#038;p=3035"},"modified":"2025-09-11T02:43:01","modified_gmt":"2025-09-11T02:43:01","slug":"custom-printed-food-packaging-bags","status":"publish","type":"product","link":"https:\/\/www.stanleypackage.com\/es\/product\/custom-printed-food-packaging-bags\/","title":{"rendered":"Bolsas impresas a medida para comprimidos efervescentes"},"content":{"rendered":"<div class=\"wp-block-columns is-layout-flex wp-container-core-columns-is-layout-9d6595d7 wp-block-columns-is-layout-flex\">\n<div class=\"wp-block-column is-layout-flow wp-block-column-is-layout-flow\">\n<h2 class=\"wp-block-heading\">Caracter\u00edsticas de las bolsas personalizadas para envasado de alimentos<\/h2>\n\n\n\n<ul class=\"wp-block-list\">\n<li><strong>Dise\u00f1o con cremallera, excelente sellado:<\/strong> El dise\u00f1o con cremallera de nuestras bolsas impresas personalizadas para envasado de alimentos garantiza un cierre herm\u00e9tico, bloqueando eficazmente el aire y la humedad.<\/li>\n\n\n\n<li><strong>Material compuesto de alta barrera: <\/strong>Estas bolsas personalizadas para el envasado de comprimidos efervescentes est\u00e1n fabricadas con un material compuesto PET12\/AL7\/PE100 mate, que ofrece una excelente resistencia a la humedad y a la oxidaci\u00f3n, adem\u00e1s de ser resistente al desgarro y al aplastamiento.<\/li>\n\n\n\n<li><strong>Dise\u00f1o f\u00e1cil de rasgar: <\/strong>Estas bolsas impresas personalizadas para envasado de alimentos presentan un dise\u00f1o de muesca f\u00e1cil de rasgar, que permite abrirlas f\u00e1cilmente sin tijeras ni cuchillos, mejorando la experiencia y la comodidad del usuario.<\/li>\n\n\n\n<li><strong>Dise\u00f1o de forma \u00fanica:\u00a0<\/strong>Estas bolsas de envasado de comprimidos efervescentes est\u00e1n dotadas de una forma \u00fanica para que el reconocimiento del producto est\u00e9 garantizado y las marcas se hagan populares en el lineal.<\/li>\n\n\n\n<li><strong>Personalizaci\u00f3n flexible: <\/strong>Nuestras bolsas impresas personalizadas para envasado de alimentos ofrecen amplias opciones de personalizaci\u00f3n en cuanto a tama\u00f1o de la bolsa, capacidad, gr\u00e1ficos e impresi\u00f3n, satisfaciendo las necesidades de envasado de diversas marcas y productos.<\/li>\n<\/ul>\n\n\n\n<div class=\"wp-block-columns is-layout-flex wp-container-core-columns-is-layout-9d6595d7 wp-block-columns-is-layout-flex\">\n<div class=\"wp-block-column is-layout-flow wp-block-column-is-layout-flow\">\n<figure class=\"wp-block-image size-full\"><img decoding=\"async\" width=\"750\" height=\"750\" src=\"https:\/\/www.stanleypackage.com\/wp-content\/uploads\/2025\/09\/Special-Shape-Custom-Packaging-Bags-Bulk-Candy-Pouches-With-Zipper.jpg\" alt=\"\" class=\"wp-image-3036\" srcset=\"https:\/\/www.stanleypackage.com\/wp-content\/uploads\/2025\/09\/Special-Shape-Custom-Packaging-Bags-Bulk-Candy-Pouches-With-Zipper.jpg 750w, https:\/\/www.stanleypackage.com\/wp-content\/uploads\/2025\/09\/Special-Shape-Custom-Packaging-Bags-Bulk-Candy-Pouches-With-Zipper-300x300.jpg 300w, https:\/\/www.stanleypackage.com\/wp-content\/uploads\/2025\/09\/Special-Shape-Custom-Packaging-Bags-Bulk-Candy-Pouches-With-Zipper-150x150.jpg 150w, https:\/\/www.stanleypackage.com\/wp-content\/uploads\/2025\/09\/Special-Shape-Custom-Packaging-Bags-Bulk-Candy-Pouches-With-Zipper-12x12.jpg 12w, https:\/\/www.stanleypackage.com\/wp-content\/uploads\/2025\/09\/Special-Shape-Custom-Packaging-Bags-Bulk-Candy-Pouches-With-Zipper-600x600.jpg 600w, https:\/\/www.stanleypackage.com\/wp-content\/uploads\/2025\/09\/Special-Shape-Custom-Packaging-Bags-Bulk-Candy-Pouches-With-Zipper-100x100.jpg 100w\" sizes=\"(max-width: 750px) 100vw, 750px\" \/><\/figure>\n<\/div>\n\n\n\n<div class=\"wp-block-column is-layout-flow wp-block-column-is-layout-flow\">\n<figure class=\"wp-block-image size-full\"><img decoding=\"async\" width=\"750\" height=\"750\" src=\"https:\/\/www.stanleypackage.com\/wp-content\/uploads\/2025\/09\/Special-Shape-Custom-Packaging-Bags-Bulk-Candy-Pouches-With-Zipper-3.jpg\" alt=\"\" class=\"wp-image-3037\" srcset=\"https:\/\/www.stanleypackage.com\/wp-content\/uploads\/2025\/09\/Special-Shape-Custom-Packaging-Bags-Bulk-Candy-Pouches-With-Zipper-3.jpg 750w, https:\/\/www.stanleypackage.com\/wp-content\/uploads\/2025\/09\/Special-Shape-Custom-Packaging-Bags-Bulk-Candy-Pouches-With-Zipper-3-300x300.jpg 300w, https:\/\/www.stanleypackage.com\/wp-content\/uploads\/2025\/09\/Special-Shape-Custom-Packaging-Bags-Bulk-Candy-Pouches-With-Zipper-3-150x150.jpg 150w, https:\/\/www.stanleypackage.com\/wp-content\/uploads\/2025\/09\/Special-Shape-Custom-Packaging-Bags-Bulk-Candy-Pouches-With-Zipper-3-12x12.jpg 12w, https:\/\/www.stanleypackage.com\/wp-content\/uploads\/2025\/09\/Special-Shape-Custom-Packaging-Bags-Bulk-Candy-Pouches-With-Zipper-3-600x600.jpg 600w, https:\/\/www.stanleypackage.com\/wp-content\/uploads\/2025\/09\/Special-Shape-Custom-Packaging-Bags-Bulk-Candy-Pouches-With-Zipper-3-100x100.jpg 100w\" sizes=\"(max-width: 750px) 100vw, 750px\" \/><\/figure>\n<\/div>\n<\/div>\n<\/div>\n<\/div>\n\n\n\n<p><\/p>","protected":false},"excerpt":{"rendered":"<p>Bienvenido al pedido de bolsas impresas personalizadas para envasado de alimentos. Estas bolsas de alta barrera para comprimidos efervescentes presentan un dise\u00f1o con cremallera y una muesca f\u00e1cil de rasgar. Fabricadas en material PET12\/AL7\/PE100 mate, con impresi\u00f3n personalizada.<\/p>\n<table style=\"border-collapse: collapse; width: 312.77pt;\" border=\"0\" width=\"417\" cellspacing=\"0\" cellpadding=\"0\">\n<tbody>\n<tr style=\"height: 12.75pt;\">\n<td class=\"et2\" style=\"height: 12.75pt; width: 91.40pt;\" width=\"121\" height=\"17\">Fabricante<\/td>\n<td class=\"et2\" style=\"width: 222.00pt;\" width=\"296\">Stanley<\/td>\n<\/tr>\n<tr style=\"height: 12.75pt;\">\n<td class=\"et2\" style=\"height: 12.75pt; width: 91.40pt;\" width=\"121\" height=\"17\">Tipos de bolsas<\/td>\n<td class=\"et3\">Bolsa sellada por tres lados, bolsa con forma, bolsa con cremallera<\/td>\n<\/tr>\n<tr style=\"height: 12.75pt;\">\n<td class=\"et2\" style=\"height: 12.75pt; width: 91.40pt;\" width=\"121\" height=\"17\">Material<\/td>\n<td class=\"et2\" style=\"width: 222.00pt;\" width=\"296\">PET12\/AL7\/PE100<\/td>\n<\/tr>\n<tr style=\"height: 25.50pt;\">\n<td class=\"et2\" style=\"height: 25.50pt; width: 91.40pt;\" width=\"121\" height=\"34\">Reportaje especial<\/td>\n<td class=\"et2\" style=\"width: 222.00pt;\" width=\"296\">Alta barrera, muesca f\u00e1cil de rasgar, dise\u00f1o de cremallera, forma especial<\/td>\n<\/tr>\n<tr style=\"height: 12.75pt;\">\n<td class=\"et2\" style=\"height: 12.75pt; width: 91.40pt;\" width=\"121\" height=\"17\">Manipulaci\u00f3n de superficies<\/td>\n<td class=\"et2\" style=\"width: 222.00pt;\" width=\"296\">Impresi\u00f3n en huecograbado<\/td>\n<\/tr>\n<tr style=\"height: 12.75pt;\">\n<td class=\"et2\" style=\"height: 12.75pt; width: 91.40pt;\" width=\"121\" height=\"17\">Color<\/td>\n<td class=\"et2\" style=\"width: 222.00pt;\" width=\"296\">Hasta 10 colores<\/td>\n<\/tr>\n<tr style=\"height: 12.75pt;\">\n<td class=\"et2\" style=\"height: 12.75pt; width: 91.40pt;\" width=\"121\" height=\"17\">Utilizaci\u00f3n<\/td>\n<td class=\"et3\">Caramelos, Vitaminas<\/td>\n<\/tr>\n<tr style=\"height: 12.75pt;\">\n<td class=\"et2\" style=\"height: 12.75pt; width: 91.40pt;\" width=\"121\" height=\"17\">MOQ<\/td>\n<td class=\"et2\" style=\"width: 222.00pt;\" width=\"296\">50.000 unidades<\/td>\n<\/tr>\n<tr style=\"height: 12.75pt;\">\n<td class=\"et2\" style=\"height: 12.75pt; width: 91.40pt;\" width=\"121\" height=\"17\">Pedido a medida<\/td>\n<td class=\"et2\" style=\"width: 222.00pt;\" width=\"296\">Aceptamos OEM, Soporte Muestra gratis<\/td>\n<\/tr>\n<\/tbody>\n<\/table>\n<p>&nbsp;<\/p>","protected":false},"featured_media":3038,"comment_status":"closed","ping_status":"closed","template":"","meta":{"_acf_changed":false},"product_brand":[],"product_cat":[28,31,22,18],"product_tag":[],"class_list":{"0":"post-3035","1":"product","2":"type-product","3":"status-publish","4":"has-post-thumbnail","6":"product_cat-three-side-seal-pouch-manufacturer","7":"product_cat-lay-flat-pouch-manufacturer","8":"product_cat-shaped-pouches-factory","9":"product_cat-zipper-pouch-manufacturer","11":"first","12":"instock","13":"shipping-taxable","14":"product-type-simple"},"acf":[],"_links":{"self":[{"href":"https:\/\/www.stanleypackage.com\/es\/wp-json\/wp\/v2\/product\/3035","targetHints":{"allow":["GET"]}}],"collection":[{"href":"https:\/\/www.stanleypackage.com\/es\/wp-json\/wp\/v2\/product"}],"about":[{"href":"https:\/\/www.stanleypackage.com\/es\/wp-json\/wp\/v2\/types\/product"}],"replies":[{"embeddable":true,"href":"https:\/\/www.stanleypackage.com\/es\/wp-json\/wp\/v2\/comments?post=3035"}],"wp:featuredmedia":[{"embeddable":true,"href":"https:\/\/www.stanleypackage.com\/es\/wp-json\/wp\/v2\/media\/3038"}],"wp:attachment":[{"href":"https:\/\/www.stanleypackage.com\/es\/wp-json\/wp\/v2\/media?parent=3035"}],"wp:term":[{"taxonomy":"product_brand","embeddable":true,"href":"https:\/\/www.stanleypackage.com\/es\/wp-json\/wp\/v2\/product_brand?post=3035"},{"taxonomy":"product_cat","embeddable":true,"href":"https:\/\/www.stanleypackage.com\/es\/wp-json\/wp\/v2\/product_cat?post=3035"},{"taxonomy":"product_tag","embeddable":true,"href":"https:\/\/www.stanleypackage.com\/es\/wp-json\/wp\/v2\/product_tag?post=3035"}],"curies":[{"name":"wp","href":"https:\/\/api.w.org\/{rel}","templated":true}]}}