{"id":3040,"date":"2025-09-09T07:50:35","date_gmt":"2025-09-09T07:50:35","guid":{"rendered":"https:\/\/www.stanleypackage.com\/?post_type=product&#038;p=3040"},"modified":"2025-09-09T07:50:58","modified_gmt":"2025-09-09T07:50:58","slug":"custom-shaped-spout-pouches","status":"publish","type":"product","link":"https:\/\/www.stanleypackage.com\/es\/product\/custom-shaped-spout-pouches\/","title":{"rendered":"Bolsas con pico con forma personalizada, Envasado de bolsas irregulares para salsas"},"content":{"rendered":"<div class=\"wp-block-columns is-layout-flex wp-container-core-columns-is-layout-9d6595d7 wp-block-columns-is-layout-flex\">\n<div class=\"wp-block-column is-layout-flow wp-block-column-is-layout-flow\">\n<h2 class=\"wp-block-heading\">Caracter\u00edsticas de las bolsas de ca\u00f1o con forma personalizada<\/h2>\n\n\n\n<ul class=\"wp-block-list\">\n<li><strong>Dise\u00f1o de forma irregular: <\/strong>Estas bolsas con pico personalizadas est\u00e1n dotadas de una forma \u00fanica para que el reconocimiento del producto est\u00e9 garantizado y las marcas se hagan populares en el lineal.<\/li>\n\n\n\n<li><strong>Estructura de ca\u00f1o para facilitar el vertido: <\/strong>Este envase personalizado en bolsa para salsas est\u00e1 dise\u00f1ado espec\u00edficamente con una boquilla giratoria, lo que facilita a los clientes el control preciso de la cantidad de uso y de los condimentos utilizados.<\/li>\n\n\n\n<li><strong>Fondo de pie, exposici\u00f3n estable: <\/strong>El dise\u00f1o de la estructura de pie de nuestras bolsas de pico con forma personalizada hace que el envase sea m\u00e1s estable y adecuado para su exposici\u00f3n en estanter\u00edas o mostradores.<\/li>\n\n\n\n<li><strong>Impresi\u00f3n a doble cara de alta calidad: <\/strong>Nuestros envases personalizados para salsas ofrecen dise\u00f1os personalizados a doble cara con colores vivos y n\u00edtidos para mostrar plenamente la visi\u00f3n de la marca.<\/li>\n\n\n\n<li><strong>Estructura de material de barrera multicapa:<\/strong> Estas bolsas con boquilla de forma personalizada utilizan una combinaci\u00f3n de materiales PET12\/AL7\/BOPA15\/RCPP70 para aislar eficazmente la humedad y el aire y mantener la frescura del producto.<\/li>\n\n\n\n<li><strong>Adecuado para una gran variedad de alimentos: <\/strong>Este dise\u00f1o personalizado de bolsa para salsa se utiliza ampliamente en sal, chile en polvo, esencia de pollo, gelatina y otros alimentos para satisfacer diversas necesidades de envasado.<\/li>\n<\/ul>\n\n\n\n<div class=\"wp-block-columns is-layout-flex wp-container-core-columns-is-layout-9d6595d7 wp-block-columns-is-layout-flex\">\n<div class=\"wp-block-column is-layout-flow wp-block-column-is-layout-flow\">\n<figure class=\"wp-block-image size-full\"><img decoding=\"async\" width=\"750\" height=\"750\" src=\"https:\/\/www.stanleypackage.com\/wp-content\/uploads\/2025\/09\/Irregular-Shape-Custom-Spout-Pouches-For-Condiments-2.jpg\" alt=\"\" class=\"wp-image-3041\" srcset=\"https:\/\/www.stanleypackage.com\/wp-content\/uploads\/2025\/09\/Irregular-Shape-Custom-Spout-Pouches-For-Condiments-2.jpg 750w, https:\/\/www.stanleypackage.com\/wp-content\/uploads\/2025\/09\/Irregular-Shape-Custom-Spout-Pouches-For-Condiments-2-300x300.jpg 300w, https:\/\/www.stanleypackage.com\/wp-content\/uploads\/2025\/09\/Irregular-Shape-Custom-Spout-Pouches-For-Condiments-2-150x150.jpg 150w, https:\/\/www.stanleypackage.com\/wp-content\/uploads\/2025\/09\/Irregular-Shape-Custom-Spout-Pouches-For-Condiments-2-12x12.jpg 12w, https:\/\/www.stanleypackage.com\/wp-content\/uploads\/2025\/09\/Irregular-Shape-Custom-Spout-Pouches-For-Condiments-2-600x600.jpg 600w, https:\/\/www.stanleypackage.com\/wp-content\/uploads\/2025\/09\/Irregular-Shape-Custom-Spout-Pouches-For-Condiments-2-100x100.jpg 100w\" sizes=\"(max-width: 750px) 100vw, 750px\" \/><\/figure>\n<\/div>\n\n\n\n<div class=\"wp-block-column is-layout-flow wp-block-column-is-layout-flow\">\n<figure class=\"wp-block-image size-full\"><img decoding=\"async\" width=\"750\" height=\"750\" src=\"https:\/\/www.stanleypackage.com\/wp-content\/uploads\/2025\/09\/Irregular-Shape-Custom-Spout-Pouches-For-Condiments-6.jpg\" alt=\"\" class=\"wp-image-3042\" srcset=\"https:\/\/www.stanleypackage.com\/wp-content\/uploads\/2025\/09\/Irregular-Shape-Custom-Spout-Pouches-For-Condiments-6.jpg 750w, https:\/\/www.stanleypackage.com\/wp-content\/uploads\/2025\/09\/Irregular-Shape-Custom-Spout-Pouches-For-Condiments-6-300x300.jpg 300w, https:\/\/www.stanleypackage.com\/wp-content\/uploads\/2025\/09\/Irregular-Shape-Custom-Spout-Pouches-For-Condiments-6-150x150.jpg 150w, https:\/\/www.stanleypackage.com\/wp-content\/uploads\/2025\/09\/Irregular-Shape-Custom-Spout-Pouches-For-Condiments-6-12x12.jpg 12w, https:\/\/www.stanleypackage.com\/wp-content\/uploads\/2025\/09\/Irregular-Shape-Custom-Spout-Pouches-For-Condiments-6-600x600.jpg 600w, https:\/\/www.stanleypackage.com\/wp-content\/uploads\/2025\/09\/Irregular-Shape-Custom-Spout-Pouches-For-Condiments-6-100x100.jpg 100w\" sizes=\"(max-width: 750px) 100vw, 750px\" \/><\/figure>\n<\/div>\n<\/div>\n<\/div>\n<\/div>","protected":false},"excerpt":{"rendered":"<p>Le invitamos a encargar bolsas con pico con forma personalizada. Esta bolsa de salsa al por mayor con una caracter\u00edstica autoportante est\u00e1 hecha de material de m\u00faltiples capas de alta barrera, que es muy adecuado para el envasado de diversos alimentos, tales como salsa de tomate, mostaza, salsa de chile, salsa barbacoa, etc.<\/p>\n<table style=\"border-collapse: collapse; width: 365.02pt;\" border=\"0\" width=\"365\" cellspacing=\"0\" cellpadding=\"0\">\n<tbody>\n<tr style=\"height: 16.00pt;\">\n<td class=\"et2\" style=\"height: 16.00pt; width: 97.50pt;\" width=\"97\" height=\"16\">Fabricante<\/td>\n<td class=\"et2\" style=\"width: 267.50pt;\" width=\"267\">Stanley<\/td>\n<\/tr>\n<tr style=\"height: 16.00pt;\">\n<td class=\"et2\" style=\"height: 16.00pt; width: 97.50pt;\" width=\"97\" height=\"16\">Tipos de bolsas<\/td>\n<td class=\"et2\" style=\"width: 267.50pt;\" width=\"267\">Bolsa de ca\u00f1o, Bolsa de pie, Bolsa irregular<\/td>\n<\/tr>\n<tr style=\"height: 16.00pt;\">\n<td class=\"et2\" style=\"height: 16.00pt; width: 97.50pt;\" width=\"97\" height=\"16\">Material<\/td>\n<td class=\"et2\" style=\"width: 267.50pt;\" width=\"267\">PET12\/AL7\/BOPA15\/RCPP70<\/td>\n<\/tr>\n<tr style=\"height: 16.00pt;\">\n<td class=\"et2\" style=\"height: 16.00pt; width: 97.50pt;\" width=\"97\" height=\"16\">Reportaje especial<\/td>\n<td class=\"et2\" style=\"width: 267.50pt;\" width=\"267\">Boquilla, fondo vertical, bolsa irregular<\/td>\n<\/tr>\n<tr style=\"height: 16.00pt;\">\n<td class=\"et2\" style=\"height: 16.00pt; width: 97.50pt;\" width=\"97\" height=\"16\">Manipulaci\u00f3n de superficies<\/td>\n<td class=\"et2\" style=\"width: 267.50pt;\" width=\"267\">Impresi\u00f3n en huecograbado<\/td>\n<\/tr>\n<tr style=\"height: 16.00pt;\">\n<td class=\"et2\" style=\"height: 16.00pt; width: 97.50pt;\" width=\"97\" height=\"16\">Color<\/td>\n<td class=\"et2\" style=\"width: 267.50pt;\" width=\"267\">Impresi\u00f3n a doble cara, hasta 10 colores<\/td>\n<\/tr>\n<tr style=\"height: 16.00pt;\">\n<td class=\"et2\" style=\"height: 16.00pt; width: 97.50pt;\" width=\"97\" height=\"16\">Utilizaci\u00f3n<\/td>\n<td class=\"et2\" style=\"width: 267.50pt;\" width=\"267\">Ketchup, mostaza, salsa barbacoa<\/td>\n<\/tr>\n<tr style=\"height: 16.00pt;\">\n<td class=\"et2\" style=\"height: 16.00pt; width: 97.50pt;\" width=\"97\" height=\"16\">MOQ<\/td>\n<td class=\"et2\" style=\"width: 267.50pt;\" width=\"267\">50.000 unidades<\/td>\n<\/tr>\n<tr style=\"height: 16.00pt;\">\n<td class=\"et2\" style=\"height: 16.00pt; width: 97.50pt;\" width=\"97\" height=\"16\">Pedido a medida<\/td>\n<td class=\"et2\" style=\"width: 267.50pt;\" width=\"267\">Aceptamos OEM, Soporte Muestra gratis<\/td>\n<\/tr>\n<\/tbody>\n<\/table>","protected":false},"featured_media":3043,"comment_status":"closed","ping_status":"closed","template":"","meta":{"_acf_changed":false},"product_brand":[],"product_cat":[32,61,30,22],"product_tag":[],"class_list":{"0":"post-3040","1":"product","2":"type-product","3":"status-publish","4":"has-post-thumbnail","6":"product_cat-spout-pouch-manufacturer","7":"product_cat-squeeze-pouch-manufacturer","8":"product_cat-stand-up-pouch-manufacturer","9":"product_cat-shaped-pouches-factory","10":"pa_food-packaging-sauce-condiment-pouches","12":"first","13":"instock","14":"shipping-taxable","15":"product-type-simple"},"acf":[],"_links":{"self":[{"href":"https:\/\/www.stanleypackage.com\/es\/wp-json\/wp\/v2\/product\/3040","targetHints":{"allow":["GET"]}}],"collection":[{"href":"https:\/\/www.stanleypackage.com\/es\/wp-json\/wp\/v2\/product"}],"about":[{"href":"https:\/\/www.stanleypackage.com\/es\/wp-json\/wp\/v2\/types\/product"}],"replies":[{"embeddable":true,"href":"https:\/\/www.stanleypackage.com\/es\/wp-json\/wp\/v2\/comments?post=3040"}],"wp:featuredmedia":[{"embeddable":true,"href":"https:\/\/www.stanleypackage.com\/es\/wp-json\/wp\/v2\/media\/3043"}],"wp:attachment":[{"href":"https:\/\/www.stanleypackage.com\/es\/wp-json\/wp\/v2\/media?parent=3040"}],"wp:term":[{"taxonomy":"product_brand","embeddable":true,"href":"https:\/\/www.stanleypackage.com\/es\/wp-json\/wp\/v2\/product_brand?post=3040"},{"taxonomy":"product_cat","embeddable":true,"href":"https:\/\/www.stanleypackage.com\/es\/wp-json\/wp\/v2\/product_cat?post=3040"},{"taxonomy":"product_tag","embeddable":true,"href":"https:\/\/www.stanleypackage.com\/es\/wp-json\/wp\/v2\/product_tag?post=3040"}],"curies":[{"name":"wp","href":"https:\/\/api.w.org\/{rel}","templated":true}]}}