{"id":3049,"date":"2025-09-09T08:20:21","date_gmt":"2025-09-09T08:20:21","guid":{"rendered":"https:\/\/www.stanleypackage.com\/?post_type=product&#038;p=3049"},"modified":"2025-09-09T08:21:20","modified_gmt":"2025-09-09T08:21:20","slug":"coffee-bags-wholesale","status":"publish","type":"product","link":"https:\/\/www.stanleypackage.com\/es\/product\/coffee-bags-wholesale\/","title":{"rendered":"Bolsas de caf\u00e9 al por mayor con fondo de caja impresas a medida con v\u00e1lvula"},"content":{"rendered":"<div class=\"wp-block-columns is-layout-flex wp-container-core-columns-is-layout-9d6595d7 wp-block-columns-is-layout-flex\">\n<div class=\"wp-block-column is-layout-flow wp-block-column-is-layout-flow\">\n<h2 class=\"wp-block-heading\">Caracter\u00edsticas de las bolsas de caf\u00e9 personalizadas al por mayor<\/h2>\n\n\n\n<ul class=\"wp-block-list\">\n<li><strong>Estructura de sellado de ocho lados: <\/strong>La estructura de sellado de ocho lados de estas bolsas de caf\u00e9 al por mayor con v\u00e1lvula aumenta la estabilidad y el aspecto visual de la forma de la bolsa, y la hace atractiva en los estantes.<\/li>\n\n\n\n<li><strong>Dise\u00f1o con cremallera resellable: <\/strong>Estas bolsas de envasado de caf\u00e9 personalizadas con v\u00e1lvula est\u00e1n equipadas con una cremallera de alta calidad, f\u00e1cil de abrir y cerrar y de reutilizar, lo que aumenta la vida \u00fatil del producto.<\/li>\n\n\n\n<li><strong>Material multicapa de alta barrera: <\/strong>La parte delantera y trasera de estas bolsas de caf\u00e9 al por mayor con v\u00e1lvula est\u00e1n hechas de material PET12\/AL7\/PE100, que es a prueba de humedad, antioxidante y a prueba de luz para proteger el sabor fresco del caf\u00e9.<\/li>\n\n\n\n<li><strong>V\u00e1lvula+ dise\u00f1o de llenado inferior: <\/strong>El dise\u00f1o de la v\u00e1lvula de estas bolsas stand up al por mayor est\u00e1 pensado para liberar el aire, impidiendo que el aire y la humedad entren en el interior del envase, evitando as\u00ed que el caf\u00e9 se oxide y deteriore. Y el llenado inferior es adecuado para l\u00edneas de producci\u00f3n automatizadas, lo que hace que el embolsado sea eficiente y c\u00f3modo.<\/li>\n\n\n\n<li><strong>Impresi\u00f3n en huecograbado de hasta 10 colores: <\/strong>Nuestras bolsas de caf\u00e9 al por mayor con v\u00e1lvula admiten impresi\u00f3n en huecograbado multicolor de alta precisi\u00f3n, con finos dise\u00f1os y colores brillantes, para promover la imagen de marca.<\/li>\n\n\n\n<li><strong>Se adapta a m\u00faltiples necesidades personalizadas:<\/strong> Las dimensiones, la impresi\u00f3n y el tipo de cremallera de nuestras bolsas personalizadas para envasado de caf\u00e9 pueden adaptarse bajo demanda a los diferentes requisitos de varias marcas y a su posicionamiento en el mercado.<\/li>\n<\/ul>\n\n\n\n<div class=\"wp-block-columns is-layout-flex wp-container-core-columns-is-layout-9d6595d7 wp-block-columns-is-layout-flex\">\n<div class=\"wp-block-column is-layout-flow wp-block-column-is-layout-flow\">\n<figure class=\"wp-block-image size-full\"><img decoding=\"async\" width=\"750\" height=\"750\" src=\"https:\/\/www.stanleypackage.com\/wp-content\/uploads\/2025\/09\/Custom-Coffee-Bags-with-Valve-Wholesale-Stand-Up-Pouches-6.jpg\" alt=\"\" class=\"wp-image-3050\" srcset=\"https:\/\/www.stanleypackage.com\/wp-content\/uploads\/2025\/09\/Custom-Coffee-Bags-with-Valve-Wholesale-Stand-Up-Pouches-6.jpg 750w, https:\/\/www.stanleypackage.com\/wp-content\/uploads\/2025\/09\/Custom-Coffee-Bags-with-Valve-Wholesale-Stand-Up-Pouches-6-300x300.jpg 300w, https:\/\/www.stanleypackage.com\/wp-content\/uploads\/2025\/09\/Custom-Coffee-Bags-with-Valve-Wholesale-Stand-Up-Pouches-6-150x150.jpg 150w, https:\/\/www.stanleypackage.com\/wp-content\/uploads\/2025\/09\/Custom-Coffee-Bags-with-Valve-Wholesale-Stand-Up-Pouches-6-12x12.jpg 12w, https:\/\/www.stanleypackage.com\/wp-content\/uploads\/2025\/09\/Custom-Coffee-Bags-with-Valve-Wholesale-Stand-Up-Pouches-6-600x600.jpg 600w, https:\/\/www.stanleypackage.com\/wp-content\/uploads\/2025\/09\/Custom-Coffee-Bags-with-Valve-Wholesale-Stand-Up-Pouches-6-100x100.jpg 100w\" sizes=\"(max-width: 750px) 100vw, 750px\" \/><\/figure>\n<\/div>\n\n\n\n<div class=\"wp-block-column is-layout-flow wp-block-column-is-layout-flow\">\n<figure class=\"wp-block-image size-full\"><img decoding=\"async\" width=\"750\" height=\"750\" src=\"https:\/\/www.stanleypackage.com\/wp-content\/uploads\/2025\/09\/Custom-Coffee-Bags-with-Valve-Wholesale-Stand-Up-Pouches-2.jpg\" alt=\"\" class=\"wp-image-3051\" srcset=\"https:\/\/www.stanleypackage.com\/wp-content\/uploads\/2025\/09\/Custom-Coffee-Bags-with-Valve-Wholesale-Stand-Up-Pouches-2.jpg 750w, https:\/\/www.stanleypackage.com\/wp-content\/uploads\/2025\/09\/Custom-Coffee-Bags-with-Valve-Wholesale-Stand-Up-Pouches-2-300x300.jpg 300w, https:\/\/www.stanleypackage.com\/wp-content\/uploads\/2025\/09\/Custom-Coffee-Bags-with-Valve-Wholesale-Stand-Up-Pouches-2-150x150.jpg 150w, https:\/\/www.stanleypackage.com\/wp-content\/uploads\/2025\/09\/Custom-Coffee-Bags-with-Valve-Wholesale-Stand-Up-Pouches-2-12x12.jpg 12w, https:\/\/www.stanleypackage.com\/wp-content\/uploads\/2025\/09\/Custom-Coffee-Bags-with-Valve-Wholesale-Stand-Up-Pouches-2-600x600.jpg 600w, https:\/\/www.stanleypackage.com\/wp-content\/uploads\/2025\/09\/Custom-Coffee-Bags-with-Valve-Wholesale-Stand-Up-Pouches-2-100x100.jpg 100w\" sizes=\"(max-width: 750px) 100vw, 750px\" \/><\/figure>\n<\/div>\n<\/div>\n<\/div>\n<\/div>","protected":false},"excerpt":{"rendered":"<p>Bienvenido a comprar bolsas de caf\u00e9 al por mayor. Nuestros bolsos de empaquetado modificados para requisitos particulares del caf\u00e9 con las v\u00e1lvulas tienen propiedades frescura-conservadoras y a prueba de humedad excelentes y son convenientes para empaquetar cualquier forma de caf\u00e9, tal como granos de caf\u00e9, polvo del caf\u00e9, y tambi\u00e9n convenientes para los productos tales como avena.<\/p>\n<table style=\"border-collapse: collapse; width: 365.02pt;\" border=\"0\" width=\"365\" cellspacing=\"0\" cellpadding=\"0\">\n<tbody>\n<tr style=\"height: 16.00pt;\">\n<td class=\"et2\" style=\"height: 16.00pt; width: 97.50pt;\" width=\"97\" height=\"16\">Fabricante<\/td>\n<td class=\"et2\" style=\"width: 267.50pt;\" width=\"267\">Stanley<\/td>\n<\/tr>\n<tr style=\"height: 16.00pt;\">\n<td class=\"et2\" style=\"height: 16.00pt; width: 97.50pt;\" width=\"97\" height=\"16\">Tipos de bolsas<\/td>\n<td class=\"et3\">8 Bolsa de fondo plano con cierre lateral, bolsa con cremallera<\/td>\n<\/tr>\n<tr style=\"height: 31.00pt;\">\n<td class=\"et2\" style=\"height: 31.00pt; width: 97.50pt;\" width=\"97\" height=\"31\">Material<\/td>\n<td class=\"et2\" style=\"width: 267.50pt;\" width=\"267\">PET12\/AL7\/PE100<\/td>\n<\/tr>\n<tr style=\"height: 16.00pt;\">\n<td class=\"et2\" style=\"height: 16.00pt; width: 97.50pt;\" width=\"97\" height=\"16\">Reportaje especial<\/td>\n<td class=\"et2\" style=\"width: 267.50pt;\" width=\"267\">Cremallera, v\u00e1lvula, relleno inferior<\/td>\n<\/tr>\n<tr style=\"height: 16.00pt;\">\n<td class=\"et2\" style=\"height: 16.00pt; width: 97.50pt;\" width=\"97\" height=\"16\">Manipulaci\u00f3n de superficies<\/td>\n<td class=\"et2\" style=\"width: 267.50pt;\" width=\"267\">Impresi\u00f3n en huecograbado<\/td>\n<\/tr>\n<tr style=\"height: 16.00pt;\">\n<td class=\"et2\" style=\"height: 16.00pt; width: 97.50pt;\" width=\"97\" height=\"16\">Color<\/td>\n<td class=\"et2\" style=\"width: 267.50pt;\" width=\"267\">Impresi\u00f3n a doble cara, hasta 10 colores<\/td>\n<\/tr>\n<tr style=\"height: 16.00pt;\">\n<td class=\"et2\" style=\"height: 16.00pt; width: 97.50pt;\" width=\"97\" height=\"16\">Utilizaci\u00f3n<\/td>\n<td class=\"et2\" style=\"width: 267.50pt;\" width=\"267\">Caf\u00e9 en grano, caf\u00e9 en polvo, harina de avena<\/td>\n<\/tr>\n<tr style=\"height: 16.00pt;\">\n<td class=\"et2\" style=\"height: 16.00pt; width: 97.50pt;\" width=\"97\" height=\"16\">MOQ<\/td>\n<td class=\"et2\" style=\"width: 267.50pt;\" width=\"267\">50.000 unidades<\/td>\n<\/tr>\n<tr style=\"height: 16.00pt;\">\n<td class=\"et2\" style=\"height: 16.00pt; width: 97.50pt;\" width=\"97\" height=\"16\">Pedido a medida<\/td>\n<td class=\"et2\" style=\"width: 267.50pt;\" width=\"267\">Aceptamos OEM, Soporte Muestra gratis<\/td>\n<\/tr>\n<\/tbody>\n<\/table>\n<p>&nbsp;<\/p>","protected":false},"featured_media":3052,"comment_status":"closed","ping_status":"closed","template":"","meta":{"_acf_changed":false},"product_brand":[],"product_cat":[24,18],"product_tag":[],"class_list":{"0":"post-3049","1":"product","2":"type-product","3":"status-publish","4":"has-post-thumbnail","6":"product_cat-flat-bottom-pouch-manufacturer","7":"product_cat-zipper-pouch-manufacturer","8":"pa_food-packaging-food-powder-packaging","9":"pa_food-packaging-oatmeal-pouch","10":"pa_food-packaging-coffee-packaging-pouch","12":"first","13":"instock","14":"shipping-taxable","15":"product-type-simple"},"acf":[],"_links":{"self":[{"href":"https:\/\/www.stanleypackage.com\/es\/wp-json\/wp\/v2\/product\/3049","targetHints":{"allow":["GET"]}}],"collection":[{"href":"https:\/\/www.stanleypackage.com\/es\/wp-json\/wp\/v2\/product"}],"about":[{"href":"https:\/\/www.stanleypackage.com\/es\/wp-json\/wp\/v2\/types\/product"}],"replies":[{"embeddable":true,"href":"https:\/\/www.stanleypackage.com\/es\/wp-json\/wp\/v2\/comments?post=3049"}],"wp:featuredmedia":[{"embeddable":true,"href":"https:\/\/www.stanleypackage.com\/es\/wp-json\/wp\/v2\/media\/3052"}],"wp:attachment":[{"href":"https:\/\/www.stanleypackage.com\/es\/wp-json\/wp\/v2\/media?parent=3049"}],"wp:term":[{"taxonomy":"product_brand","embeddable":true,"href":"https:\/\/www.stanleypackage.com\/es\/wp-json\/wp\/v2\/product_brand?post=3049"},{"taxonomy":"product_cat","embeddable":true,"href":"https:\/\/www.stanleypackage.com\/es\/wp-json\/wp\/v2\/product_cat?post=3049"},{"taxonomy":"product_tag","embeddable":true,"href":"https:\/\/www.stanleypackage.com\/es\/wp-json\/wp\/v2\/product_tag?post=3049"}],"curies":[{"name":"wp","href":"https:\/\/api.w.org\/{rel}","templated":true}]}}