{"id":3189,"date":"2025-09-26T06:13:02","date_gmt":"2025-09-26T06:13:02","guid":{"rendered":"https:\/\/www.stanleypackage.com\/?post_type=product&#038;p=3189"},"modified":"2025-09-26T06:13:09","modified_gmt":"2025-09-26T06:13:09","slug":"custom-fresh-fruit-bags","status":"publish","type":"product","link":"https:\/\/www.stanleypackage.com\/es\/product\/custom-fresh-fruit-bags\/","title":{"rendered":"Bolsas personalizadas para frutas frescas, Bolsas ventiladas para frutas y verduras al por mayor"},"content":{"rendered":"<div class=\"wp-block-columns is-layout-flex wp-container-core-columns-is-layout-9d6595d7 wp-block-columns-is-layout-flex\">\n<div class=\"wp-block-column is-layout-flow wp-block-column-is-layout-flow\">\n<h2 class=\"wp-block-heading\">Caracter\u00edsticas de las bolsas personalizadas para fruta fresca<\/h2>\n\n\n\n<ul class=\"wp-block-list\">\n<li><strong>La respiraci\u00f3n inteligente preserva la frescura, reduciendo eficazmente las p\u00e9rdidas: <\/strong>Nuestras bolsas a medida para fruta fresca tienen orificios de respiraci\u00f3n estrat\u00e9gicamente situados que eliminan el calor y la humedad de las frutas y verduras recolectadas, regulando eficazmente el microclima dentro de la bolsa y mejorando su conservaci\u00f3n.<\/li>\n\n\n\n<li><strong>El dise\u00f1o f\u00e1cil de usar mejora la experiencia: <\/strong>Nuestras bolsas ventiladas para frutas y verduras al por mayor tienen orificios de f\u00e1cil asa para un transporte seguro, y una cremallera resellable para mantener la fruta fresca y permitir m\u00faltiples usos.<\/li>\n\n\n\n<li><strong>El material altamente transparente muestra perfectamente la calidad del producto:<\/strong> Estas bolsas personalizadas para fruta fresca est\u00e1n hechas de un material compuesto de PET\/CPP de primera calidad con un brillo y una claridad excelentes, que realzan el color natural y la textura fresca de las frutas y verduras.<\/li>\n\n\n\n<li><strong>La gran capacidad de personalizaci\u00f3n mejora la imagen de marca:<\/strong> Ofrecemos servicios integrales de personalizaci\u00f3n de bolsas ventiladas para productos al por mayor, desde el tama\u00f1o y la impresi\u00f3n hasta los logotipos, para que su marca destaque en el lineal.<\/li>\n\n\n\n<li><strong>Precios al por mayor y asistencia para muestras, cooperaci\u00f3n sin riesgos: <\/strong>Como fabricantes de bolsas a medida para fruta fresca, ofrecemos precios muy competitivos. Las muestras gratuitas tambi\u00e9n le permiten confirmar plenamente la calidad antes de realizar un pedido a granel, lo que garantiza una cooperaci\u00f3n sin preocupaciones.<\/li>\n<\/ul>\n\n\n\n<div class=\"wp-block-columns is-layout-flex wp-container-core-columns-is-layout-9d6595d7 wp-block-columns-is-layout-flex\">\n<div class=\"wp-block-column is-layout-flow wp-block-column-is-layout-flow\">\n<figure class=\"wp-block-image size-full\"><img decoding=\"async\" width=\"750\" height=\"750\" src=\"https:\/\/www.stanleypackage.com\/wp-content\/uploads\/2025\/09\/Produce-Bags-Wholesale-Custom-Fruit-Packaging-Pouch-2.jpg\" alt=\"Bolsas personalizadas para frutas frescas, Bolsas ventiladas para frutas y verduras al por mayor\" class=\"wp-image-3190\" srcset=\"https:\/\/www.stanleypackage.com\/wp-content\/uploads\/2025\/09\/Produce-Bags-Wholesale-Custom-Fruit-Packaging-Pouch-2.jpg 750w, https:\/\/www.stanleypackage.com\/wp-content\/uploads\/2025\/09\/Produce-Bags-Wholesale-Custom-Fruit-Packaging-Pouch-2-300x300.jpg 300w, https:\/\/www.stanleypackage.com\/wp-content\/uploads\/2025\/09\/Produce-Bags-Wholesale-Custom-Fruit-Packaging-Pouch-2-150x150.jpg 150w, https:\/\/www.stanleypackage.com\/wp-content\/uploads\/2025\/09\/Produce-Bags-Wholesale-Custom-Fruit-Packaging-Pouch-2-12x12.jpg 12w, https:\/\/www.stanleypackage.com\/wp-content\/uploads\/2025\/09\/Produce-Bags-Wholesale-Custom-Fruit-Packaging-Pouch-2-600x600.jpg 600w, https:\/\/www.stanleypackage.com\/wp-content\/uploads\/2025\/09\/Produce-Bags-Wholesale-Custom-Fruit-Packaging-Pouch-2-100x100.jpg 100w\" sizes=\"(max-width: 750px) 100vw, 750px\" \/><\/figure>\n<\/div>\n\n\n\n<div class=\"wp-block-column is-layout-flow wp-block-column-is-layout-flow\">\n<figure class=\"wp-block-image size-full\"><img decoding=\"async\" width=\"750\" height=\"750\" src=\"https:\/\/www.stanleypackage.com\/wp-content\/uploads\/2025\/09\/Produce-Bags-Wholesale-Custom-Fruit-Packaging-Pouch.jpg\" alt=\"\" class=\"wp-image-3191\" srcset=\"https:\/\/www.stanleypackage.com\/wp-content\/uploads\/2025\/09\/Produce-Bags-Wholesale-Custom-Fruit-Packaging-Pouch.jpg 750w, https:\/\/www.stanleypackage.com\/wp-content\/uploads\/2025\/09\/Produce-Bags-Wholesale-Custom-Fruit-Packaging-Pouch-300x300.jpg 300w, https:\/\/www.stanleypackage.com\/wp-content\/uploads\/2025\/09\/Produce-Bags-Wholesale-Custom-Fruit-Packaging-Pouch-150x150.jpg 150w, https:\/\/www.stanleypackage.com\/wp-content\/uploads\/2025\/09\/Produce-Bags-Wholesale-Custom-Fruit-Packaging-Pouch-12x12.jpg 12w, https:\/\/www.stanleypackage.com\/wp-content\/uploads\/2025\/09\/Produce-Bags-Wholesale-Custom-Fruit-Packaging-Pouch-600x600.jpg 600w, https:\/\/www.stanleypackage.com\/wp-content\/uploads\/2025\/09\/Produce-Bags-Wholesale-Custom-Fruit-Packaging-Pouch-100x100.jpg 100w\" sizes=\"(max-width: 750px) 100vw, 750px\" \/><\/figure>\n<\/div>\n<\/div>\n<\/div>\n<\/div>","protected":false},"excerpt":{"rendered":"<p>Bienvenido a comprar al por mayor bolsas ventiladas para frutas y verduras. Nuestras bolsas personalizadas para fruta fresca est\u00e1n fabricadas con material muy transparente, tienen un cierre f\u00e1cil de tirar para m\u00faltiples usos y disponen de orificios para asas. Ofrecemos personalizaci\u00f3n completa y muestras gratuitas.<\/p>\n<table style=\"border-collapse: collapse; width: 327.77pt;\" border=\"0\" width=\"437\" cellspacing=\"0\" cellpadding=\"0\">\n<tbody>\n<tr style=\"height: 12.75pt;\">\n<td class=\"et2\" style=\"height: 12.75pt; width: 91.40pt;\" width=\"121\" height=\"17\">Fabricante<\/td>\n<td class=\"et2\" style=\"width: 237.00pt;\" width=\"316\">Stanley<\/td>\n<\/tr>\n<tr style=\"height: 12.75pt;\">\n<td class=\"et2\" style=\"height: 12.75pt; width: 91.40pt;\" width=\"121\" height=\"17\">Tipos de bolsas<\/td>\n<td class=\"et3\">Bolsas ventiladas para frutas y verduras, bolsa con cremallera<\/td>\n<\/tr>\n<tr style=\"height: 12.75pt;\">\n<td class=\"et2\" style=\"height: 12.75pt; width: 91.40pt;\" width=\"121\" height=\"17\">Material<\/td>\n<td class=\"et2\" style=\"width: 237.00pt;\" width=\"316\">PET12\/CPP45<\/td>\n<\/tr>\n<tr style=\"height: 12.75pt;\">\n<td class=\"et2\" style=\"height: 12.75pt; width: 91.40pt;\" width=\"121\" height=\"17\">Reportaje especial<\/td>\n<td class=\"et2\" style=\"width: 237.00pt;\" width=\"316\">Orificios de ventilaci\u00f3n, cremallera, orificio para el asa<\/td>\n<\/tr>\n<tr style=\"height: 12.75pt;\">\n<td class=\"et2\" style=\"height: 12.75pt; width: 91.40pt;\" width=\"121\" height=\"17\">Manipulaci\u00f3n de superficies<\/td>\n<td class=\"et2\" style=\"width: 237.00pt;\" width=\"316\">Impresi\u00f3n en huecograbado<\/td>\n<\/tr>\n<tr style=\"height: 12.75pt;\">\n<td class=\"et2\" style=\"height: 12.75pt; width: 91.40pt;\" width=\"121\" height=\"17\">Color<\/td>\n<td class=\"et2\" style=\"width: 237.00pt;\" width=\"316\">Hasta 10 colores<\/td>\n<\/tr>\n<tr style=\"height: 12.75pt;\">\n<td class=\"et2\" style=\"height: 12.75pt; width: 91.40pt;\" width=\"121\" height=\"17\">Utilizaci\u00f3n<\/td>\n<td class=\"et3\">Manzana, pera, melocot\u00f3n y otras frutas<\/td>\n<\/tr>\n<tr style=\"height: 12.75pt;\">\n<td class=\"et2\" style=\"height: 12.75pt; width: 91.40pt;\" width=\"121\" height=\"17\">MOQ<\/td>\n<td class=\"et2\" style=\"width: 237.00pt;\" width=\"316\">50.000 unidades<\/td>\n<\/tr>\n<tr style=\"height: 12.75pt;\">\n<td class=\"et2\" style=\"height: 12.75pt; width: 91.40pt;\" width=\"121\" height=\"17\">Pedido a medida<\/td>\n<td class=\"et2\" style=\"width: 237.00pt;\" width=\"316\">Aceptamos OEM, Soporte Muestra gratis<\/td>\n<\/tr>\n<\/tbody>\n<\/table>","protected":false},"featured_media":3192,"comment_status":"closed","ping_status":"closed","template":"","meta":{"_acf_changed":false},"product_brand":[],"product_cat":[18],"product_tag":[],"class_list":{"0":"post-3189","1":"product","2":"type-product","3":"status-publish","4":"has-post-thumbnail","6":"product_cat-zipper-pouch-manufacturer","7":"pa_food-packaging-vented-produce-pouch","9":"first","10":"instock","11":"shipping-taxable","12":"product-type-simple"},"acf":[],"_links":{"self":[{"href":"https:\/\/www.stanleypackage.com\/es\/wp-json\/wp\/v2\/product\/3189","targetHints":{"allow":["GET"]}}],"collection":[{"href":"https:\/\/www.stanleypackage.com\/es\/wp-json\/wp\/v2\/product"}],"about":[{"href":"https:\/\/www.stanleypackage.com\/es\/wp-json\/wp\/v2\/types\/product"}],"replies":[{"embeddable":true,"href":"https:\/\/www.stanleypackage.com\/es\/wp-json\/wp\/v2\/comments?post=3189"}],"wp:featuredmedia":[{"embeddable":true,"href":"https:\/\/www.stanleypackage.com\/es\/wp-json\/wp\/v2\/media\/3192"}],"wp:attachment":[{"href":"https:\/\/www.stanleypackage.com\/es\/wp-json\/wp\/v2\/media?parent=3189"}],"wp:term":[{"taxonomy":"product_brand","embeddable":true,"href":"https:\/\/www.stanleypackage.com\/es\/wp-json\/wp\/v2\/product_brand?post=3189"},{"taxonomy":"product_cat","embeddable":true,"href":"https:\/\/www.stanleypackage.com\/es\/wp-json\/wp\/v2\/product_cat?post=3189"},{"taxonomy":"product_tag","embeddable":true,"href":"https:\/\/www.stanleypackage.com\/es\/wp-json\/wp\/v2\/product_tag?post=3189"}],"curies":[{"name":"wp","href":"https:\/\/api.w.org\/{rel}","templated":true}]}}