{"id":3203,"date":"2025-10-14T09:05:32","date_gmt":"2025-10-14T09:05:32","guid":{"rendered":"https:\/\/www.stanleypackage.com\/?post_type=product&#038;p=3203"},"modified":"2025-10-14T09:06:24","modified_gmt":"2025-10-14T09:06:24","slug":"custom-hotel-amenity-packages","status":"publish","type":"product","link":"https:\/\/www.stanleypackage.com\/es\/product\/custom-hotel-amenity-packages\/","title":{"rendered":"Paquetes de servicios hoteleros personalizados, Paquete de art\u00edculos de aseo degradables"},"content":{"rendered":"<div class=\"wp-block-columns is-layout-flex wp-container-core-columns-is-layout-9d6595d7 wp-block-columns-is-layout-flex\">\n<div class=\"wp-block-column is-layout-flow wp-block-column-is-layout-flow\">\n<h2 class=\"wp-block-heading\">Caracter\u00edsticas de los paquetes de servicios hoteleros personalizados<\/h2>\n\n\n\n<ul class=\"wp-block-list\">\n<li><strong>Materiales ecol\u00f3gicos que protegen el medio ambiente:<\/strong> Estos paquetes personalizados de amenities para hoteles est\u00e1n fabricados con papel de ca\u00f1a de az\u00facar, un material respetuoso con el medio ambiente. Esto no s\u00f3lo ahorra recursos madereros y reduce la contaminaci\u00f3n ambiental, sino que tambi\u00e9n abarata los costes de producci\u00f3n. Adem\u00e1s, las bolsas de papel de ca\u00f1a de az\u00facar son muy resistentes y brillantes.<\/li>\n\n\n\n<li><strong>Dise\u00f1o de l\u00e1grima para facilitar la apertura:<\/strong> Nuestros envases personalizados degradables para art\u00edculos de aseo para hoteles est\u00e1n dise\u00f1ados con una muesca f\u00e1cil de rasgar, los consumidores pueden rasgar f\u00e1cilmente el envase sin tijeras ni otras herramientas, y la experiencia de uso es m\u00e1s c\u00f3moda.<\/li>\n\n\n\n<li><strong>Embalaje compacto, f\u00e1cil de transportar: <\/strong>Nuestros paquetes de amenities de hotel personalizados a granel son compactos. Tanto si viajas como si te vas de viaje, son muy port\u00e1tiles y no ocupan mucho espacio cuando se meten en una bolsa.<\/li>\n\n\n\n<li><strong>Relleno inferior para mejorar la eficiencia: <\/strong>El m\u00e9todo de llenado inferior de este envase flexible degradable al por mayor es adecuado para el funcionamiento autom\u00e1tico del equipo de envasado, lo que mejora la eficiencia de la producci\u00f3n y reduce los costes de mano de obra.<\/li>\n\n\n\n<li><strong>Admite impresi\u00f3n y especificaciones personalizadas: <\/strong>Nuestros paquetes personalizados de amenities para hoteles pueden personalizar el tama\u00f1o de la bolsa y el contenido de la impresi\u00f3n seg\u00fan las necesidades de la marca para mejorar el reconocimiento de la marca y la competitividad en el mercado.<\/li>\n<\/ul>\n\n\n\n<div class=\"wp-block-columns is-layout-flex wp-container-core-columns-is-layout-9d6595d7 wp-block-columns-is-layout-flex\">\n<div class=\"wp-block-column is-layout-flow wp-block-column-is-layout-flow\">\n<figure class=\"wp-block-image size-full\"><img decoding=\"async\" width=\"750\" height=\"750\" src=\"https:\/\/www.stanleypackage.com\/wp-content\/uploads\/2025\/10\/Custom-Hotel-Amenities-Packaging-for-Personal-Care-Bag-3.jpg\" alt=\"\" class=\"wp-image-3204\" srcset=\"https:\/\/www.stanleypackage.com\/wp-content\/uploads\/2025\/10\/Custom-Hotel-Amenities-Packaging-for-Personal-Care-Bag-3.jpg 750w, https:\/\/www.stanleypackage.com\/wp-content\/uploads\/2025\/10\/Custom-Hotel-Amenities-Packaging-for-Personal-Care-Bag-3-300x300.jpg 300w, https:\/\/www.stanleypackage.com\/wp-content\/uploads\/2025\/10\/Custom-Hotel-Amenities-Packaging-for-Personal-Care-Bag-3-150x150.jpg 150w, https:\/\/www.stanleypackage.com\/wp-content\/uploads\/2025\/10\/Custom-Hotel-Amenities-Packaging-for-Personal-Care-Bag-3-12x12.jpg 12w, https:\/\/www.stanleypackage.com\/wp-content\/uploads\/2025\/10\/Custom-Hotel-Amenities-Packaging-for-Personal-Care-Bag-3-600x600.jpg 600w, https:\/\/www.stanleypackage.com\/wp-content\/uploads\/2025\/10\/Custom-Hotel-Amenities-Packaging-for-Personal-Care-Bag-3-100x100.jpg 100w\" sizes=\"(max-width: 750px) 100vw, 750px\" \/><\/figure>\n<\/div>\n\n\n\n<div class=\"wp-block-column is-layout-flow wp-block-column-is-layout-flow\">\n<figure class=\"wp-block-image size-full\"><img decoding=\"async\" width=\"750\" height=\"750\" src=\"https:\/\/www.stanleypackage.com\/wp-content\/uploads\/2025\/10\/Custom-Hotel-Amenities-Packaging-for-Personal-Care-Bag-7.jpg\" alt=\"\" class=\"wp-image-3205\" srcset=\"https:\/\/www.stanleypackage.com\/wp-content\/uploads\/2025\/10\/Custom-Hotel-Amenities-Packaging-for-Personal-Care-Bag-7.jpg 750w, https:\/\/www.stanleypackage.com\/wp-content\/uploads\/2025\/10\/Custom-Hotel-Amenities-Packaging-for-Personal-Care-Bag-7-300x300.jpg 300w, https:\/\/www.stanleypackage.com\/wp-content\/uploads\/2025\/10\/Custom-Hotel-Amenities-Packaging-for-Personal-Care-Bag-7-150x150.jpg 150w, https:\/\/www.stanleypackage.com\/wp-content\/uploads\/2025\/10\/Custom-Hotel-Amenities-Packaging-for-Personal-Care-Bag-7-12x12.jpg 12w, https:\/\/www.stanleypackage.com\/wp-content\/uploads\/2025\/10\/Custom-Hotel-Amenities-Packaging-for-Personal-Care-Bag-7-600x600.jpg 600w, https:\/\/www.stanleypackage.com\/wp-content\/uploads\/2025\/10\/Custom-Hotel-Amenities-Packaging-for-Personal-Care-Bag-7-100x100.jpg 100w\" sizes=\"(max-width: 750px) 100vw, 750px\" \/><\/figure>\n<\/div>\n<\/div>\n<\/div>\n<\/div>\n\n\n\n<p><\/p>","protected":false},"excerpt":{"rendered":"<p>Le invitamos a encargar paquetes personalizados de amenities para hoteles. Nuestras bolsas degradables de sellado trilateral al por mayor est\u00e1n equipadas con una muesca f\u00e1cil de rasgar y utilizan materiales ecol\u00f3gicos, lo que reduce la contaminaci\u00f3n ambiental.<\/p>\n<table style=\"border-collapse: collapse; width: 365.02pt;\" border=\"0\" width=\"365\" cellspacing=\"0\" cellpadding=\"0\">\n<tbody>\n<tr style=\"height: 16.00pt;\">\n<td class=\"et2\" style=\"height: 16.00pt; width: 97.50pt;\" width=\"97\" height=\"16\">Fabricante<\/td>\n<td class=\"et2\" style=\"width: 267.50pt;\" width=\"267\">Stanley<\/td>\n<\/tr>\n<tr style=\"height: 16.00pt;\">\n<td class=\"et2\" style=\"height: 16.00pt; width: 97.50pt;\" width=\"97\" height=\"16\">Tipos de bolsas<\/td>\n<td class=\"et3\">Bolsa de cierre por tres lados<\/td>\n<\/tr>\n<tr style=\"height: 16.00pt;\">\n<td class=\"et2\" style=\"height: 16.00pt; width: 97.50pt;\" width=\"97\" height=\"16\">Material<\/td>\n<td class=\"et2\" style=\"width: 267.50pt;\" width=\"267\">Papel de ca\u00f1a recubierto de cola a base de agua de 80 g<\/td>\n<\/tr>\n<tr style=\"height: 16.00pt;\">\n<td class=\"et2\" style=\"height: 16.00pt; width: 97.50pt;\" width=\"97\" height=\"16\">Reportaje especial<\/td>\n<td class=\"et2\" style=\"width: 267.50pt;\" width=\"267\">Muesca para rasgar, relleno inferior, materiales ecol\u00f3gicos<\/td>\n<\/tr>\n<tr style=\"height: 16.00pt;\">\n<td class=\"et2\" style=\"height: 16.00pt; width: 97.50pt;\" width=\"97\" height=\"16\">Manipulaci\u00f3n de superficies<\/td>\n<td class=\"et2\" style=\"width: 267.50pt;\" width=\"267\">Impresi\u00f3n en huecograbado<\/td>\n<\/tr>\n<tr style=\"height: 16.00pt;\">\n<td class=\"et2\" style=\"height: 16.00pt; width: 97.50pt;\" width=\"97\" height=\"16\">Color<\/td>\n<td class=\"et2\" style=\"width: 267.50pt;\" width=\"267\">Impresi\u00f3n a doble cara, hasta 10 colores<\/td>\n<\/tr>\n<tr style=\"height: 16.00pt;\">\n<td class=\"et2\" style=\"height: 16.00pt; width: 97.50pt;\" width=\"97\" height=\"16\">Utilizaci\u00f3n<\/td>\n<td class=\"et2\" style=\"width: 267.50pt;\" width=\"267\">peine, bastoncillo de algod\u00f3n, palillo de dientes<\/td>\n<\/tr>\n<tr style=\"height: 16.00pt;\">\n<td class=\"et2\" style=\"height: 16.00pt; width: 97.50pt;\" width=\"97\" height=\"16\">MOQ<\/td>\n<td class=\"et2\" style=\"width: 267.50pt;\" width=\"267\">50.000 unidades<\/td>\n<\/tr>\n<tr style=\"height: 16.00pt;\">\n<td class=\"et2\" style=\"height: 16.00pt; width: 97.50pt;\" width=\"97\" height=\"16\">Pedido a medida<\/td>\n<td class=\"et2\" style=\"width: 267.50pt;\" width=\"267\">Aceptamos OEM, Soporte Muestra gratis<\/td>\n<\/tr>\n<\/tbody>\n<\/table>\n<p>&nbsp;<\/p>","protected":false},"featured_media":3206,"comment_status":"closed","ping_status":"closed","template":"","meta":{"_acf_changed":false},"product_brand":[],"product_cat":[31,28],"product_tag":[],"class_list":{"0":"post-3203","1":"product","2":"type-product","3":"status-publish","4":"has-post-thumbnail","6":"product_cat-lay-flat-pouch-manufacturer","7":"product_cat-three-side-seal-pouch-manufacturer","8":"pa_material-biodegradable","9":"pa_non-food-packaging-hotel-supplies-packaging","11":"first","12":"instock","13":"shipping-taxable","14":"product-type-simple"},"acf":[],"_links":{"self":[{"href":"https:\/\/www.stanleypackage.com\/es\/wp-json\/wp\/v2\/product\/3203","targetHints":{"allow":["GET"]}}],"collection":[{"href":"https:\/\/www.stanleypackage.com\/es\/wp-json\/wp\/v2\/product"}],"about":[{"href":"https:\/\/www.stanleypackage.com\/es\/wp-json\/wp\/v2\/types\/product"}],"replies":[{"embeddable":true,"href":"https:\/\/www.stanleypackage.com\/es\/wp-json\/wp\/v2\/comments?post=3203"}],"wp:featuredmedia":[{"embeddable":true,"href":"https:\/\/www.stanleypackage.com\/es\/wp-json\/wp\/v2\/media\/3206"}],"wp:attachment":[{"href":"https:\/\/www.stanleypackage.com\/es\/wp-json\/wp\/v2\/media?parent=3203"}],"wp:term":[{"taxonomy":"product_brand","embeddable":true,"href":"https:\/\/www.stanleypackage.com\/es\/wp-json\/wp\/v2\/product_brand?post=3203"},{"taxonomy":"product_cat","embeddable":true,"href":"https:\/\/www.stanleypackage.com\/es\/wp-json\/wp\/v2\/product_cat?post=3203"},{"taxonomy":"product_tag","embeddable":true,"href":"https:\/\/www.stanleypackage.com\/es\/wp-json\/wp\/v2\/product_tag?post=3203"}],"curies":[{"name":"wp","href":"https:\/\/api.w.org\/{rel}","templated":true}]}}