{"id":3229,"date":"2025-10-14T09:39:01","date_gmt":"2025-10-14T09:39:01","guid":{"rendered":"https:\/\/www.stanleypackage.com\/?post_type=product&#038;p=3229"},"modified":"2025-10-14T09:39:09","modified_gmt":"2025-10-14T09:39:09","slug":"custom-amenities-packages","status":"publish","type":"product","link":"https:\/\/www.stanleypackage.com\/es\/product\/custom-amenities-packages\/","title":{"rendered":"Paquetes de amenities personalizados, Set de ba\u00f1o para hotel Embalaje flexible"},"content":{"rendered":"<div class=\"wp-block-columns is-layout-flex wp-container-core-columns-is-layout-9d6595d7 wp-block-columns-is-layout-flex\">\n<div class=\"wp-block-column is-layout-flow wp-block-column-is-layout-flow\">\n<h2 class=\"wp-block-heading\">Caracter\u00edsticas de los paquetes de servicios personalizados<\/h2>\n\n\n\n<ul class=\"wp-block-list\">\n<li><strong>Bordes rugosos para prensar, garantizando la calidad:<\/strong> Los patrones de envasado de nuestros envases de amenities personalizados tienen bordes lisos y no son propensos a agrietarse, lo que garantiza la calidad de nuestros productos.<\/li>\n\n\n\n<li><strong>Dise\u00f1o de l\u00e1grima para facilitar la apertura: <\/strong>Nuestros envases al por mayor de amenities para hoteles est\u00e1n dise\u00f1ados con una muesca f\u00e1cil de rasgar, los consumidores pueden rasgar f\u00e1cilmente el envase sin tijeras u otras herramientas, y la experiencia de uso es m\u00e1s c\u00f3moda.<\/li>\n\n\n\n<li><strong>Embalaje compacto, f\u00e1cil de transportar:<\/strong> Nuestros paquetes de amenities personalizados para hoteles son compactos. Tanto si viajas como si te vas de viaje, son muy port\u00e1tiles y no ocupan mucho espacio cuando se meten en una bolsa.<\/li>\n\n\n\n<li><strong>Efecto l\u00e1ser, llama la atenci\u00f3n: <\/strong>Nuestra bolsa personalizada con sello de tres lados para juegos de ba\u00f1o de hotel presenta un efecto l\u00e1ser, que puede captar la atenci\u00f3n de los clientes y aumentar su deseo de compra.<\/li>\n\n\n\n<li><strong>Admite impresi\u00f3n y especificaciones personalizadas:<\/strong> Nuestros paquetes de amenities personalizados al por mayor pueden personalizar el tama\u00f1o de la bolsa y el contenido de la impresi\u00f3n seg\u00fan las necesidades de la marca para mejorar el reconocimiento de la marca y la competitividad en el mercado.<\/li>\n<\/ul>\n\n\n\n<div class=\"wp-block-columns is-layout-flex wp-container-core-columns-is-layout-9d6595d7 wp-block-columns-is-layout-flex\">\n<div class=\"wp-block-column is-layout-flow wp-block-column-is-layout-flow\">\n<figure class=\"wp-block-image size-full\"><img decoding=\"async\" width=\"750\" height=\"750\" src=\"https:\/\/www.stanleypackage.com\/wp-content\/uploads\/2025\/10\/Custom-Printed-Three-Side-Seal-Pouch-for-Hotel-Bath-Set-5.jpg\" alt=\"\" class=\"wp-image-3230\" srcset=\"https:\/\/www.stanleypackage.com\/wp-content\/uploads\/2025\/10\/Custom-Printed-Three-Side-Seal-Pouch-for-Hotel-Bath-Set-5.jpg 750w, https:\/\/www.stanleypackage.com\/wp-content\/uploads\/2025\/10\/Custom-Printed-Three-Side-Seal-Pouch-for-Hotel-Bath-Set-5-300x300.jpg 300w, https:\/\/www.stanleypackage.com\/wp-content\/uploads\/2025\/10\/Custom-Printed-Three-Side-Seal-Pouch-for-Hotel-Bath-Set-5-150x150.jpg 150w, https:\/\/www.stanleypackage.com\/wp-content\/uploads\/2025\/10\/Custom-Printed-Three-Side-Seal-Pouch-for-Hotel-Bath-Set-5-12x12.jpg 12w, https:\/\/www.stanleypackage.com\/wp-content\/uploads\/2025\/10\/Custom-Printed-Three-Side-Seal-Pouch-for-Hotel-Bath-Set-5-600x600.jpg 600w, https:\/\/www.stanleypackage.com\/wp-content\/uploads\/2025\/10\/Custom-Printed-Three-Side-Seal-Pouch-for-Hotel-Bath-Set-5-100x100.jpg 100w\" sizes=\"(max-width: 750px) 100vw, 750px\" \/><\/figure>\n<\/div>\n\n\n\n<div class=\"wp-block-column is-layout-flow wp-block-column-is-layout-flow\">\n<figure class=\"wp-block-image size-full\"><img decoding=\"async\" width=\"750\" height=\"750\" src=\"https:\/\/www.stanleypackage.com\/wp-content\/uploads\/2025\/10\/Custom-Printed-Three-Side-Seal-Pouch-for-Hotel-Bath-Set-2.jpg\" alt=\"\" class=\"wp-image-3231\" srcset=\"https:\/\/www.stanleypackage.com\/wp-content\/uploads\/2025\/10\/Custom-Printed-Three-Side-Seal-Pouch-for-Hotel-Bath-Set-2.jpg 750w, https:\/\/www.stanleypackage.com\/wp-content\/uploads\/2025\/10\/Custom-Printed-Three-Side-Seal-Pouch-for-Hotel-Bath-Set-2-300x300.jpg 300w, https:\/\/www.stanleypackage.com\/wp-content\/uploads\/2025\/10\/Custom-Printed-Three-Side-Seal-Pouch-for-Hotel-Bath-Set-2-150x150.jpg 150w, https:\/\/www.stanleypackage.com\/wp-content\/uploads\/2025\/10\/Custom-Printed-Three-Side-Seal-Pouch-for-Hotel-Bath-Set-2-12x12.jpg 12w, https:\/\/www.stanleypackage.com\/wp-content\/uploads\/2025\/10\/Custom-Printed-Three-Side-Seal-Pouch-for-Hotel-Bath-Set-2-600x600.jpg 600w, https:\/\/www.stanleypackage.com\/wp-content\/uploads\/2025\/10\/Custom-Printed-Three-Side-Seal-Pouch-for-Hotel-Bath-Set-2-100x100.jpg 100w\" sizes=\"(max-width: 750px) 100vw, 750px\" \/><\/figure>\n<\/div>\n<\/div>\n<\/div>\n<\/div>","protected":false},"excerpt":{"rendered":"<p>\u00bfBusca paquetes de amenities personalizados? Nuestros paquetes de art\u00edculos de ba\u00f1o para hoteles impresos a medida est\u00e1n equipados con muescas f\u00e1ciles de rasgar y bordes lisos y planos, lo que garantiza la calidad. Admita bolsas flexibles personalizadas de diferentes especificaciones, colores y formas seg\u00fan los requisitos del cliente.<\/p>\n<table style=\"border-collapse: collapse; width: 365.02pt;\" border=\"0\" width=\"365\" cellspacing=\"0\" cellpadding=\"0\">\n<tbody>\n<tr style=\"height: 16.00pt;\">\n<td class=\"et2\" style=\"height: 16.00pt; width: 97.50pt;\" width=\"97\" height=\"16\">Fabricante<\/td>\n<td class=\"et2\" style=\"width: 267.50pt;\" width=\"267\">Stanley<\/td>\n<\/tr>\n<tr style=\"height: 16.00pt;\">\n<td class=\"et2\" style=\"height: 16.00pt; width: 97.50pt;\" width=\"97\" height=\"16\">Tipos de bolsas<\/td>\n<td class=\"et3\">Bolsa con cierre de tres lados<\/td>\n<\/tr>\n<tr style=\"height: 16.00pt;\">\n<td class=\"et2\" style=\"height: 16.00pt; width: 97.50pt;\" width=\"97\" height=\"16\">Material<\/td>\n<td class=\"et2\" style=\"width: 267.50pt;\" width=\"267\">L\u00e1ser PET12\/VMPET12\/PE56 (efecto 3D)<\/td>\n<\/tr>\n<tr style=\"height: 16.00pt;\">\n<td class=\"et2\" style=\"height: 16.00pt; width: 97.50pt;\" width=\"97\" height=\"16\">Reportaje especial<\/td>\n<td class=\"et2\" style=\"width: 267.50pt;\" width=\"267\">Muesca lagrimal, efecto l\u00e1ser<\/td>\n<\/tr>\n<tr style=\"height: 16.00pt;\">\n<td class=\"et2\" style=\"height: 16.00pt; width: 97.50pt;\" width=\"97\" height=\"16\">Manipulaci\u00f3n de superficies<\/td>\n<td class=\"et2\" style=\"width: 267.50pt;\" width=\"267\">Impresi\u00f3n en huecograbado<\/td>\n<\/tr>\n<tr style=\"height: 16.00pt;\">\n<td class=\"et2\" style=\"height: 16.00pt; width: 97.50pt;\" width=\"97\" height=\"16\">Color<\/td>\n<td class=\"et2\" style=\"width: 267.50pt;\" width=\"267\">Impresi\u00f3n a doble cara, hasta 10 colores<\/td>\n<\/tr>\n<tr style=\"height: 16.00pt;\">\n<td class=\"et2\" style=\"height: 16.00pt; width: 97.50pt;\" width=\"97\" height=\"16\">Utilizaci\u00f3n<\/td>\n<td class=\"et2\" style=\"width: 267.50pt;\" width=\"267\">Cepillo de dientes, Gorro de ducha, Afeitadora<\/td>\n<\/tr>\n<tr style=\"height: 16.00pt;\">\n<td class=\"et2\" style=\"height: 16.00pt; width: 97.50pt;\" width=\"97\" height=\"16\">MOQ<\/td>\n<td class=\"et2\" style=\"width: 267.50pt;\" width=\"267\">50.000 unidades<\/td>\n<\/tr>\n<tr style=\"height: 16.00pt;\">\n<td class=\"et2\" style=\"height: 16.00pt; width: 97.50pt;\" width=\"97\" height=\"16\">Pedido a medida<\/td>\n<td class=\"et2\" style=\"width: 267.50pt;\" width=\"267\">Aceptamos OEM, Soporte Muestra gratis<\/td>\n<\/tr>\n<\/tbody>\n<\/table>\n<p>&nbsp;<\/p>","protected":false},"featured_media":3232,"comment_status":"closed","ping_status":"closed","template":"","meta":{"_acf_changed":false},"product_brand":[],"product_cat":[31,28],"product_tag":[],"class_list":{"0":"post-3229","1":"product","2":"type-product","3":"status-publish","4":"has-post-thumbnail","6":"product_cat-lay-flat-pouch-manufacturer","7":"product_cat-three-side-seal-pouch-manufacturer","8":"pa_non-food-packaging-hotel-supplies-packaging","10":"first","11":"instock","12":"shipping-taxable","13":"product-type-simple"},"acf":[],"_links":{"self":[{"href":"https:\/\/www.stanleypackage.com\/es\/wp-json\/wp\/v2\/product\/3229","targetHints":{"allow":["GET"]}}],"collection":[{"href":"https:\/\/www.stanleypackage.com\/es\/wp-json\/wp\/v2\/product"}],"about":[{"href":"https:\/\/www.stanleypackage.com\/es\/wp-json\/wp\/v2\/types\/product"}],"replies":[{"embeddable":true,"href":"https:\/\/www.stanleypackage.com\/es\/wp-json\/wp\/v2\/comments?post=3229"}],"wp:featuredmedia":[{"embeddable":true,"href":"https:\/\/www.stanleypackage.com\/es\/wp-json\/wp\/v2\/media\/3232"}],"wp:attachment":[{"href":"https:\/\/www.stanleypackage.com\/es\/wp-json\/wp\/v2\/media?parent=3229"}],"wp:term":[{"taxonomy":"product_brand","embeddable":true,"href":"https:\/\/www.stanleypackage.com\/es\/wp-json\/wp\/v2\/product_brand?post=3229"},{"taxonomy":"product_cat","embeddable":true,"href":"https:\/\/www.stanleypackage.com\/es\/wp-json\/wp\/v2\/product_cat?post=3229"},{"taxonomy":"product_tag","embeddable":true,"href":"https:\/\/www.stanleypackage.com\/es\/wp-json\/wp\/v2\/product_tag?post=3229"}],"curies":[{"name":"wp","href":"https:\/\/api.w.org\/{rel}","templated":true}]}}