{"id":3252,"date":"2025-10-08T09:16:51","date_gmt":"2025-10-08T09:16:51","guid":{"rendered":"https:\/\/www.stanleypackage.com\/?post_type=product&#038;p=3252"},"modified":"2025-10-08T09:16:58","modified_gmt":"2025-10-08T09:16:58","slug":"plastic-pouch-with-spout-wholesale","status":"publish","type":"product","link":"https:\/\/www.stanleypackage.com\/es\/product\/plastic-pouch-with-spout-wholesale\/","title":{"rendered":"Bolsa de plastico monomaterial con pico al por mayor para locion"},"content":{"rendered":"<div class=\"wp-block-columns is-layout-flex wp-container-core-columns-is-layout-9d6595d7 wp-block-columns-is-layout-flex\">\n<div class=\"wp-block-column is-layout-flow wp-block-column-is-layout-flow\">\n<h2 class=\"wp-block-heading\">Caracter\u00edsticas de la bolsa de pl\u00e1stico con boquilla al por mayor<\/h2>\n\n\n\n<ul class=\"wp-block-list\">\n<li><strong>Respetuoso con el medio ambiente y reciclable, en l\u00ednea con las tendencias sostenibles: <\/strong>Esta bolsa de pl\u00e1stico con boquilla al por mayor adopta una estructura de un solo material de PE, que es f\u00e1cil de reciclar y satisface la demanda del mercado de protecci\u00f3n ecol\u00f3gica del medio ambiente y desarrollo sostenible.<\/li>\n\n\n\n<li><strong>Dise\u00f1o redondeado de cuatro esquinas: <\/strong>Nuestras bolsas de envasado monomaterial tienen las esquinas redondeadas por los cuatro lados, lo que evita lesiones en las manos al utilizar el producto y mejora la comodidad de uso.<\/li>\n\n\n\n<li><strong>Estructura de llenado inferior para mejorar la eficiencia de llenado: <\/strong>El dise\u00f1o de llenado inferior de esta bolsa de pl\u00e1stico con boquilla al por mayor facilita el llenado r\u00e1pido y el sellado firme de la l\u00ednea de producci\u00f3n, lo que resulta adecuado para procesos de envasado automatizados.<\/li>\n\n\n\n<li><strong>La cubierta de la boquilla tiene una correa de conexi\u00f3n para evitar p\u00e9rdidas: <\/strong>Nuestra tapa de boquilla para bolsas de envasado personalizadas tiene una correa de conexi\u00f3n para evitar que se pierda o se caiga mientras se utiliza. Su cuidado dise\u00f1o mejora la experiencia del usuario.<\/li>\n\n\n\n<li><strong>Apoyar la personalizaci\u00f3n de la marca para satisfacer diversas necesidades de envasado: <\/strong>Nuestra bolsa de pl\u00e1stico con pico al por mayor con la impresi\u00f3n, los patrones, la capacidad, y las especificaciones de la boquilla para satisfacer las necesidades \u00fanicas de envasado de las industrias diversificadas, tales como productos qu\u00edmicos de uso diario, cosm\u00e9ticos y cuidado personal.<\/li>\n<\/ul>\n\n\n\n<div class=\"wp-block-columns is-layout-flex wp-container-core-columns-is-layout-9d6595d7 wp-block-columns-is-layout-flex\">\n<div class=\"wp-block-column is-layout-flow wp-block-column-is-layout-flow\">\n<figure class=\"wp-block-image size-full\"><img decoding=\"async\" width=\"750\" height=\"750\" src=\"https:\/\/www.stanleypackage.com\/wp-content\/uploads\/2025\/10\/Custom-Wholesale-Spout-Pouch-Mono-Material-Packaging-Bags-2.jpg\" alt=\"\" class=\"wp-image-3253\" srcset=\"https:\/\/www.stanleypackage.com\/wp-content\/uploads\/2025\/10\/Custom-Wholesale-Spout-Pouch-Mono-Material-Packaging-Bags-2.jpg 750w, https:\/\/www.stanleypackage.com\/wp-content\/uploads\/2025\/10\/Custom-Wholesale-Spout-Pouch-Mono-Material-Packaging-Bags-2-300x300.jpg 300w, https:\/\/www.stanleypackage.com\/wp-content\/uploads\/2025\/10\/Custom-Wholesale-Spout-Pouch-Mono-Material-Packaging-Bags-2-150x150.jpg 150w, https:\/\/www.stanleypackage.com\/wp-content\/uploads\/2025\/10\/Custom-Wholesale-Spout-Pouch-Mono-Material-Packaging-Bags-2-12x12.jpg 12w, https:\/\/www.stanleypackage.com\/wp-content\/uploads\/2025\/10\/Custom-Wholesale-Spout-Pouch-Mono-Material-Packaging-Bags-2-600x600.jpg 600w, https:\/\/www.stanleypackage.com\/wp-content\/uploads\/2025\/10\/Custom-Wholesale-Spout-Pouch-Mono-Material-Packaging-Bags-2-100x100.jpg 100w\" sizes=\"(max-width: 750px) 100vw, 750px\" \/><\/figure>\n<\/div>\n\n\n\n<div class=\"wp-block-column is-layout-flow wp-block-column-is-layout-flow\">\n<figure class=\"wp-block-image size-full\"><img decoding=\"async\" width=\"750\" height=\"750\" src=\"https:\/\/www.stanleypackage.com\/wp-content\/uploads\/2025\/10\/Custom-Wholesale-Spout-Pouch-Mono-Material-Packaging-Bags-6.jpg\" alt=\"\" class=\"wp-image-3254\" srcset=\"https:\/\/www.stanleypackage.com\/wp-content\/uploads\/2025\/10\/Custom-Wholesale-Spout-Pouch-Mono-Material-Packaging-Bags-6.jpg 750w, https:\/\/www.stanleypackage.com\/wp-content\/uploads\/2025\/10\/Custom-Wholesale-Spout-Pouch-Mono-Material-Packaging-Bags-6-300x300.jpg 300w, https:\/\/www.stanleypackage.com\/wp-content\/uploads\/2025\/10\/Custom-Wholesale-Spout-Pouch-Mono-Material-Packaging-Bags-6-150x150.jpg 150w, https:\/\/www.stanleypackage.com\/wp-content\/uploads\/2025\/10\/Custom-Wholesale-Spout-Pouch-Mono-Material-Packaging-Bags-6-12x12.jpg 12w, https:\/\/www.stanleypackage.com\/wp-content\/uploads\/2025\/10\/Custom-Wholesale-Spout-Pouch-Mono-Material-Packaging-Bags-6-600x600.jpg 600w, https:\/\/www.stanleypackage.com\/wp-content\/uploads\/2025\/10\/Custom-Wholesale-Spout-Pouch-Mono-Material-Packaging-Bags-6-100x100.jpg 100w\" sizes=\"(max-width: 750px) 100vw, 750px\" \/><\/figure>\n<\/div>\n<\/div>\n<\/div>\n<\/div>","protected":false},"excerpt":{"rendered":"<p>Bienvenido a las bolsas de embalaje para pedidos al por mayor. Nuestra bolsa de pl\u00e1stico personalizada monomaterial con boquilla al por mayor tiene esquinas redondeadas en los cuatro lados, lo que evita lesiones en las manos al utilizar el producto. La funda con boquilla viene con un dise\u00f1o de cintur\u00f3n de eslabones para evitar eficazmente que la funda se pierda.<\/p>\n<table style=\"border-collapse: collapse; width: 365.02pt;\" border=\"0\" width=\"365\" cellspacing=\"0\" cellpadding=\"0\">\n<tbody>\n<tr style=\"height: 16.00pt;\">\n<td class=\"et2\" style=\"height: 16.00pt; width: 97.50pt;\" width=\"97\" height=\"16\">Fabricante<\/td>\n<td class=\"et2\" style=\"width: 267.50pt;\" width=\"267\">Stanley<\/td>\n<\/tr>\n<tr style=\"height: 16.00pt;\">\n<td class=\"et2\" style=\"height: 16.00pt; width: 97.50pt;\" width=\"97\" height=\"16\">Tipos de bolsas<\/td>\n<td class=\"et3\">Bolsa de ca\u00f1o<\/td>\n<\/tr>\n<tr style=\"height: 16.00pt;\">\n<td class=\"et2\" style=\"height: 16.00pt; width: 97.50pt;\" width=\"97\" height=\"16\">Material<\/td>\n<td class=\"et2\" style=\"width: 267.50pt;\" width=\"267\">PE (material mono)<\/td>\n<\/tr>\n<tr style=\"height: 16.00pt;\">\n<td class=\"et2\" style=\"height: 16.00pt; width: 97.50pt;\" width=\"97\" height=\"16\">Reportaje especial<\/td>\n<td class=\"et2\" style=\"width: 267.50pt;\" width=\"267\">Boquilla, cierre lateral, reciclable<\/td>\n<\/tr>\n<tr style=\"height: 16.00pt;\">\n<td class=\"et2\" style=\"height: 16.00pt; width: 97.50pt;\" width=\"97\" height=\"16\">Manipulaci\u00f3n de superficies<\/td>\n<td class=\"et2\" style=\"width: 267.50pt;\" width=\"267\">Impresi\u00f3n en huecograbado<\/td>\n<\/tr>\n<tr style=\"height: 16.00pt;\">\n<td class=\"et2\" style=\"height: 16.00pt; width: 97.50pt;\" width=\"97\" height=\"16\">Color<\/td>\n<td class=\"et2\" style=\"width: 267.50pt;\" width=\"267\">Impresi\u00f3n a doble cara, hasta 10 colores<\/td>\n<\/tr>\n<tr style=\"height: 16.00pt;\">\n<td class=\"et2\" style=\"height: 16.00pt; width: 97.50pt;\" width=\"97\" height=\"16\">Utilizaci\u00f3n<\/td>\n<td class=\"et2\" style=\"width: 267.50pt;\" width=\"267\">Crema, Loci\u00f3n, Cosm\u00e9tico<\/td>\n<\/tr>\n<tr style=\"height: 16.00pt;\">\n<td class=\"et2\" style=\"height: 16.00pt; width: 97.50pt;\" width=\"97\" height=\"16\">MOQ<\/td>\n<td class=\"et2\" style=\"width: 267.50pt;\" width=\"267\">50.000 unidades<\/td>\n<\/tr>\n<tr style=\"height: 16.00pt;\">\n<td class=\"et2\" style=\"height: 16.00pt; width: 97.50pt;\" width=\"97\" height=\"16\">Pedido a medida<\/td>\n<td class=\"et2\" style=\"width: 267.50pt;\" width=\"267\">Aceptamos OEM, Soporte Muestra gratis<\/td>\n<\/tr>\n<\/tbody>\n<\/table>","protected":false},"featured_media":3255,"comment_status":"closed","ping_status":"closed","template":"","meta":{"_acf_changed":false},"product_brand":[],"product_cat":[32],"product_tag":[],"class_list":{"0":"post-3252","1":"product","2":"type-product","3":"status-publish","4":"has-post-thumbnail","6":"product_cat-spout-pouch-manufacturer","7":"pa_material-mono-material","8":"pa_non-food-packaging-cosmetic-packaging-pouches","9":"pa_non-food-packaging-hotel-supplies-packaging","11":"first","12":"instock","13":"shipping-taxable","14":"product-type-simple"},"acf":[],"_links":{"self":[{"href":"https:\/\/www.stanleypackage.com\/es\/wp-json\/wp\/v2\/product\/3252","targetHints":{"allow":["GET"]}}],"collection":[{"href":"https:\/\/www.stanleypackage.com\/es\/wp-json\/wp\/v2\/product"}],"about":[{"href":"https:\/\/www.stanleypackage.com\/es\/wp-json\/wp\/v2\/types\/product"}],"replies":[{"embeddable":true,"href":"https:\/\/www.stanleypackage.com\/es\/wp-json\/wp\/v2\/comments?post=3252"}],"wp:featuredmedia":[{"embeddable":true,"href":"https:\/\/www.stanleypackage.com\/es\/wp-json\/wp\/v2\/media\/3255"}],"wp:attachment":[{"href":"https:\/\/www.stanleypackage.com\/es\/wp-json\/wp\/v2\/media?parent=3252"}],"wp:term":[{"taxonomy":"product_brand","embeddable":true,"href":"https:\/\/www.stanleypackage.com\/es\/wp-json\/wp\/v2\/product_brand?post=3252"},{"taxonomy":"product_cat","embeddable":true,"href":"https:\/\/www.stanleypackage.com\/es\/wp-json\/wp\/v2\/product_cat?post=3252"},{"taxonomy":"product_tag","embeddable":true,"href":"https:\/\/www.stanleypackage.com\/es\/wp-json\/wp\/v2\/product_tag?post=3252"}],"curies":[{"name":"wp","href":"https:\/\/api.w.org\/{rel}","templated":true}]}}