{"id":3277,"date":"2025-10-14T10:06:27","date_gmt":"2025-10-14T10:06:27","guid":{"rendered":"https:\/\/www.stanleypackage.com\/?post_type=product&#038;p=3277"},"modified":"2025-10-14T10:06:34","modified_gmt":"2025-10-14T10:06:34","slug":"printed-pouches-wholesale","status":"publish","type":"product","link":"https:\/\/www.stanleypackage.com\/es\/product\/printed-pouches-wholesale\/","title":{"rendered":"Bolsas impresas personalizadas al por mayor para mascarillas faciales y cosm\u00e9ticos"},"content":{"rendered":"<div class=\"wp-block-columns is-layout-flex wp-container-core-columns-is-layout-9d6595d7 wp-block-columns-is-layout-flex\">\n<div class=\"wp-block-column is-layout-flow wp-block-column-is-layout-flow\">\n<h2 class=\"wp-block-heading\">Caracter\u00edsticas de las bolsas impresas personalizadas al por mayor<\/h2>\n\n\n\n<ul class=\"wp-block-list\">\n<li><strong>Dise\u00f1o especial, forma llamativa: <\/strong>Nuestras bolsas impresas personalizadas al por mayor para mascarillas faciales ofrecen una gran variedad de contornos y tipos de bolsa personalizados, rompiendo las limitaciones del envasado tradicional y mejorando el reconocimiento de marca y el atractivo en el lineal.<\/li>\n\n\n\n<li><strong>Estructura de material de alto rendimiento:<\/strong> Nuestras bolsas personalizadas para el envasado de m\u00e1scaras faciales utilizan material compuesto de tres capas PET12\/AL7\/PE82, que tiene buenas propiedades de barrera, y previene eficazmente la p\u00e9rdida de agua.<\/li>\n\n\n\n<li><strong>Dise\u00f1o f\u00e1cil de rasgar, f\u00e1cil de abrir: <\/strong>Estas bolsas impresas personalizadas al por mayor est\u00e1n equipadas con un dise\u00f1o Easy Tear Notch, que resulta c\u00f3modo para que los consumidores las abran f\u00e1cilmente sin necesidad de herramientas auxiliares, lo que mejora la experiencia del usuario.<\/li>\n\n\n\n<li><strong>El servicio personalizado satisface las necesidades:\u00a0<\/strong>Ofrecemos una variedad de opciones de personalizaci\u00f3n para la bolsa de envasado de m\u00e1scaras faciales, y podemos dise\u00f1ar diferentes formas, tama\u00f1os y patrones de impresi\u00f3n de acuerdo a las necesidades del cliente para mejorar la personalizaci\u00f3n de la marca y la competitividad en el mercado.<\/li>\n\n\n\n<li><strong>Ampliamente aplicado a diversos productos: <\/strong>Nuestras bolsas impresas personalizadas al por mayor que proporcionamos pueden aplicarse ampliamente a diversos productos, como crema para los ojos, champ\u00fa, cuidado de la piel, gelatina, etc.<\/li>\n<\/ul>\n\n\n\n<div class=\"wp-block-columns is-layout-flex wp-container-core-columns-is-layout-9d6595d7 wp-block-columns-is-layout-flex\">\n<div class=\"wp-block-column is-layout-flow wp-block-column-is-layout-flow\">\n<figure class=\"wp-block-image size-full\"><img decoding=\"async\" width=\"750\" height=\"750\" src=\"https:\/\/www.stanleypackage.com\/wp-content\/uploads\/2025\/10\/Custom-Daily-Chemical-Bag-Wholesale-Packaging-Bag-For-Face-Mask.jpg\" alt=\"\" class=\"wp-image-3278\" srcset=\"https:\/\/www.stanleypackage.com\/wp-content\/uploads\/2025\/10\/Custom-Daily-Chemical-Bag-Wholesale-Packaging-Bag-For-Face-Mask.jpg 750w, https:\/\/www.stanleypackage.com\/wp-content\/uploads\/2025\/10\/Custom-Daily-Chemical-Bag-Wholesale-Packaging-Bag-For-Face-Mask-300x300.jpg 300w, https:\/\/www.stanleypackage.com\/wp-content\/uploads\/2025\/10\/Custom-Daily-Chemical-Bag-Wholesale-Packaging-Bag-For-Face-Mask-150x150.jpg 150w, https:\/\/www.stanleypackage.com\/wp-content\/uploads\/2025\/10\/Custom-Daily-Chemical-Bag-Wholesale-Packaging-Bag-For-Face-Mask-12x12.jpg 12w, https:\/\/www.stanleypackage.com\/wp-content\/uploads\/2025\/10\/Custom-Daily-Chemical-Bag-Wholesale-Packaging-Bag-For-Face-Mask-600x600.jpg 600w, https:\/\/www.stanleypackage.com\/wp-content\/uploads\/2025\/10\/Custom-Daily-Chemical-Bag-Wholesale-Packaging-Bag-For-Face-Mask-100x100.jpg 100w\" sizes=\"(max-width: 750px) 100vw, 750px\" \/><\/figure>\n<\/div>\n\n\n\n<div class=\"wp-block-column is-layout-flow wp-block-column-is-layout-flow\">\n<figure class=\"wp-block-image size-full\"><img decoding=\"async\" width=\"750\" height=\"750\" src=\"https:\/\/www.stanleypackage.com\/wp-content\/uploads\/2025\/10\/Custom-Daily-Chemical-Bag-Wholesale-Packaging-Bag-For-Face-Mask-5.jpg\" alt=\"\" class=\"wp-image-3279\" srcset=\"https:\/\/www.stanleypackage.com\/wp-content\/uploads\/2025\/10\/Custom-Daily-Chemical-Bag-Wholesale-Packaging-Bag-For-Face-Mask-5.jpg 750w, https:\/\/www.stanleypackage.com\/wp-content\/uploads\/2025\/10\/Custom-Daily-Chemical-Bag-Wholesale-Packaging-Bag-For-Face-Mask-5-300x300.jpg 300w, https:\/\/www.stanleypackage.com\/wp-content\/uploads\/2025\/10\/Custom-Daily-Chemical-Bag-Wholesale-Packaging-Bag-For-Face-Mask-5-150x150.jpg 150w, https:\/\/www.stanleypackage.com\/wp-content\/uploads\/2025\/10\/Custom-Daily-Chemical-Bag-Wholesale-Packaging-Bag-For-Face-Mask-5-12x12.jpg 12w, https:\/\/www.stanleypackage.com\/wp-content\/uploads\/2025\/10\/Custom-Daily-Chemical-Bag-Wholesale-Packaging-Bag-For-Face-Mask-5-600x600.jpg 600w, https:\/\/www.stanleypackage.com\/wp-content\/uploads\/2025\/10\/Custom-Daily-Chemical-Bag-Wholesale-Packaging-Bag-For-Face-Mask-5-100x100.jpg 100w\" sizes=\"(max-width: 750px) 100vw, 750px\" \/><\/figure>\n<\/div>\n<\/div>\n<\/div>\n<\/div>","protected":false},"excerpt":{"rendered":"<p>Bienvenido a pedir bolsas impresas personalizadas al por mayor. Esta bolsa de embalaje en forma de m\u00e1scara facial personalizado est\u00e1 hecho de material compuesto de alta resistencia, que tiene buenas propiedades de barrera y evita eficazmente la p\u00e9rdida de agua, adecuado para diversos productos en la vida.<\/p>\n<table style=\"border-collapse: collapse; width: 365.02pt;\" border=\"0\" width=\"365\" cellspacing=\"0\" cellpadding=\"0\">\n<tbody>\n<tr style=\"height: 16.00pt;\">\n<td class=\"et2\" style=\"height: 16.00pt; width: 97.50pt;\" width=\"97\" height=\"16\">Fabricante<\/td>\n<td class=\"et2\" style=\"width: 267.50pt;\" width=\"267\">Stanley<\/td>\n<\/tr>\n<tr style=\"height: 16.00pt;\">\n<td class=\"et2\" style=\"height: 16.00pt; width: 97.50pt;\" width=\"97\" height=\"16\">Tipos de bolsas<\/td>\n<td class=\"et3\">Bolsa con forma especial, bolsa con cierre por 3 lados<\/td>\n<\/tr>\n<tr style=\"height: 16.00pt;\">\n<td class=\"et2\" style=\"height: 16.00pt; width: 97.50pt;\" width=\"97\" height=\"16\">Material<\/td>\n<td class=\"et2\" style=\"width: 267.50pt;\" width=\"267\">PET12\/AL7\/PE82<\/td>\n<\/tr>\n<tr style=\"height: 31.00pt;\">\n<td class=\"et2\" style=\"height: 31.00pt; width: 97.50pt;\" width=\"97\" height=\"31\">Reportaje especial<\/td>\n<td class=\"et2\" style=\"width: 267.50pt;\" width=\"267\">Muesca Easy Tear, forma especial<\/td>\n<\/tr>\n<tr style=\"height: 16.00pt;\">\n<td class=\"et2\" style=\"height: 16.00pt; width: 97.50pt;\" width=\"97\" height=\"16\">Manipulaci\u00f3n de superficies<\/td>\n<td class=\"et2\" style=\"width: 267.50pt;\" width=\"267\">Impresi\u00f3n en huecograbado<\/td>\n<\/tr>\n<tr style=\"height: 16.00pt;\">\n<td class=\"et2\" style=\"height: 16.00pt; width: 97.50pt;\" width=\"97\" height=\"16\">Color<\/td>\n<td class=\"et2\" style=\"width: 267.50pt;\" width=\"267\">Hasta 10 colores<\/td>\n<\/tr>\n<tr style=\"height: 16.00pt;\">\n<td class=\"et2\" style=\"height: 16.00pt; width: 97.50pt;\" width=\"97\" height=\"16\">Utilizaci\u00f3n<\/td>\n<td class=\"et2\" style=\"width: 267.50pt;\" width=\"267\">crema para los ojos, champ\u00fa, cuidado de la piel, gelatina<\/td>\n<\/tr>\n<tr style=\"height: 16.00pt;\">\n<td class=\"et2\" style=\"height: 16.00pt; width: 97.50pt;\" width=\"97\" height=\"16\">MOQ<\/td>\n<td class=\"et2\" style=\"width: 267.50pt;\" width=\"267\">50.000 unidades<\/td>\n<\/tr>\n<tr style=\"height: 16.00pt;\">\n<td class=\"et2\" style=\"height: 16.00pt; width: 97.50pt;\" width=\"97\" height=\"16\">Pedido a medida<\/td>\n<td class=\"et2\" style=\"width: 267.50pt;\" width=\"267\">Acepta OEM , Soporte Muestra gratis<\/td>\n<\/tr>\n<\/tbody>\n<\/table>","protected":false},"featured_media":3280,"comment_status":"closed","ping_status":"closed","template":"","meta":{"_acf_changed":false},"product_brand":[],"product_cat":[22,31,28],"product_tag":[],"class_list":{"0":"post-3277","1":"product","2":"type-product","3":"status-publish","4":"has-post-thumbnail","6":"product_cat-shaped-pouches-factory","7":"product_cat-lay-flat-pouch-manufacturer","8":"product_cat-three-side-seal-pouch-manufacturer","9":"pa_non-food-packaging-cosmetic-packaging-pouches","11":"first","12":"instock","13":"shipping-taxable","14":"product-type-simple"},"acf":[],"_links":{"self":[{"href":"https:\/\/www.stanleypackage.com\/es\/wp-json\/wp\/v2\/product\/3277","targetHints":{"allow":["GET"]}}],"collection":[{"href":"https:\/\/www.stanleypackage.com\/es\/wp-json\/wp\/v2\/product"}],"about":[{"href":"https:\/\/www.stanleypackage.com\/es\/wp-json\/wp\/v2\/types\/product"}],"replies":[{"embeddable":true,"href":"https:\/\/www.stanleypackage.com\/es\/wp-json\/wp\/v2\/comments?post=3277"}],"wp:featuredmedia":[{"embeddable":true,"href":"https:\/\/www.stanleypackage.com\/es\/wp-json\/wp\/v2\/media\/3280"}],"wp:attachment":[{"href":"https:\/\/www.stanleypackage.com\/es\/wp-json\/wp\/v2\/media?parent=3277"}],"wp:term":[{"taxonomy":"product_brand","embeddable":true,"href":"https:\/\/www.stanleypackage.com\/es\/wp-json\/wp\/v2\/product_brand?post=3277"},{"taxonomy":"product_cat","embeddable":true,"href":"https:\/\/www.stanleypackage.com\/es\/wp-json\/wp\/v2\/product_cat?post=3277"},{"taxonomy":"product_tag","embeddable":true,"href":"https:\/\/www.stanleypackage.com\/es\/wp-json\/wp\/v2\/product_tag?post=3277"}],"curies":[{"name":"wp","href":"https:\/\/api.w.org\/{rel}","templated":true}]}}