{"id":3284,"date":"2025-10-14T10:14:12","date_gmt":"2025-10-14T10:14:12","guid":{"rendered":"https:\/\/www.stanleypackage.com\/?post_type=product&#038;p=3284"},"modified":"2025-10-14T10:14:20","modified_gmt":"2025-10-14T10:14:20","slug":"liquid-detergent-packaging","status":"publish","type":"product","link":"https:\/\/www.stanleypackage.com\/es\/product\/liquid-detergent-packaging\/","title":{"rendered":"Envases a medida de detergente l\u00edquido con orificios para asas"},"content":{"rendered":"<div class=\"wp-block-columns is-layout-flex wp-container-core-columns-is-layout-9d6595d7 wp-block-columns-is-layout-flex\">\n<div class=\"wp-block-column is-layout-flow wp-block-column-is-layout-flow\">\n<h2 class=\"wp-block-heading\">Caracter\u00edsticas de los envases de detergente l\u00edquido con boquilla a medida<\/h2>\n\n\n\n<ul class=\"wp-block-list\">\n<li><strong>Dise\u00f1o de boquilla de succi\u00f3n, f\u00e1cil de verter: <\/strong>Estas bolsas con boquilla para detergente l\u00edquido al por mayor est\u00e1n equipadas con una boquilla de f\u00e1cil vertido, que es m\u00e1s limpia e higi\u00e9nica de usar y evita los derrames.<\/li>\n\n\n\n<li><strong>Fondo autoportante, exposici\u00f3n estable: <\/strong>El dise\u00f1o de pie de estas bolsas de detergente personalizadas no es f\u00e1cil de volcar, lo que resulta pr\u00e1ctico para el almacenamiento dom\u00e9stico.<\/li>\n\n\n\n<li><strong>Impresi\u00f3n a doble cara, visualmente excepcional:<\/strong> Nuestros envases personalizados de detergente l\u00edquido con pico admiten tecnolog\u00eda de impresi\u00f3n en huecograbado de hasta 10 colores, lo que muestra la imagen de gama alta de la marca y atrae la atenci\u00f3n de los consumidores.<\/li>\n\n\n\n<li><strong>Estructura de material multicapa, fuerte barrera:<\/strong> Nuestras bolsas a medida para detergente utilizan materiales compuestos PET12\/BAPA15\/MBPE170, con buenas propiedades de resistencia a la humedad, al ox\u00edgeno y a la perforaci\u00f3n.<\/li>\n\n\n\n<li><strong>Ampliamente utilizado, adecuado para una variedad de productos de limpieza:<\/strong> Estos envases de detergente l\u00edquido con boquilla al por mayor son adecuados para una gran variedad de productos qu\u00edmicos de uso diario, como detergente para la ropa, detergente en polvo, jab\u00f3n l\u00edquido, suavizante, etc.<\/li>\n\n\n\n<li><strong>Adaptarse al llenado autom\u00e1tico: <\/strong>Estas bolsas a medida para detergente son adecuadas para l\u00edneas de producci\u00f3n de llenado automatizado con el fin de mejorar la eficacia del envasado y la consistencia del producto.<\/li>\n\n\n\n<li><strong>Equipado con un orificio de transporte: <\/strong>Nuestras bolsas de ca\u00f1o alto est\u00e1n equipadas con un orificio de transporte, lo que las hace c\u00f3modas de llevar y no causan molestias en la mano.<\/li>\n<\/ul>\n\n\n\n<div class=\"wp-block-columns is-layout-flex wp-container-core-columns-is-layout-9d6595d7 wp-block-columns-is-layout-flex\">\n<div class=\"wp-block-column is-layout-flow wp-block-column-is-layout-flow\">\n<figure class=\"wp-block-image size-full\"><img decoding=\"async\" width=\"750\" height=\"750\" src=\"https:\/\/www.stanleypackage.com\/wp-content\/uploads\/2025\/10\/Stand-Up-Spouted-Pouches-Wholesale-Packaging-Bag-For-Laundry-Detergent-2.jpg\" alt=\"\" class=\"wp-image-3286\" srcset=\"https:\/\/www.stanleypackage.com\/wp-content\/uploads\/2025\/10\/Stand-Up-Spouted-Pouches-Wholesale-Packaging-Bag-For-Laundry-Detergent-2.jpg 750w, https:\/\/www.stanleypackage.com\/wp-content\/uploads\/2025\/10\/Stand-Up-Spouted-Pouches-Wholesale-Packaging-Bag-For-Laundry-Detergent-2-300x300.jpg 300w, https:\/\/www.stanleypackage.com\/wp-content\/uploads\/2025\/10\/Stand-Up-Spouted-Pouches-Wholesale-Packaging-Bag-For-Laundry-Detergent-2-150x150.jpg 150w, https:\/\/www.stanleypackage.com\/wp-content\/uploads\/2025\/10\/Stand-Up-Spouted-Pouches-Wholesale-Packaging-Bag-For-Laundry-Detergent-2-12x12.jpg 12w, https:\/\/www.stanleypackage.com\/wp-content\/uploads\/2025\/10\/Stand-Up-Spouted-Pouches-Wholesale-Packaging-Bag-For-Laundry-Detergent-2-600x600.jpg 600w, https:\/\/www.stanleypackage.com\/wp-content\/uploads\/2025\/10\/Stand-Up-Spouted-Pouches-Wholesale-Packaging-Bag-For-Laundry-Detergent-2-100x100.jpg 100w\" sizes=\"(max-width: 750px) 100vw, 750px\" \/><\/figure>\n<\/div>\n\n\n\n<div class=\"wp-block-column is-layout-flow wp-block-column-is-layout-flow\">\n<figure class=\"wp-block-image size-full\"><img decoding=\"async\" width=\"750\" height=\"750\" src=\"https:\/\/www.stanleypackage.com\/wp-content\/uploads\/2025\/10\/Stand-Up-Spouted-Pouches-Wholesale-Packaging-Bag-For-Laundry-Detergent-3.jpg\" alt=\"\" class=\"wp-image-3287\" srcset=\"https:\/\/www.stanleypackage.com\/wp-content\/uploads\/2025\/10\/Stand-Up-Spouted-Pouches-Wholesale-Packaging-Bag-For-Laundry-Detergent-3.jpg 750w, https:\/\/www.stanleypackage.com\/wp-content\/uploads\/2025\/10\/Stand-Up-Spouted-Pouches-Wholesale-Packaging-Bag-For-Laundry-Detergent-3-300x300.jpg 300w, https:\/\/www.stanleypackage.com\/wp-content\/uploads\/2025\/10\/Stand-Up-Spouted-Pouches-Wholesale-Packaging-Bag-For-Laundry-Detergent-3-150x150.jpg 150w, https:\/\/www.stanleypackage.com\/wp-content\/uploads\/2025\/10\/Stand-Up-Spouted-Pouches-Wholesale-Packaging-Bag-For-Laundry-Detergent-3-12x12.jpg 12w, https:\/\/www.stanleypackage.com\/wp-content\/uploads\/2025\/10\/Stand-Up-Spouted-Pouches-Wholesale-Packaging-Bag-For-Laundry-Detergent-3-600x600.jpg 600w, https:\/\/www.stanleypackage.com\/wp-content\/uploads\/2025\/10\/Stand-Up-Spouted-Pouches-Wholesale-Packaging-Bag-For-Laundry-Detergent-3-100x100.jpg 100w\" sizes=\"(max-width: 750px) 100vw, 750px\" \/><\/figure>\n<\/div>\n<\/div>\n<\/div>\n<\/div>","protected":false},"excerpt":{"rendered":"<p>Bienvenido a solicitar envases personalizados impresos para detergente l\u00edquido. Estas bolsas de detergente personalizadas de primera calidad al por mayor tienen un excelente sellado y durabilidad, est\u00e1n equipadas con un orificio de transporte y un dise\u00f1o de fondo estable de pie, ampliamente utilizado en el envasado de productos de limpieza tales como detergente para la ropa, detergente en polvo, jab\u00f3n l\u00edquido, etc.<\/p>\n<table style=\"border-collapse: collapse; width: 365.02pt;\" border=\"0\" width=\"365\" cellspacing=\"0\" cellpadding=\"0\">\n<tbody>\n<tr style=\"height: 16.00pt;\">\n<td class=\"et2\" style=\"height: 16.00pt; width: 97.50pt;\" width=\"97\" height=\"16\">Fabricante<\/td>\n<td class=\"et2\" style=\"width: 267.50pt;\" width=\"267\">Stanley<\/td>\n<\/tr>\n<tr style=\"height: 16.00pt;\">\n<td class=\"et2\" style=\"height: 16.00pt; width: 97.50pt;\" width=\"97\" height=\"16\">Tipos de bolsas<\/td>\n<td class=\"et2\" style=\"width: 267.50pt;\" width=\"267\">Bolsa de ca\u00f1o, Bolsa de pie<\/td>\n<\/tr>\n<tr style=\"height: 16.00pt;\">\n<td class=\"et2\" style=\"height: 16.00pt; width: 97.50pt;\" width=\"97\" height=\"16\">Material<\/td>\n<td class=\"et2\" style=\"width: 267.50pt;\" width=\"267\">PET12\/BOPA15\/MBPE120<\/td>\n<\/tr>\n<tr style=\"height: 16.00pt;\">\n<td class=\"et2\" style=\"height: 16.00pt; width: 97.50pt;\" width=\"97\" height=\"16\">Reportaje especial<\/td>\n<td class=\"et2\" style=\"width: 267.50pt;\" width=\"267\">Vertedor, fondo autoportante, agujero de transporte<\/td>\n<\/tr>\n<tr style=\"height: 16.00pt;\">\n<td class=\"et2\" style=\"height: 16.00pt; width: 97.50pt;\" width=\"97\" height=\"16\">Manipulaci\u00f3n de superficies<\/td>\n<td class=\"et2\" style=\"width: 267.50pt;\" width=\"267\">Impresi\u00f3n en huecograbado<\/td>\n<\/tr>\n<tr style=\"height: 16.00pt;\">\n<td class=\"et2\" style=\"height: 16.00pt; width: 97.50pt;\" width=\"97\" height=\"16\">Color<\/td>\n<td class=\"et2\" style=\"width: 267.50pt;\" width=\"267\">Impresi\u00f3n a doble cara, hasta 10 colores<\/td>\n<\/tr>\n<tr style=\"height: 16.00pt;\">\n<td class=\"et2\" style=\"height: 16.00pt; width: 97.50pt;\" width=\"97\" height=\"16\">Utilizaci\u00f3n<\/td>\n<td class=\"et2\" style=\"width: 267.50pt;\" width=\"267\">Detergente, detergente en polvo, jab\u00f3n l\u00edquido<\/td>\n<\/tr>\n<tr style=\"height: 16.00pt;\">\n<td class=\"et2\" style=\"height: 16.00pt; width: 97.50pt;\" width=\"97\" height=\"16\">MOQ<\/td>\n<td class=\"et2\" style=\"width: 267.50pt;\" width=\"267\">50.000 unidades<\/td>\n<\/tr>\n<tr style=\"height: 16.00pt;\">\n<td class=\"et2\" style=\"height: 16.00pt; width: 97.50pt;\" width=\"97\" height=\"16\">Pedido a medida<\/td>\n<td class=\"et2\" style=\"width: 267.50pt;\" width=\"267\">Acepta OEM , Soporte Muestra gratis<\/td>\n<\/tr>\n<\/tbody>\n<\/table>","protected":false},"featured_media":3288,"comment_status":"closed","ping_status":"closed","template":"","meta":{"_acf_changed":false},"product_brand":[],"product_cat":[32,30],"product_tag":[],"class_list":{"0":"post-3284","1":"product","2":"type-product","3":"status-publish","4":"has-post-thumbnail","6":"product_cat-spout-pouch-manufacturer","7":"product_cat-stand-up-pouch-manufacturer","8":"pa_non-food-packaging-soap-detergent-pouches","10":"first","11":"instock","12":"shipping-taxable","13":"product-type-simple"},"acf":[],"_links":{"self":[{"href":"https:\/\/www.stanleypackage.com\/es\/wp-json\/wp\/v2\/product\/3284","targetHints":{"allow":["GET"]}}],"collection":[{"href":"https:\/\/www.stanleypackage.com\/es\/wp-json\/wp\/v2\/product"}],"about":[{"href":"https:\/\/www.stanleypackage.com\/es\/wp-json\/wp\/v2\/types\/product"}],"replies":[{"embeddable":true,"href":"https:\/\/www.stanleypackage.com\/es\/wp-json\/wp\/v2\/comments?post=3284"}],"wp:featuredmedia":[{"embeddable":true,"href":"https:\/\/www.stanleypackage.com\/es\/wp-json\/wp\/v2\/media\/3288"}],"wp:attachment":[{"href":"https:\/\/www.stanleypackage.com\/es\/wp-json\/wp\/v2\/media?parent=3284"}],"wp:term":[{"taxonomy":"product_brand","embeddable":true,"href":"https:\/\/www.stanleypackage.com\/es\/wp-json\/wp\/v2\/product_brand?post=3284"},{"taxonomy":"product_cat","embeddable":true,"href":"https:\/\/www.stanleypackage.com\/es\/wp-json\/wp\/v2\/product_cat?post=3284"},{"taxonomy":"product_tag","embeddable":true,"href":"https:\/\/www.stanleypackage.com\/es\/wp-json\/wp\/v2\/product_tag?post=3284"}],"curies":[{"name":"wp","href":"https:\/\/api.w.org\/{rel}","templated":true}]}}