{"id":3285,"date":"2025-10-15T00:51:27","date_gmt":"2025-10-15T00:51:27","guid":{"rendered":"https:\/\/www.stanleypackage.com\/?post_type=product&#038;p=3285"},"modified":"2025-10-15T00:51:35","modified_gmt":"2025-10-15T00:51:35","slug":"bulk-liquid-pouch-bag-with-spout","status":"publish","type":"product","link":"https:\/\/www.stanleypackage.com\/es\/product\/bulk-liquid-pouch-bag-with-spout\/","title":{"rendered":"Impresi\u00f3n personalizada Bolsa para l\u00edquidos a granel con boquilla para jab\u00f3n de manos"},"content":{"rendered":"<div class=\"wp-block-columns is-layout-flex wp-container-core-columns-is-layout-9d6595d7 wp-block-columns-is-layout-flex\">\n<div class=\"wp-block-column is-layout-flow wp-block-column-is-layout-flow\">\n<h2 class=\"wp-block-heading\">Caracter\u00edsticas de la bolsa para l\u00edquidos a granel con boquilla<\/h2>\n\n\n\n<ul class=\"wp-block-list\">\n<li><strong>Dise\u00f1o de boquilla de succi\u00f3n, f\u00e1cil de verter: <\/strong>Esta bolsa para l\u00edquidos a granel con boquilla est\u00e1 equipada con una boquilla de vertido f\u00e1cil, que es m\u00e1s limpia e higi\u00e9nica de usar y evita los derrames.<\/li>\n\n\n\n<li><strong>Fondo autoportante, exposici\u00f3n estable: <\/strong>El dise\u00f1o de pie de estas bolsas de detergente personalizadas no es f\u00e1cil de volcar, lo que resulta pr\u00e1ctico para el almacenamiento dom\u00e9stico.<\/li>\n\n\n\n<li><strong>Admite personalizaci\u00f3n de tama\u00f1o e impresi\u00f3n:\u00a0<\/strong>Nuestra bolsa para l\u00edquidos a granel con boquilla impresa a medida puede personalizarse en tama\u00f1o, patr\u00f3n de impresi\u00f3n y detalles del tipo de bolsa seg\u00fan los requisitos del producto para crear una soluci\u00f3n de envasado \u00fanica para la marca.<\/li>\n\n\n\n<li><strong>Estructura de material multicapa, fuerte barrera: <\/strong>Nuestras bolsas personalizadas para jab\u00f3n de manos utilizan materiales compuestos PET12\/BOPA15\/MBPE120, con buenas propiedades a prueba de humedad, ox\u00edgeno y pinchazos.<\/li>\n\n\n\n<li><strong>Ampliamente utilizado, adecuado para una variedad de productos de limpieza:<\/strong> Estas bolsas para l\u00edquidos a granel a medida con boquilla son adecuadas para una gran variedad de productos qu\u00edmicos de uso diario, como detergente para la ropa, detergente en polvo, suavizante, etc.<\/li>\n\n\n\n<li><strong>Bienvenido a las bolsas con boquilla de pie personalizadas. Este bolso l\u00edquido a granel superior de la bolsa con el canal\u00f3n tiene lacre y durabilidad excelentes, se equipa de un dise\u00f1o inferior derecho estable, ampliamente utilizado en el empaquetado de los productos de limpieza tales como detergente, detergente en polvo, suavizante, etc. del lavadero.<\/strong>Estas bolsas con boquilla personalizadas para jab\u00f3n de manos son adecuadas para las l\u00edneas de producci\u00f3n de llenado autom\u00e1tico, ya que mejoran la eficacia del envasado y la consistencia del producto.<\/li>\n<\/ul>\n\n\n\n<div class=\"wp-block-columns is-layout-flex wp-container-core-columns-is-layout-9d6595d7 wp-block-columns-is-layout-flex\">\n<div class=\"wp-block-column is-layout-flow wp-block-column-is-layout-flow\">\n<figure class=\"wp-block-image size-full\"><img decoding=\"async\" width=\"750\" height=\"750\" src=\"https:\/\/www.stanleypackage.com\/wp-content\/uploads\/2025\/10\/Custom-Stand-Up-Spouted-Pouches-Wholesale-For-Children-Hand-Soap-3.jpg\" alt=\"\" class=\"wp-image-3292\" srcset=\"https:\/\/www.stanleypackage.com\/wp-content\/uploads\/2025\/10\/Custom-Stand-Up-Spouted-Pouches-Wholesale-For-Children-Hand-Soap-3.jpg 750w, https:\/\/www.stanleypackage.com\/wp-content\/uploads\/2025\/10\/Custom-Stand-Up-Spouted-Pouches-Wholesale-For-Children-Hand-Soap-3-300x300.jpg 300w, https:\/\/www.stanleypackage.com\/wp-content\/uploads\/2025\/10\/Custom-Stand-Up-Spouted-Pouches-Wholesale-For-Children-Hand-Soap-3-150x150.jpg 150w, https:\/\/www.stanleypackage.com\/wp-content\/uploads\/2025\/10\/Custom-Stand-Up-Spouted-Pouches-Wholesale-For-Children-Hand-Soap-3-12x12.jpg 12w, https:\/\/www.stanleypackage.com\/wp-content\/uploads\/2025\/10\/Custom-Stand-Up-Spouted-Pouches-Wholesale-For-Children-Hand-Soap-3-600x600.jpg 600w, https:\/\/www.stanleypackage.com\/wp-content\/uploads\/2025\/10\/Custom-Stand-Up-Spouted-Pouches-Wholesale-For-Children-Hand-Soap-3-100x100.jpg 100w\" sizes=\"(max-width: 750px) 100vw, 750px\" \/><\/figure>\n<\/div>\n\n\n\n<div class=\"wp-block-column is-layout-flow wp-block-column-is-layout-flow\">\n<figure class=\"wp-block-image size-full\"><img decoding=\"async\" width=\"750\" height=\"750\" src=\"https:\/\/www.stanleypackage.com\/wp-content\/uploads\/2025\/10\/Custom-Stand-Up-Spouted-Pouches-Wholesale-For-Children-Hand-Soap-5.jpg\" alt=\"\" class=\"wp-image-3293\" srcset=\"https:\/\/www.stanleypackage.com\/wp-content\/uploads\/2025\/10\/Custom-Stand-Up-Spouted-Pouches-Wholesale-For-Children-Hand-Soap-5.jpg 750w, https:\/\/www.stanleypackage.com\/wp-content\/uploads\/2025\/10\/Custom-Stand-Up-Spouted-Pouches-Wholesale-For-Children-Hand-Soap-5-300x300.jpg 300w, https:\/\/www.stanleypackage.com\/wp-content\/uploads\/2025\/10\/Custom-Stand-Up-Spouted-Pouches-Wholesale-For-Children-Hand-Soap-5-150x150.jpg 150w, https:\/\/www.stanleypackage.com\/wp-content\/uploads\/2025\/10\/Custom-Stand-Up-Spouted-Pouches-Wholesale-For-Children-Hand-Soap-5-12x12.jpg 12w, https:\/\/www.stanleypackage.com\/wp-content\/uploads\/2025\/10\/Custom-Stand-Up-Spouted-Pouches-Wholesale-For-Children-Hand-Soap-5-600x600.jpg 600w, https:\/\/www.stanleypackage.com\/wp-content\/uploads\/2025\/10\/Custom-Stand-Up-Spouted-Pouches-Wholesale-For-Children-Hand-Soap-5-100x100.jpg 100w\" sizes=\"(max-width: 750px) 100vw, 750px\" \/><\/figure>\n<\/div>\n<\/div>\n<\/div>\n<\/div>","protected":false},"excerpt":{"rendered":"<p>Bienvenido a las bolsas con boquilla de pie personalizadas. Este bolso l\u00edquido a granel superior de la bolsa con el canal\u00f3n tiene lacre y durabilidad excelentes, se equipa de un dise\u00f1o inferior derecho estable, ampliamente utilizado en el empaquetado de los productos de limpieza tales como detergente, detergente en polvo, suavizante, etc. del lavadero.<\/p>\n<table style=\"border-collapse: collapse; width: 365.02pt;\" border=\"0\" width=\"365\" cellspacing=\"0\" cellpadding=\"0\">\n<tbody>\n<tr style=\"height: 16.00pt;\">\n<td class=\"et2\" style=\"height: 16.00pt; width: 97.50pt;\" width=\"97\" height=\"16\">Fabricante<\/td>\n<td class=\"et2\" style=\"width: 267.50pt;\" width=\"267\">Stanley<\/td>\n<\/tr>\n<tr style=\"height: 16.00pt;\">\n<td class=\"et2\" style=\"height: 16.00pt; width: 97.50pt;\" width=\"97\" height=\"16\">Tipos de bolsas<\/td>\n<td class=\"et2\" style=\"width: 267.50pt;\" width=\"267\">Bolsa de ca\u00f1o, Bolsa de pie<\/td>\n<\/tr>\n<tr style=\"height: 16.00pt;\">\n<td class=\"et2\" style=\"height: 16.00pt; width: 97.50pt;\" width=\"97\" height=\"16\">Material<\/td>\n<td class=\"et2\" style=\"width: 267.50pt;\" width=\"267\">PET12\/BOPA15\/MBPE120<\/td>\n<\/tr>\n<tr style=\"height: 16.00pt;\">\n<td class=\"et2\" style=\"height: 16.00pt; width: 97.50pt;\" width=\"97\" height=\"16\">Reportaje especial<\/td>\n<td class=\"et2\" style=\"width: 267.50pt;\" width=\"267\">Vertedor, fondo autoportante<\/td>\n<\/tr>\n<tr style=\"height: 16.00pt;\">\n<td class=\"et2\" style=\"height: 16.00pt; width: 97.50pt;\" width=\"97\" height=\"16\">Manipulaci\u00f3n de superficies<\/td>\n<td class=\"et2\" style=\"width: 267.50pt;\" width=\"267\">Impresi\u00f3n en huecograbado<\/td>\n<\/tr>\n<tr style=\"height: 16.00pt;\">\n<td class=\"et2\" style=\"height: 16.00pt; width: 97.50pt;\" width=\"97\" height=\"16\">Color<\/td>\n<td class=\"et2\" style=\"width: 267.50pt;\" width=\"267\">Impresi\u00f3n a doble cara, hasta 10 colores<\/td>\n<\/tr>\n<tr style=\"height: 16.00pt;\">\n<td class=\"et2\" style=\"height: 16.00pt; width: 97.50pt;\" width=\"97\" height=\"16\">Utilizaci\u00f3n<\/td>\n<td class=\"et2\" style=\"width: 267.50pt;\" width=\"267\">Detergente para ropa, detergente en polvo,<\/td>\n<\/tr>\n<tr style=\"height: 16.00pt;\">\n<td class=\"et2\" style=\"height: 16.00pt; width: 97.50pt;\" width=\"97\" height=\"16\">MOQ<\/td>\n<td class=\"et2\" style=\"width: 267.50pt;\" width=\"267\">50.000 unidades<\/td>\n<\/tr>\n<tr style=\"height: 16.00pt;\">\n<td class=\"et2\" style=\"height: 16.00pt; width: 97.50pt;\" width=\"97\" height=\"16\">Pedido a medida<\/td>\n<td class=\"et2\" style=\"width: 267.50pt;\" width=\"267\">Acepta OEM , Soporte Muestra gratis<\/td>\n<\/tr>\n<\/tbody>\n<\/table>","protected":false},"featured_media":3294,"comment_status":"closed","ping_status":"closed","template":"","meta":{"_acf_changed":false},"product_brand":[],"product_cat":[32,30],"product_tag":[],"class_list":{"0":"post-3285","1":"product","2":"type-product","3":"status-publish","4":"has-post-thumbnail","6":"product_cat-spout-pouch-manufacturer","7":"product_cat-stand-up-pouch-manufacturer","8":"pa_non-food-packaging-soap-detergent-pouches","10":"first","11":"instock","12":"shipping-taxable","13":"product-type-simple"},"acf":[],"_links":{"self":[{"href":"https:\/\/www.stanleypackage.com\/es\/wp-json\/wp\/v2\/product\/3285","targetHints":{"allow":["GET"]}}],"collection":[{"href":"https:\/\/www.stanleypackage.com\/es\/wp-json\/wp\/v2\/product"}],"about":[{"href":"https:\/\/www.stanleypackage.com\/es\/wp-json\/wp\/v2\/types\/product"}],"replies":[{"embeddable":true,"href":"https:\/\/www.stanleypackage.com\/es\/wp-json\/wp\/v2\/comments?post=3285"}],"wp:featuredmedia":[{"embeddable":true,"href":"https:\/\/www.stanleypackage.com\/es\/wp-json\/wp\/v2\/media\/3294"}],"wp:attachment":[{"href":"https:\/\/www.stanleypackage.com\/es\/wp-json\/wp\/v2\/media?parent=3285"}],"wp:term":[{"taxonomy":"product_brand","embeddable":true,"href":"https:\/\/www.stanleypackage.com\/es\/wp-json\/wp\/v2\/product_brand?post=3285"},{"taxonomy":"product_cat","embeddable":true,"href":"https:\/\/www.stanleypackage.com\/es\/wp-json\/wp\/v2\/product_cat?post=3285"},{"taxonomy":"product_tag","embeddable":true,"href":"https:\/\/www.stanleypackage.com\/es\/wp-json\/wp\/v2\/product_tag?post=3285"}],"curies":[{"name":"wp","href":"https:\/\/api.w.org\/{rel}","templated":true}]}}