{"id":3299,"date":"2025-10-15T01:21:27","date_gmt":"2025-10-15T01:21:27","guid":{"rendered":"https:\/\/www.stanleypackage.com\/?post_type=product&#038;p=3299"},"modified":"2025-10-15T01:21:58","modified_gmt":"2025-10-15T01:21:58","slug":"custom-standup-pouches-with-spout","status":"publish","type":"product","link":"https:\/\/www.stanleypackage.com\/es\/product\/custom-standup-pouches-with-spout\/","title":{"rendered":"Envases de Loci\u00f3n al por Mayor, Bolsas de Loci\u00f3n Personalizadas con Boquilla"},"content":{"rendered":"<div class=\"wp-block-columns is-layout-flex wp-container-core-columns-is-layout-9d6595d7 wp-block-columns-is-layout-flex\">\n<div class=\"wp-block-column is-layout-flow wp-block-column-is-layout-flow\">\n<h2 class=\"wp-block-heading\">Caracter\u00edsticas de las bolsas de pie personalizadas con boquilla<\/h2>\n\n\n\n<ul class=\"wp-block-list\">\n<li><strong>Cuatro esquinas redondeadas y dise\u00f1o de boca integrado:<\/strong> Nuestras bolsas de pie personalizadas con vertedor presentan esquinas redondeadas en los cuatro lados, lo que las hace seguras de sujetar. Adem\u00e1s, el dise\u00f1o de tap\u00f3n integrado nos ahorra la molestia de desenroscar la tapa durante el llenado, y tambi\u00e9n es reciclable.<\/li>\n\n\n\n<li><strong>Excelente rendimiento de barrera: <\/strong>La capa de aluminio de este envase en bolsa para loci\u00f3n personalizado tiene excelentes funciones de protecci\u00f3n contra la luz, la humedad y la oxidaci\u00f3n, que protegen totalmente el contenido y prolongan la vida \u00fatil del producto.<\/li>\n\n\n\n<li><strong>Ideal para gel, crema y loci\u00f3n: <\/strong>Nuestras bolsas personalizadas con boquilla son adecuadas para productos semifluidos como gel de aloe vera, crema facial, loci\u00f3n corporal, etc. La estructura de la boquilla es conveniente para el llenado y el uso, y la experiencia del usuario es amigable.<\/li>\n\n\n\n<li><strong>Estructura multicapa duradera:<\/strong> Nuestros envases en bolsa para lociones personalizados adoptan una estructura PET12\/AL7\/PE105, que es resistente a la presi\u00f3n, al desgarro y a las fugas, adecuada para todo tipo de necesidades de envasado y transporte de productos para el cuidado de la piel.<\/li>\n\n\n\n<li><strong>Impresi\u00f3n personalizada de marcas:<\/strong> Nuestras bolsas de pie personalizadas con boquilla admiten impresi\u00f3n personalizada a todo color, y el LOGOTIPO, el dise\u00f1o y el texto pueden presentarse con precisi\u00f3n para ayudar a la comunicaci\u00f3n visual de la marca.<\/li>\n<\/ul>\n\n\n\n<div class=\"wp-block-columns is-layout-flex wp-container-core-columns-is-layout-9d6595d7 wp-block-columns-is-layout-flex\">\n<div class=\"wp-block-column is-layout-flow wp-block-column-is-layout-flow\">\n<figure class=\"wp-block-image size-full\"><img decoding=\"async\" width=\"750\" height=\"750\" src=\"https:\/\/www.stanleypackage.com\/wp-content\/uploads\/2025\/10\/Custom-Print-Spout-Bags-\uff0cWholesale-Cosmetic-Pouch-Packaging-4.jpg\" alt=\"\" class=\"wp-image-3300\" srcset=\"https:\/\/www.stanleypackage.com\/wp-content\/uploads\/2025\/10\/Custom-Print-Spout-Bags-\uff0cWholesale-Cosmetic-Pouch-Packaging-4.jpg 750w, https:\/\/www.stanleypackage.com\/wp-content\/uploads\/2025\/10\/Custom-Print-Spout-Bags-\uff0cWholesale-Cosmetic-Pouch-Packaging-4-300x300.jpg 300w, https:\/\/www.stanleypackage.com\/wp-content\/uploads\/2025\/10\/Custom-Print-Spout-Bags-\uff0cWholesale-Cosmetic-Pouch-Packaging-4-150x150.jpg 150w, https:\/\/www.stanleypackage.com\/wp-content\/uploads\/2025\/10\/Custom-Print-Spout-Bags-\uff0cWholesale-Cosmetic-Pouch-Packaging-4-12x12.jpg 12w, https:\/\/www.stanleypackage.com\/wp-content\/uploads\/2025\/10\/Custom-Print-Spout-Bags-\uff0cWholesale-Cosmetic-Pouch-Packaging-4-600x600.jpg 600w, https:\/\/www.stanleypackage.com\/wp-content\/uploads\/2025\/10\/Custom-Print-Spout-Bags-\uff0cWholesale-Cosmetic-Pouch-Packaging-4-100x100.jpg 100w\" sizes=\"(max-width: 750px) 100vw, 750px\" \/><\/figure>\n<\/div>\n\n\n\n<div class=\"wp-block-column is-layout-flow wp-block-column-is-layout-flow\">\n<figure class=\"wp-block-image size-full\"><img decoding=\"async\" width=\"750\" height=\"750\" src=\"https:\/\/www.stanleypackage.com\/wp-content\/uploads\/2025\/10\/Custom-Print-Spout-Bags-\uff0cWholesale-Cosmetic-Pouch-Packaging-7.jpg\" alt=\"\" class=\"wp-image-3301\" srcset=\"https:\/\/www.stanleypackage.com\/wp-content\/uploads\/2025\/10\/Custom-Print-Spout-Bags-\uff0cWholesale-Cosmetic-Pouch-Packaging-7.jpg 750w, https:\/\/www.stanleypackage.com\/wp-content\/uploads\/2025\/10\/Custom-Print-Spout-Bags-\uff0cWholesale-Cosmetic-Pouch-Packaging-7-300x300.jpg 300w, https:\/\/www.stanleypackage.com\/wp-content\/uploads\/2025\/10\/Custom-Print-Spout-Bags-\uff0cWholesale-Cosmetic-Pouch-Packaging-7-150x150.jpg 150w, https:\/\/www.stanleypackage.com\/wp-content\/uploads\/2025\/10\/Custom-Print-Spout-Bags-\uff0cWholesale-Cosmetic-Pouch-Packaging-7-12x12.jpg 12w, https:\/\/www.stanleypackage.com\/wp-content\/uploads\/2025\/10\/Custom-Print-Spout-Bags-\uff0cWholesale-Cosmetic-Pouch-Packaging-7-600x600.jpg 600w, https:\/\/www.stanleypackage.com\/wp-content\/uploads\/2025\/10\/Custom-Print-Spout-Bags-\uff0cWholesale-Cosmetic-Pouch-Packaging-7-100x100.jpg 100w\" sizes=\"(max-width: 750px) 100vw, 750px\" \/><\/figure>\n<\/div>\n<\/div>\n<\/div>\n<\/div>","protected":false},"excerpt":{"rendered":"<p>Le damos la bienvenida a su pedido de bolsas personalizadas con boquilla. Esta bolsa de loci\u00f3n personalizada utiliza pel\u00edcula de impresi\u00f3n mate de aluminio puro, que tiene una textura de alta calidad y un excelente rendimiento de barrera. Admite servicio de impresi\u00f3n personalizada.<\/p>\n<table style=\"border-collapse: collapse; width: 334.02pt;\" border=\"0\" width=\"334\" cellspacing=\"0\" cellpadding=\"0\">\n<tbody>\n<tr style=\"height: 16.00pt;\">\n<td class=\"et2\" style=\"height: 16.00pt; width: 97.50pt;\" width=\"97\" height=\"16\">Fabricante<\/td>\n<td class=\"et2\" style=\"width: 236.80pt;\" width=\"236\">Stanley<\/td>\n<\/tr>\n<tr style=\"height: 16.00pt;\">\n<td class=\"et2\" style=\"height: 16.00pt; width: 97.50pt;\" width=\"97\" height=\"16\">Tipos de bolsas<\/td>\n<td class=\"et3\">Bolsa con boquilla, Bolsa plana<\/td>\n<\/tr>\n<tr style=\"height: 16.00pt;\">\n<td class=\"et2\" style=\"height: 16.00pt; width: 97.50pt;\" width=\"97\" height=\"16\">Material<\/td>\n<td class=\"et2\" style=\"width: 236.80pt;\" width=\"236\">PET12\/AL7\/PE105<\/td>\n<\/tr>\n<tr style=\"height: 16.00pt;\">\n<td class=\"et2\" style=\"height: 16.00pt; width: 97.50pt;\" width=\"97\" height=\"16\">Reportaje especial<\/td>\n<td class=\"et2\" style=\"width: 236.80pt;\" width=\"236\">Boquilla, llenado inferior<\/td>\n<\/tr>\n<tr style=\"height: 16.00pt;\">\n<td class=\"et2\" style=\"height: 16.00pt; width: 97.50pt;\" width=\"97\" height=\"16\">Manipulaci\u00f3n de superficies<\/td>\n<td class=\"et2\" style=\"width: 236.80pt;\" width=\"236\">Impresi\u00f3n en huecograbado<\/td>\n<\/tr>\n<tr style=\"height: 16.00pt;\">\n<td class=\"et2\" style=\"height: 16.00pt; width: 97.50pt;\" width=\"97\" height=\"16\">Color<\/td>\n<td class=\"et2\" style=\"width: 236.80pt;\" width=\"236\">Hasta 10 colores<\/td>\n<\/tr>\n<tr style=\"height: 16.00pt;\">\n<td class=\"et2\" style=\"height: 16.00pt; width: 97.50pt;\" width=\"97\" height=\"16\">Utilizaci\u00f3n<\/td>\n<td class=\"et3\">Gel, Crema, Loci\u00f3n<\/td>\n<\/tr>\n<tr style=\"height: 16.00pt;\">\n<td class=\"et2\" style=\"height: 16.00pt; width: 97.50pt;\" width=\"97\" height=\"16\">MOQ<\/td>\n<td class=\"et2\" style=\"width: 236.80pt;\" width=\"236\">50.000 unidades<\/td>\n<\/tr>\n<tr style=\"height: 16.00pt;\">\n<td class=\"et2\" style=\"height: 16.00pt; width: 97.50pt;\" width=\"97\" height=\"16\">Pedido a medida<\/td>\n<td class=\"et2\" style=\"width: 236.80pt;\" width=\"236\">Acepta OEM , Soporte Muestra gratis<\/td>\n<\/tr>\n<\/tbody>\n<\/table>","protected":false},"featured_media":3302,"comment_status":"closed","ping_status":"closed","template":"","meta":{"_acf_changed":false},"product_brand":[],"product_cat":[32],"product_tag":[],"class_list":{"0":"post-3299","1":"product","2":"type-product","3":"status-publish","4":"has-post-thumbnail","6":"product_cat-spout-pouch-manufacturer","7":"pa_non-food-packaging-cosmetic-packaging-pouches","9":"first","10":"instock","11":"shipping-taxable","12":"product-type-simple"},"acf":[],"_links":{"self":[{"href":"https:\/\/www.stanleypackage.com\/es\/wp-json\/wp\/v2\/product\/3299","targetHints":{"allow":["GET"]}}],"collection":[{"href":"https:\/\/www.stanleypackage.com\/es\/wp-json\/wp\/v2\/product"}],"about":[{"href":"https:\/\/www.stanleypackage.com\/es\/wp-json\/wp\/v2\/types\/product"}],"replies":[{"embeddable":true,"href":"https:\/\/www.stanleypackage.com\/es\/wp-json\/wp\/v2\/comments?post=3299"}],"wp:featuredmedia":[{"embeddable":true,"href":"https:\/\/www.stanleypackage.com\/es\/wp-json\/wp\/v2\/media\/3302"}],"wp:attachment":[{"href":"https:\/\/www.stanleypackage.com\/es\/wp-json\/wp\/v2\/media?parent=3299"}],"wp:term":[{"taxonomy":"product_brand","embeddable":true,"href":"https:\/\/www.stanleypackage.com\/es\/wp-json\/wp\/v2\/product_brand?post=3299"},{"taxonomy":"product_cat","embeddable":true,"href":"https:\/\/www.stanleypackage.com\/es\/wp-json\/wp\/v2\/product_cat?post=3299"},{"taxonomy":"product_tag","embeddable":true,"href":"https:\/\/www.stanleypackage.com\/es\/wp-json\/wp\/v2\/product_tag?post=3299"}],"curies":[{"name":"wp","href":"https:\/\/api.w.org\/{rel}","templated":true}]}}