{"id":3321,"date":"2025-10-15T01:31:40","date_gmt":"2025-10-15T01:31:40","guid":{"rendered":"https:\/\/www.stanleypackage.com\/?post_type=product&#038;p=3321"},"modified":"2025-10-15T01:31:47","modified_gmt":"2025-10-15T01:31:47","slug":"custom-drink-pouches-with-spout","status":"publish","type":"product","link":"https:\/\/www.stanleypackage.com\/es\/product\/custom-drink-pouches-with-spout\/","title":{"rendered":"Bolsas de bebida personalizadas monomaterial con boquilla y fondo vertical"},"content":{"rendered":"<div class=\"wp-block-columns is-layout-flex wp-container-core-columns-is-layout-9d6595d7 wp-block-columns-is-layout-flex\">\n<div class=\"wp-block-column is-layout-flow wp-block-column-is-layout-flow\">\n<h2 class=\"wp-block-heading\">Caracter\u00edsticas de las bolsas para bebidas personalizadas monomaterial con boquilla<\/h2>\n\n\n\n<ul class=\"wp-block-list\">\n<li><strong>Ecol\u00f3gico y reciclable para tendencias sostenibles:<\/strong> Estas bolsas personalizadas para bebidas con boquilla adoptan una estructura de un solo material de PE, que es f\u00e1cil de reciclar y satisface la demanda del mercado de protecci\u00f3n ecol\u00f3gica del medio ambiente y desarrollo sostenible.<\/li>\n\n\n\n<li><strong>Dise\u00f1o de boquilla de succi\u00f3n, uso preciso: <\/strong>Estas bolsas de zumo personalizadas al por mayor cuentan con una boquilla de succi\u00f3n que permite a los clientes controlar con precisi\u00f3n la cantidad de aplicaci\u00f3n, minimizando los residuos y mejorando la experiencia de los clientes.<\/li>\n\n\n\n<li><strong>Estructura de llenado inferior para mejorar la eficiencia de llenado: <\/strong>El dise\u00f1o de llenado inferior de estas bolsas personalizadas para bebidas con boquilla facilita el llenado r\u00e1pido y el sellado firme de la l\u00ednea de producci\u00f3n, lo que resulta id\u00f3neo para procesos de envasado automatizados.<\/li>\n\n\n\n<li><strong>Admite la adici\u00f3n de diversos accesorios:<\/strong> Nuestras bolsas de bebida personalizadas monomaterial con boquilla admiten la adici\u00f3n de diversos accesorios, como cremalleras, v\u00e1lvulas, orificios de supermercado, etc.<\/li>\n\n\n\n<li><strong>Apoyar la personalizaci\u00f3n de la marca para satisfacer diversas necesidades de envasado: <\/strong>Apoyamos la venta al por mayor de bolsas de zumo personalizadas con especificaciones de impresi\u00f3n, patrones, capacidad y boquillas para satisfacer las necesidades \u00fanicas de envasado de los clientes.<\/li>\n<\/ul>\n\n\n\n<div class=\"wp-block-columns is-layout-flex wp-container-core-columns-is-layout-9d6595d7 wp-block-columns-is-layout-flex\">\n<div class=\"wp-block-column is-layout-flow wp-block-column-is-layout-flow\">\n<figure class=\"wp-block-image size-full\"><img decoding=\"async\" width=\"750\" height=\"750\" src=\"https:\/\/www.stanleypackage.com\/wp-content\/uploads\/2025\/10\/Mono-Material-Custom-Spouted-Pouches-Wholesale-Spouted-Packaging-Bag-2.jpg\" alt=\"\" class=\"wp-image-3322\" srcset=\"https:\/\/www.stanleypackage.com\/wp-content\/uploads\/2025\/10\/Mono-Material-Custom-Spouted-Pouches-Wholesale-Spouted-Packaging-Bag-2.jpg 750w, https:\/\/www.stanleypackage.com\/wp-content\/uploads\/2025\/10\/Mono-Material-Custom-Spouted-Pouches-Wholesale-Spouted-Packaging-Bag-2-300x300.jpg 300w, https:\/\/www.stanleypackage.com\/wp-content\/uploads\/2025\/10\/Mono-Material-Custom-Spouted-Pouches-Wholesale-Spouted-Packaging-Bag-2-150x150.jpg 150w, https:\/\/www.stanleypackage.com\/wp-content\/uploads\/2025\/10\/Mono-Material-Custom-Spouted-Pouches-Wholesale-Spouted-Packaging-Bag-2-12x12.jpg 12w, https:\/\/www.stanleypackage.com\/wp-content\/uploads\/2025\/10\/Mono-Material-Custom-Spouted-Pouches-Wholesale-Spouted-Packaging-Bag-2-600x600.jpg 600w, https:\/\/www.stanleypackage.com\/wp-content\/uploads\/2025\/10\/Mono-Material-Custom-Spouted-Pouches-Wholesale-Spouted-Packaging-Bag-2-100x100.jpg 100w\" sizes=\"(max-width: 750px) 100vw, 750px\" \/><\/figure>\n<\/div>\n\n\n\n<div class=\"wp-block-column is-layout-flow wp-block-column-is-layout-flow\">\n<figure class=\"wp-block-image size-full\"><img decoding=\"async\" width=\"750\" height=\"750\" src=\"https:\/\/www.stanleypackage.com\/wp-content\/uploads\/2025\/10\/Mono-Material-Custom-Spouted-Pouches-Wholesale-Spouted-Packaging-Bag-6.jpg\" alt=\"\" class=\"wp-image-3323\" srcset=\"https:\/\/www.stanleypackage.com\/wp-content\/uploads\/2025\/10\/Mono-Material-Custom-Spouted-Pouches-Wholesale-Spouted-Packaging-Bag-6.jpg 750w, https:\/\/www.stanleypackage.com\/wp-content\/uploads\/2025\/10\/Mono-Material-Custom-Spouted-Pouches-Wholesale-Spouted-Packaging-Bag-6-300x300.jpg 300w, https:\/\/www.stanleypackage.com\/wp-content\/uploads\/2025\/10\/Mono-Material-Custom-Spouted-Pouches-Wholesale-Spouted-Packaging-Bag-6-150x150.jpg 150w, https:\/\/www.stanleypackage.com\/wp-content\/uploads\/2025\/10\/Mono-Material-Custom-Spouted-Pouches-Wholesale-Spouted-Packaging-Bag-6-12x12.jpg 12w, https:\/\/www.stanleypackage.com\/wp-content\/uploads\/2025\/10\/Mono-Material-Custom-Spouted-Pouches-Wholesale-Spouted-Packaging-Bag-6-600x600.jpg 600w, https:\/\/www.stanleypackage.com\/wp-content\/uploads\/2025\/10\/Mono-Material-Custom-Spouted-Pouches-Wholesale-Spouted-Packaging-Bag-6-100x100.jpg 100w\" sizes=\"(max-width: 750px) 100vw, 750px\" \/><\/figure>\n<\/div>\n<\/div>\n<\/div>\n<\/div>","protected":false},"excerpt":{"rendered":"<p>Bienvenido a comprar bolsas personalizadas para bebidas con pico. Nuestras bolsas de zumo personalizadas monomaterial al por mayor ofrecen un envase ecol\u00f3gico y duradero con un vertido f\u00e1cil y una base estable. Personalizables y disponibles para suministro a granel.<\/p>\n<table style=\"border-collapse: collapse; width: 365.02pt;\" border=\"0\" width=\"365\" cellspacing=\"0\" cellpadding=\"0\">\n<tbody>\n<tr style=\"height: 16.00pt;\">\n<td class=\"et2\" style=\"height: 16.00pt; width: 97.50pt;\" width=\"97\" height=\"16\">Fabricante<\/td>\n<td class=\"et2\" style=\"width: 267.50pt;\" width=\"267\">Stanley<\/td>\n<\/tr>\n<tr style=\"height: 16.00pt;\">\n<td class=\"et2\" style=\"height: 16.00pt; width: 97.50pt;\" width=\"97\" height=\"16\">Tipos de bolsas<\/td>\n<td class=\"et3\">Bolsa de ca\u00f1o<\/td>\n<\/tr>\n<tr style=\"height: 16.00pt;\">\n<td class=\"et2\" style=\"height: 16.00pt; width: 97.50pt;\" width=\"97\" height=\"16\">Material<\/td>\n<td class=\"et2\" style=\"width: 267.50pt;\" width=\"267\">PE (material mono)<\/td>\n<\/tr>\n<tr style=\"height: 16.00pt;\">\n<td class=\"et2\" style=\"height: 16.00pt; width: 97.50pt;\" width=\"97\" height=\"16\">Reportaje especial<\/td>\n<td class=\"et2\" style=\"width: 267.50pt;\" width=\"267\">Boquilla, llenado inferior, reciclable<\/td>\n<\/tr>\n<tr style=\"height: 16.00pt;\">\n<td class=\"et2\" style=\"height: 16.00pt; width: 97.50pt;\" width=\"97\" height=\"16\">Manipulaci\u00f3n de superficies<\/td>\n<td class=\"et2\" style=\"width: 267.50pt;\" width=\"267\">Impresi\u00f3n en huecograbado<\/td>\n<\/tr>\n<tr style=\"height: 16.00pt;\">\n<td class=\"et2\" style=\"height: 16.00pt; width: 97.50pt;\" width=\"97\" height=\"16\">Color<\/td>\n<td class=\"et2\" style=\"width: 267.50pt;\" width=\"267\">Hasta 10 colores<\/td>\n<\/tr>\n<tr style=\"height: 16.00pt;\">\n<td class=\"et2\" style=\"height: 16.00pt; width: 97.50pt;\" width=\"97\" height=\"16\">Utilizaci\u00f3n<\/td>\n<td class=\"et2\" style=\"width: 267.50pt;\" width=\"267\">Caf\u00e9, Bebida, Vino, Salsa<\/td>\n<\/tr>\n<tr style=\"height: 16.00pt;\">\n<td class=\"et2\" style=\"height: 16.00pt; width: 97.50pt;\" width=\"97\" height=\"16\">MOQ<\/td>\n<td class=\"et2\" style=\"width: 267.50pt;\" width=\"267\">50.000 unidades<\/td>\n<\/tr>\n<tr style=\"height: 16.00pt;\">\n<td class=\"et2\" style=\"height: 16.00pt; width: 97.50pt;\" width=\"97\" height=\"16\">Pedido a medida<\/td>\n<td class=\"et2\" style=\"width: 267.50pt;\" width=\"267\">Aceptamos OEM, Soporte Muestra gratis<\/td>\n<\/tr>\n<\/tbody>\n<\/table>","protected":false},"featured_media":3324,"comment_status":"closed","ping_status":"closed","template":"","meta":{"_acf_changed":false},"product_brand":[],"product_cat":[32,30],"product_tag":[],"class_list":{"0":"post-3321","1":"product","2":"type-product","3":"status-publish","4":"has-post-thumbnail","6":"product_cat-spout-pouch-manufacturer","7":"product_cat-stand-up-pouch-manufacturer","8":"pa_food-packaging-drink-beverage-pouch","9":"pa_material-mono-material","11":"first","12":"instock","13":"shipping-taxable","14":"product-type-simple"},"acf":[],"_links":{"self":[{"href":"https:\/\/www.stanleypackage.com\/es\/wp-json\/wp\/v2\/product\/3321","targetHints":{"allow":["GET"]}}],"collection":[{"href":"https:\/\/www.stanleypackage.com\/es\/wp-json\/wp\/v2\/product"}],"about":[{"href":"https:\/\/www.stanleypackage.com\/es\/wp-json\/wp\/v2\/types\/product"}],"replies":[{"embeddable":true,"href":"https:\/\/www.stanleypackage.com\/es\/wp-json\/wp\/v2\/comments?post=3321"}],"wp:featuredmedia":[{"embeddable":true,"href":"https:\/\/www.stanleypackage.com\/es\/wp-json\/wp\/v2\/media\/3324"}],"wp:attachment":[{"href":"https:\/\/www.stanleypackage.com\/es\/wp-json\/wp\/v2\/media?parent=3321"}],"wp:term":[{"taxonomy":"product_brand","embeddable":true,"href":"https:\/\/www.stanleypackage.com\/es\/wp-json\/wp\/v2\/product_brand?post=3321"},{"taxonomy":"product_cat","embeddable":true,"href":"https:\/\/www.stanleypackage.com\/es\/wp-json\/wp\/v2\/product_cat?post=3321"},{"taxonomy":"product_tag","embeddable":true,"href":"https:\/\/www.stanleypackage.com\/es\/wp-json\/wp\/v2\/product_tag?post=3321"}],"curies":[{"name":"wp","href":"https:\/\/api.w.org\/{rel}","templated":true}]}}