{"id":3329,"date":"2025-10-15T01:41:20","date_gmt":"2025-10-15T01:41:20","guid":{"rendered":"https:\/\/www.stanleypackage.com\/?post_type=product&#038;p=3329"},"modified":"2025-10-15T01:41:27","modified_gmt":"2025-10-15T01:41:27","slug":"wholesale-spouted-pouch","status":"publish","type":"product","link":"https:\/\/www.stanleypackage.com\/es\/product\/wholesale-spouted-pouch\/","title":{"rendered":"Mayorista Bolsa con Boquilla, Bolsa para Loci\u00f3n Corporal con Impresi\u00f3n Personalizada"},"content":{"rendered":"<div class=\"wp-block-columns is-layout-flex wp-container-core-columns-is-layout-9d6595d7 wp-block-columns-is-layout-flex\">\n<div class=\"wp-block-column is-layout-flow wp-block-column-is-layout-flow\">\n<h2 class=\"wp-block-heading\">Caracter\u00edsticas de la bolsa con boquilla al por mayor personalizada<\/h2>\n\n\n\n<ul class=\"wp-block-list\">\n<li><strong>Adecuado para una gran variedad de productos: <\/strong>Nuestras bolsas con pico impresas al por mayor son adecuadas para una gran variedad de productos, como champ\u00fa, acondicionador, productos para el cuidado de la piel, crema para los ojos, etc.<\/li>\n\n\n\n<li><strong>El dise\u00f1o de la boquilla es c\u00f3modo de usar:<\/strong> El dise\u00f1o de la boquilla de estas bolsas impresas a medida facilita un control preciso de la cantidad utilizada cada vez, evitando desperdicios y siendo m\u00e1s higi\u00e9nicas.<\/li>\n\n\n\n<li><strong>Estructura de aluminio puro, embalaje peque\u00f1o:<\/strong> Nuestras bolsas con pico al por mayor est\u00e1n fabricadas con una estructura de aluminio puro, que ofrece propiedades de barrera m\u00e1s fuertes y puede evitar la penetraci\u00f3n de la luz, el ox\u00edgeno y la humedad. Y el paquete es peque\u00f1o, por lo que es conveniente para llevar a todas partes cuando se sale.<\/li>\n\n\n\n<li><strong>El servicio personalizado satisface las necesidades: <\/strong>Ofrecemos diversas opciones de personalizaci\u00f3n para los envases de bolsa al por mayor, y podemos dise\u00f1ar diferentes formas, tama\u00f1os y patrones de impresi\u00f3n seg\u00fan las necesidades del cliente para mejorar la personalizaci\u00f3n de la marca y la competitividad en el mercado.<\/li>\n\n\n\n<li><strong>Adecuado para una gran variedad de productos de cuidado personal: <\/strong>Nuestras bolsas con boquilla impresas al por mayor son adecuadas para las necesidades de envasado de productos de viaje, hoteler\u00eda y cuidado diario.<\/li>\n<\/ul>\n\n\n\n<div class=\"wp-block-columns is-layout-flex wp-container-core-columns-is-layout-9d6595d7 wp-block-columns-is-layout-flex\">\n<div class=\"wp-block-column is-layout-flow wp-block-column-is-layout-flow\">\n<figure class=\"wp-block-image size-full\"><img decoding=\"async\" width=\"750\" height=\"750\" src=\"https:\/\/www.stanleypackage.com\/wp-content\/uploads\/2025\/10\/Custom-Printed-Pouches-With-Spout-Wholesale-Personal-Care-Bag-2.jpg\" alt=\"\" class=\"wp-image-3330\" srcset=\"https:\/\/www.stanleypackage.com\/wp-content\/uploads\/2025\/10\/Custom-Printed-Pouches-With-Spout-Wholesale-Personal-Care-Bag-2.jpg 750w, https:\/\/www.stanleypackage.com\/wp-content\/uploads\/2025\/10\/Custom-Printed-Pouches-With-Spout-Wholesale-Personal-Care-Bag-2-300x300.jpg 300w, https:\/\/www.stanleypackage.com\/wp-content\/uploads\/2025\/10\/Custom-Printed-Pouches-With-Spout-Wholesale-Personal-Care-Bag-2-150x150.jpg 150w, https:\/\/www.stanleypackage.com\/wp-content\/uploads\/2025\/10\/Custom-Printed-Pouches-With-Spout-Wholesale-Personal-Care-Bag-2-12x12.jpg 12w, https:\/\/www.stanleypackage.com\/wp-content\/uploads\/2025\/10\/Custom-Printed-Pouches-With-Spout-Wholesale-Personal-Care-Bag-2-600x600.jpg 600w, https:\/\/www.stanleypackage.com\/wp-content\/uploads\/2025\/10\/Custom-Printed-Pouches-With-Spout-Wholesale-Personal-Care-Bag-2-100x100.jpg 100w\" sizes=\"(max-width: 750px) 100vw, 750px\" \/><\/figure>\n<\/div>\n\n\n\n<div class=\"wp-block-column is-layout-flow wp-block-column-is-layout-flow\">\n<figure class=\"wp-block-image size-full\"><img decoding=\"async\" width=\"750\" height=\"750\" src=\"https:\/\/www.stanleypackage.com\/wp-content\/uploads\/2025\/10\/Custom-Printed-Pouches-With-Spout-Wholesale-Personal-Care-Bag-5.jpg\" alt=\"\" class=\"wp-image-3331\" srcset=\"https:\/\/www.stanleypackage.com\/wp-content\/uploads\/2025\/10\/Custom-Printed-Pouches-With-Spout-Wholesale-Personal-Care-Bag-5.jpg 750w, https:\/\/www.stanleypackage.com\/wp-content\/uploads\/2025\/10\/Custom-Printed-Pouches-With-Spout-Wholesale-Personal-Care-Bag-5-300x300.jpg 300w, https:\/\/www.stanleypackage.com\/wp-content\/uploads\/2025\/10\/Custom-Printed-Pouches-With-Spout-Wholesale-Personal-Care-Bag-5-150x150.jpg 150w, https:\/\/www.stanleypackage.com\/wp-content\/uploads\/2025\/10\/Custom-Printed-Pouches-With-Spout-Wholesale-Personal-Care-Bag-5-12x12.jpg 12w, https:\/\/www.stanleypackage.com\/wp-content\/uploads\/2025\/10\/Custom-Printed-Pouches-With-Spout-Wholesale-Personal-Care-Bag-5-600x600.jpg 600w, https:\/\/www.stanleypackage.com\/wp-content\/uploads\/2025\/10\/Custom-Printed-Pouches-With-Spout-Wholesale-Personal-Care-Bag-5-100x100.jpg 100w\" sizes=\"(max-width: 750px) 100vw, 750px\" \/><\/figure>\n<\/div>\n<\/div>\n<\/div>\n<\/div>","protected":false},"excerpt":{"rendered":"<p>Bienvenido a pedir al por mayor bolsas con pico. Estas bolsas impresas personalizadas con pico est\u00e1n dise\u00f1adas para productos de cuidado personal, que son c\u00f3modos de usar y f\u00e1ciles de llevar.\u00a0<\/p>\n<table style=\"border-collapse: collapse; width: 312.77pt;\" border=\"0\" width=\"417\" cellspacing=\"0\" cellpadding=\"0\">\n<tbody>\n<tr style=\"height: 12.75pt;\">\n<td class=\"et2\" style=\"height: 12.75pt; width: 91.40pt;\" width=\"121\" height=\"17\">Fabricante<\/td>\n<td class=\"et2\" style=\"width: 222.00pt;\" width=\"296\">Stanley<\/td>\n<\/tr>\n<tr style=\"height: 12.75pt;\">\n<td class=\"et2\" style=\"height: 12.75pt; width: 91.40pt;\" width=\"121\" height=\"17\">Tipos de bolsas<\/td>\n<td class=\"et3\">\u00a0Bolsa de ca\u00f1o<\/td>\n<\/tr>\n<tr style=\"height: 12.75pt;\">\n<td class=\"et2\" style=\"height: 12.75pt; width: 91.40pt;\" width=\"121\" height=\"17\">Material<\/td>\n<td class=\"et2\" style=\"width: 222.00pt;\" width=\"296\">PET12\/PET12\/MBPE85<\/td>\n<\/tr>\n<tr style=\"height: 12.75pt;\">\n<td class=\"et2\" style=\"height: 12.75pt; width: 91.40pt;\" width=\"121\" height=\"17\">Reportaje especial<\/td>\n<td class=\"et2\" style=\"width: 222.00pt;\" width=\"296\">Ca\u00f1o<\/td>\n<\/tr>\n<tr style=\"height: 12.75pt;\">\n<td class=\"et2\" style=\"height: 12.75pt; width: 91.40pt;\" width=\"121\" height=\"17\">Manipulaci\u00f3n de superficies<\/td>\n<td class=\"et2\" style=\"width: 222.00pt;\" width=\"296\">Impresi\u00f3n en huecograbado<\/td>\n<\/tr>\n<tr style=\"height: 12.75pt;\">\n<td class=\"et2\" style=\"height: 12.75pt; width: 91.40pt;\" width=\"121\" height=\"17\">Color<\/td>\n<td class=\"et2\" style=\"width: 222.00pt;\" width=\"296\">Hasta 10 colores<\/td>\n<\/tr>\n<tr style=\"height: 12.75pt;\">\n<td class=\"et2\" style=\"height: 12.75pt; width: 91.40pt;\" width=\"121\" height=\"17\">Utilizaci\u00f3n<\/td>\n<td class=\"et3\">Producto de cuidado personal, crema para los ojos, champ\u00fa<\/td>\n<\/tr>\n<tr style=\"height: 12.75pt;\">\n<td class=\"et2\" style=\"height: 12.75pt; width: 91.40pt;\" width=\"121\" height=\"17\">MOQ<\/td>\n<td class=\"et2\" style=\"width: 222.00pt;\" width=\"296\">50.000 unidades<\/td>\n<\/tr>\n<tr style=\"height: 12.75pt;\">\n<td class=\"et2\" style=\"height: 12.75pt; width: 91.40pt;\" width=\"121\" height=\"17\">Pedido a medida<\/td>\n<td class=\"et2\" style=\"width: 222.00pt;\" width=\"296\">Aceptamos OEM, Soporte Muestra gratis<\/td>\n<\/tr>\n<\/tbody>\n<\/table>\n<p>&nbsp;<\/p>","protected":false},"featured_media":3332,"comment_status":"closed","ping_status":"closed","template":"","meta":{"_acf_changed":false},"product_brand":[],"product_cat":[32],"product_tag":[],"class_list":{"0":"post-3329","1":"product","2":"type-product","3":"status-publish","4":"has-post-thumbnail","6":"product_cat-spout-pouch-manufacturer","7":"pa_non-food-packaging-cosmetic-packaging-pouches","8":"pa_non-food-packaging-hotel-supplies-packaging","10":"first","11":"instock","12":"shipping-taxable","13":"product-type-simple"},"acf":[],"_links":{"self":[{"href":"https:\/\/www.stanleypackage.com\/es\/wp-json\/wp\/v2\/product\/3329","targetHints":{"allow":["GET"]}}],"collection":[{"href":"https:\/\/www.stanleypackage.com\/es\/wp-json\/wp\/v2\/product"}],"about":[{"href":"https:\/\/www.stanleypackage.com\/es\/wp-json\/wp\/v2\/types\/product"}],"replies":[{"embeddable":true,"href":"https:\/\/www.stanleypackage.com\/es\/wp-json\/wp\/v2\/comments?post=3329"}],"wp:featuredmedia":[{"embeddable":true,"href":"https:\/\/www.stanleypackage.com\/es\/wp-json\/wp\/v2\/media\/3332"}],"wp:attachment":[{"href":"https:\/\/www.stanleypackage.com\/es\/wp-json\/wp\/v2\/media?parent=3329"}],"wp:term":[{"taxonomy":"product_brand","embeddable":true,"href":"https:\/\/www.stanleypackage.com\/es\/wp-json\/wp\/v2\/product_brand?post=3329"},{"taxonomy":"product_cat","embeddable":true,"href":"https:\/\/www.stanleypackage.com\/es\/wp-json\/wp\/v2\/product_cat?post=3329"},{"taxonomy":"product_tag","embeddable":true,"href":"https:\/\/www.stanleypackage.com\/es\/wp-json\/wp\/v2\/product_tag?post=3329"}],"curies":[{"name":"wp","href":"https:\/\/api.w.org\/{rel}","templated":true}]}}