{"id":3403,"date":"2025-10-20T01:41:12","date_gmt":"2025-10-20T01:41:12","guid":{"rendered":"https:\/\/www.stanleypackage.com\/?post_type=product&#038;p=3403"},"modified":"2025-10-20T01:41:18","modified_gmt":"2025-10-20T01:41:18","slug":"custom-pouch-packaging","status":"publish","type":"product","link":"https:\/\/www.stanleypackage.com\/es\/product\/custom-pouch-packaging\/","title":{"rendered":"Loci\u00f3n Embalaje Bolsa Personalizada, Cosm\u00e9ticos Stand Up Spout Pouch"},"content":{"rendered":"<div class=\"wp-block-columns is-layout-flex wp-container-core-columns-is-layout-9d6595d7 wp-block-columns-is-layout-flex\">\n<div class=\"wp-block-column is-layout-flow wp-block-column-is-layout-flow\">\n<h2 class=\"wp-block-heading\">Caracter\u00edsticas de los envases personalizados para lociones<\/h2>\n\n\n\n<ul class=\"wp-block-list\">\n<li><strong>Adecuado para una gran variedad de productos de limpieza l\u00edquidos: <\/strong>Nuestros envases de bolsa personalizados con pico y fondo vertical son adecuados para productos qu\u00edmicos l\u00edquidos de uso diario como champ\u00fa, acondicionador, gel de ducha, etc., y se utilizan ampliamente en supermercados y canales de belleza.<\/li>\n\n\n\n<li><strong>El dise\u00f1o de la boquilla es c\u00f3modo de usar: <\/strong>El dise\u00f1o de la boquilla de esta bolsa con boquilla de pie personalizada facilita el control preciso de la cantidad utilizada cada vez, evitando el desperdicio y siendo m\u00e1s higi\u00e9nica.<\/li>\n\n\n\n<li><strong>El dise\u00f1o de la bolsa de pie ahorra espacio: <\/strong>Estos envases de bolsa personalizados tienen un dise\u00f1o estable, son f\u00e1ciles de exponer, almacenar y transportar, y resultan especialmente adecuados para viajes y venta al por menor.<\/li>\n\n\n\n<li><strong>El servicio personalizado satisface las necesidades:<\/strong> Ofrecemos una gran variedad de opciones de personalizaci\u00f3n para la bolsa con boquilla de pie a medida, y podemos dise\u00f1ar diferentes formas, tama\u00f1os y patrones de impresi\u00f3n seg\u00fan las necesidades del cliente para mejorar la personalizaci\u00f3n de la marca y la competitividad en el mercado.<\/li>\n\n\n\n<li><strong>Dise\u00f1o de esquinas redondeadas, seguro para las manos: <\/strong>Nuestros envases de bolsa personalizados con boquilla presentan un dise\u00f1o de bordes redondeados, que es menos probable que da\u00f1e las manos, mejorando as\u00ed la experiencia del cliente.<\/li>\n<\/ul>\n\n\n\n<div class=\"wp-block-columns is-layout-flex wp-container-core-columns-is-layout-9d6595d7 wp-block-columns-is-layout-flex\">\n<div class=\"wp-block-column is-layout-flow wp-block-column-is-layout-flow\">\n<figure class=\"wp-block-image size-full\"><img decoding=\"async\" width=\"750\" height=\"750\" src=\"https:\/\/www.stanleypackage.com\/wp-content\/uploads\/2025\/10\/Wholesale-Custom-Printed-Pouches-With-Spout-Kids-Lotion-Pouches-6.jpg\" alt=\"\" class=\"wp-image-3404\" srcset=\"https:\/\/www.stanleypackage.com\/wp-content\/uploads\/2025\/10\/Wholesale-Custom-Printed-Pouches-With-Spout-Kids-Lotion-Pouches-6.jpg 750w, https:\/\/www.stanleypackage.com\/wp-content\/uploads\/2025\/10\/Wholesale-Custom-Printed-Pouches-With-Spout-Kids-Lotion-Pouches-6-300x300.jpg 300w, https:\/\/www.stanleypackage.com\/wp-content\/uploads\/2025\/10\/Wholesale-Custom-Printed-Pouches-With-Spout-Kids-Lotion-Pouches-6-150x150.jpg 150w, https:\/\/www.stanleypackage.com\/wp-content\/uploads\/2025\/10\/Wholesale-Custom-Printed-Pouches-With-Spout-Kids-Lotion-Pouches-6-12x12.jpg 12w, https:\/\/www.stanleypackage.com\/wp-content\/uploads\/2025\/10\/Wholesale-Custom-Printed-Pouches-With-Spout-Kids-Lotion-Pouches-6-600x600.jpg 600w, https:\/\/www.stanleypackage.com\/wp-content\/uploads\/2025\/10\/Wholesale-Custom-Printed-Pouches-With-Spout-Kids-Lotion-Pouches-6-100x100.jpg 100w\" sizes=\"(max-width: 750px) 100vw, 750px\" \/><\/figure>\n<\/div>\n\n\n\n<div class=\"wp-block-column is-layout-flow wp-block-column-is-layout-flow\">\n<figure class=\"wp-block-image size-full\"><img decoding=\"async\" width=\"750\" height=\"750\" src=\"https:\/\/www.stanleypackage.com\/wp-content\/uploads\/2025\/10\/Wholesale-Custom-Printed-Pouches-With-Spout-Kids-Lotion-Pouches-2.jpg\" alt=\"\" class=\"wp-image-3405\" srcset=\"https:\/\/www.stanleypackage.com\/wp-content\/uploads\/2025\/10\/Wholesale-Custom-Printed-Pouches-With-Spout-Kids-Lotion-Pouches-2.jpg 750w, https:\/\/www.stanleypackage.com\/wp-content\/uploads\/2025\/10\/Wholesale-Custom-Printed-Pouches-With-Spout-Kids-Lotion-Pouches-2-300x300.jpg 300w, https:\/\/www.stanleypackage.com\/wp-content\/uploads\/2025\/10\/Wholesale-Custom-Printed-Pouches-With-Spout-Kids-Lotion-Pouches-2-150x150.jpg 150w, https:\/\/www.stanleypackage.com\/wp-content\/uploads\/2025\/10\/Wholesale-Custom-Printed-Pouches-With-Spout-Kids-Lotion-Pouches-2-12x12.jpg 12w, https:\/\/www.stanleypackage.com\/wp-content\/uploads\/2025\/10\/Wholesale-Custom-Printed-Pouches-With-Spout-Kids-Lotion-Pouches-2-600x600.jpg 600w, https:\/\/www.stanleypackage.com\/wp-content\/uploads\/2025\/10\/Wholesale-Custom-Printed-Pouches-With-Spout-Kids-Lotion-Pouches-2-100x100.jpg 100w\" sizes=\"(max-width: 750px) 100vw, 750px\" \/><\/figure>\n<\/div>\n<\/div>\n<\/div>\n<\/div>","protected":false},"excerpt":{"rendered":"<p>Bienvenido a los envases de bolsa personalizados para pedidos al por mayor. Esta bolsa con boquilla de pie personalizada est\u00e1 dise\u00f1ada para cremas hidratantes infantiles y otros productos para el cuidado de la piel, que son c\u00f3modos de usar y f\u00e1ciles de transportar. Esta bolsa con boquilla personalizada presenta un dise\u00f1o de bordes redondeados, seguro para las manos.<\/p>\n<table style=\"border-collapse: collapse; width: 312.77pt;\" border=\"0\" width=\"417\" cellspacing=\"0\" cellpadding=\"0\">\n<tbody>\n<tr style=\"height: 12.75pt;\">\n<td class=\"et2\" style=\"height: 12.75pt; width: 91.40pt;\" width=\"121\" height=\"17\">Fabricante<\/td>\n<td class=\"et2\" style=\"width: 222.00pt;\" width=\"296\">Stanley<\/td>\n<\/tr>\n<tr style=\"height: 12.75pt;\">\n<td class=\"et2\" style=\"height: 12.75pt; width: 91.40pt;\" width=\"121\" height=\"17\">Tipos de bolsas<\/td>\n<td class=\"et3\">Bolsa de pie con boquilla<\/td>\n<\/tr>\n<tr style=\"height: 12.75pt;\">\n<td class=\"et2\" style=\"height: 12.75pt; width: 91.40pt;\" width=\"121\" height=\"17\">Material<\/td>\n<td class=\"et2\" style=\"width: 222.00pt;\" width=\"296\">PET12\/PET12\/MBPE85<\/td>\n<\/tr>\n<tr style=\"height: 12.75pt;\">\n<td class=\"et2\" style=\"height: 12.75pt; width: 91.40pt;\" width=\"121\" height=\"17\">Reportaje especial<\/td>\n<td class=\"et2\" style=\"width: 222.00pt;\" width=\"296\">Ca\u00f1o, fondo autoportante<\/td>\n<\/tr>\n<tr style=\"height: 12.75pt;\">\n<td class=\"et2\" style=\"height: 12.75pt; width: 91.40pt;\" width=\"121\" height=\"17\">Manipulaci\u00f3n de superficies<\/td>\n<td class=\"et2\" style=\"width: 222.00pt;\" width=\"296\">Impresi\u00f3n en huecograbado<\/td>\n<\/tr>\n<tr style=\"height: 12.75pt;\">\n<td class=\"et2\" style=\"height: 12.75pt; width: 91.40pt;\" width=\"121\" height=\"17\">Color<\/td>\n<td class=\"et2\" style=\"width: 222.00pt;\" width=\"296\">Hasta 10 colores<\/td>\n<\/tr>\n<tr style=\"height: 12.75pt;\">\n<td class=\"et2\" style=\"height: 12.75pt; width: 91.40pt;\" width=\"121\" height=\"17\">Utilizaci\u00f3n<\/td>\n<td class=\"et3\">Crema hidratante, loci\u00f3n, producto para el cuidado de la piel<\/td>\n<\/tr>\n<tr style=\"height: 12.75pt;\">\n<td class=\"et2\" style=\"height: 12.75pt; width: 91.40pt;\" width=\"121\" height=\"17\">MOQ<\/td>\n<td class=\"et2\" style=\"width: 222.00pt;\" width=\"296\">50.000 unidades<\/td>\n<\/tr>\n<tr style=\"height: 12.75pt;\">\n<td class=\"et2\" style=\"height: 12.75pt; width: 91.40pt;\" width=\"121\" height=\"17\">Pedido a medida<\/td>\n<td class=\"et2\" style=\"width: 222.00pt;\" width=\"296\">Aceptamos OEM, Soporte Muestra gratis<\/td>\n<\/tr>\n<\/tbody>\n<\/table>\n<p>&nbsp;<\/p>","protected":false},"featured_media":3406,"comment_status":"closed","ping_status":"closed","template":"","meta":{"_acf_changed":false},"product_brand":[],"product_cat":[32,30],"product_tag":[],"class_list":{"0":"post-3403","1":"product","2":"type-product","3":"status-publish","4":"has-post-thumbnail","6":"product_cat-spout-pouch-manufacturer","7":"product_cat-stand-up-pouch-manufacturer","8":"pa_non-food-packaging-cosmetic-packaging-pouches","10":"first","11":"instock","12":"shipping-taxable","13":"product-type-simple"},"acf":[],"_links":{"self":[{"href":"https:\/\/www.stanleypackage.com\/es\/wp-json\/wp\/v2\/product\/3403","targetHints":{"allow":["GET"]}}],"collection":[{"href":"https:\/\/www.stanleypackage.com\/es\/wp-json\/wp\/v2\/product"}],"about":[{"href":"https:\/\/www.stanleypackage.com\/es\/wp-json\/wp\/v2\/types\/product"}],"replies":[{"embeddable":true,"href":"https:\/\/www.stanleypackage.com\/es\/wp-json\/wp\/v2\/comments?post=3403"}],"wp:featuredmedia":[{"embeddable":true,"href":"https:\/\/www.stanleypackage.com\/es\/wp-json\/wp\/v2\/media\/3406"}],"wp:attachment":[{"href":"https:\/\/www.stanleypackage.com\/es\/wp-json\/wp\/v2\/media?parent=3403"}],"wp:term":[{"taxonomy":"product_brand","embeddable":true,"href":"https:\/\/www.stanleypackage.com\/es\/wp-json\/wp\/v2\/product_brand?post=3403"},{"taxonomy":"product_cat","embeddable":true,"href":"https:\/\/www.stanleypackage.com\/es\/wp-json\/wp\/v2\/product_cat?post=3403"},{"taxonomy":"product_tag","embeddable":true,"href":"https:\/\/www.stanleypackage.com\/es\/wp-json\/wp\/v2\/product_tag?post=3403"}],"curies":[{"name":"wp","href":"https:\/\/api.w.org\/{rel}","templated":true}]}}