{"id":3427,"date":"2025-10-20T02:09:44","date_gmt":"2025-10-20T02:09:44","guid":{"rendered":"https:\/\/www.stanleypackage.com\/?post_type=product&#038;p=3427"},"modified":"2025-11-08T08:32:46","modified_gmt":"2025-11-08T08:32:46","slug":"vacuum-pouches-wholesale","status":"publish","type":"product","link":"https:\/\/www.stanleypackage.com\/es\/product\/vacuum-pouches-wholesale\/","title":{"rendered":"Bolsas de vac\u00edo al por mayor Bolsas de pl\u00e1stico para envasado de alimentos"},"content":{"rendered":"<div class=\"wp-block-columns is-layout-flex wp-container-core-columns-is-layout-9d6595d7 wp-block-columns-is-layout-flex\">\n<div class=\"wp-block-column is-layout-flow wp-block-column-is-layout-flow\">\n<h2 class=\"wp-block-heading\">Caracter\u00edsticas de las bolsas de vac\u00edo al por mayor<\/h2>\n\n\n\n<ul class=\"wp-block-list\">\n<li><strong>Proceso de sellado de bordes preciso: <\/strong>Nuestras bolsas de vac\u00edo de sellado por 3 lados al por mayor tienen un borde de sellado preciso que es resistente y es poco probable que se parta, garantizando as\u00ed la calidad y seguridad de los alimentos.<\/li>\n\n\n\n<li><strong>Estructura de relleno superior: <\/strong>Estas bolsas de pl\u00e1stico para envasado de alimentos al por mayor adoptan un dise\u00f1o de llenado superior, que es conveniente para el llenado mec\u00e1nico o manual, adecuado para diferentes procesos de producci\u00f3n, y m\u00e1s eficiente.<\/li>\n\n\n\n<li><strong>Dise\u00f1o f\u00e1cil de rasgar: <\/strong>Estas bolsas de vac\u00edo personalizadas al por mayor cuentan con la muesca de rasgado f\u00e1cil, que permite a los consumidores abrirlas f\u00e1cilmente, sin necesidad de herramientas, y son pr\u00e1cticas de usar.<\/li>\n\n\n\n<li><strong>Dise\u00f1o de vac\u00edo: <\/strong>Nuestras bolsas de pl\u00e1stico para envasado de alimentos al por mayor adoptan un dise\u00f1o al vac\u00edo, que puede bloquear eficazmente el aire, reducir el tiempo de oxidaci\u00f3n, prolongar la vida \u00fatil y la frescura de los alimentos, y tambi\u00e9n ahorrar espacio.<\/li>\n\n\n\n<li><strong>El servicio personalizado satisface las necesidades:<\/strong>\u00a0Ofrecemos una gran variedad de opciones de personalizaci\u00f3n para las bolsas de vac\u00edo al por mayor, y podemos dise\u00f1ar diferentes formas, tama\u00f1os y patrones de impresi\u00f3n seg\u00fan las necesidades del cliente para mejorar la personalizaci\u00f3n de la marca y la competitividad en el mercado.<\/li>\n\n\n\n<li><strong>Admite impresi\u00f3n personalizada a doble cara: <\/strong>Nuestras bolsas de pl\u00e1stico personalizadas para envasado de alimentos admiten la impresi\u00f3n en huecograbado, y el patr\u00f3n de la marca se presenta claramente para ayudar a los clientes a crear un sistema de identificaci\u00f3n visual exclusivo.<\/li>\n<\/ul>\n\n\n\n<div class=\"wp-block-columns is-layout-flex wp-container-core-columns-is-layout-9d6595d7 wp-block-columns-is-layout-flex\">\n<div class=\"wp-block-column is-layout-flow wp-block-column-is-layout-flow\">\n<figure class=\"wp-block-image size-full\"><img decoding=\"async\" width=\"750\" height=\"750\" src=\"https:\/\/www.stanleypackage.com\/wp-content\/uploads\/2025\/10\/Custom-Vacuum-Packaging-Bag-Three-Side-Seal-Pouch-For-Food.jpg\" alt=\"\" class=\"wp-image-3428\" srcset=\"https:\/\/www.stanleypackage.com\/wp-content\/uploads\/2025\/10\/Custom-Vacuum-Packaging-Bag-Three-Side-Seal-Pouch-For-Food.jpg 750w, https:\/\/www.stanleypackage.com\/wp-content\/uploads\/2025\/10\/Custom-Vacuum-Packaging-Bag-Three-Side-Seal-Pouch-For-Food-300x300.jpg 300w, https:\/\/www.stanleypackage.com\/wp-content\/uploads\/2025\/10\/Custom-Vacuum-Packaging-Bag-Three-Side-Seal-Pouch-For-Food-150x150.jpg 150w, https:\/\/www.stanleypackage.com\/wp-content\/uploads\/2025\/10\/Custom-Vacuum-Packaging-Bag-Three-Side-Seal-Pouch-For-Food-12x12.jpg 12w, https:\/\/www.stanleypackage.com\/wp-content\/uploads\/2025\/10\/Custom-Vacuum-Packaging-Bag-Three-Side-Seal-Pouch-For-Food-600x600.jpg 600w, https:\/\/www.stanleypackage.com\/wp-content\/uploads\/2025\/10\/Custom-Vacuum-Packaging-Bag-Three-Side-Seal-Pouch-For-Food-100x100.jpg 100w\" sizes=\"(max-width: 750px) 100vw, 750px\" \/><\/figure>\n<\/div>\n\n\n\n<div class=\"wp-block-column is-layout-flow wp-block-column-is-layout-flow\">\n<figure class=\"wp-block-image size-full\"><img decoding=\"async\" width=\"750\" height=\"750\" src=\"https:\/\/www.stanleypackage.com\/wp-content\/uploads\/2025\/10\/Custom-Vacuum-Packaging-Bag-Three-Side-Seal-Pouch-For-Food-6.jpg\" alt=\"\" class=\"wp-image-3429\" srcset=\"https:\/\/www.stanleypackage.com\/wp-content\/uploads\/2025\/10\/Custom-Vacuum-Packaging-Bag-Three-Side-Seal-Pouch-For-Food-6.jpg 750w, https:\/\/www.stanleypackage.com\/wp-content\/uploads\/2025\/10\/Custom-Vacuum-Packaging-Bag-Three-Side-Seal-Pouch-For-Food-6-300x300.jpg 300w, https:\/\/www.stanleypackage.com\/wp-content\/uploads\/2025\/10\/Custom-Vacuum-Packaging-Bag-Three-Side-Seal-Pouch-For-Food-6-150x150.jpg 150w, https:\/\/www.stanleypackage.com\/wp-content\/uploads\/2025\/10\/Custom-Vacuum-Packaging-Bag-Three-Side-Seal-Pouch-For-Food-6-12x12.jpg 12w, https:\/\/www.stanleypackage.com\/wp-content\/uploads\/2025\/10\/Custom-Vacuum-Packaging-Bag-Three-Side-Seal-Pouch-For-Food-6-600x600.jpg 600w, https:\/\/www.stanleypackage.com\/wp-content\/uploads\/2025\/10\/Custom-Vacuum-Packaging-Bag-Three-Side-Seal-Pouch-For-Food-6-100x100.jpg 100w\" sizes=\"(max-width: 750px) 100vw, 750px\" \/><\/figure>\n<\/div>\n<\/div>\n<\/div>\n<\/div>\n\n\n\n<p><\/p>","protected":false},"excerpt":{"rendered":"<p>Bienvenido al pedido al por mayor de bolsas de pl\u00e1stico para envasado de alimentos. Nuestras bolsas de vac\u00edo personalizadas al por mayor est\u00e1n equipadas con un dise\u00f1o de vac\u00edo y un dise\u00f1o f\u00e1cil de rasgar, que prolonga la frescura de los alimentos y hace que sea c\u00f3modo de abrir y usar. Admiten una personalizaci\u00f3n completa.<\/p>\n<table style=\"border-collapse: collapse; width: 365.02pt;\" border=\"0\" width=\"365\" cellspacing=\"0\" cellpadding=\"0\">\n<tbody>\n<tr style=\"height: 16.00pt;\">\n<td class=\"et2\" style=\"height: 16.00pt; width: 97.50pt;\" width=\"97\" height=\"16\">Fabricante<\/td>\n<td class=\"et2\" style=\"width: 267.50pt;\" width=\"267\">Stanley<\/td>\n<\/tr>\n<tr style=\"height: 16.00pt;\">\n<td class=\"et2\" style=\"height: 16.00pt; width: 97.50pt;\" width=\"97\" height=\"16\">Tipos de bolsas<\/td>\n<td class=\"et2\" style=\"width: 267.50pt;\" width=\"267\">Bolsa de sellado de tres lados, Bolsa de vac\u00edo<\/td>\n<\/tr>\n<tr style=\"height: 16.00pt;\">\n<td class=\"et2\" style=\"height: 16.00pt; width: 97.50pt;\" width=\"97\" height=\"16\">Material<\/td>\n<td class=\"et2\" style=\"width: 267.50pt;\" width=\"267\">BOPA15\/PE80<\/td>\n<\/tr>\n<tr style=\"height: 16.00pt;\">\n<td class=\"et2\" style=\"height: 16.00pt; width: 97.50pt;\" width=\"97\" height=\"16\">Reportaje especial<\/td>\n<td class=\"et2\" style=\"width: 267.50pt;\" width=\"267\">Relleno superior, muesca de rasgado, dise\u00f1o al vac\u00edo<\/td>\n<\/tr>\n<tr style=\"height: 16.00pt;\">\n<td class=\"et2\" style=\"height: 16.00pt; width: 97.50pt;\" width=\"97\" height=\"16\">Manipulaci\u00f3n de superficies<\/td>\n<td class=\"et2\" style=\"width: 267.50pt;\" width=\"267\">Impresi\u00f3n en huecograbado<\/td>\n<\/tr>\n<tr style=\"height: 16.00pt;\">\n<td class=\"et2\" style=\"height: 16.00pt; width: 97.50pt;\" width=\"97\" height=\"16\">Color<\/td>\n<td class=\"et2\" style=\"width: 267.50pt;\" width=\"267\">Impresi\u00f3n a doble cara, hasta 10 colores<\/td>\n<\/tr>\n<tr style=\"height: 16.00pt;\">\n<td class=\"et2\" style=\"height: 16.00pt; width: 97.50pt;\" width=\"97\" height=\"16\">Utilizaci\u00f3n<\/td>\n<td class=\"et2\" style=\"width: 267.50pt;\" width=\"267\">frutos secos, avena, tentempi\u00e9<\/td>\n<\/tr>\n<tr style=\"height: 16.00pt;\">\n<td class=\"et2\" style=\"height: 16.00pt; width: 97.50pt;\" width=\"97\" height=\"16\">MOQ<\/td>\n<td class=\"et2\" style=\"width: 267.50pt;\" width=\"267\">50.000 unidades<\/td>\n<\/tr>\n<tr style=\"height: 16.00pt;\">\n<td class=\"et2\" style=\"height: 16.00pt; width: 97.50pt;\" width=\"97\" height=\"16\">Pedido a medida<\/td>\n<td class=\"et2\" style=\"width: 267.50pt;\" width=\"267\">Aceptamos OEM, Soporte Muestra gratis<\/td>\n<\/tr>\n<\/tbody>\n<\/table>","protected":false},"featured_media":3430,"comment_status":"closed","ping_status":"closed","template":"","meta":{"_acf_changed":false},"product_brand":[],"product_cat":[28,31,68],"product_tag":[],"class_list":{"0":"post-3427","1":"product","2":"type-product","3":"status-publish","4":"has-post-thumbnail","6":"product_cat-three-side-seal-pouch-manufacturer","7":"product_cat-lay-flat-pouch-manufacturer","8":"product_cat-vacuum-pouches-wholesale","9":"pa_food-packaging-food-powder-packaging","10":"pa_food-packaging-snack-food-pouch","11":"pa_food-packaging-ready-meal-pouch","12":"pa_food-packaging-frozen-food-pouch","14":"first","15":"instock","16":"shipping-taxable","17":"product-type-simple"},"acf":[],"_links":{"self":[{"href":"https:\/\/www.stanleypackage.com\/es\/wp-json\/wp\/v2\/product\/3427","targetHints":{"allow":["GET"]}}],"collection":[{"href":"https:\/\/www.stanleypackage.com\/es\/wp-json\/wp\/v2\/product"}],"about":[{"href":"https:\/\/www.stanleypackage.com\/es\/wp-json\/wp\/v2\/types\/product"}],"replies":[{"embeddable":true,"href":"https:\/\/www.stanleypackage.com\/es\/wp-json\/wp\/v2\/comments?post=3427"}],"wp:featuredmedia":[{"embeddable":true,"href":"https:\/\/www.stanleypackage.com\/es\/wp-json\/wp\/v2\/media\/3430"}],"wp:attachment":[{"href":"https:\/\/www.stanleypackage.com\/es\/wp-json\/wp\/v2\/media?parent=3427"}],"wp:term":[{"taxonomy":"product_brand","embeddable":true,"href":"https:\/\/www.stanleypackage.com\/es\/wp-json\/wp\/v2\/product_brand?post=3427"},{"taxonomy":"product_cat","embeddable":true,"href":"https:\/\/www.stanleypackage.com\/es\/wp-json\/wp\/v2\/product_cat?post=3427"},{"taxonomy":"product_tag","embeddable":true,"href":"https:\/\/www.stanleypackage.com\/es\/wp-json\/wp\/v2\/product_tag?post=3427"}],"curies":[{"name":"wp","href":"https:\/\/api.w.org\/{rel}","templated":true}]}}