{"id":3455,"date":"2025-10-23T03:02:56","date_gmt":"2025-10-23T03:02:56","guid":{"rendered":"https:\/\/www.stanleypackage.com\/?post_type=product&#038;p=3455"},"modified":"2025-10-23T03:03:03","modified_gmt":"2025-10-23T03:03:03","slug":"custom-printed-gusseted-bags","status":"publish","type":"product","link":"https:\/\/www.stanleypackage.com\/es\/product\/custom-printed-gusseted-bags\/","title":{"rendered":"Caf\u00e9 instant\u00e1neo Bolsas con fuelle y asa con impresi\u00f3n personalizada"},"content":{"rendered":"<div class=\"wp-block-columns is-layout-flex wp-container-core-columns-is-layout-9d6595d7 wp-block-columns-is-layout-flex\">\n<div class=\"wp-block-column is-layout-flow wp-block-column-is-layout-flow\">\n<h2 class=\"wp-block-heading\">Caracter\u00edsticas de las bolsas con fuelle impresas a medida<\/h2>\n\n\n\n<ul class=\"wp-block-list\">\n<li><strong>Materiales de alta calidad: <\/strong>Nuestras bolsas con fuelle impresas a medida est\u00e1n fabricadas con BOPP28\/VMPET12\/PE65. Resisten bien la humedad y el calor, y tambi\u00e9n son resistentes al desgarro, lo que ayuda a mantener la frescura y la calidad del caf\u00e9.<\/li>\n\n\n\n<li><strong>Dise\u00f1o c\u00f3modo:<\/strong> Estas bolsas de embalaje personalizadas con logotipos tienen un orificio en la parte superior para facilitar su transporte y mejorar la experiencia del usuario.<\/li>\n\n\n\n<li><strong>Impresi\u00f3n personalizada: <\/strong>Ofrecemos una gama completa de servicios de impresi\u00f3n para nuestras bolsas con fuelle impresas a medida, que admiten dise\u00f1os, logotipos y colores personalizados para ayudar a que su marca destaque.<\/li>\n\n\n\n<li><strong>Servicios OEM:<\/strong> Nuestras bolsas de caf\u00e9 instant\u00e1neo personalizadas est\u00e1n disponibles para producci\u00f3n OEM\/ODM, con diversas especificaciones y dise\u00f1os adaptados a sus necesidades individuales.<\/li>\n\n\n\n<li><strong>Soporte de muestras gratuito: <\/strong>Nuestras bolsas con fuelle impresas a medida ofrecen muestras gratuitas, lo que permite a los clientes verificar la calidad del producto y asegurarse de que cumple sus expectativas antes de comprar al por mayor.<\/li>\n<\/ul>\n\n\n\n<div class=\"wp-block-columns is-layout-flex wp-container-core-columns-is-layout-9d6595d7 wp-block-columns-is-layout-flex\">\n<div class=\"wp-block-column is-layout-flow wp-block-column-is-layout-flow\">\n<figure class=\"wp-block-image size-full\"><img decoding=\"async\" width=\"750\" height=\"750\" src=\"https:\/\/www.stanleypackage.com\/wp-content\/uploads\/2025\/10\/Custom-Coffee-Packaging-Pouch-Wholesale-8-Side-Seal-Pouch-3.jpg\" alt=\"\" class=\"wp-image-3456\" srcset=\"https:\/\/www.stanleypackage.com\/wp-content\/uploads\/2025\/10\/Custom-Coffee-Packaging-Pouch-Wholesale-8-Side-Seal-Pouch-3.jpg 750w, https:\/\/www.stanleypackage.com\/wp-content\/uploads\/2025\/10\/Custom-Coffee-Packaging-Pouch-Wholesale-8-Side-Seal-Pouch-3-300x300.jpg 300w, https:\/\/www.stanleypackage.com\/wp-content\/uploads\/2025\/10\/Custom-Coffee-Packaging-Pouch-Wholesale-8-Side-Seal-Pouch-3-150x150.jpg 150w, https:\/\/www.stanleypackage.com\/wp-content\/uploads\/2025\/10\/Custom-Coffee-Packaging-Pouch-Wholesale-8-Side-Seal-Pouch-3-12x12.jpg 12w, https:\/\/www.stanleypackage.com\/wp-content\/uploads\/2025\/10\/Custom-Coffee-Packaging-Pouch-Wholesale-8-Side-Seal-Pouch-3-600x600.jpg 600w, https:\/\/www.stanleypackage.com\/wp-content\/uploads\/2025\/10\/Custom-Coffee-Packaging-Pouch-Wholesale-8-Side-Seal-Pouch-3-100x100.jpg 100w\" sizes=\"(max-width: 750px) 100vw, 750px\" \/><\/figure>\n<\/div>\n\n\n\n<div class=\"wp-block-column is-layout-flow wp-block-column-is-layout-flow\">\n<figure class=\"wp-block-image size-full\"><img decoding=\"async\" width=\"750\" height=\"750\" src=\"https:\/\/www.stanleypackage.com\/wp-content\/uploads\/2025\/10\/Custom-Coffee-Packaging-Pouch-Wholesale-8-Side-Seal-Pouch.jpg\" alt=\"\" class=\"wp-image-3457\" srcset=\"https:\/\/www.stanleypackage.com\/wp-content\/uploads\/2025\/10\/Custom-Coffee-Packaging-Pouch-Wholesale-8-Side-Seal-Pouch.jpg 750w, https:\/\/www.stanleypackage.com\/wp-content\/uploads\/2025\/10\/Custom-Coffee-Packaging-Pouch-Wholesale-8-Side-Seal-Pouch-300x300.jpg 300w, https:\/\/www.stanleypackage.com\/wp-content\/uploads\/2025\/10\/Custom-Coffee-Packaging-Pouch-Wholesale-8-Side-Seal-Pouch-150x150.jpg 150w, https:\/\/www.stanleypackage.com\/wp-content\/uploads\/2025\/10\/Custom-Coffee-Packaging-Pouch-Wholesale-8-Side-Seal-Pouch-12x12.jpg 12w, https:\/\/www.stanleypackage.com\/wp-content\/uploads\/2025\/10\/Custom-Coffee-Packaging-Pouch-Wholesale-8-Side-Seal-Pouch-600x600.jpg 600w, https:\/\/www.stanleypackage.com\/wp-content\/uploads\/2025\/10\/Custom-Coffee-Packaging-Pouch-Wholesale-8-Side-Seal-Pouch-100x100.jpg 100w\" sizes=\"(max-width: 750px) 100vw, 750px\" \/><\/figure>\n<\/div>\n<\/div>\n<\/div>\n<\/div>","protected":false},"excerpt":{"rendered":"<p>Le damos la bienvenida a su pedido de bolsas de embalaje personalizadas con logotipo. Nuestras bolsas con fuelle impresas a medida para caf\u00e9 instant\u00e1neo son resistentes y duraderas, con orificios para las manos que facilitan su transporte a cualquier parte El dise\u00f1o impreso puede personalizarse para reflejar la personalidad de su marca.<\/p>\n<table style=\"border-collapse: collapse; width: 365.02pt;\" border=\"0\" width=\"365\" cellspacing=\"0\" cellpadding=\"0\">\n<tbody>\n<tr style=\"height: 16.00pt;\">\n<td class=\"et2\" style=\"height: 16.00pt; width: 97.50pt;\" width=\"97\" height=\"16\">Fabricante<\/td>\n<td class=\"et2\" style=\"width: 267.50pt;\" width=\"267\">Stanley<\/td>\n<\/tr>\n<tr style=\"height: 16.00pt;\">\n<td class=\"et2\" style=\"height: 16.00pt; width: 97.50pt;\" width=\"97\" height=\"16\">Tipos de bolsas<\/td>\n<td class=\"et2\" style=\"width: 267.50pt;\" width=\"267\">8 Bolsa de cierre lateral<\/td>\n<\/tr>\n<tr style=\"height: 31.00pt;\">\n<td class=\"et2\" style=\"height: 31.00pt; width: 97.50pt;\" width=\"97\" height=\"31\">Material<\/td>\n<td class=\"et2\" style=\"width: 267.50pt;\" width=\"267\">BOPP28\/VMPET12\/PE65<\/td>\n<\/tr>\n<tr style=\"height: 16.00pt;\">\n<td class=\"et2\" style=\"height: 16.00pt; width: 97.50pt;\" width=\"97\" height=\"16\">Reportaje especial<\/td>\n<td class=\"et2\" style=\"width: 267.50pt;\" width=\"267\">Muesca para rasgar, dise\u00f1o del agujero del asa<\/td>\n<\/tr>\n<tr style=\"height: 16.00pt;\">\n<td class=\"et2\" style=\"height: 16.00pt; width: 97.50pt;\" width=\"97\" height=\"16\">Manipulaci\u00f3n de superficies<\/td>\n<td class=\"et2\" style=\"width: 267.50pt;\" width=\"267\">Impresi\u00f3n en huecograbado<\/td>\n<\/tr>\n<tr style=\"height: 16.00pt;\">\n<td class=\"et2\" style=\"height: 16.00pt; width: 97.50pt;\" width=\"97\" height=\"16\">Color<\/td>\n<td class=\"et2\" style=\"width: 267.50pt;\" width=\"267\">Hasta 10 colores<\/td>\n<\/tr>\n<tr style=\"height: 16.00pt;\">\n<td class=\"et2\" style=\"height: 16.00pt; width: 97.50pt;\" width=\"97\" height=\"16\">Utilizaci\u00f3n<\/td>\n<td class=\"et2\" style=\"width: 267.50pt;\" width=\"267\">Caf\u00e9, zumo, mermelada, tentempi\u00e9, pan<\/td>\n<\/tr>\n<tr style=\"height: 16.00pt;\">\n<td class=\"et2\" style=\"height: 16.00pt; width: 97.50pt;\" width=\"97\" height=\"16\">MOQ<\/td>\n<td class=\"et2\" style=\"width: 267.50pt;\" width=\"267\">50.000 unidades<\/td>\n<\/tr>\n<tr style=\"height: 16.00pt;\">\n<td class=\"et2\" style=\"height: 16.00pt; width: 97.50pt;\" width=\"97\" height=\"16\">Pedido a medida<\/td>\n<td class=\"et2\" style=\"width: 267.50pt;\" width=\"267\">Aceptamos OEM, Soporte Muestra gratis<\/td>\n<\/tr>\n<\/tbody>\n<\/table>","protected":false},"featured_media":3458,"comment_status":"closed","ping_status":"closed","template":"","meta":{"_acf_changed":false},"product_brand":[],"product_cat":[17],"product_tag":[],"class_list":{"0":"post-3455","1":"product","2":"type-product","3":"status-publish","4":"has-post-thumbnail","6":"product_cat-gusset-bag-manufacturer","7":"pa_food-packaging-coffee-packaging-pouch","9":"first","10":"instock","11":"shipping-taxable","12":"product-type-simple"},"acf":[],"_links":{"self":[{"href":"https:\/\/www.stanleypackage.com\/es\/wp-json\/wp\/v2\/product\/3455","targetHints":{"allow":["GET"]}}],"collection":[{"href":"https:\/\/www.stanleypackage.com\/es\/wp-json\/wp\/v2\/product"}],"about":[{"href":"https:\/\/www.stanleypackage.com\/es\/wp-json\/wp\/v2\/types\/product"}],"replies":[{"embeddable":true,"href":"https:\/\/www.stanleypackage.com\/es\/wp-json\/wp\/v2\/comments?post=3455"}],"wp:featuredmedia":[{"embeddable":true,"href":"https:\/\/www.stanleypackage.com\/es\/wp-json\/wp\/v2\/media\/3458"}],"wp:attachment":[{"href":"https:\/\/www.stanleypackage.com\/es\/wp-json\/wp\/v2\/media?parent=3455"}],"wp:term":[{"taxonomy":"product_brand","embeddable":true,"href":"https:\/\/www.stanleypackage.com\/es\/wp-json\/wp\/v2\/product_brand?post=3455"},{"taxonomy":"product_cat","embeddable":true,"href":"https:\/\/www.stanleypackage.com\/es\/wp-json\/wp\/v2\/product_cat?post=3455"},{"taxonomy":"product_tag","embeddable":true,"href":"https:\/\/www.stanleypackage.com\/es\/wp-json\/wp\/v2\/product_tag?post=3455"}],"curies":[{"name":"wp","href":"https:\/\/api.w.org\/{rel}","templated":true}]}}