{"id":3474,"date":"2025-10-23T07:53:25","date_gmt":"2025-10-23T07:53:25","guid":{"rendered":"https:\/\/www.stanleypackage.com\/?post_type=product&#038;p=3474"},"modified":"2025-10-23T07:57:18","modified_gmt":"2025-10-23T07:57:18","slug":"custom-drink-pouch-with-spout","status":"publish","type":"product","link":"https:\/\/www.stanleypackage.com\/es\/product\/custom-drink-pouch-with-spout\/","title":{"rendered":"Bolsas de bebida personalizadas con boquilla, bolsas de zumo de forma irregular"},"content":{"rendered":"<div class=\"wp-block-columns is-layout-flex wp-container-core-columns-is-layout-9d6595d7 wp-block-columns-is-layout-flex\">\n<div class=\"wp-block-column is-layout-flow wp-block-column-is-layout-flow\">\n<h2 class=\"wp-block-heading\">Caracter\u00edsticas de la bolsa para bebidas personalizada con boquilla<\/h2>\n\n\n\n<ul class=\"wp-block-list\">\n<li><strong>Dise\u00f1o de forma irregular: <\/strong>Esta bolsa personalizada para bebidas con boquilla est\u00e1 dotada de una forma \u00fanica para que el reconocimiento del producto est\u00e9 garantizado y las marcas se hagan populares en el lineal.<\/li>\n\n\n\n<li><strong>Gran resistencia, poco propenso a romperse: <\/strong>Nuestras bolsas de zumo personalizadas al por mayor est\u00e1n fabricadas con material PET. Tiene una excelente plasticidad y una fuerte resistencia a la presi\u00f3n, y es poco probable que se da\u00f1e durante el transporte y el almacenamiento.<\/li>\n\n\n\n<li><strong>Fondo de pie, exposici\u00f3n estable: <\/strong>El dise\u00f1o con estructura de pie de nuestra bolsa personalizada para bebidas con boquilla hace que el envase sea m\u00e1s estable y adecuado para su exposici\u00f3n en estanter\u00edas o mostradores.<\/li>\n\n\n\n<li><strong>El servicio personalizado satisface las necesidades:\u00a0<\/strong>Ofrecemos diversas opciones de personalizaci\u00f3n para las bolsas de zumo al por mayor, y podemos dise\u00f1ar diferentes formas, tama\u00f1os y patrones de impresi\u00f3n seg\u00fan las necesidades del cliente para mejorar la personalizaci\u00f3n de la marca y la competitividad en el mercado.<\/li>\n\n\n\n<li><strong>Estructura de material de barrera multicapa: <\/strong>Estas bolsas personalizadas para bebidas con boquilla utilizan una combinaci\u00f3n de materiales PET12\/AL7\/PE110 para aislar eficazmente la humedad y el aire y mantener la frescura del producto.<\/li>\n\n\n\n<li><strong>Adecuado para una gran variedad de alimentos:<\/strong> Las bolsas con pico personalizadas al por mayor se utilizan ampliamente en zumos, bebidas gelatinosas y otros alimentos para satisfacer diversas necesidades de envasado.<\/li>\n<\/ul>\n\n\n\n<div class=\"wp-block-columns is-layout-flex wp-container-core-columns-is-layout-9d6595d7 wp-block-columns-is-layout-flex\">\n<div class=\"wp-block-column is-layout-flow wp-block-column-is-layout-flow\">\n<figure class=\"wp-block-image size-full\"><img decoding=\"async\" width=\"750\" height=\"750\" src=\"https:\/\/www.stanleypackage.com\/wp-content\/uploads\/2025\/10\/Custom-Shaped-Spout-Pouches-Irregular-Stand-Up-Pouch-For-Jelly.jpg\" alt=\"\" class=\"wp-image-3477\" srcset=\"https:\/\/www.stanleypackage.com\/wp-content\/uploads\/2025\/10\/Custom-Shaped-Spout-Pouches-Irregular-Stand-Up-Pouch-For-Jelly.jpg 750w, https:\/\/www.stanleypackage.com\/wp-content\/uploads\/2025\/10\/Custom-Shaped-Spout-Pouches-Irregular-Stand-Up-Pouch-For-Jelly-300x300.jpg 300w, https:\/\/www.stanleypackage.com\/wp-content\/uploads\/2025\/10\/Custom-Shaped-Spout-Pouches-Irregular-Stand-Up-Pouch-For-Jelly-150x150.jpg 150w, https:\/\/www.stanleypackage.com\/wp-content\/uploads\/2025\/10\/Custom-Shaped-Spout-Pouches-Irregular-Stand-Up-Pouch-For-Jelly-12x12.jpg 12w, https:\/\/www.stanleypackage.com\/wp-content\/uploads\/2025\/10\/Custom-Shaped-Spout-Pouches-Irregular-Stand-Up-Pouch-For-Jelly-600x600.jpg 600w, https:\/\/www.stanleypackage.com\/wp-content\/uploads\/2025\/10\/Custom-Shaped-Spout-Pouches-Irregular-Stand-Up-Pouch-For-Jelly-100x100.jpg 100w\" sizes=\"(max-width: 750px) 100vw, 750px\" \/><\/figure>\n<\/div>\n\n\n\n<div class=\"wp-block-column is-layout-flow wp-block-column-is-layout-flow\">\n<figure class=\"wp-block-image size-full\"><img decoding=\"async\" width=\"750\" height=\"750\" src=\"https:\/\/www.stanleypackage.com\/wp-content\/uploads\/2025\/10\/Custom-Shaped-Spout-Pouches-Irregular-Stand-Up-Pouch-For-Jelly-6.jpg\" alt=\"\" class=\"wp-image-3478\" srcset=\"https:\/\/www.stanleypackage.com\/wp-content\/uploads\/2025\/10\/Custom-Shaped-Spout-Pouches-Irregular-Stand-Up-Pouch-For-Jelly-6.jpg 750w, https:\/\/www.stanleypackage.com\/wp-content\/uploads\/2025\/10\/Custom-Shaped-Spout-Pouches-Irregular-Stand-Up-Pouch-For-Jelly-6-300x300.jpg 300w, https:\/\/www.stanleypackage.com\/wp-content\/uploads\/2025\/10\/Custom-Shaped-Spout-Pouches-Irregular-Stand-Up-Pouch-For-Jelly-6-150x150.jpg 150w, https:\/\/www.stanleypackage.com\/wp-content\/uploads\/2025\/10\/Custom-Shaped-Spout-Pouches-Irregular-Stand-Up-Pouch-For-Jelly-6-12x12.jpg 12w, https:\/\/www.stanleypackage.com\/wp-content\/uploads\/2025\/10\/Custom-Shaped-Spout-Pouches-Irregular-Stand-Up-Pouch-For-Jelly-6-600x600.jpg 600w, https:\/\/www.stanleypackage.com\/wp-content\/uploads\/2025\/10\/Custom-Shaped-Spout-Pouches-Irregular-Stand-Up-Pouch-For-Jelly-6-100x100.jpg 100w\" sizes=\"(max-width: 750px) 100vw, 750px\" \/><\/figure>\n<\/div>\n<\/div>\n<\/div>\n<\/div>","protected":false},"excerpt":{"rendered":"<p>Le damos la bienvenida al pedido de bolsas de bebida personalizadas con boquilla. Esta forma personalizada bolsas de jugo al por mayor con una funci\u00f3n de autoportante est\u00e1 hecho de material de m\u00faltiples capas de alta barrera, que es muy adecuado para el envasado de diversos alimentos, tales como salsa de tomate, mostaza, salsa de chile, salsa barbacoa, etc.<\/p>\n<table style=\"border-collapse: collapse; width: 365.02pt;\" border=\"0\" width=\"365\" cellspacing=\"0\" cellpadding=\"0\">\n<tbody>\n<tr style=\"height: 16.00pt;\">\n<td class=\"et2\" style=\"height: 16.00pt; width: 97.50pt;\" width=\"97\" height=\"16\">Fabricante<\/td>\n<td class=\"et2\" style=\"width: 267.50pt;\" width=\"267\">Stanley<\/td>\n<\/tr>\n<tr style=\"height: 16.00pt;\">\n<td class=\"et2\" style=\"height: 16.00pt; width: 97.50pt;\" width=\"97\" height=\"16\">Tipos de bolsas<\/td>\n<td class=\"et2\" style=\"width: 267.50pt;\" width=\"267\">Bolsa de ca\u00f1o, Bolsa de pie, Bolsa irregular<\/td>\n<\/tr>\n<tr style=\"height: 16.00pt;\">\n<td class=\"et2\" style=\"height: 16.00pt; width: 97.50pt;\" width=\"97\" height=\"16\">Material<\/td>\n<td class=\"et2\" style=\"width: 267.50pt;\" width=\"267\">PET12\/AL7\/PE110<\/td>\n<\/tr>\n<tr style=\"height: 16.00pt;\">\n<td class=\"et2\" style=\"height: 16.00pt; width: 97.50pt;\" width=\"97\" height=\"16\">Reportaje especial<\/td>\n<td class=\"et2\" style=\"width: 267.50pt;\" width=\"267\">Boquilla, bolsa de pie, bolsa irregular<\/td>\n<\/tr>\n<tr style=\"height: 16.00pt;\">\n<td class=\"et2\" style=\"height: 16.00pt; width: 97.50pt;\" width=\"97\" height=\"16\">Manipulaci\u00f3n de superficies<\/td>\n<td class=\"et2\" style=\"width: 267.50pt;\" width=\"267\">Impresi\u00f3n en huecograbado<\/td>\n<\/tr>\n<tr style=\"height: 16.00pt;\">\n<td class=\"et2\" style=\"height: 16.00pt; width: 97.50pt;\" width=\"97\" height=\"16\">Color<\/td>\n<td class=\"et2\" style=\"width: 267.50pt;\" width=\"267\">Impresi\u00f3n a doble cara, hasta 10 colores<\/td>\n<\/tr>\n<tr style=\"height: 16.00pt;\">\n<td class=\"et2\" style=\"height: 16.00pt; width: 97.50pt;\" width=\"97\" height=\"16\">Utilizaci\u00f3n<\/td>\n<td class=\"et2\" style=\"width: 267.50pt;\" width=\"267\">Ketchup, mostaza, salsa barbacoa, gelatina<\/td>\n<\/tr>\n<tr style=\"height: 16.00pt;\">\n<td class=\"et2\" style=\"height: 16.00pt; width: 97.50pt;\" width=\"97\" height=\"16\">MOQ<\/td>\n<td class=\"et2\" style=\"width: 267.50pt;\" width=\"267\">50.000 unidades<\/td>\n<\/tr>\n<tr style=\"height: 16.00pt;\">\n<td class=\"et2\" style=\"height: 16.00pt; width: 97.50pt;\" width=\"97\" height=\"16\">Pedido a medida<\/td>\n<td class=\"et2\" style=\"width: 267.50pt;\" width=\"267\">Aceptamos OEM, Soporte Muestra gratis<\/td>\n<\/tr>\n<\/tbody>\n<\/table>","protected":false},"featured_media":3479,"comment_status":"closed","ping_status":"closed","template":"","meta":{"_acf_changed":false},"product_brand":[],"product_cat":[32,61,30,22],"product_tag":[],"class_list":{"0":"post-3474","1":"product","2":"type-product","3":"status-publish","4":"has-post-thumbnail","6":"product_cat-spout-pouch-manufacturer","7":"product_cat-squeeze-pouch-manufacturer","8":"product_cat-stand-up-pouch-manufacturer","9":"product_cat-shaped-pouches-factory","10":"pa_food-packaging-drink-beverage-pouch","12":"first","13":"instock","14":"shipping-taxable","15":"product-type-simple"},"acf":[],"_links":{"self":[{"href":"https:\/\/www.stanleypackage.com\/es\/wp-json\/wp\/v2\/product\/3474","targetHints":{"allow":["GET"]}}],"collection":[{"href":"https:\/\/www.stanleypackage.com\/es\/wp-json\/wp\/v2\/product"}],"about":[{"href":"https:\/\/www.stanleypackage.com\/es\/wp-json\/wp\/v2\/types\/product"}],"replies":[{"embeddable":true,"href":"https:\/\/www.stanleypackage.com\/es\/wp-json\/wp\/v2\/comments?post=3474"}],"wp:featuredmedia":[{"embeddable":true,"href":"https:\/\/www.stanleypackage.com\/es\/wp-json\/wp\/v2\/media\/3479"}],"wp:attachment":[{"href":"https:\/\/www.stanleypackage.com\/es\/wp-json\/wp\/v2\/media?parent=3474"}],"wp:term":[{"taxonomy":"product_brand","embeddable":true,"href":"https:\/\/www.stanleypackage.com\/es\/wp-json\/wp\/v2\/product_brand?post=3474"},{"taxonomy":"product_cat","embeddable":true,"href":"https:\/\/www.stanleypackage.com\/es\/wp-json\/wp\/v2\/product_cat?post=3474"},{"taxonomy":"product_tag","embeddable":true,"href":"https:\/\/www.stanleypackage.com\/es\/wp-json\/wp\/v2\/product_tag?post=3474"}],"curies":[{"name":"wp","href":"https:\/\/api.w.org\/{rel}","templated":true}]}}