{"id":3493,"date":"2025-10-28T03:25:06","date_gmt":"2025-10-28T03:25:06","guid":{"rendered":"https:\/\/www.stanleypackage.com\/?post_type=product&#038;p=3493"},"modified":"2025-10-28T03:26:20","modified_gmt":"2025-10-28T03:26:20","slug":"custom-tea-bag-packaging","status":"publish","type":"product","link":"https:\/\/www.stanleypackage.com\/es\/product\/custom-tea-bag-packaging\/","title":{"rendered":"Envasado personalizado de bolsitas de t\u00e9, bolsas con cremallera al por mayor"},"content":{"rendered":"<div class=\"wp-block-columns is-layout-flex wp-container-core-columns-is-layout-9d6595d7 wp-block-columns-is-layout-flex\">\n<div class=\"wp-block-column is-layout-flow wp-block-column-is-layout-flow\">\n<h2 class=\"wp-block-heading\">Caracter\u00edsticas de los envases personalizados para bolsitas de t\u00e9<\/h2>\n\n\n\n<ul class=\"wp-block-list\">\n<li><strong>Alta barrera, apto para alimentos y seguro: <\/strong>Nuestras bolsas personalizadas para bolsas de t\u00e9 con logotipo utilizan una estructura compuesta multicapa de MOPP25\/VMPET12\/CPP70, que proporciona una excelente protecci\u00f3n contra la humedad, la oxidaci\u00f3n y la luz.<\/li>\n\n\n\n<li><strong>Construcci\u00f3n vers\u00e1til y c\u00f3moda: <\/strong>Nuestras bolsitas de t\u00e9 al por mayor con cremallera cuentan con una cremallera de sellado reutilizable para m\u00faltiples aperturas y cierres. Y la muesca de f\u00e1cil apertura permite que los consumidores puedan abrirlas f\u00e1cilmente.<\/li>\n\n\n\n<li><strong>Llenado y sellado eficaces:<\/strong> El dise\u00f1o de llenado superior de estas bolsas personalizadas para bolsas de t\u00e9 con logotipo hace que el proceso de envasado sea m\u00e1s eficaz e higi\u00e9nico, por lo que son especialmente adecuadas para la producci\u00f3n de grandes vol\u00famenes en l\u00edneas de montaje.<\/li>\n\n\n\n<li><strong>Amplia aplicaci\u00f3n:<\/strong> Estas bolsas de t\u00e9 personalizadas al por mayor con cremallera son adecuadas para envasar una gran variedad de alimentos, como granos de caf\u00e9, frutos secos, cereales, aperitivos, t\u00e9 y comida para mascotas, lo que permite a las marcas satisfacer las necesidades del mercado de m\u00faltiples categor\u00edas de productos con un solo envase.<\/li>\n\n\n\n<li><strong>Estructura de fondo plano, estable y autoportante:\u00a0<\/strong>Nuestros envases personalizados para bolsas de t\u00e9 al por mayor tienen un fondo plano y se mantienen estables cuando se exponen, lo que mejora el efecto de exposici\u00f3n en los estantes y la calidad del producto.<\/li>\n<\/ul>\n\n\n\n<div class=\"wp-block-columns is-layout-flex wp-container-core-columns-is-layout-9d6595d7 wp-block-columns-is-layout-flex\">\n<div class=\"wp-block-column is-layout-flow wp-block-column-is-layout-flow\">\n<figure class=\"wp-block-image size-full\"><img decoding=\"async\" width=\"750\" height=\"750\" src=\"https:\/\/www.stanleypackage.com\/wp-content\/uploads\/2025\/10\/Custom-Tea-Pouches-With-Logo-Wholesale-3-Side-Seal-Zipper-Bags-3.jpg\" alt=\"\" class=\"wp-image-3494\" srcset=\"https:\/\/www.stanleypackage.com\/wp-content\/uploads\/2025\/10\/Custom-Tea-Pouches-With-Logo-Wholesale-3-Side-Seal-Zipper-Bags-3.jpg 750w, https:\/\/www.stanleypackage.com\/wp-content\/uploads\/2025\/10\/Custom-Tea-Pouches-With-Logo-Wholesale-3-Side-Seal-Zipper-Bags-3-300x300.jpg 300w, https:\/\/www.stanleypackage.com\/wp-content\/uploads\/2025\/10\/Custom-Tea-Pouches-With-Logo-Wholesale-3-Side-Seal-Zipper-Bags-3-150x150.jpg 150w, https:\/\/www.stanleypackage.com\/wp-content\/uploads\/2025\/10\/Custom-Tea-Pouches-With-Logo-Wholesale-3-Side-Seal-Zipper-Bags-3-12x12.jpg 12w, https:\/\/www.stanleypackage.com\/wp-content\/uploads\/2025\/10\/Custom-Tea-Pouches-With-Logo-Wholesale-3-Side-Seal-Zipper-Bags-3-600x600.jpg 600w, https:\/\/www.stanleypackage.com\/wp-content\/uploads\/2025\/10\/Custom-Tea-Pouches-With-Logo-Wholesale-3-Side-Seal-Zipper-Bags-3-100x100.jpg 100w\" sizes=\"(max-width: 750px) 100vw, 750px\" \/><\/figure>\n<\/div>\n\n\n\n<div class=\"wp-block-column is-layout-flow wp-block-column-is-layout-flow\">\n<figure class=\"wp-block-image size-full\"><img decoding=\"async\" width=\"750\" height=\"750\" src=\"https:\/\/www.stanleypackage.com\/wp-content\/uploads\/2025\/10\/Custom-Tea-Pouches-With-Logo-Wholesale-3-Side-Seal-Zipper-Bags-4.jpg\" alt=\"\" class=\"wp-image-3495\" srcset=\"https:\/\/www.stanleypackage.com\/wp-content\/uploads\/2025\/10\/Custom-Tea-Pouches-With-Logo-Wholesale-3-Side-Seal-Zipper-Bags-4.jpg 750w, https:\/\/www.stanleypackage.com\/wp-content\/uploads\/2025\/10\/Custom-Tea-Pouches-With-Logo-Wholesale-3-Side-Seal-Zipper-Bags-4-300x300.jpg 300w, https:\/\/www.stanleypackage.com\/wp-content\/uploads\/2025\/10\/Custom-Tea-Pouches-With-Logo-Wholesale-3-Side-Seal-Zipper-Bags-4-150x150.jpg 150w, https:\/\/www.stanleypackage.com\/wp-content\/uploads\/2025\/10\/Custom-Tea-Pouches-With-Logo-Wholesale-3-Side-Seal-Zipper-Bags-4-12x12.jpg 12w, https:\/\/www.stanleypackage.com\/wp-content\/uploads\/2025\/10\/Custom-Tea-Pouches-With-Logo-Wholesale-3-Side-Seal-Zipper-Bags-4-600x600.jpg 600w, https:\/\/www.stanleypackage.com\/wp-content\/uploads\/2025\/10\/Custom-Tea-Pouches-With-Logo-Wholesale-3-Side-Seal-Zipper-Bags-4-100x100.jpg 100w\" sizes=\"(max-width: 750px) 100vw, 750px\" \/><\/figure>\n<\/div>\n<\/div>\n<\/div>\n<\/div>\n\n\n\n<p><\/p>","protected":false},"excerpt":{"rendered":"<p>Bienvenido a comprar envases personalizados para bolsitas de t\u00e9. Nuestras bolsas de t\u00e9 con cremallera al por mayor combinan propiedades de alta barrera con durabilidad, con una cremallera reutilizable, una muesca f\u00e1cil de rasgar y un puerto de llenado superior para satisfacer una variedad de necesidades de envasado y exposici\u00f3n de alimentos.<\/p>\n<table style=\"border-collapse: collapse; width: 365.02pt;\" border=\"0\" width=\"365\" cellspacing=\"0\" cellpadding=\"0\">\n<tbody>\n<tr style=\"height: 16.00pt;\">\n<td class=\"et2\" style=\"height: 16.00pt; width: 97.50pt;\" width=\"97\" height=\"16\">Fabricante<\/td>\n<td class=\"et2\" style=\"width: 267.50pt;\" width=\"267\">Stanley<\/td>\n<\/tr>\n<tr style=\"height: 16.00pt;\">\n<td class=\"et2\" style=\"height: 16.00pt; width: 97.50pt;\" width=\"97\" height=\"16\">Tipos de bolsas<\/td>\n<td class=\"et2\" style=\"width: 267.50pt;\" width=\"267\">Bolsa con cremallera, Bolsa de pie<\/td>\n<\/tr>\n<tr style=\"height: 31.00pt;\">\n<td class=\"et2\" style=\"height: 31.00pt; width: 97.50pt;\" width=\"97\" height=\"31\">Material<\/td>\n<td class=\"et2\" style=\"width: 267.50pt;\" width=\"267\">MOPP25\/VMPET12\/CPP70<\/td>\n<\/tr>\n<tr style=\"height: 16.00pt;\">\n<td class=\"et2\" style=\"height: 16.00pt; width: 97.50pt;\" width=\"97\" height=\"16\">Reportaje especial<\/td>\n<td class=\"et2\" style=\"width: 267.50pt;\" width=\"267\">Ranura para desgarro, relleno superior, cremallera<\/td>\n<\/tr>\n<tr style=\"height: 16.00pt;\">\n<td class=\"et2\" style=\"height: 16.00pt; width: 97.50pt;\" width=\"97\" height=\"16\">Manipulaci\u00f3n de superficies<\/td>\n<td class=\"et2\" style=\"width: 267.50pt;\" width=\"267\">Impresi\u00f3n en huecograbado<\/td>\n<\/tr>\n<tr style=\"height: 16.00pt;\">\n<td class=\"et2\" style=\"height: 16.00pt; width: 97.50pt;\" width=\"97\" height=\"16\">Color<\/td>\n<td class=\"et2\" style=\"width: 267.50pt;\" width=\"267\">Hasta 10 colores<\/td>\n<\/tr>\n<tr style=\"height: 16.00pt;\">\n<td class=\"et2\" style=\"height: 16.00pt; width: 97.50pt;\" width=\"97\" height=\"16\">Utilizaci\u00f3n<\/td>\n<td class=\"et2\" style=\"width: 267.50pt;\" width=\"267\">T\u00e9, aperitivos, frutos secos, alimentos secos<\/td>\n<\/tr>\n<tr style=\"height: 16.00pt;\">\n<td class=\"et2\" style=\"height: 16.00pt; width: 97.50pt;\" width=\"97\" height=\"16\">MOQ<\/td>\n<td class=\"et2\" style=\"width: 267.50pt;\" width=\"267\">50.000 unidades<\/td>\n<\/tr>\n<tr style=\"height: 16.00pt;\">\n<td class=\"et2\" style=\"height: 16.00pt; width: 97.50pt;\" width=\"97\" height=\"16\">Pedido a medida<\/td>\n<td class=\"et2\" style=\"width: 267.50pt;\" width=\"267\">Aceptar soporte OEM Muestra gratuita<\/td>\n<\/tr>\n<\/tbody>\n<\/table>","protected":false},"featured_media":3496,"comment_status":"closed","ping_status":"closed","template":"","meta":{"_acf_changed":false},"product_brand":[],"product_cat":[18,30],"product_tag":[],"class_list":{"0":"post-3493","1":"product","2":"type-product","3":"status-publish","4":"has-post-thumbnail","6":"product_cat-zipper-pouch-manufacturer","7":"product_cat-stand-up-pouch-manufacturer","8":"pa_food-packaging-tea-pouch-packaging","9":"pa_food-packaging-snack-food-pouch","11":"first","12":"instock","13":"shipping-taxable","14":"product-type-simple"},"acf":[],"_links":{"self":[{"href":"https:\/\/www.stanleypackage.com\/es\/wp-json\/wp\/v2\/product\/3493","targetHints":{"allow":["GET"]}}],"collection":[{"href":"https:\/\/www.stanleypackage.com\/es\/wp-json\/wp\/v2\/product"}],"about":[{"href":"https:\/\/www.stanleypackage.com\/es\/wp-json\/wp\/v2\/types\/product"}],"replies":[{"embeddable":true,"href":"https:\/\/www.stanleypackage.com\/es\/wp-json\/wp\/v2\/comments?post=3493"}],"wp:featuredmedia":[{"embeddable":true,"href":"https:\/\/www.stanleypackage.com\/es\/wp-json\/wp\/v2\/media\/3496"}],"wp:attachment":[{"href":"https:\/\/www.stanleypackage.com\/es\/wp-json\/wp\/v2\/media?parent=3493"}],"wp:term":[{"taxonomy":"product_brand","embeddable":true,"href":"https:\/\/www.stanleypackage.com\/es\/wp-json\/wp\/v2\/product_brand?post=3493"},{"taxonomy":"product_cat","embeddable":true,"href":"https:\/\/www.stanleypackage.com\/es\/wp-json\/wp\/v2\/product_cat?post=3493"},{"taxonomy":"product_tag","embeddable":true,"href":"https:\/\/www.stanleypackage.com\/es\/wp-json\/wp\/v2\/product_tag?post=3493"}],"curies":[{"name":"wp","href":"https:\/\/api.w.org\/{rel}","templated":true}]}}