{"id":3508,"date":"2025-10-28T06:21:32","date_gmt":"2025-10-28T06:21:32","guid":{"rendered":"https:\/\/www.stanleypackage.com\/?post_type=product&#038;p=3508"},"modified":"2025-10-28T06:21:40","modified_gmt":"2025-10-28T06:21:40","slug":"custom-printed-roll-stock-films","status":"publish","type":"product","link":"https:\/\/www.stanleypackage.com\/es\/product\/custom-printed-roll-stock-films\/","title":{"rendered":"Films en rollo impresos a granel, films para envasado de caf\u00e9"},"content":{"rendered":"<div class=\"wp-block-columns is-layout-flex wp-container-core-columns-is-layout-9d6595d7 wp-block-columns-is-layout-flex\">\n<div class=\"wp-block-column is-layout-flow wp-block-column-is-layout-flow\">\n<h2 class=\"wp-block-heading\">Caracter\u00edsticas de las pel\u00edculas en rollo impresas a medida<\/h2>\n\n\n\n<ul class=\"wp-block-list\">\n<li><strong>Adecuado para l\u00edneas de producci\u00f3n automatizadas: <\/strong>Este rollo de film impreso a medida es adecuado para equipos de envasado autom\u00e1tico de alta velocidad, lo que mejora la eficacia de la producci\u00f3n y ahorra costes de mano de obra y tiempo.<\/li>\n\n\n\n<li><strong>Material revestido de aluminio: <\/strong>Nuestra pel\u00edcula de envasado de caf\u00e9 instant\u00e1neo al por mayor est\u00e1 hecha de material aluminizado, que puede prevenir eficazmente la penetraci\u00f3n de gases y vapor de agua, prolongando as\u00ed la vida \u00fatil del caf\u00e9.<\/li>\n\n\n\n<li><strong>Admite logotipo personalizado en el envase: <\/strong>Nuestras l\u00e1minas en rollo impresas a medida pueden personalizarse con cualquier logotipo, lo que aumenta la notoriedad de marca de nuestros clientes.<\/li>\n\n\n\n<li><strong>Admite diversos procesos de superficie: <\/strong>Nuestra pel\u00edcula para envasado de caf\u00e9 instant\u00e1neo al por mayor puede elegir procesos de impresi\u00f3n especiales como mate, brillo, luz local UV, etc., para mejorar la estratificaci\u00f3n del envase y el reconocimiento de la marca.<\/li>\n\n\n\n<li><strong>Adecuado para una gran variedad de tama\u00f1os y formas de caf\u00e9: <\/strong>Nuestras pel\u00edculas en rollo impresas a medida pueden personalizarse con patrones de impresi\u00f3n y especificaciones seg\u00fan las necesidades del cliente, adecuadas para productos de caf\u00e9 de diferentes tama\u00f1os y formas.<\/li>\n<\/ul>\n\n\n\n<div class=\"wp-block-columns is-layout-flex wp-container-core-columns-is-layout-9d6595d7 wp-block-columns-is-layout-flex\">\n<div class=\"wp-block-column is-layout-flow wp-block-column-is-layout-flow\">\n<figure class=\"wp-block-image size-full\"><img decoding=\"async\" width=\"750\" height=\"750\" src=\"https:\/\/www.stanleypackage.com\/wp-content\/uploads\/2025\/10\/Custom-Printed-Roll-Stock-Film-Coffee-Packaging-Film-2.jpg\" alt=\"\" class=\"wp-image-3509\" srcset=\"https:\/\/www.stanleypackage.com\/wp-content\/uploads\/2025\/10\/Custom-Printed-Roll-Stock-Film-Coffee-Packaging-Film-2.jpg 750w, https:\/\/www.stanleypackage.com\/wp-content\/uploads\/2025\/10\/Custom-Printed-Roll-Stock-Film-Coffee-Packaging-Film-2-300x300.jpg 300w, https:\/\/www.stanleypackage.com\/wp-content\/uploads\/2025\/10\/Custom-Printed-Roll-Stock-Film-Coffee-Packaging-Film-2-150x150.jpg 150w, https:\/\/www.stanleypackage.com\/wp-content\/uploads\/2025\/10\/Custom-Printed-Roll-Stock-Film-Coffee-Packaging-Film-2-12x12.jpg 12w, https:\/\/www.stanleypackage.com\/wp-content\/uploads\/2025\/10\/Custom-Printed-Roll-Stock-Film-Coffee-Packaging-Film-2-600x600.jpg 600w, https:\/\/www.stanleypackage.com\/wp-content\/uploads\/2025\/10\/Custom-Printed-Roll-Stock-Film-Coffee-Packaging-Film-2-100x100.jpg 100w\" sizes=\"(max-width: 750px) 100vw, 750px\" \/><\/figure>\n<\/div>\n\n\n\n<div class=\"wp-block-column is-layout-flow wp-block-column-is-layout-flow\">\n<figure class=\"wp-block-image size-full\"><img decoding=\"async\" width=\"750\" height=\"750\" src=\"https:\/\/www.stanleypackage.com\/wp-content\/uploads\/2025\/10\/Custom-Printed-Roll-Stock-Film-Coffee-Packaging-Film-5.jpg\" alt=\"\" class=\"wp-image-3510\" srcset=\"https:\/\/www.stanleypackage.com\/wp-content\/uploads\/2025\/10\/Custom-Printed-Roll-Stock-Film-Coffee-Packaging-Film-5.jpg 750w, https:\/\/www.stanleypackage.com\/wp-content\/uploads\/2025\/10\/Custom-Printed-Roll-Stock-Film-Coffee-Packaging-Film-5-300x300.jpg 300w, https:\/\/www.stanleypackage.com\/wp-content\/uploads\/2025\/10\/Custom-Printed-Roll-Stock-Film-Coffee-Packaging-Film-5-150x150.jpg 150w, https:\/\/www.stanleypackage.com\/wp-content\/uploads\/2025\/10\/Custom-Printed-Roll-Stock-Film-Coffee-Packaging-Film-5-12x12.jpg 12w, https:\/\/www.stanleypackage.com\/wp-content\/uploads\/2025\/10\/Custom-Printed-Roll-Stock-Film-Coffee-Packaging-Film-5-600x600.jpg 600w, https:\/\/www.stanleypackage.com\/wp-content\/uploads\/2025\/10\/Custom-Printed-Roll-Stock-Film-Coffee-Packaging-Film-5-100x100.jpg 100w\" sizes=\"(max-width: 750px) 100vw, 750px\" \/><\/figure>\n<\/div>\n<\/div>\n<\/div>\n<\/div>\n\n\n\n<p><\/p>","protected":false},"excerpt":{"rendered":"<p>Bienvenido a comprar pel\u00edculas en rollo con impresi\u00f3n personalizada. Este film para envasar caf\u00e9 instant\u00e1neo al por mayor est\u00e1 hecho de material recubierto de aluminio, que puede prolongar eficazmente la vida \u00fatil del caf\u00e9. Admite logotipo personalizado y una variedad de efectos de proceso especiales como mate, brillante, UV, etc.<\/p>\n<table style=\"border-collapse: collapse; width: 365.02pt;\" border=\"0\" width=\"365\" cellspacing=\"0\" cellpadding=\"0\">\n<tbody>\n<tr style=\"height: 16.00pt;\">\n<td class=\"et2\" style=\"height: 16.00pt; width: 97.50pt;\" width=\"97\" height=\"16\">Fabricante<\/td>\n<td class=\"et2\" style=\"width: 267.50pt;\" width=\"267\">Stanley<\/td>\n<\/tr>\n<tr style=\"height: 16.00pt;\">\n<td class=\"et2\" style=\"height: 16.00pt; width: 97.50pt;\" width=\"97\" height=\"16\">Tipos de bolsas<\/td>\n<td class=\"et3\">Film para envasado en bolsas<\/td>\n<\/tr>\n<tr style=\"height: 16.00pt;\">\n<td class=\"et2\" style=\"height: 16.00pt; width: 97.50pt;\" width=\"97\" height=\"16\">Material<\/td>\n<td class=\"et2\" style=\"width: 267.50pt;\" width=\"267\">BOPP28\/VMPET12\/PE68<\/td>\n<\/tr>\n<tr style=\"height: 16.00pt;\">\n<td class=\"et2\" style=\"height: 16.00pt; width: 97.50pt;\" width=\"97\" height=\"16\">Reportaje especial<\/td>\n<td class=\"et2\" style=\"width: 267.50pt;\" width=\"267\">Embalaje autom\u00e1tico, Embalaje aluminizado,\u00a0<\/td>\n<\/tr>\n<tr style=\"height: 16.00pt;\">\n<td class=\"et2\" style=\"height: 16.00pt; width: 97.50pt;\" width=\"97\" height=\"16\">Manipulaci\u00f3n de superficies<\/td>\n<td class=\"et2\" style=\"width: 267.50pt;\" width=\"267\">Impresi\u00f3n en huecograbado<\/td>\n<\/tr>\n<tr style=\"height: 16.00pt;\">\n<td class=\"et2\" style=\"height: 16.00pt; width: 97.50pt;\" width=\"97\" height=\"16\">Color<\/td>\n<td class=\"et2\" style=\"width: 267.50pt;\" width=\"267\">Impresi\u00f3n a doble cara, hasta 10 colores<\/td>\n<\/tr>\n<tr style=\"height: 16.00pt;\">\n<td class=\"et2\" style=\"height: 16.00pt; width: 97.50pt;\" width=\"97\" height=\"16\">Utilizaci\u00f3n<\/td>\n<td class=\"et2\" style=\"width: 267.50pt;\" width=\"267\">Caf\u00e9, Dulces, Leche, Merienda<\/td>\n<\/tr>\n<tr style=\"height: 16.00pt;\">\n<td class=\"et2\" style=\"height: 16.00pt; width: 97.50pt;\" width=\"97\" height=\"16\">MOQ<\/td>\n<td class=\"et2\" style=\"width: 267.50pt;\" width=\"267\">50.000 unidades<\/td>\n<\/tr>\n<tr style=\"height: 16.00pt;\">\n<td class=\"et2\" style=\"height: 16.00pt; width: 97.50pt;\" width=\"97\" height=\"16\">Pedido a medida<\/td>\n<td class=\"et2\" style=\"width: 267.50pt;\" width=\"267\">Aceptamos OEM, Soporte Muestra gratis<\/td>\n<\/tr>\n<\/tbody>\n<\/table>","protected":false},"featured_media":3511,"comment_status":"closed","ping_status":"closed","template":"","meta":{"_acf_changed":false},"product_brand":[],"product_cat":[26],"product_tag":[],"class_list":{"0":"post-3508","1":"product","2":"type-product","3":"status-publish","4":"has-post-thumbnail","6":"product_cat-packaging-film-manufacturer","7":"pa_food-packaging-food-powder-packaging","8":"pa_food-packaging-coffee-packaging-pouch","10":"first","11":"instock","12":"shipping-taxable","13":"product-type-simple"},"acf":[],"_links":{"self":[{"href":"https:\/\/www.stanleypackage.com\/es\/wp-json\/wp\/v2\/product\/3508","targetHints":{"allow":["GET"]}}],"collection":[{"href":"https:\/\/www.stanleypackage.com\/es\/wp-json\/wp\/v2\/product"}],"about":[{"href":"https:\/\/www.stanleypackage.com\/es\/wp-json\/wp\/v2\/types\/product"}],"replies":[{"embeddable":true,"href":"https:\/\/www.stanleypackage.com\/es\/wp-json\/wp\/v2\/comments?post=3508"}],"wp:featuredmedia":[{"embeddable":true,"href":"https:\/\/www.stanleypackage.com\/es\/wp-json\/wp\/v2\/media\/3511"}],"wp:attachment":[{"href":"https:\/\/www.stanleypackage.com\/es\/wp-json\/wp\/v2\/media?parent=3508"}],"wp:term":[{"taxonomy":"product_brand","embeddable":true,"href":"https:\/\/www.stanleypackage.com\/es\/wp-json\/wp\/v2\/product_brand?post=3508"},{"taxonomy":"product_cat","embeddable":true,"href":"https:\/\/www.stanleypackage.com\/es\/wp-json\/wp\/v2\/product_cat?post=3508"},{"taxonomy":"product_tag","embeddable":true,"href":"https:\/\/www.stanleypackage.com\/es\/wp-json\/wp\/v2\/product_tag?post=3508"}],"curies":[{"name":"wp","href":"https:\/\/api.w.org\/{rel}","templated":true}]}}