{"id":3549,"date":"2025-10-28T07:09:22","date_gmt":"2025-10-28T07:09:22","guid":{"rendered":"https:\/\/www.stanleypackage.com\/?post_type=product&#038;p=3549"},"modified":"2025-10-28T07:09:48","modified_gmt":"2025-10-28T07:09:48","slug":"custom-resealable-stand-up-pouches","status":"publish","type":"product","link":"https:\/\/www.stanleypackage.com\/es\/product\/custom-resealable-stand-up-pouches\/","title":{"rendered":"Bolsas de pie resellables personalizadas, envases para lavander\u00eda"},"content":{"rendered":"<div class=\"wp-block-columns is-layout-flex wp-container-core-columns-is-layout-9d6595d7 wp-block-columns-is-layout-flex\">\n<div class=\"wp-block-column is-layout-flow wp-block-column-is-layout-flow\">\n<h2 class=\"wp-block-heading\">Caracter\u00edsticas de las bolsas con asa resellables personalizadas<\/h2>\n\n\n\n<ul class=\"wp-block-list\">\n<li><strong>Dise\u00f1o de fondo de saco autoportante: <\/strong>Estas bolsas de pie resellables personalizadas para c\u00e1psulas de lavander\u00eda adoptan un fondo autoportante duradero, que puede mantenerse estable, es conveniente para la colocaci\u00f3n en estanter\u00edas y mejora el efecto de exposici\u00f3n del producto.<\/li>\n\n\n\n<li><strong>Estructura de relleno superior: <\/strong>Estas bolsas de envasado de monodosis de lavander\u00eda al por mayor adoptan un dise\u00f1o de llenado superior, que es conveniente para el llenado mec\u00e1nico o manual, adecuado para diferentes procesos de producci\u00f3n, y m\u00e1s eficiente.<\/li>\n\n\n\n<li><strong>Dise\u00f1o f\u00e1cil de rasgar: <\/strong>Estas bolsas de pie resellables personalizadas para c\u00e1psulas de lavander\u00eda cuentan con una muesca de rasgado f\u00e1cil, que permite a los consumidores abrirlas f\u00e1cilmente, sin necesidad de herramientas, y son pr\u00e1cticas de usar.<\/li>\n\n\n\n<li><strong>Equipado con una cremallera: <\/strong>Nuestras bolsas de envasado a medida para c\u00e1psulas de lavander\u00eda incorporan una cremallera de sellado reutilizable para m\u00faltiples aperturas y cierres.<\/li>\n\n\n\n<li><strong>El servicio personalizado satisface las necesidades:\u00a0<\/strong>Ofrecemos una gran variedad de opciones de personalizaci\u00f3n para las bolsas de envasado de vainas de lavander\u00eda, y podemos dise\u00f1ar diferentes formas, tama\u00f1os y patrones de impresi\u00f3n seg\u00fan las necesidades del cliente para mejorar la personalizaci\u00f3n de la marca y la competitividad en el mercado.<\/li>\n\n\n\n<li><strong>Admite impresi\u00f3n personalizada a doble cara:<\/strong> Nuestras bolsas stand up resellables personalizadas adoptan la impresi\u00f3n en huecograbado, y el patr\u00f3n de la marca se presenta claramente para ayudar a los clientes a crear un sistema de identificaci\u00f3n visual exclusivo.<\/li>\n\n\n\n<li><strong>Dise\u00f1o con orificios para colgar:<\/strong> Nuestras bolsas de pie resellables personalizadas para c\u00e1psulas de lavander\u00eda presentan un dise\u00f1o con orificios para colgar, que resulta muy pr\u00e1ctico para exponerlas en las estanter\u00edas.<\/li>\n<\/ul>\n\n\n\n<div class=\"wp-block-columns is-layout-flex wp-container-core-columns-is-layout-9d6595d7 wp-block-columns-is-layout-flex\">\n<div class=\"wp-block-column is-layout-flow wp-block-column-is-layout-flow\">\n<figure class=\"wp-block-image size-full\"><img decoding=\"async\" width=\"750\" height=\"750\" src=\"https:\/\/www.stanleypackage.com\/wp-content\/uploads\/2025\/10\/Custom-Packaging-Bags-for-Laundry-Pods-Stand-Up-Zipper-Pouch-3.jpg\" alt=\"\" class=\"wp-image-3551\" srcset=\"https:\/\/www.stanleypackage.com\/wp-content\/uploads\/2025\/10\/Custom-Packaging-Bags-for-Laundry-Pods-Stand-Up-Zipper-Pouch-3.jpg 750w, https:\/\/www.stanleypackage.com\/wp-content\/uploads\/2025\/10\/Custom-Packaging-Bags-for-Laundry-Pods-Stand-Up-Zipper-Pouch-3-300x300.jpg 300w, https:\/\/www.stanleypackage.com\/wp-content\/uploads\/2025\/10\/Custom-Packaging-Bags-for-Laundry-Pods-Stand-Up-Zipper-Pouch-3-150x150.jpg 150w, https:\/\/www.stanleypackage.com\/wp-content\/uploads\/2025\/10\/Custom-Packaging-Bags-for-Laundry-Pods-Stand-Up-Zipper-Pouch-3-12x12.jpg 12w, https:\/\/www.stanleypackage.com\/wp-content\/uploads\/2025\/10\/Custom-Packaging-Bags-for-Laundry-Pods-Stand-Up-Zipper-Pouch-3-600x600.jpg 600w, https:\/\/www.stanleypackage.com\/wp-content\/uploads\/2025\/10\/Custom-Packaging-Bags-for-Laundry-Pods-Stand-Up-Zipper-Pouch-3-100x100.jpg 100w\" sizes=\"(max-width: 750px) 100vw, 750px\" \/><\/figure>\n<\/div>\n\n\n\n<div class=\"wp-block-column is-layout-flow wp-block-column-is-layout-flow\">\n<figure class=\"wp-block-image size-full\"><img decoding=\"async\" width=\"750\" height=\"750\" src=\"https:\/\/www.stanleypackage.com\/wp-content\/uploads\/2025\/10\/Custom-Packaging-Bags-for-Laundry-Pods-Stand-Up-Zipper-Pouch-8.jpg\" alt=\"\" class=\"wp-image-3552\" srcset=\"https:\/\/www.stanleypackage.com\/wp-content\/uploads\/2025\/10\/Custom-Packaging-Bags-for-Laundry-Pods-Stand-Up-Zipper-Pouch-8.jpg 750w, https:\/\/www.stanleypackage.com\/wp-content\/uploads\/2025\/10\/Custom-Packaging-Bags-for-Laundry-Pods-Stand-Up-Zipper-Pouch-8-300x300.jpg 300w, https:\/\/www.stanleypackage.com\/wp-content\/uploads\/2025\/10\/Custom-Packaging-Bags-for-Laundry-Pods-Stand-Up-Zipper-Pouch-8-150x150.jpg 150w, https:\/\/www.stanleypackage.com\/wp-content\/uploads\/2025\/10\/Custom-Packaging-Bags-for-Laundry-Pods-Stand-Up-Zipper-Pouch-8-12x12.jpg 12w, https:\/\/www.stanleypackage.com\/wp-content\/uploads\/2025\/10\/Custom-Packaging-Bags-for-Laundry-Pods-Stand-Up-Zipper-Pouch-8-600x600.jpg 600w, https:\/\/www.stanleypackage.com\/wp-content\/uploads\/2025\/10\/Custom-Packaging-Bags-for-Laundry-Pods-Stand-Up-Zipper-Pouch-8-100x100.jpg 100w\" sizes=\"(max-width: 750px) 100vw, 750px\" \/><\/figure>\n<\/div>\n<\/div>\n<\/div>\n<\/div>\n\n\n\n<p><\/p>","protected":false},"excerpt":{"rendered":"<p>Encuentre bolsas de pie resellables personalizadas de alta calidad. Nuestras bolsas para el envasado de bolsitas de lavander\u00eda est\u00e1n equipadas con una cremallera y un dise\u00f1o f\u00e1cil de rasgar, que resulta c\u00f3modo de abrir y utilizar. Admiten una personalizaci\u00f3n completa.<\/p>\n<table style=\"border-collapse: collapse; width: 365.02pt;\" border=\"0\" width=\"365\" cellspacing=\"0\" cellpadding=\"0\">\n<tbody>\n<tr style=\"height: 16.00pt;\">\n<td class=\"et2\" style=\"height: 16.00pt; width: 97.50pt;\" width=\"97\" height=\"16\">Fabricante<\/td>\n<td class=\"et2\" style=\"width: 267.50pt;\" width=\"267\">Stanley<\/td>\n<\/tr>\n<tr style=\"height: 16.00pt;\">\n<td class=\"et2\" style=\"height: 16.00pt; width: 97.50pt;\" width=\"97\" height=\"16\">Tipos de bolsas<\/td>\n<td class=\"et2\" style=\"width: 267.50pt;\" width=\"267\">Stand Up Pouch, Bolsa con cremallera<\/td>\n<\/tr>\n<tr style=\"height: 16.00pt;\">\n<td class=\"et2\" style=\"height: 16.00pt; width: 97.50pt;\" width=\"97\" height=\"16\">Material<\/td>\n<td class=\"et2\" style=\"width: 267.50pt;\" width=\"267\">BOPP28\/VMPET12\/PE55<\/td>\n<\/tr>\n<tr style=\"height: 16.00pt;\">\n<td class=\"et2\" style=\"height: 16.00pt; width: 97.50pt;\" width=\"97\" height=\"16\">Reportaje especial<\/td>\n<td class=\"et2\" style=\"width: 267.50pt;\" width=\"267\">Relleno superior, muesca para rasgar, dise\u00f1o de cremallera, agujero para colgar<\/td>\n<\/tr>\n<tr style=\"height: 16.00pt;\">\n<td class=\"et2\" style=\"height: 16.00pt; width: 97.50pt;\" width=\"97\" height=\"16\">Manipulaci\u00f3n de superficies<\/td>\n<td class=\"et2\" style=\"width: 267.50pt;\" width=\"267\">Impresi\u00f3n en huecograbado<\/td>\n<\/tr>\n<tr style=\"height: 16.00pt;\">\n<td class=\"et2\" style=\"height: 16.00pt; width: 97.50pt;\" width=\"97\" height=\"16\">Color<\/td>\n<td class=\"et2\" style=\"width: 267.50pt;\" width=\"267\">Impresi\u00f3n a doble cara, hasta 10 colores<\/td>\n<\/tr>\n<tr style=\"height: 16.00pt;\">\n<td class=\"et2\" style=\"height: 16.00pt; width: 97.50pt;\" width=\"97\" height=\"16\">Utilizaci\u00f3n<\/td>\n<td class=\"et2\" style=\"width: 267.50pt;\" width=\"267\">Landry Detergente en pastillas, detergente en polvo, jab\u00f3n\u00a0<\/td>\n<\/tr>\n<tr style=\"height: 16.00pt;\">\n<td class=\"et2\" style=\"height: 16.00pt; width: 97.50pt;\" width=\"97\" height=\"16\">MOQ<\/td>\n<td class=\"et2\" style=\"width: 267.50pt;\" width=\"267\">50.000 unidades<\/td>\n<\/tr>\n<tr style=\"height: 16.00pt;\">\n<td class=\"et2\" style=\"height: 16.00pt; width: 97.50pt;\" width=\"97\" height=\"16\">Pedido a medida<\/td>\n<td class=\"et2\" style=\"width: 267.50pt;\" width=\"267\">Aceptamos OEM ,Muestras gratuitas<\/td>\n<\/tr>\n<\/tbody>\n<\/table>","protected":false},"featured_media":3553,"comment_status":"closed","ping_status":"closed","template":"","meta":{"_acf_changed":false},"product_brand":[],"product_cat":[30,18],"product_tag":[],"class_list":{"0":"post-3549","1":"product","2":"type-product","3":"status-publish","4":"has-post-thumbnail","6":"product_cat-stand-up-pouch-manufacturer","7":"product_cat-zipper-pouch-manufacturer","8":"pa_non-food-packaging-soap-detergent-pouches","10":"first","11":"instock","12":"shipping-taxable","13":"product-type-simple"},"acf":[],"_links":{"self":[{"href":"https:\/\/www.stanleypackage.com\/es\/wp-json\/wp\/v2\/product\/3549","targetHints":{"allow":["GET"]}}],"collection":[{"href":"https:\/\/www.stanleypackage.com\/es\/wp-json\/wp\/v2\/product"}],"about":[{"href":"https:\/\/www.stanleypackage.com\/es\/wp-json\/wp\/v2\/types\/product"}],"replies":[{"embeddable":true,"href":"https:\/\/www.stanleypackage.com\/es\/wp-json\/wp\/v2\/comments?post=3549"}],"wp:featuredmedia":[{"embeddable":true,"href":"https:\/\/www.stanleypackage.com\/es\/wp-json\/wp\/v2\/media\/3553"}],"wp:attachment":[{"href":"https:\/\/www.stanleypackage.com\/es\/wp-json\/wp\/v2\/media?parent=3549"}],"wp:term":[{"taxonomy":"product_brand","embeddable":true,"href":"https:\/\/www.stanleypackage.com\/es\/wp-json\/wp\/v2\/product_brand?post=3549"},{"taxonomy":"product_cat","embeddable":true,"href":"https:\/\/www.stanleypackage.com\/es\/wp-json\/wp\/v2\/product_cat?post=3549"},{"taxonomy":"product_tag","embeddable":true,"href":"https:\/\/www.stanleypackage.com\/es\/wp-json\/wp\/v2\/product_tag?post=3549"}],"curies":[{"name":"wp","href":"https:\/\/api.w.org\/{rel}","templated":true}]}}