{"id":3572,"date":"2025-11-01T02:18:25","date_gmt":"2025-11-01T02:18:25","guid":{"rendered":"https:\/\/www.stanleypackage.com\/?post_type=product&#038;p=3572"},"modified":"2025-11-01T02:18:32","modified_gmt":"2025-11-01T02:18:32","slug":"food-grade-foil-pouches-bulk-2","status":"publish","type":"product","link":"https:\/\/www.stanleypackage.com\/es\/product\/food-grade-foil-pouches-bulk-2\/","title":{"rendered":"Bolsas de aluminio de calidad alimentaria a granel con servicio de impresi\u00f3n personalizado"},"content":{"rendered":"<div class=\"wp-block-columns is-layout-flex wp-container-core-columns-is-layout-9d6595d7 wp-block-columns-is-layout-flex\">\n<div class=\"wp-block-column is-layout-flow wp-block-column-is-layout-flow\">\n<h2 class=\"wp-block-heading\">Caracter\u00edsticas de las bolsas de aluminio alimentarias a granel<\/h2>\n\n\n\n<ul class=\"wp-block-list\">\n<li><strong>Alta barrera, apto para alimentos y seguro:<\/strong> Nuestras bolsas de l\u00e1mina de calidad alimentaria a granel utilizan una estructura compuesta multicapa de PET12\/VMPET12\/PE110, que proporciona una excelente protecci\u00f3n contra la humedad, la oxidaci\u00f3n y la luz.<\/li>\n\n\n\n<li><strong>Dise\u00f1o f\u00e1cil de rasgar: <\/strong>Nuestras bolsas personalizadas para alimentos al por mayor cuentan con una muesca de f\u00e1cil apertura que facilita su apertura por parte de los consumidores.<\/li>\n\n\n\n<li><strong>Llenado y sellado eficaces: <\/strong>El dise\u00f1o de llenado superior de estas bolsas de l\u00e1mina de calidad alimentaria a granel hace que el proceso de envasado sea m\u00e1s eficaz e higi\u00e9nico, lo que las hace especialmente adecuadas para la producci\u00f3n de grandes vol\u00famenes en l\u00edneas de montaje.<\/li>\n\n\n\n<li><strong>Amplia aplicaci\u00f3n: <\/strong>Estas bolsas stand up impresas a medida son adecuadas para envasar una gran variedad de alimentos, como caf\u00e9 en grano, frutos secos, cereales, aperitivos, t\u00e9 y comida para mascotas, lo que permite a las marcas satisfacer las necesidades del mercado de m\u00faltiples categor\u00edas de productos con un solo envase.<\/li>\n\n\n\n<li><strong>Aluminio Material de la pel\u00edcula: <\/strong>Nuestras bolsas de papel de aluminio para alimentos a granel est\u00e1n hechas de material de pel\u00edcula de aluminio, que puede prevenir mejor la infiltraci\u00f3n de aire y humedad.<\/li>\n<\/ul>\n\n\n\n<div class=\"wp-block-columns is-layout-flex wp-container-core-columns-is-layout-9d6595d7 wp-block-columns-is-layout-flex\">\n<div class=\"wp-block-column is-layout-flow wp-block-column-is-layout-flow\">\n<figure class=\"wp-block-image size-full\"><img decoding=\"async\" width=\"750\" height=\"750\" src=\"https:\/\/www.stanleypackage.com\/wp-content\/uploads\/2025\/10\/Custom-Food-Pouches-With-Logo-Bulk-3-Side-Seal-Packaging-Bags-3.jpg\" alt=\"\" class=\"wp-image-3573\" srcset=\"https:\/\/www.stanleypackage.com\/wp-content\/uploads\/2025\/10\/Custom-Food-Pouches-With-Logo-Bulk-3-Side-Seal-Packaging-Bags-3.jpg 750w, https:\/\/www.stanleypackage.com\/wp-content\/uploads\/2025\/10\/Custom-Food-Pouches-With-Logo-Bulk-3-Side-Seal-Packaging-Bags-3-300x300.jpg 300w, https:\/\/www.stanleypackage.com\/wp-content\/uploads\/2025\/10\/Custom-Food-Pouches-With-Logo-Bulk-3-Side-Seal-Packaging-Bags-3-150x150.jpg 150w, https:\/\/www.stanleypackage.com\/wp-content\/uploads\/2025\/10\/Custom-Food-Pouches-With-Logo-Bulk-3-Side-Seal-Packaging-Bags-3-12x12.jpg 12w, https:\/\/www.stanleypackage.com\/wp-content\/uploads\/2025\/10\/Custom-Food-Pouches-With-Logo-Bulk-3-Side-Seal-Packaging-Bags-3-600x600.jpg 600w, https:\/\/www.stanleypackage.com\/wp-content\/uploads\/2025\/10\/Custom-Food-Pouches-With-Logo-Bulk-3-Side-Seal-Packaging-Bags-3-100x100.jpg 100w\" sizes=\"(max-width: 750px) 100vw, 750px\" \/><\/figure>\n<\/div>\n\n\n\n<div class=\"wp-block-column is-layout-flow wp-block-column-is-layout-flow\">\n<figure class=\"wp-block-image size-full\"><img decoding=\"async\" width=\"750\" height=\"750\" src=\"https:\/\/www.stanleypackage.com\/wp-content\/uploads\/2025\/10\/Custom-Food-Pouches-With-Logo-Bulk-3-Side-Seal-Packaging-Bags-7.jpg\" alt=\"\" class=\"wp-image-3574\" srcset=\"https:\/\/www.stanleypackage.com\/wp-content\/uploads\/2025\/10\/Custom-Food-Pouches-With-Logo-Bulk-3-Side-Seal-Packaging-Bags-7.jpg 750w, https:\/\/www.stanleypackage.com\/wp-content\/uploads\/2025\/10\/Custom-Food-Pouches-With-Logo-Bulk-3-Side-Seal-Packaging-Bags-7-300x300.jpg 300w, https:\/\/www.stanleypackage.com\/wp-content\/uploads\/2025\/10\/Custom-Food-Pouches-With-Logo-Bulk-3-Side-Seal-Packaging-Bags-7-150x150.jpg 150w, https:\/\/www.stanleypackage.com\/wp-content\/uploads\/2025\/10\/Custom-Food-Pouches-With-Logo-Bulk-3-Side-Seal-Packaging-Bags-7-12x12.jpg 12w, https:\/\/www.stanleypackage.com\/wp-content\/uploads\/2025\/10\/Custom-Food-Pouches-With-Logo-Bulk-3-Side-Seal-Packaging-Bags-7-600x600.jpg 600w, https:\/\/www.stanleypackage.com\/wp-content\/uploads\/2025\/10\/Custom-Food-Pouches-With-Logo-Bulk-3-Side-Seal-Packaging-Bags-7-100x100.jpg 100w\" sizes=\"(max-width: 750px) 100vw, 750px\" \/><\/figure>\n<\/div>\n<\/div>\n<\/div>\n<\/div>\n\n\n\n<p><\/p>","protected":false},"excerpt":{"rendered":"<p>Bienvenido a comprar bolsas de aluminio para alimentos a granel. Nuestras bolsas de alimentos impresas a medida combinan propiedades de alta barrera con durabilidad, con una muesca f\u00e1cil de rasgar y un puerto de llenado superior para satisfacer una variedad de necesidades de envasado y exhibici\u00f3n de alimentos.<\/p>\n<table style=\"border-collapse: collapse; width: 365.02pt;\" border=\"0\" width=\"365\" cellspacing=\"0\" cellpadding=\"0\">\n<tbody>\n<tr style=\"height: 16.00pt;\">\n<td class=\"et2\" style=\"height: 16.00pt; width: 97.50pt;\" width=\"97\" height=\"16\">Fabricante<\/td>\n<td class=\"et2\" style=\"width: 267.50pt;\" width=\"267\">Stanley<\/td>\n<\/tr>\n<tr style=\"height: 16.00pt;\">\n<td class=\"et2\" style=\"height: 16.00pt; width: 97.50pt;\" width=\"97\" height=\"16\">Tipos de bolsas<\/td>\n<td class=\"et2\" style=\"width: 267.50pt;\" width=\"267\">Bolsa Stand Up<\/td>\n<\/tr>\n<tr style=\"height: 31.00pt;\">\n<td class=\"et2\" style=\"height: 31.00pt; width: 97.50pt;\" width=\"97\" height=\"31\">Material<\/td>\n<td class=\"et2\" style=\"width: 267.50pt;\" width=\"267\">PET12\/VMPET12\/PE110<\/td>\n<\/tr>\n<tr style=\"height: 16.00pt;\">\n<td class=\"et2\" style=\"height: 16.00pt; width: 97.50pt;\" width=\"97\" height=\"16\">Reportaje especial<\/td>\n<td class=\"et2\" style=\"width: 267.50pt;\" width=\"267\">Muesca de desgarro, relleno superior<\/td>\n<\/tr>\n<tr style=\"height: 16.00pt;\">\n<td class=\"et2\" style=\"height: 16.00pt; width: 97.50pt;\" width=\"97\" height=\"16\">Manipulaci\u00f3n de superficies<\/td>\n<td class=\"et2\" style=\"width: 267.50pt;\" width=\"267\">Impresi\u00f3n en huecograbado<\/td>\n<\/tr>\n<tr style=\"height: 16.00pt;\">\n<td class=\"et2\" style=\"height: 16.00pt; width: 97.50pt;\" width=\"97\" height=\"16\">Color<\/td>\n<td class=\"et2\" style=\"width: 267.50pt;\" width=\"267\">Hasta 10 colores<\/td>\n<\/tr>\n<tr style=\"height: 16.00pt;\">\n<td class=\"et2\" style=\"height: 16.00pt; width: 97.50pt;\" width=\"97\" height=\"16\">Utilizaci\u00f3n<\/td>\n<td class=\"et2\" style=\"width: 267.50pt;\" width=\"267\">Copos de avena, caf\u00e9, aperitivos, frutos secos, alimentos secos<\/td>\n<\/tr>\n<tr style=\"height: 16.00pt;\">\n<td class=\"et2\" style=\"height: 16.00pt; width: 97.50pt;\" width=\"97\" height=\"16\">MOQ<\/td>\n<td class=\"et2\" style=\"width: 267.50pt;\" width=\"267\">50.000 unidades<\/td>\n<\/tr>\n<tr style=\"height: 16.00pt;\">\n<td class=\"et2\" style=\"height: 16.00pt; width: 97.50pt;\" width=\"97\" height=\"16\">Pedido a medida<\/td>\n<td class=\"et2\" style=\"width: 267.50pt;\" width=\"267\">Aceptar soporte OEM Muestra gratuita<\/td>\n<\/tr>\n<\/tbody>\n<\/table>","protected":false},"featured_media":3575,"comment_status":"closed","ping_status":"closed","template":"","meta":{"_acf_changed":false},"product_brand":[],"product_cat":[30],"product_tag":[],"class_list":{"0":"post-3572","1":"product","2":"type-product","3":"status-publish","4":"has-post-thumbnail","6":"product_cat-stand-up-pouch-manufacturer","7":"pa_food-packaging-oatmeal-pouch","8":"pa_food-packaging-snack-food-pouch","9":"pa_food-packaging-ready-meal-pouch","11":"first","12":"instock","13":"shipping-taxable","14":"product-type-simple"},"acf":[],"_links":{"self":[{"href":"https:\/\/www.stanleypackage.com\/es\/wp-json\/wp\/v2\/product\/3572","targetHints":{"allow":["GET"]}}],"collection":[{"href":"https:\/\/www.stanleypackage.com\/es\/wp-json\/wp\/v2\/product"}],"about":[{"href":"https:\/\/www.stanleypackage.com\/es\/wp-json\/wp\/v2\/types\/product"}],"replies":[{"embeddable":true,"href":"https:\/\/www.stanleypackage.com\/es\/wp-json\/wp\/v2\/comments?post=3572"}],"wp:featuredmedia":[{"embeddable":true,"href":"https:\/\/www.stanleypackage.com\/es\/wp-json\/wp\/v2\/media\/3575"}],"wp:attachment":[{"href":"https:\/\/www.stanleypackage.com\/es\/wp-json\/wp\/v2\/media?parent=3572"}],"wp:term":[{"taxonomy":"product_brand","embeddable":true,"href":"https:\/\/www.stanleypackage.com\/es\/wp-json\/wp\/v2\/product_brand?post=3572"},{"taxonomy":"product_cat","embeddable":true,"href":"https:\/\/www.stanleypackage.com\/es\/wp-json\/wp\/v2\/product_cat?post=3572"},{"taxonomy":"product_tag","embeddable":true,"href":"https:\/\/www.stanleypackage.com\/es\/wp-json\/wp\/v2\/product_tag?post=3572"}],"curies":[{"name":"wp","href":"https:\/\/api.w.org\/{rel}","templated":true}]}}