{"id":3590,"date":"2025-11-01T01:25:56","date_gmt":"2025-11-01T01:25:56","guid":{"rendered":"https:\/\/www.stanleypackage.com\/?post_type=product&#038;p=3590"},"modified":"2025-11-01T01:26:28","modified_gmt":"2025-11-01T01:26:28","slug":"oem-roll-stock-film","status":"publish","type":"product","link":"https:\/\/www.stanleypackage.com\/es\/product\/oem-roll-stock-film\/","title":{"rendered":"Rollos de film OEM, films personalizados para snacks de gelatina"},"content":{"rendered":"<div class=\"wp-block-columns is-layout-flex wp-container-core-columns-is-layout-9d6595d7 wp-block-columns-is-layout-flex\">\n<div class=\"wp-block-column is-layout-flow wp-block-column-is-layout-flow\">\n<h2 class=\"wp-block-heading\">Caracter\u00edsticas del rollo de pel\u00edcula OEM<\/h2>\n\n\n\n<ul class=\"wp-block-list\">\n<li><strong>Adecuado para l\u00edneas de producci\u00f3n automatizadas:<\/strong> Esta pel\u00edcula en rollo OEM es adecuada para equipos de envasado autom\u00e1tico de alta velocidad, lo que mejora la eficacia de la producci\u00f3n y ahorra costes de mano de obra y tiempo.<\/li>\n\n\n\n<li><strong>Material de al\u00famina: <\/strong>Nuestra pel\u00edcula para envasado de aperitivos a base de gelatina est\u00e1 hecha de material de al\u00famina, que tiene excelentes propiedades de barrera, evitando eficazmente que los alimentos se oxiden y deterioren, y manteniendo la frescura de los alimentos.<\/li>\n\n\n\n<li><strong>Admite logotipo personalizado en el envase: <\/strong>Nuestro rollo de pel\u00edcula OEM se puede personalizar con cualquier logotipo, lo que mejora la imagen de marca de nuestros clientes.<\/li>\n\n\n\n<li><strong>Admite diversos procesos de superficie: <\/strong>Nuestras l\u00e1minas personalizadas para envasar aperitivos de gelatina pueden elegir procesos de impresi\u00f3n especiales como mate, brillo, luz local UV, etc., para mejorar la estratificaci\u00f3n del envase y el reconocimiento de la marca.<\/li>\n\n\n\n<li><strong>Adecuado para una gran variedad de tama\u00f1os y formas de alimentos:<\/strong> Nuestra pel\u00edcula en rollo OEM puede personalizarse con patrones de impresi\u00f3n y especificaciones seg\u00fan las necesidades del cliente, y es adecuada para productos alimentarios de distintos tama\u00f1os y formas.<\/li>\n<\/ul>\n\n\n\n<div class=\"wp-block-columns is-layout-flex wp-container-core-columns-is-layout-9d6595d7 wp-block-columns-is-layout-flex\">\n<div class=\"wp-block-column is-layout-flow wp-block-column-is-layout-flow\">\n<figure class=\"wp-block-image size-full\"><img decoding=\"async\" width=\"750\" height=\"750\" src=\"https:\/\/www.stanleypackage.com\/wp-content\/uploads\/2025\/10\/Bulk-Custom-Printed-Roll-Stock-Films-Jelly-Packaging-Films-7.jpg\" alt=\"\" class=\"wp-image-3591\" srcset=\"https:\/\/www.stanleypackage.com\/wp-content\/uploads\/2025\/10\/Bulk-Custom-Printed-Roll-Stock-Films-Jelly-Packaging-Films-7.jpg 750w, https:\/\/www.stanleypackage.com\/wp-content\/uploads\/2025\/10\/Bulk-Custom-Printed-Roll-Stock-Films-Jelly-Packaging-Films-7-300x300.jpg 300w, https:\/\/www.stanleypackage.com\/wp-content\/uploads\/2025\/10\/Bulk-Custom-Printed-Roll-Stock-Films-Jelly-Packaging-Films-7-150x150.jpg 150w, https:\/\/www.stanleypackage.com\/wp-content\/uploads\/2025\/10\/Bulk-Custom-Printed-Roll-Stock-Films-Jelly-Packaging-Films-7-12x12.jpg 12w, https:\/\/www.stanleypackage.com\/wp-content\/uploads\/2025\/10\/Bulk-Custom-Printed-Roll-Stock-Films-Jelly-Packaging-Films-7-600x600.jpg 600w, https:\/\/www.stanleypackage.com\/wp-content\/uploads\/2025\/10\/Bulk-Custom-Printed-Roll-Stock-Films-Jelly-Packaging-Films-7-100x100.jpg 100w\" sizes=\"(max-width: 750px) 100vw, 750px\" \/><\/figure>\n<\/div>\n\n\n\n<div class=\"wp-block-column is-layout-flow wp-block-column-is-layout-flow\">\n<figure class=\"wp-block-image size-full\"><img decoding=\"async\" width=\"750\" height=\"750\" src=\"https:\/\/www.stanleypackage.com\/wp-content\/uploads\/2025\/10\/Bulk-Custom-Printed-Roll-Stock-Films-Jelly-Packaging-Films-3.jpg\" alt=\"\" class=\"wp-image-3592\" srcset=\"https:\/\/www.stanleypackage.com\/wp-content\/uploads\/2025\/10\/Bulk-Custom-Printed-Roll-Stock-Films-Jelly-Packaging-Films-3.jpg 750w, https:\/\/www.stanleypackage.com\/wp-content\/uploads\/2025\/10\/Bulk-Custom-Printed-Roll-Stock-Films-Jelly-Packaging-Films-3-300x300.jpg 300w, https:\/\/www.stanleypackage.com\/wp-content\/uploads\/2025\/10\/Bulk-Custom-Printed-Roll-Stock-Films-Jelly-Packaging-Films-3-150x150.jpg 150w, https:\/\/www.stanleypackage.com\/wp-content\/uploads\/2025\/10\/Bulk-Custom-Printed-Roll-Stock-Films-Jelly-Packaging-Films-3-12x12.jpg 12w, https:\/\/www.stanleypackage.com\/wp-content\/uploads\/2025\/10\/Bulk-Custom-Printed-Roll-Stock-Films-Jelly-Packaging-Films-3-600x600.jpg 600w, https:\/\/www.stanleypackage.com\/wp-content\/uploads\/2025\/10\/Bulk-Custom-Printed-Roll-Stock-Films-Jelly-Packaging-Films-3-100x100.jpg 100w\" sizes=\"(max-width: 750px) 100vw, 750px\" \/><\/figure>\n<\/div>\n<\/div>\n<\/div>\n<\/div>\n\n\n\n<p><\/p>","protected":false},"excerpt":{"rendered":"<p>Le invitamos a solicitar rollos de pel\u00edcula OEM. Esta pel\u00edcula personalizada para envasar aperitivos de gelatina est\u00e1 hecha de material de al\u00famina, que puede prolongar eficazmente la vida \u00fatil de los alimentos. Admite logotipo personalizado y una variedad de efectos de proceso especiales como mate, brillante, UV, etc.<\/p>\n<table style=\"border-collapse: collapse; width: 365.02pt;\" border=\"0\" width=\"365\" cellspacing=\"0\" cellpadding=\"0\">\n<tbody>\n<tr style=\"height: 16.00pt;\">\n<td class=\"et2\" style=\"height: 16.00pt; width: 97.50pt;\" width=\"97\" height=\"16\">Fabricante<\/td>\n<td class=\"et2\" style=\"width: 267.50pt;\" width=\"267\">Stanley<\/td>\n<\/tr>\n<tr style=\"height: 16.00pt;\">\n<td class=\"et2\" style=\"height: 16.00pt; width: 97.50pt;\" width=\"97\" height=\"16\">Tipos de bolsas<\/td>\n<td class=\"et3\">Film para envasado en bolsas<\/td>\n<\/tr>\n<tr style=\"height: 16.00pt;\">\n<td class=\"et2\" style=\"height: 16.00pt; width: 97.50pt;\" width=\"97\" height=\"16\">Material<\/td>\n<td class=\"et2\" style=\"width: 267.50pt;\" width=\"267\">\u00d3xido de aluminio PET12\/BOPA15\/MBPE55<\/td>\n<\/tr>\n<tr style=\"height: 16.00pt;\">\n<td class=\"et2\" style=\"height: 16.00pt; width: 97.50pt;\" width=\"97\" height=\"16\">Reportaje especial<\/td>\n<td class=\"et2\" style=\"width: 267.50pt;\" width=\"267\">Envasado autom\u00e1tico, Envasado de al\u00famina,\u00a0<\/td>\n<\/tr>\n<tr style=\"height: 16.00pt;\">\n<td class=\"et2\" style=\"height: 16.00pt; width: 97.50pt;\" width=\"97\" height=\"16\">Manipulaci\u00f3n de superficies<\/td>\n<td class=\"et2\" style=\"width: 267.50pt;\" width=\"267\">Impresi\u00f3n en huecograbado<\/td>\n<\/tr>\n<tr style=\"height: 16.00pt;\">\n<td class=\"et2\" style=\"height: 16.00pt; width: 97.50pt;\" width=\"97\" height=\"16\">Color<\/td>\n<td class=\"et2\" style=\"width: 267.50pt;\" width=\"267\">Impresi\u00f3n a doble cara, hasta 10 colores<\/td>\n<\/tr>\n<tr style=\"height: 16.00pt;\">\n<td class=\"et2\" style=\"height: 16.00pt; width: 97.50pt;\" width=\"97\" height=\"16\">Utilizaci\u00f3n<\/td>\n<td class=\"et2\" style=\"width: 267.50pt;\" width=\"267\">Gelatina, Aperitivo, Caramelo, Frutos secos<\/td>\n<\/tr>\n<tr style=\"height: 16.00pt;\">\n<td class=\"et2\" style=\"height: 16.00pt; width: 97.50pt;\" width=\"97\" height=\"16\">MOQ<\/td>\n<td class=\"et2\" style=\"width: 267.50pt;\" width=\"267\">50.000 unidades<\/td>\n<\/tr>\n<tr style=\"height: 16.00pt;\">\n<td class=\"et2\" style=\"height: 16.00pt; width: 97.50pt;\" width=\"97\" height=\"16\">Pedido a medida<\/td>\n<td class=\"et2\" style=\"width: 267.50pt;\" width=\"267\">Aceptamos OEM, Soporte Muestra gratis<\/td>\n<\/tr>\n<\/tbody>\n<\/table>","protected":false},"featured_media":3593,"comment_status":"closed","ping_status":"closed","template":"","meta":{"_acf_changed":false},"product_brand":[],"product_cat":[26],"product_tag":[],"class_list":{"0":"post-3590","1":"product","2":"type-product","3":"status-publish","4":"has-post-thumbnail","6":"product_cat-packaging-film-manufacturer","7":"pa_food-packaging-snack-food-pouch","9":"first","10":"instock","11":"shipping-taxable","12":"product-type-simple"},"acf":[],"_links":{"self":[{"href":"https:\/\/www.stanleypackage.com\/es\/wp-json\/wp\/v2\/product\/3590","targetHints":{"allow":["GET"]}}],"collection":[{"href":"https:\/\/www.stanleypackage.com\/es\/wp-json\/wp\/v2\/product"}],"about":[{"href":"https:\/\/www.stanleypackage.com\/es\/wp-json\/wp\/v2\/types\/product"}],"replies":[{"embeddable":true,"href":"https:\/\/www.stanleypackage.com\/es\/wp-json\/wp\/v2\/comments?post=3590"}],"wp:featuredmedia":[{"embeddable":true,"href":"https:\/\/www.stanleypackage.com\/es\/wp-json\/wp\/v2\/media\/3593"}],"wp:attachment":[{"href":"https:\/\/www.stanleypackage.com\/es\/wp-json\/wp\/v2\/media?parent=3590"}],"wp:term":[{"taxonomy":"product_brand","embeddable":true,"href":"https:\/\/www.stanleypackage.com\/es\/wp-json\/wp\/v2\/product_brand?post=3590"},{"taxonomy":"product_cat","embeddable":true,"href":"https:\/\/www.stanleypackage.com\/es\/wp-json\/wp\/v2\/product_cat?post=3590"},{"taxonomy":"product_tag","embeddable":true,"href":"https:\/\/www.stanleypackage.com\/es\/wp-json\/wp\/v2\/product_tag?post=3590"}],"curies":[{"name":"wp","href":"https:\/\/api.w.org\/{rel}","templated":true}]}}