{"id":3613,"date":"2025-11-04T08:40:39","date_gmt":"2025-11-04T08:40:39","guid":{"rendered":"https:\/\/www.stanleypackage.com\/?post_type=product&#038;p=3613"},"modified":"2025-11-04T08:40:45","modified_gmt":"2025-11-04T08:40:45","slug":"oem-food-package-bag","status":"publish","type":"product","link":"https:\/\/www.stanleypackage.com\/es\/product\/oem-food-package-bag\/","title":{"rendered":"OEM Bolsa para envasado de alimentos, Impresi\u00f3n personalizada Bolsa de avena Stand Up"},"content":{"rendered":"<div class=\"wp-block-columns is-layout-flex wp-container-core-columns-is-layout-9d6595d7 wp-block-columns-is-layout-flex\">\n<div class=\"wp-block-column is-layout-flow wp-block-column-is-layout-flow\">\n<h2 class=\"wp-block-heading\">Caracter\u00edsticas de las bolsas OEM para envasado de alimentos<\/h2>\n\n\n\n<ul class=\"wp-block-list\">\n<li><strong>Bolsas de pie, f\u00e1ciles de exponer y almacenar:<\/strong> Estas bolsas OEM para envasado de alimentos de avena al por mayor tienen una estructura de base de pie duradera, que mejora la exposici\u00f3n en los estantes, ahorra espacio de almacenamiento y facilita las ventas finales.<\/li>\n\n\n\n<li><strong>Llenado inferior, apto para l\u00ednea autom\u00e1tica:\u00a0<\/strong>El dise\u00f1o de llenado inferior de nuestras bolsas stand-up impresas a medida agiliza el proceso de envasado automatizado, ahorrando mano de obra y mejorando la eficacia.<\/li>\n\n\n\n<li><strong>Dise\u00f1o f\u00e1cil de rasgar: <\/strong>Nuestras bolsas OEM de envasado de alimentos para avena adoptan un rasgado f\u00e1cil, que es sencillo y no p\u00fablico, lo que las hace c\u00f3modas de abrir para los clientes.<\/li>\n\n\n\n<li><strong>Material de aluminio puro, buena propiedad de barrera: <\/strong>Nuestras bolsas autoportantes impresas al por mayor est\u00e1n hechas de aluminio puro, que tiene excelentes propiedades de barrera al ox\u00edgeno, a prueba de humedad y a prueba de luz, por lo que prolonga eficazmente la vida \u00fatil de la avena.<\/li>\n\n\n\n<li><strong>Apoyar la personalizaci\u00f3n de la marca para satisfacer diversas necesidades de envasado: <\/strong>Nuestras bolsas OEM para envasado de alimentos a base de avena admiten impresi\u00f3n, patrones y capacidad para satisfacer las necesidades de envasado exclusivas de los clientes.<\/li>\n<\/ul>\n\n\n\n<div class=\"wp-block-columns is-layout-flex wp-container-core-columns-is-layout-9d6595d7 wp-block-columns-is-layout-flex\">\n<div class=\"wp-block-column is-layout-flow wp-block-column-is-layout-flow\">\n<figure class=\"wp-block-image size-full\"><img decoding=\"async\" width=\"750\" height=\"750\" src=\"https:\/\/www.stanleypackage.com\/wp-content\/uploads\/2025\/11\/Custom-Packaging-Bag-Of-Oatmeal-Wholesale-Stand-Up-Pouch-2.jpg\" alt=\"\" class=\"wp-image-3614\" srcset=\"https:\/\/www.stanleypackage.com\/wp-content\/uploads\/2025\/11\/Custom-Packaging-Bag-Of-Oatmeal-Wholesale-Stand-Up-Pouch-2.jpg 750w, https:\/\/www.stanleypackage.com\/wp-content\/uploads\/2025\/11\/Custom-Packaging-Bag-Of-Oatmeal-Wholesale-Stand-Up-Pouch-2-300x300.jpg 300w, https:\/\/www.stanleypackage.com\/wp-content\/uploads\/2025\/11\/Custom-Packaging-Bag-Of-Oatmeal-Wholesale-Stand-Up-Pouch-2-150x150.jpg 150w, https:\/\/www.stanleypackage.com\/wp-content\/uploads\/2025\/11\/Custom-Packaging-Bag-Of-Oatmeal-Wholesale-Stand-Up-Pouch-2-12x12.jpg 12w, https:\/\/www.stanleypackage.com\/wp-content\/uploads\/2025\/11\/Custom-Packaging-Bag-Of-Oatmeal-Wholesale-Stand-Up-Pouch-2-600x600.jpg 600w, https:\/\/www.stanleypackage.com\/wp-content\/uploads\/2025\/11\/Custom-Packaging-Bag-Of-Oatmeal-Wholesale-Stand-Up-Pouch-2-100x100.jpg 100w\" sizes=\"(max-width: 750px) 100vw, 750px\" \/><\/figure>\n<\/div>\n\n\n\n<div class=\"wp-block-column is-layout-flow wp-block-column-is-layout-flow\">\n<figure class=\"wp-block-image size-full\"><img decoding=\"async\" width=\"750\" height=\"750\" src=\"https:\/\/www.stanleypackage.com\/wp-content\/uploads\/2025\/11\/Custom-Packaging-Bag-Of-Oatmeal-Wholesale-Stand-Up-Pouch-7.jpg\" alt=\"\" class=\"wp-image-3615\" srcset=\"https:\/\/www.stanleypackage.com\/wp-content\/uploads\/2025\/11\/Custom-Packaging-Bag-Of-Oatmeal-Wholesale-Stand-Up-Pouch-7.jpg 750w, https:\/\/www.stanleypackage.com\/wp-content\/uploads\/2025\/11\/Custom-Packaging-Bag-Of-Oatmeal-Wholesale-Stand-Up-Pouch-7-300x300.jpg 300w, https:\/\/www.stanleypackage.com\/wp-content\/uploads\/2025\/11\/Custom-Packaging-Bag-Of-Oatmeal-Wholesale-Stand-Up-Pouch-7-150x150.jpg 150w, https:\/\/www.stanleypackage.com\/wp-content\/uploads\/2025\/11\/Custom-Packaging-Bag-Of-Oatmeal-Wholesale-Stand-Up-Pouch-7-12x12.jpg 12w, https:\/\/www.stanleypackage.com\/wp-content\/uploads\/2025\/11\/Custom-Packaging-Bag-Of-Oatmeal-Wholesale-Stand-Up-Pouch-7-600x600.jpg 600w, https:\/\/www.stanleypackage.com\/wp-content\/uploads\/2025\/11\/Custom-Packaging-Bag-Of-Oatmeal-Wholesale-Stand-Up-Pouch-7-100x100.jpg 100w\" sizes=\"(max-width: 750px) 100vw, 750px\" \/><\/figure>\n<\/div>\n<\/div>\n<\/div>\n<\/div>","protected":false},"excerpt":{"rendered":"<p>Bienvenido al pedido de bolsas OEM para envasado de alimentos. Nuestras bolsas de pie a granel impresas a medida tienen excelentes propiedades de barrera al ox\u00edgeno, a prueba de humedad y a prueba de luz, lo que prolonga eficazmente la vida \u00fatil de la avena.<\/p>\n<table style=\"border-collapse: collapse; width: 327.77pt;\" border=\"0\" width=\"437\" cellspacing=\"0\" cellpadding=\"0\">\n<tbody>\n<tr style=\"height: 12.75pt;\">\n<td class=\"et2\" style=\"height: 12.75pt; width: 91.40pt;\" width=\"121\" height=\"17\">Fabricante<\/td>\n<td class=\"et2\" style=\"width: 237.00pt;\" width=\"316\">Stanley<\/td>\n<\/tr>\n<tr style=\"height: 12.75pt;\">\n<td class=\"et2\" style=\"height: 12.75pt; width: 91.40pt;\" width=\"121\" height=\"17\">Tipos de bolsas<\/td>\n<td class=\"et3\">Funda de pie<\/td>\n<\/tr>\n<tr style=\"height: 12.75pt;\">\n<td class=\"et2\" style=\"height: 12.75pt; width: 91.40pt;\" width=\"121\" height=\"17\">Material<\/td>\n<td class=\"et2\" style=\"width: 237.00pt;\" width=\"316\">BOPP28\/VMPET12\/PE88<\/td>\n<\/tr>\n<tr style=\"height: 12.75pt;\">\n<td class=\"et2\" style=\"height: 12.75pt; width: 91.40pt;\" width=\"121\" height=\"17\">Reportaje especial<\/td>\n<td class=\"et2\" style=\"width: 237.00pt;\" width=\"316\">Fondo autoportante, muesca de f\u00e1cil rasgado<\/td>\n<\/tr>\n<tr style=\"height: 12.75pt;\">\n<td class=\"et2\" style=\"height: 12.75pt; width: 91.40pt;\" width=\"121\" height=\"17\">Manipulaci\u00f3n de superficies<\/td>\n<td class=\"et2\" style=\"width: 237.00pt;\" width=\"316\">Impresi\u00f3n en huecograbado<\/td>\n<\/tr>\n<tr style=\"height: 12.75pt;\">\n<td class=\"et2\" style=\"height: 12.75pt; width: 91.40pt;\" width=\"121\" height=\"17\">Color<\/td>\n<td class=\"et2\" style=\"width: 237.00pt;\" width=\"316\">Hasta 10 colores<\/td>\n<\/tr>\n<tr style=\"height: 12.75pt;\">\n<td class=\"et2\" style=\"height: 12.75pt; width: 91.40pt;\" width=\"121\" height=\"17\">Utilizaci\u00f3n<\/td>\n<td class=\"et3\">Caramelos, Frutos secos, Aperitivos, Productos salados<\/td>\n<\/tr>\n<tr style=\"height: 12.75pt;\">\n<td class=\"et2\" style=\"height: 12.75pt; width: 91.40pt;\" width=\"121\" height=\"17\">MOQ<\/td>\n<td class=\"et2\" style=\"width: 237.00pt;\" width=\"316\">50.000 unidades<\/td>\n<\/tr>\n<tr style=\"height: 12.75pt;\">\n<td class=\"et2\" style=\"height: 12.75pt; width: 91.40pt;\" width=\"121\" height=\"17\">Pedido a medida<\/td>\n<td class=\"et2\" style=\"width: 237.00pt;\" width=\"316\">Aceptamos OEM, Soporte Muestra gratis<\/td>\n<\/tr>\n<\/tbody>\n<\/table>","protected":false},"featured_media":3616,"comment_status":"closed","ping_status":"closed","template":"","meta":{"_acf_changed":false},"product_brand":[],"product_cat":[30],"product_tag":[],"class_list":{"0":"post-3613","1":"product","2":"type-product","3":"status-publish","4":"has-post-thumbnail","6":"product_cat-stand-up-pouch-manufacturer","7":"pa_food-packaging-oatmeal-pouch","8":"pa_food-packaging-snack-food-pouch","10":"first","11":"instock","12":"shipping-taxable","13":"product-type-simple"},"acf":[],"_links":{"self":[{"href":"https:\/\/www.stanleypackage.com\/es\/wp-json\/wp\/v2\/product\/3613","targetHints":{"allow":["GET"]}}],"collection":[{"href":"https:\/\/www.stanleypackage.com\/es\/wp-json\/wp\/v2\/product"}],"about":[{"href":"https:\/\/www.stanleypackage.com\/es\/wp-json\/wp\/v2\/types\/product"}],"replies":[{"embeddable":true,"href":"https:\/\/www.stanleypackage.com\/es\/wp-json\/wp\/v2\/comments?post=3613"}],"wp:featuredmedia":[{"embeddable":true,"href":"https:\/\/www.stanleypackage.com\/es\/wp-json\/wp\/v2\/media\/3616"}],"wp:attachment":[{"href":"https:\/\/www.stanleypackage.com\/es\/wp-json\/wp\/v2\/media?parent=3613"}],"wp:term":[{"taxonomy":"product_brand","embeddable":true,"href":"https:\/\/www.stanleypackage.com\/es\/wp-json\/wp\/v2\/product_brand?post=3613"},{"taxonomy":"product_cat","embeddable":true,"href":"https:\/\/www.stanleypackage.com\/es\/wp-json\/wp\/v2\/product_cat?post=3613"},{"taxonomy":"product_tag","embeddable":true,"href":"https:\/\/www.stanleypackage.com\/es\/wp-json\/wp\/v2\/product_tag?post=3613"}],"curies":[{"name":"wp","href":"https:\/\/api.w.org\/{rel}","templated":true}]}}