{"id":3621,"date":"2025-11-04T08:54:03","date_gmt":"2025-11-04T08:54:03","guid":{"rendered":"https:\/\/www.stanleypackage.com\/?post_type=product&#038;p=3621"},"modified":"2025-11-04T08:54:10","modified_gmt":"2025-11-04T08:54:10","slug":"tea-pouches-wholesale","status":"publish","type":"product","link":"https:\/\/www.stanleypackage.com\/es\/product\/tea-pouches-wholesale\/","title":{"rendered":"Bolsitas de T\u00e9 Personalizadas al por Mayor, Envasado de Bolsitas de T\u00e9 Individuales"},"content":{"rendered":"<div class=\"wp-block-columns is-layout-flex wp-container-core-columns-is-layout-9d6595d7 wp-block-columns-is-layout-flex\">\n<div class=\"wp-block-column is-layout-flow wp-block-column-is-layout-flow\">\n<h2 class=\"wp-block-heading\">Caracter\u00edsticas de las bolsitas de t\u00e9 personalizadas al por mayor<\/h2>\n\n\n\n<ul class=\"wp-block-list\">\n<li><strong>Dise\u00f1o f\u00e1cil de rasgar: <\/strong>Nuestras bolsas de t\u00e9 personalizadas al por mayor est\u00e1n equipadas con un dise\u00f1o f\u00e1cil de rasgar, que puede ayudar a los clientes a abrir el producto sin necesidad de ninguna herramienta, por lo que es c\u00f3modo de usar.<\/li>\n\n\n\n<li><strong>Admite una gran variedad de procesos de superficie:<\/strong> Nuestros envases de t\u00e9 en bolsita impresos a medida pueden elegir procesos de impresi\u00f3n especiales como mate, brillo, luz local UV, etc., para mejorar la estratificaci\u00f3n del envase y el reconocimiento de la marca.<\/li>\n\n\n\n<li><strong>Material de alta barrera: <\/strong>Estas bolsitas de t\u00e9 personalizadas al por mayor utilizan un material compuesto de tres capas (MOPP\/VMPET\/PE) que proporciona dureza y resistencia al desgarro, bloquea la luz, el ox\u00edgeno y la humedad y prolonga la vida \u00fatil de su producto.<\/li>\n\n\n\n<li><strong>Impresi\u00f3n personalizada: <\/strong>Nuestros envases al por mayor de bolsitas de t\u00e9 de frutas admiten la personalizaci\u00f3n OEM, lo que permite un dise\u00f1o flexible de los motivos y logotipos para mejorar el reconocimiento de la marca y ayudar a diferenciar el marketing de su producto.<\/li>\n\n\n\n<li><strong>Soporte de muestras gratuito:<\/strong> Ofrecemos pruebas gratuitas de muestras de bolsas de t\u00e9 personalizadas al por mayor para facilitar la confirmaci\u00f3n del material y el efecto de impresi\u00f3n, lo que hace que las compras sean m\u00e1s seguras y los pedidos al por mayor m\u00e1s seguros.<\/li>\n<\/ul>\n\n\n\n<div class=\"wp-block-columns is-layout-flex wp-container-core-columns-is-layout-9d6595d7 wp-block-columns-is-layout-flex\">\n<div class=\"wp-block-column is-layout-flow wp-block-column-is-layout-flow\">\n<figure class=\"wp-block-image size-full\"><img decoding=\"async\" width=\"750\" height=\"750\" src=\"https:\/\/www.stanleypackage.com\/wp-content\/uploads\/2025\/11\/Custom-Printed-Tea-Packaging-Fruit-Tea-Pouches-Bulk-3.jpg\" alt=\"\" class=\"wp-image-3622\" srcset=\"https:\/\/www.stanleypackage.com\/wp-content\/uploads\/2025\/11\/Custom-Printed-Tea-Packaging-Fruit-Tea-Pouches-Bulk-3.jpg 750w, https:\/\/www.stanleypackage.com\/wp-content\/uploads\/2025\/11\/Custom-Printed-Tea-Packaging-Fruit-Tea-Pouches-Bulk-3-300x300.jpg 300w, https:\/\/www.stanleypackage.com\/wp-content\/uploads\/2025\/11\/Custom-Printed-Tea-Packaging-Fruit-Tea-Pouches-Bulk-3-150x150.jpg 150w, https:\/\/www.stanleypackage.com\/wp-content\/uploads\/2025\/11\/Custom-Printed-Tea-Packaging-Fruit-Tea-Pouches-Bulk-3-12x12.jpg 12w, https:\/\/www.stanleypackage.com\/wp-content\/uploads\/2025\/11\/Custom-Printed-Tea-Packaging-Fruit-Tea-Pouches-Bulk-3-600x600.jpg 600w, https:\/\/www.stanleypackage.com\/wp-content\/uploads\/2025\/11\/Custom-Printed-Tea-Packaging-Fruit-Tea-Pouches-Bulk-3-100x100.jpg 100w\" sizes=\"(max-width: 750px) 100vw, 750px\" \/><\/figure>\n<\/div>\n\n\n\n<div class=\"wp-block-column is-layout-flow wp-block-column-is-layout-flow\">\n<figure class=\"wp-block-image size-full\"><img decoding=\"async\" width=\"750\" height=\"750\" src=\"https:\/\/www.stanleypackage.com\/wp-content\/uploads\/2025\/11\/Custom-Printed-Tea-Packaging-Fruit-Tea-Pouches-Bulk-6.jpg\" alt=\"\" class=\"wp-image-3623\" srcset=\"https:\/\/www.stanleypackage.com\/wp-content\/uploads\/2025\/11\/Custom-Printed-Tea-Packaging-Fruit-Tea-Pouches-Bulk-6.jpg 750w, https:\/\/www.stanleypackage.com\/wp-content\/uploads\/2025\/11\/Custom-Printed-Tea-Packaging-Fruit-Tea-Pouches-Bulk-6-300x300.jpg 300w, https:\/\/www.stanleypackage.com\/wp-content\/uploads\/2025\/11\/Custom-Printed-Tea-Packaging-Fruit-Tea-Pouches-Bulk-6-150x150.jpg 150w, https:\/\/www.stanleypackage.com\/wp-content\/uploads\/2025\/11\/Custom-Printed-Tea-Packaging-Fruit-Tea-Pouches-Bulk-6-12x12.jpg 12w, https:\/\/www.stanleypackage.com\/wp-content\/uploads\/2025\/11\/Custom-Printed-Tea-Packaging-Fruit-Tea-Pouches-Bulk-6-600x600.jpg 600w, https:\/\/www.stanleypackage.com\/wp-content\/uploads\/2025\/11\/Custom-Printed-Tea-Packaging-Fruit-Tea-Pouches-Bulk-6-100x100.jpg 100w\" sizes=\"(max-width: 750px) 100vw, 750px\" \/><\/figure>\n<\/div>\n<\/div>\n<\/div>\n<\/div>\n\n\n\n<p><\/p>","protected":false},"excerpt":{"rendered":"<p>Bienvenido al envasado de t\u00e9 en bolsitas para pedidos al por mayor. Nuestras bolsitas de t\u00e9 personalizadas al por mayor est\u00e1n dise\u00f1adas para conservar t\u00e9 de frutas, t\u00e9 de hierbas y otros productos secos, y ofrecen excelentes propiedades a prueba de luz y humedad. Admitimos impresi\u00f3n personalizada OEM y disponemos de muestras gratuitas.<\/p>\n<table style=\"border-collapse: collapse; width: 365.02pt;\" border=\"0\" width=\"365\" cellspacing=\"0\" cellpadding=\"0\">\n<tbody>\n<tr style=\"height: 16.00pt;\">\n<td class=\"et2\" style=\"height: 16.00pt; width: 97.50pt;\" width=\"97\" height=\"16\">Fabricante<\/td>\n<td class=\"et2\" style=\"width: 267.50pt;\" width=\"267\">Stanley<\/td>\n<\/tr>\n<tr style=\"height: 16.00pt;\">\n<td class=\"et2\" style=\"height: 16.00pt; width: 97.50pt;\" width=\"97\" height=\"16\">Tipos de bolsas<\/td>\n<td class=\"et2\" style=\"width: 267.50pt;\" width=\"267\">Bolsa de cierre trilateral<\/td>\n<\/tr>\n<tr style=\"height: 31.00pt;\">\n<td class=\"et2\" style=\"height: 31.00pt; width: 97.50pt;\" width=\"97\" height=\"31\">Material<\/td>\n<td class=\"et2\" style=\"width: 267.50pt;\" width=\"267\">MOPP25\/VMPET12\/PE60<\/td>\n<\/tr>\n<tr style=\"height: 16.00pt;\">\n<td class=\"et2\" style=\"height: 16.00pt; width: 97.50pt;\" width=\"97\" height=\"16\">Reportaje especial<\/td>\n<td class=\"et2\" style=\"width: 267.50pt;\" width=\"267\">\u00a0Dise\u00f1o f\u00e1cil de arrancar<\/td>\n<\/tr>\n<tr style=\"height: 16.00pt;\">\n<td class=\"et2\" style=\"height: 16.00pt; width: 97.50pt;\" width=\"97\" height=\"16\">Manipulaci\u00f3n de superficies<\/td>\n<td class=\"et2\" style=\"width: 267.50pt;\" width=\"267\">Impresi\u00f3n en huecograbado<\/td>\n<\/tr>\n<tr style=\"height: 16.00pt;\">\n<td class=\"et2\" style=\"height: 16.00pt; width: 97.50pt;\" width=\"97\" height=\"16\">Color<\/td>\n<td class=\"et2\" style=\"width: 267.50pt;\" width=\"267\">Hasta 10 colores<\/td>\n<\/tr>\n<tr style=\"height: 16.00pt;\">\n<td class=\"et2\" style=\"height: 16.00pt; width: 97.50pt;\" width=\"97\" height=\"16\">Utilizaci\u00f3n<\/td>\n<td class=\"et2\" style=\"width: 267.50pt;\" width=\"267\">Bolsitas de t\u00e9, Aperitivos, Frutos secos, Alimentos secos<\/td>\n<\/tr>\n<tr style=\"height: 16.00pt;\">\n<td class=\"et2\" style=\"height: 16.00pt; width: 97.50pt;\" width=\"97\" height=\"16\">MOQ<\/td>\n<td class=\"et2\" style=\"width: 267.50pt;\" width=\"267\">50.000 unidades<\/td>\n<\/tr>\n<tr style=\"height: 16.00pt;\">\n<td class=\"et2\" style=\"height: 16.00pt; width: 97.50pt;\" width=\"97\" height=\"16\">Pedido a medida<\/td>\n<td class=\"et2\" style=\"width: 267.50pt;\" width=\"267\">Aceptar soporte OEM Muestra gratuita<\/td>\n<\/tr>\n<\/tbody>\n<\/table>","protected":false},"featured_media":3624,"comment_status":"closed","ping_status":"closed","template":"","meta":{"_acf_changed":false},"product_brand":[],"product_cat":[28,31],"product_tag":[],"class_list":{"0":"post-3621","1":"product","2":"type-product","3":"status-publish","4":"has-post-thumbnail","6":"product_cat-three-side-seal-pouch-manufacturer","7":"product_cat-lay-flat-pouch-manufacturer","8":"pa_food-packaging-tea-pouch-packaging","10":"first","11":"instock","12":"shipping-taxable","13":"product-type-simple"},"acf":[],"_links":{"self":[{"href":"https:\/\/www.stanleypackage.com\/es\/wp-json\/wp\/v2\/product\/3621","targetHints":{"allow":["GET"]}}],"collection":[{"href":"https:\/\/www.stanleypackage.com\/es\/wp-json\/wp\/v2\/product"}],"about":[{"href":"https:\/\/www.stanleypackage.com\/es\/wp-json\/wp\/v2\/types\/product"}],"replies":[{"embeddable":true,"href":"https:\/\/www.stanleypackage.com\/es\/wp-json\/wp\/v2\/comments?post=3621"}],"wp:featuredmedia":[{"embeddable":true,"href":"https:\/\/www.stanleypackage.com\/es\/wp-json\/wp\/v2\/media\/3624"}],"wp:attachment":[{"href":"https:\/\/www.stanleypackage.com\/es\/wp-json\/wp\/v2\/media?parent=3621"}],"wp:term":[{"taxonomy":"product_brand","embeddable":true,"href":"https:\/\/www.stanleypackage.com\/es\/wp-json\/wp\/v2\/product_brand?post=3621"},{"taxonomy":"product_cat","embeddable":true,"href":"https:\/\/www.stanleypackage.com\/es\/wp-json\/wp\/v2\/product_cat?post=3621"},{"taxonomy":"product_tag","embeddable":true,"href":"https:\/\/www.stanleypackage.com\/es\/wp-json\/wp\/v2\/product_tag?post=3621"}],"curies":[{"name":"wp","href":"https:\/\/api.w.org\/{rel}","templated":true}]}}