{"id":3630,"date":"2025-11-04T09:03:32","date_gmt":"2025-11-04T09:03:32","guid":{"rendered":"https:\/\/www.stanleypackage.com\/?post_type=product&#038;p=3630"},"modified":"2025-11-04T09:03:40","modified_gmt":"2025-11-04T09:03:40","slug":"food-packaging-bags-wholesale","status":"publish","type":"product","link":"https:\/\/www.stanleypackage.com\/es\/product\/food-packaging-bags-wholesale\/","title":{"rendered":"Bolsas de fondo plano para envasar alimentos Bolsas resellables al por mayor"},"content":{"rendered":"<div class=\"wp-block-columns is-layout-flex wp-container-core-columns-is-layout-9d6595d7 wp-block-columns-is-layout-flex\">\n<div class=\"wp-block-column is-layout-flow wp-block-column-is-layout-flow\">\n<h2 class=\"wp-block-heading\">Caracter\u00edsticas de las bolsas para envasado de alimentos al por mayor<\/h2>\n\n\n\n<ul class=\"wp-block-list\">\n<li><strong>Alta barrera, apto para alimentos y seguro: <\/strong>Nuestras bolsas para envasado de alimentos al por mayor utilizan una estructura compuesta multicapa de PET12\/VMPET12\/PE88. La parte delantera, trasera y los laterales est\u00e1n optimizados en cuanto a grosor y flexibilidad, y ofrecen una excelente protecci\u00f3n contra la humedad, la oxidaci\u00f3n y la luz.<\/li>\n\n\n\n<li><strong>Sello estable de 8 lados Dise\u00f1o de fondo plano: <\/strong>Estas bolsas de fondo plano para alimentos al por mayor garantizan un soporte estable en estanter\u00edas o mostradores de exposici\u00f3n, mejorando el aspecto de las estanter\u00edas al tiempo que maximizan la capacidad interna.<\/li>\n\n\n\n<li><strong>Construcci\u00f3n vers\u00e1til y c\u00f3moda:<\/strong> Nuestras bolsas para envasado de alimentos al por mayor est\u00e1n equipadas con una muesca f\u00e1cil de rasgar que permite una f\u00e1cil apertura por parte de los consumidores.<\/li>\n\n\n\n<li><strong>Llenado y sellado eficaces: <\/strong>El dise\u00f1o de llenado inferior de estas bolsas de fondo plano para alimentos al por mayor hace que el proceso de envasado sea m\u00e1s eficaz e higi\u00e9nico, por lo que son especialmente adecuadas para la producci\u00f3n de grandes vol\u00famenes en l\u00edneas de montaje.<\/li>\n\n\n\n<li><strong>Amplia aplicaci\u00f3n: <\/strong>Estas bolsas de envasado de alimentos al por mayor son adecuadas para envasar una gran variedad de alimentos, como caf\u00e9 en grano, frutos secos, cereales, aperitivos, t\u00e9 y alimentos para mascotas, lo que permite a las marcas satisfacer las necesidades del mercado de m\u00faltiples categor\u00edas de productos con un \u00fanico envase.<\/li>\n<\/ul>\n\n\n\n<div class=\"wp-block-columns is-layout-flex wp-container-core-columns-is-layout-9d6595d7 wp-block-columns-is-layout-flex\">\n<div class=\"wp-block-column is-layout-flow wp-block-column-is-layout-flow\">\n<figure class=\"wp-block-image size-full\"><img decoding=\"async\" width=\"750\" height=\"750\" src=\"https:\/\/www.stanleypackage.com\/wp-content\/uploads\/2025\/11\/Custom-Flat-Bottom-Pouch-Bulk-8-Side-Seal-Bag-For-Food-2-6.jpg\" alt=\"\" class=\"wp-image-3631\" srcset=\"https:\/\/www.stanleypackage.com\/wp-content\/uploads\/2025\/11\/Custom-Flat-Bottom-Pouch-Bulk-8-Side-Seal-Bag-For-Food-2-6.jpg 750w, https:\/\/www.stanleypackage.com\/wp-content\/uploads\/2025\/11\/Custom-Flat-Bottom-Pouch-Bulk-8-Side-Seal-Bag-For-Food-2-6-300x300.jpg 300w, https:\/\/www.stanleypackage.com\/wp-content\/uploads\/2025\/11\/Custom-Flat-Bottom-Pouch-Bulk-8-Side-Seal-Bag-For-Food-2-6-150x150.jpg 150w, https:\/\/www.stanleypackage.com\/wp-content\/uploads\/2025\/11\/Custom-Flat-Bottom-Pouch-Bulk-8-Side-Seal-Bag-For-Food-2-6-12x12.jpg 12w, https:\/\/www.stanleypackage.com\/wp-content\/uploads\/2025\/11\/Custom-Flat-Bottom-Pouch-Bulk-8-Side-Seal-Bag-For-Food-2-6-600x600.jpg 600w, https:\/\/www.stanleypackage.com\/wp-content\/uploads\/2025\/11\/Custom-Flat-Bottom-Pouch-Bulk-8-Side-Seal-Bag-For-Food-2-6-100x100.jpg 100w\" sizes=\"(max-width: 750px) 100vw, 750px\" \/><\/figure>\n<\/div>\n\n\n\n<div class=\"wp-block-column is-layout-flow wp-block-column-is-layout-flow\">\n<figure class=\"wp-block-image size-full\"><img decoding=\"async\" width=\"750\" height=\"750\" src=\"https:\/\/www.stanleypackage.com\/wp-content\/uploads\/2025\/11\/Custom-Flat-Bottom-Pouch-Bulk-8-Side-Seal-Bag-For-Food-4.jpg\" alt=\"\" class=\"wp-image-3632\" srcset=\"https:\/\/www.stanleypackage.com\/wp-content\/uploads\/2025\/11\/Custom-Flat-Bottom-Pouch-Bulk-8-Side-Seal-Bag-For-Food-4.jpg 750w, https:\/\/www.stanleypackage.com\/wp-content\/uploads\/2025\/11\/Custom-Flat-Bottom-Pouch-Bulk-8-Side-Seal-Bag-For-Food-4-300x300.jpg 300w, https:\/\/www.stanleypackage.com\/wp-content\/uploads\/2025\/11\/Custom-Flat-Bottom-Pouch-Bulk-8-Side-Seal-Bag-For-Food-4-150x150.jpg 150w, https:\/\/www.stanleypackage.com\/wp-content\/uploads\/2025\/11\/Custom-Flat-Bottom-Pouch-Bulk-8-Side-Seal-Bag-For-Food-4-12x12.jpg 12w, https:\/\/www.stanleypackage.com\/wp-content\/uploads\/2025\/11\/Custom-Flat-Bottom-Pouch-Bulk-8-Side-Seal-Bag-For-Food-4-600x600.jpg 600w, https:\/\/www.stanleypackage.com\/wp-content\/uploads\/2025\/11\/Custom-Flat-Bottom-Pouch-Bulk-8-Side-Seal-Bag-For-Food-4-100x100.jpg 100w\" sizes=\"(max-width: 750px) 100vw, 750px\" \/><\/figure>\n<\/div>\n<\/div>\n<\/div>\n<\/div>\n\n\n\n<p><\/p>","protected":false},"excerpt":{"rendered":"<p>Encuentre bolsas de calidad para envasado de alimentos al por mayor en Stanley. Nuestras bolsas de fondo plano con sellado en 8 lados para alimentos a granel combinan propiedades de alta barrera con durabilidad, presentan un orificio para colgar, una muesca f\u00e1cil de rasgar y un orificio de llenado inferior para satisfacer una variedad de necesidades de envasado y exposici\u00f3n de alimentos.<\/p>\n<table style=\"border-collapse: collapse; width: 365.02pt;\" border=\"0\" width=\"365\" cellspacing=\"0\" cellpadding=\"0\">\n<tbody>\n<tr style=\"height: 16.00pt;\">\n<td class=\"et2\" style=\"height: 16.00pt; width: 97.50pt;\" width=\"97\" height=\"16\">Fabricante<\/td>\n<td class=\"et2\" style=\"width: 267.50pt;\" width=\"267\">Stanley<\/td>\n<\/tr>\n<tr style=\"height: 16.00pt;\">\n<td class=\"et2\" style=\"height: 16.00pt; width: 97.50pt;\" width=\"97\" height=\"16\">Tipos de bolsas<\/td>\n<td class=\"et2\" style=\"width: 267.50pt;\" width=\"267\">Bolsa con cremallera de fondo plano y cierre lateral 8<\/td>\n<\/tr>\n<tr style=\"height: 31.00pt;\">\n<td class=\"et2\" style=\"height: 31.00pt; width: 97.50pt;\" width=\"97\" height=\"31\">Material<\/td>\n<td class=\"et2\" style=\"width: 267.50pt;\" width=\"267\">PET12\/VMPET12\/PE88<\/td>\n<\/tr>\n<tr style=\"height: 16.00pt;\">\n<td class=\"et2\" style=\"height: 16.00pt; width: 97.50pt;\" width=\"97\" height=\"16\">Reportaje especial<\/td>\n<td class=\"et2\" style=\"width: 267.50pt;\" width=\"267\">8 Junta lateral, muesca de rasgado, relleno inferior<\/td>\n<\/tr>\n<tr style=\"height: 16.00pt;\">\n<td class=\"et2\" style=\"height: 16.00pt; width: 97.50pt;\" width=\"97\" height=\"16\">Manipulaci\u00f3n de superficies<\/td>\n<td class=\"et2\" style=\"width: 267.50pt;\" width=\"267\">Impresi\u00f3n en huecograbado<\/td>\n<\/tr>\n<tr style=\"height: 16.00pt;\">\n<td class=\"et2\" style=\"height: 16.00pt; width: 97.50pt;\" width=\"97\" height=\"16\">Color<\/td>\n<td class=\"et2\" style=\"width: 267.50pt;\" width=\"267\">Hasta 10 colores<\/td>\n<\/tr>\n<tr style=\"height: 16.00pt;\">\n<td class=\"et2\" style=\"height: 16.00pt; width: 97.50pt;\" width=\"97\" height=\"16\">Utilizaci\u00f3n<\/td>\n<td class=\"et2\" style=\"width: 267.50pt;\" width=\"267\">Copos de avena, caf\u00e9, aperitivos, frutos secos, alimentos secos<\/td>\n<\/tr>\n<tr style=\"height: 16.00pt;\">\n<td class=\"et2\" style=\"height: 16.00pt; width: 97.50pt;\" width=\"97\" height=\"16\">MOQ<\/td>\n<td class=\"et2\" style=\"width: 267.50pt;\" width=\"267\">50.000 unidades<\/td>\n<\/tr>\n<tr style=\"height: 16.00pt;\">\n<td class=\"et2\" style=\"height: 16.00pt; width: 97.50pt;\" width=\"97\" height=\"16\">Pedido a medida<\/td>\n<td class=\"et2\" style=\"width: 267.50pt;\" width=\"267\">Aceptar soporte OEM Muestra gratuita<\/td>\n<\/tr>\n<\/tbody>\n<\/table>","protected":false},"featured_media":3633,"comment_status":"closed","ping_status":"closed","template":"","meta":{"_acf_changed":false},"product_brand":[],"product_cat":[24,18],"product_tag":[],"class_list":{"0":"post-3630","1":"product","2":"type-product","3":"status-publish","4":"has-post-thumbnail","6":"product_cat-flat-bottom-pouch-manufacturer","7":"product_cat-zipper-pouch-manufacturer","8":"pa_food-packaging-food-powder-packaging","9":"pa_food-packaging-coffee-packaging-pouch","10":"pa_food-packaging-snack-food-pouch","11":"pa_food-packaging-pet-food-pouches","13":"first","14":"instock","15":"shipping-taxable","16":"product-type-simple"},"acf":[],"_links":{"self":[{"href":"https:\/\/www.stanleypackage.com\/es\/wp-json\/wp\/v2\/product\/3630","targetHints":{"allow":["GET"]}}],"collection":[{"href":"https:\/\/www.stanleypackage.com\/es\/wp-json\/wp\/v2\/product"}],"about":[{"href":"https:\/\/www.stanleypackage.com\/es\/wp-json\/wp\/v2\/types\/product"}],"replies":[{"embeddable":true,"href":"https:\/\/www.stanleypackage.com\/es\/wp-json\/wp\/v2\/comments?post=3630"}],"wp:featuredmedia":[{"embeddable":true,"href":"https:\/\/www.stanleypackage.com\/es\/wp-json\/wp\/v2\/media\/3633"}],"wp:attachment":[{"href":"https:\/\/www.stanleypackage.com\/es\/wp-json\/wp\/v2\/media?parent=3630"}],"wp:term":[{"taxonomy":"product_brand","embeddable":true,"href":"https:\/\/www.stanleypackage.com\/es\/wp-json\/wp\/v2\/product_brand?post=3630"},{"taxonomy":"product_cat","embeddable":true,"href":"https:\/\/www.stanleypackage.com\/es\/wp-json\/wp\/v2\/product_cat?post=3630"},{"taxonomy":"product_tag","embeddable":true,"href":"https:\/\/www.stanleypackage.com\/es\/wp-json\/wp\/v2\/product_tag?post=3630"}],"curies":[{"name":"wp","href":"https:\/\/api.w.org\/{rel}","templated":true}]}}