{"id":3645,"date":"2025-11-04T09:51:03","date_gmt":"2025-11-04T09:51:03","guid":{"rendered":"https:\/\/www.stanleypackage.com\/?post_type=product&#038;p=3645"},"modified":"2025-11-04T09:51:11","modified_gmt":"2025-11-04T09:51:11","slug":"embossed-vacuum-pouches-wholesale","status":"publish","type":"product","link":"https:\/\/www.stanleypackage.com\/es\/product\/embossed-vacuum-pouches-wholesale\/","title":{"rendered":"Bolsas de vac\u00edo gofradas al por mayor, Bolsas para envasado de alimentos"},"content":{"rendered":"<div class=\"wp-block-columns is-layout-flex wp-container-core-columns-is-layout-9d6595d7 wp-block-columns-is-layout-flex\">\n<div class=\"wp-block-column is-layout-flow wp-block-column-is-layout-flow\">\n<h2 class=\"wp-block-heading\">Caracter\u00edsticas de las bolsas de vac\u00edo gofradas al por mayor<\/h2>\n\n\n\n<ul class=\"wp-block-list\">\n<li><strong>Proceso de sellado de bordes preciso: <\/strong>Nuestras bolsas de vac\u00edo gofradas al por mayor tienen un borde de sellado preciso que es resistente e improbable que se parta, garantizando as\u00ed la calidad y seguridad de los alimentos.<\/li>\n\n\n\n<li><strong>Respetuoso con el medio ambiente y reciclable: <\/strong>Nuestras bolsas de vac\u00edo para alimentos al por mayor est\u00e1n fabricadas con materiales antioxidantes, seguros, no t\u00f3xicos, respetuosos con el medio ambiente y reciclables. Esto responde a la estrategia de desarrollo sostenible.<\/li>\n\n\n\n<li><strong>Dise\u00f1o f\u00e1cil de rasgar:<\/strong> Estas bolsas de vac\u00edo gofradas al por mayor cuentan con la muesca de rasgado f\u00e1cil, que permite a los consumidores abrirlas f\u00e1cilmente, sin necesidad de herramientas, y son pr\u00e1cticas de usar.<\/li>\n\n\n\n<li><strong>Dise\u00f1o de vac\u00edo:<\/strong> Nuestras bolsas de vac\u00edo para alimentos al por mayor adoptan un dise\u00f1o al vac\u00edo, que puede bloquear eficazmente el aire, reducir el tiempo de oxidaci\u00f3n, prolongar la vida \u00fatil y la frescura de los alimentos, y tambi\u00e9n ahorrar espacio.<\/li>\n\n\n\n<li><strong>El servicio personalizado satisface las necesidades:<\/strong>\u00a0Ofrecemos una gran variedad de opciones de personalizaci\u00f3n para las bolsas de vac\u00edo gofradas al por mayor, y podemos dise\u00f1ar diferentes formas, tama\u00f1os y patrones de impresi\u00f3n seg\u00fan las necesidades del cliente para mejorar la personalizaci\u00f3n de la marca y la competitividad en el mercado.<\/li>\n\n\n\n<li><strong>Dise\u00f1o de cremallera y dise\u00f1o de v\u00e1lvula de aire:<\/strong> Nuestras bolsas de vac\u00edo para alimentos al por mayor est\u00e1n equipadas con cremalleras dobles y v\u00e1lvulas de aire, que impiden que los alimentos se filtren y permiten expulsar el exceso de aire, manteniendo as\u00ed la frescura de los alimentos.<\/li>\n<\/ul>\n\n\n\n<div class=\"wp-block-columns is-layout-flex wp-container-core-columns-is-layout-9d6595d7 wp-block-columns-is-layout-flex\">\n<div class=\"wp-block-column is-layout-flow wp-block-column-is-layout-flow\">\n<figure class=\"wp-block-image size-full\"><img decoding=\"async\" width=\"750\" height=\"750\" src=\"https:\/\/www.stanleypackage.com\/wp-content\/uploads\/2025\/11\/Vacuum-Pouches-Wholesale-Custom-Food-Grade-Plastic-Packaging-Bags.jpg\" alt=\"\" class=\"wp-image-3648\" srcset=\"https:\/\/www.stanleypackage.com\/wp-content\/uploads\/2025\/11\/Vacuum-Pouches-Wholesale-Custom-Food-Grade-Plastic-Packaging-Bags.jpg 750w, https:\/\/www.stanleypackage.com\/wp-content\/uploads\/2025\/11\/Vacuum-Pouches-Wholesale-Custom-Food-Grade-Plastic-Packaging-Bags-300x300.jpg 300w, https:\/\/www.stanleypackage.com\/wp-content\/uploads\/2025\/11\/Vacuum-Pouches-Wholesale-Custom-Food-Grade-Plastic-Packaging-Bags-150x150.jpg 150w, https:\/\/www.stanleypackage.com\/wp-content\/uploads\/2025\/11\/Vacuum-Pouches-Wholesale-Custom-Food-Grade-Plastic-Packaging-Bags-12x12.jpg 12w, https:\/\/www.stanleypackage.com\/wp-content\/uploads\/2025\/11\/Vacuum-Pouches-Wholesale-Custom-Food-Grade-Plastic-Packaging-Bags-600x600.jpg 600w, https:\/\/www.stanleypackage.com\/wp-content\/uploads\/2025\/11\/Vacuum-Pouches-Wholesale-Custom-Food-Grade-Plastic-Packaging-Bags-100x100.jpg 100w\" sizes=\"(max-width: 750px) 100vw, 750px\" \/><\/figure>\n<\/div>\n\n\n\n<div class=\"wp-block-column is-layout-flow wp-block-column-is-layout-flow\">\n<figure class=\"wp-block-image size-full\"><img decoding=\"async\" width=\"750\" height=\"750\" src=\"https:\/\/www.stanleypackage.com\/wp-content\/uploads\/2025\/11\/Vacuum-Pouches-Wholesale-Custom-Food-Grade-Plastic-Packaging-Bags-5.jpg\" alt=\"\" class=\"wp-image-3649\" srcset=\"https:\/\/www.stanleypackage.com\/wp-content\/uploads\/2025\/11\/Vacuum-Pouches-Wholesale-Custom-Food-Grade-Plastic-Packaging-Bags-5.jpg 750w, https:\/\/www.stanleypackage.com\/wp-content\/uploads\/2025\/11\/Vacuum-Pouches-Wholesale-Custom-Food-Grade-Plastic-Packaging-Bags-5-300x300.jpg 300w, https:\/\/www.stanleypackage.com\/wp-content\/uploads\/2025\/11\/Vacuum-Pouches-Wholesale-Custom-Food-Grade-Plastic-Packaging-Bags-5-150x150.jpg 150w, https:\/\/www.stanleypackage.com\/wp-content\/uploads\/2025\/11\/Vacuum-Pouches-Wholesale-Custom-Food-Grade-Plastic-Packaging-Bags-5-12x12.jpg 12w, https:\/\/www.stanleypackage.com\/wp-content\/uploads\/2025\/11\/Vacuum-Pouches-Wholesale-Custom-Food-Grade-Plastic-Packaging-Bags-5-600x600.jpg 600w, https:\/\/www.stanleypackage.com\/wp-content\/uploads\/2025\/11\/Vacuum-Pouches-Wholesale-Custom-Food-Grade-Plastic-Packaging-Bags-5-100x100.jpg 100w\" sizes=\"(max-width: 750px) 100vw, 750px\" \/><\/figure>\n<\/div>\n<\/div>\n<\/div>\n<\/div>\n\n\n\n<p><\/p>","protected":false},"excerpt":{"rendered":"<p>Bienvenido a la venta al por mayor de bolsas de vac\u00edo gofradas. Nuestras bolsas de vac\u00edo de alimentos est\u00e1n equipadas con un dise\u00f1o de vac\u00edo, dise\u00f1o de doble cremallera, dise\u00f1o de la v\u00e1lvula de aire y un dise\u00f1o f\u00e1cil de rasgar, que se extiende la frescura de los alimentos y hace que sea conveniente para abrir y usar. Admite personalizaci\u00f3n completa.<\/p>\n<table style=\"border-collapse: collapse; width: 365.02pt;\" border=\"0\" width=\"365\" cellspacing=\"0\" cellpadding=\"0\">\n<tbody>\n<tr style=\"height: 16.00pt;\">\n<td class=\"et2\" style=\"height: 16.00pt; width: 97.50pt;\" width=\"97\" height=\"16\">Fabricante<\/td>\n<td class=\"et2\" style=\"width: 267.50pt;\" width=\"267\">Stanley<\/td>\n<\/tr>\n<tr style=\"height: 16.00pt;\">\n<td class=\"et2\" style=\"height: 16.00pt; width: 97.50pt;\" width=\"97\" height=\"16\">Tipos de bolsas<\/td>\n<td class=\"et2\" style=\"width: 267.50pt;\" width=\"267\">Bolsa de vac\u00edo<\/td>\n<\/tr>\n<tr style=\"height: 16.00pt;\">\n<td class=\"et2\" style=\"height: 16.00pt; width: 97.50pt;\" width=\"97\" height=\"16\">Material<\/td>\n<td class=\"et2\" style=\"width: 267.50pt;\" width=\"267\">BOPA15\/PE90<\/td>\n<\/tr>\n<tr style=\"height: 16.00pt;\">\n<td class=\"et2\" style=\"height: 16.00pt; width: 97.50pt;\" width=\"97\" height=\"16\">Reportaje especial<\/td>\n<td class=\"et2\" style=\"width: 267.50pt;\" width=\"267\">Dise\u00f1o de cremallera, v\u00e1lvula de aire, muesca de desgarro, dise\u00f1o de vac\u00edo<\/td>\n<\/tr>\n<tr style=\"height: 16.00pt;\">\n<td class=\"et2\" style=\"height: 16.00pt; width: 97.50pt;\" width=\"97\" height=\"16\">Manipulaci\u00f3n de superficies<\/td>\n<td class=\"et2\" style=\"width: 267.50pt;\" width=\"267\">Impresi\u00f3n en huecograbado<\/td>\n<\/tr>\n<tr style=\"height: 16.00pt;\">\n<td class=\"et2\" style=\"height: 16.00pt; width: 97.50pt;\" width=\"97\" height=\"16\">Color<\/td>\n<td class=\"et2\" style=\"width: 267.50pt;\" width=\"267\">Impresi\u00f3n a doble cara, hasta 10 colores<\/td>\n<\/tr>\n<tr style=\"height: 16.00pt;\">\n<td class=\"et2\" style=\"height: 16.00pt; width: 97.50pt;\" width=\"97\" height=\"16\">Utilizaci\u00f3n<\/td>\n<td class=\"et2\" style=\"width: 267.50pt;\" width=\"267\">Frutos secos, Avena, Snack, Comida congelada, Platos preparados<\/td>\n<\/tr>\n<tr style=\"height: 16.00pt;\">\n<td class=\"et2\" style=\"height: 16.00pt; width: 97.50pt;\" width=\"97\" height=\"16\">MOQ<\/td>\n<td class=\"et2\" style=\"width: 267.50pt;\" width=\"267\">50.000 unidades<\/td>\n<\/tr>\n<tr style=\"height: 16.00pt;\">\n<td class=\"et2\" style=\"height: 16.00pt; width: 97.50pt;\" width=\"97\" height=\"16\">Pedido a medida<\/td>\n<td class=\"et2\" style=\"width: 267.50pt;\" width=\"267\">Aceptamos OEM, Soporte Muestra gratis<\/td>\n<\/tr>\n<\/tbody>\n<\/table>","protected":false},"featured_media":3650,"comment_status":"closed","ping_status":"closed","template":"","meta":{"_acf_changed":false},"product_brand":[],"product_cat":[68,31,28,18],"product_tag":[],"class_list":{"0":"post-3645","1":"product","2":"type-product","3":"status-publish","4":"has-post-thumbnail","6":"product_cat-vacuum-pouches-wholesale","7":"product_cat-lay-flat-pouch-manufacturer","8":"product_cat-three-side-seal-pouch-manufacturer","9":"product_cat-zipper-pouch-manufacturer","10":"pa_food-packaging-ready-meal-pouch","11":"pa_food-packaging-frozen-food-pouch","13":"first","14":"instock","15":"shipping-taxable","16":"product-type-simple"},"acf":[],"_links":{"self":[{"href":"https:\/\/www.stanleypackage.com\/es\/wp-json\/wp\/v2\/product\/3645","targetHints":{"allow":["GET"]}}],"collection":[{"href":"https:\/\/www.stanleypackage.com\/es\/wp-json\/wp\/v2\/product"}],"about":[{"href":"https:\/\/www.stanleypackage.com\/es\/wp-json\/wp\/v2\/types\/product"}],"replies":[{"embeddable":true,"href":"https:\/\/www.stanleypackage.com\/es\/wp-json\/wp\/v2\/comments?post=3645"}],"wp:featuredmedia":[{"embeddable":true,"href":"https:\/\/www.stanleypackage.com\/es\/wp-json\/wp\/v2\/media\/3650"}],"wp:attachment":[{"href":"https:\/\/www.stanleypackage.com\/es\/wp-json\/wp\/v2\/media?parent=3645"}],"wp:term":[{"taxonomy":"product_brand","embeddable":true,"href":"https:\/\/www.stanleypackage.com\/es\/wp-json\/wp\/v2\/product_brand?post=3645"},{"taxonomy":"product_cat","embeddable":true,"href":"https:\/\/www.stanleypackage.com\/es\/wp-json\/wp\/v2\/product_cat?post=3645"},{"taxonomy":"product_tag","embeddable":true,"href":"https:\/\/www.stanleypackage.com\/es\/wp-json\/wp\/v2\/product_tag?post=3645"}],"curies":[{"name":"wp","href":"https:\/\/api.w.org\/{rel}","templated":true}]}}