{"id":3660,"date":"2025-11-11T09:34:16","date_gmt":"2025-11-11T09:34:16","guid":{"rendered":"https:\/\/www.stanleypackage.com\/?post_type=product&#038;p=3660"},"modified":"2025-11-11T09:34:23","modified_gmt":"2025-11-11T09:34:23","slug":"factory-oem-mylar-pouch","status":"publish","type":"product","link":"https:\/\/www.stanleypackage.com\/es\/product\/factory-oem-mylar-pouch\/","title":{"rendered":"F\u00e1brica OEM Mylar Pouch, Custom Food Doypack Bolsas al por mayor"},"content":{"rendered":"<div class=\"wp-block-columns is-layout-flex wp-container-core-columns-is-layout-9d6595d7 wp-block-columns-is-layout-flex\">\n<div class=\"wp-block-column is-layout-flow wp-block-column-is-layout-flow\">\n<h2 class=\"wp-block-heading\">Caracter\u00edsticas de la bolsa de Mylar OEM de f\u00e1brica<\/h2>\n\n\n\n<ul class=\"wp-block-list\">\n<li><strong>Bolsas de pie, f\u00e1ciles de exponer y almacenar: <\/strong>Estas bolsas de mylar OEM de f\u00e1brica de avena al por mayor tienen una estructura de base de pie duradera, que mejora la exposici\u00f3n en los estantes, ahorra espacio de almacenamiento y facilita las ventas finales.<\/li>\n\n\n\n<li><strong>Llenado TOP, apto para l\u00ednea autom\u00e1tica:\u00a0<\/strong>El dise\u00f1o de llenado superior de nuestras bolsas doypack personalizadas al por mayor utiliza un proceso de envasado automatizado de alta velocidad, ahorrando mano de obra y mejorando la eficiencia.<\/li>\n\n\n\n<li><strong>Dise\u00f1o f\u00e1cil de rasgar: <\/strong>Nuestra bolsa de mylar OEM de f\u00e1brica para avena adopta un rasgado f\u00e1cil, que es simple y no p\u00fablico, haci\u00e9ndolo conveniente para que los clientes lo abran.<\/li>\n\n\n\n<li><strong>Material de papel de aluminio, buena propiedad de barrera: <\/strong>Nuestras bolsas doypack personalizadas al por mayor est\u00e1n hechas de material de papel de aluminio, que tiene excelentes propiedades de barrera al ox\u00edgeno, a prueba de humedad y a prueba de luz, y por lo tanto prolonga eficazmente la vida \u00fatil de la avena.<\/li>\n\n\n\n<li><strong>Apoyar la personalizaci\u00f3n de la marca para satisfacer diversas necesidades de envasado:<\/strong> Nuestra bolsa de mylar OEM de f\u00e1brica para avena admite impresi\u00f3n, patrones y capacidad para satisfacer las necesidades \u00fanicas de envasado de los clientes.<\/li>\n<\/ul>\n\n\n\n<div class=\"wp-block-columns is-layout-flex wp-container-core-columns-is-layout-9d6595d7 wp-block-columns-is-layout-flex\">\n<div class=\"wp-block-column is-layout-flow wp-block-column-is-layout-flow\">\n<figure class=\"wp-block-image size-full\"><img decoding=\"async\" width=\"750\" height=\"750\" src=\"https:\/\/www.stanleypackage.com\/wp-content\/uploads\/2025\/11\/OEM-Food-Package-Bag-Custom-Oatmeal-Stand-Up-Pouch-Wholesale-5.jpg\" alt=\"\" class=\"wp-image-3661\" srcset=\"https:\/\/www.stanleypackage.com\/wp-content\/uploads\/2025\/11\/OEM-Food-Package-Bag-Custom-Oatmeal-Stand-Up-Pouch-Wholesale-5.jpg 750w, https:\/\/www.stanleypackage.com\/wp-content\/uploads\/2025\/11\/OEM-Food-Package-Bag-Custom-Oatmeal-Stand-Up-Pouch-Wholesale-5-300x300.jpg 300w, https:\/\/www.stanleypackage.com\/wp-content\/uploads\/2025\/11\/OEM-Food-Package-Bag-Custom-Oatmeal-Stand-Up-Pouch-Wholesale-5-150x150.jpg 150w, https:\/\/www.stanleypackage.com\/wp-content\/uploads\/2025\/11\/OEM-Food-Package-Bag-Custom-Oatmeal-Stand-Up-Pouch-Wholesale-5-12x12.jpg 12w, https:\/\/www.stanleypackage.com\/wp-content\/uploads\/2025\/11\/OEM-Food-Package-Bag-Custom-Oatmeal-Stand-Up-Pouch-Wholesale-5-600x600.jpg 600w, https:\/\/www.stanleypackage.com\/wp-content\/uploads\/2025\/11\/OEM-Food-Package-Bag-Custom-Oatmeal-Stand-Up-Pouch-Wholesale-5-100x100.jpg 100w\" sizes=\"(max-width: 750px) 100vw, 750px\" \/><\/figure>\n<\/div>\n\n\n\n<div class=\"wp-block-column is-layout-flow wp-block-column-is-layout-flow\">\n<figure class=\"wp-block-image size-full\"><img decoding=\"async\" width=\"750\" height=\"750\" src=\"https:\/\/www.stanleypackage.com\/wp-content\/uploads\/2025\/11\/OEM-Food-Package-Bag-Custom-Oatmeal-Stand-Up-Pouch-Wholesale-3.jpg\" alt=\"\" class=\"wp-image-3662\" srcset=\"https:\/\/www.stanleypackage.com\/wp-content\/uploads\/2025\/11\/OEM-Food-Package-Bag-Custom-Oatmeal-Stand-Up-Pouch-Wholesale-3.jpg 750w, https:\/\/www.stanleypackage.com\/wp-content\/uploads\/2025\/11\/OEM-Food-Package-Bag-Custom-Oatmeal-Stand-Up-Pouch-Wholesale-3-300x300.jpg 300w, https:\/\/www.stanleypackage.com\/wp-content\/uploads\/2025\/11\/OEM-Food-Package-Bag-Custom-Oatmeal-Stand-Up-Pouch-Wholesale-3-150x150.jpg 150w, https:\/\/www.stanleypackage.com\/wp-content\/uploads\/2025\/11\/OEM-Food-Package-Bag-Custom-Oatmeal-Stand-Up-Pouch-Wholesale-3-12x12.jpg 12w, https:\/\/www.stanleypackage.com\/wp-content\/uploads\/2025\/11\/OEM-Food-Package-Bag-Custom-Oatmeal-Stand-Up-Pouch-Wholesale-3-600x600.jpg 600w, https:\/\/www.stanleypackage.com\/wp-content\/uploads\/2025\/11\/OEM-Food-Package-Bag-Custom-Oatmeal-Stand-Up-Pouch-Wholesale-3-100x100.jpg 100w\" sizes=\"(max-width: 750px) 100vw, 750px\" \/><\/figure>\n<\/div>\n<\/div>\n<\/div>\n<\/div>","protected":false},"excerpt":{"rendered":"<p>Bienvenido al pedido de f\u00e1brica OEM bolsa de mylar. Nuestras bolsas doypack personalizadas al por mayor para alimentos tienen excelentes propiedades de barrera al ox\u00edgeno, a prueba de humedad y a prueba de luz, lo que prolonga eficazmente la vida \u00fatil de la avena.<\/p>\n<table style=\"border-collapse: collapse; width: 327.77pt;\" border=\"0\" width=\"437\" cellspacing=\"0\" cellpadding=\"0\">\n<tbody>\n<tr style=\"height: 12.75pt;\">\n<td class=\"et2\" style=\"height: 12.75pt; width: 91.40pt;\" width=\"121\" height=\"17\">Fabricante<\/td>\n<td class=\"et2\" style=\"width: 237.00pt;\" width=\"316\">Stanley<\/td>\n<\/tr>\n<tr style=\"height: 12.75pt;\">\n<td class=\"et2\" style=\"height: 12.75pt; width: 91.40pt;\" width=\"121\" height=\"17\">Tipos de bolsas<\/td>\n<td class=\"et3\">Funda de pie<\/td>\n<\/tr>\n<tr style=\"height: 12.75pt;\">\n<td class=\"et2\" style=\"height: 12.75pt; width: 91.40pt;\" width=\"121\" height=\"17\">Material<\/td>\n<td class=\"et2\" style=\"width: 237.00pt;\" width=\"316\">PET12\/VMPET12\/PE105<\/td>\n<\/tr>\n<tr style=\"height: 12.75pt;\">\n<td class=\"et2\" style=\"height: 12.75pt; width: 91.40pt;\" width=\"121\" height=\"17\">Reportaje especial<\/td>\n<td class=\"et2\" style=\"width: 237.00pt;\" width=\"316\">Fondo autoportante, muesca de f\u00e1cil rasgado<\/td>\n<\/tr>\n<tr style=\"height: 12.75pt;\">\n<td class=\"et2\" style=\"height: 12.75pt; width: 91.40pt;\" width=\"121\" height=\"17\">Manipulaci\u00f3n de superficies<\/td>\n<td class=\"et2\" style=\"width: 237.00pt;\" width=\"316\">Impresi\u00f3n en huecograbado<\/td>\n<\/tr>\n<tr style=\"height: 12.75pt;\">\n<td class=\"et2\" style=\"height: 12.75pt; width: 91.40pt;\" width=\"121\" height=\"17\">Color<\/td>\n<td class=\"et2\" style=\"width: 237.00pt;\" width=\"316\">Hasta 10 colores<\/td>\n<\/tr>\n<tr style=\"height: 12.75pt;\">\n<td class=\"et2\" style=\"height: 12.75pt; width: 91.40pt;\" width=\"121\" height=\"17\">Utilizaci\u00f3n<\/td>\n<td class=\"et3\">Caramelos, Frutos secos, Aperitivos, Productos salados<\/td>\n<\/tr>\n<tr style=\"height: 12.75pt;\">\n<td class=\"et2\" style=\"height: 12.75pt; width: 91.40pt;\" width=\"121\" height=\"17\">MOQ<\/td>\n<td class=\"et2\" style=\"width: 237.00pt;\" width=\"316\">50.000 unidades<\/td>\n<\/tr>\n<tr style=\"height: 12.75pt;\">\n<td class=\"et2\" style=\"height: 12.75pt; width: 91.40pt;\" width=\"121\" height=\"17\">Pedido a medida<\/td>\n<td class=\"et2\" style=\"width: 237.00pt;\" width=\"316\">Aceptamos OEM, Soporte Muestra gratis<\/td>\n<\/tr>\n<\/tbody>\n<\/table>","protected":false},"featured_media":3663,"comment_status":"closed","ping_status":"closed","template":"","meta":{"_acf_changed":false},"product_brand":[],"product_cat":[30],"product_tag":[],"class_list":{"0":"post-3660","1":"product","2":"type-product","3":"status-publish","4":"has-post-thumbnail","6":"product_cat-stand-up-pouch-manufacturer","7":"pa_food-packaging-oatmeal-pouch","8":"pa_food-packaging-snack-food-pouch","10":"first","11":"instock","12":"shipping-taxable","13":"product-type-simple"},"acf":[],"_links":{"self":[{"href":"https:\/\/www.stanleypackage.com\/es\/wp-json\/wp\/v2\/product\/3660","targetHints":{"allow":["GET"]}}],"collection":[{"href":"https:\/\/www.stanleypackage.com\/es\/wp-json\/wp\/v2\/product"}],"about":[{"href":"https:\/\/www.stanleypackage.com\/es\/wp-json\/wp\/v2\/types\/product"}],"replies":[{"embeddable":true,"href":"https:\/\/www.stanleypackage.com\/es\/wp-json\/wp\/v2\/comments?post=3660"}],"wp:featuredmedia":[{"embeddable":true,"href":"https:\/\/www.stanleypackage.com\/es\/wp-json\/wp\/v2\/media\/3663"}],"wp:attachment":[{"href":"https:\/\/www.stanleypackage.com\/es\/wp-json\/wp\/v2\/media?parent=3660"}],"wp:term":[{"taxonomy":"product_brand","embeddable":true,"href":"https:\/\/www.stanleypackage.com\/es\/wp-json\/wp\/v2\/product_brand?post=3660"},{"taxonomy":"product_cat","embeddable":true,"href":"https:\/\/www.stanleypackage.com\/es\/wp-json\/wp\/v2\/product_cat?post=3660"},{"taxonomy":"product_tag","embeddable":true,"href":"https:\/\/www.stanleypackage.com\/es\/wp-json\/wp\/v2\/product_tag?post=3660"}],"curies":[{"name":"wp","href":"https:\/\/api.w.org\/{rel}","templated":true}]}}