{"id":3674,"date":"2025-11-11T09:52:53","date_gmt":"2025-11-11T09:52:53","guid":{"rendered":"https:\/\/www.stanleypackage.com\/?post_type=product&#038;p=3674"},"modified":"2025-11-11T09:53:00","modified_gmt":"2025-11-11T09:53:00","slug":"custom-food-pouch","status":"publish","type":"product","link":"https:\/\/www.stanleypackage.com\/es\/product\/custom-food-pouch\/","title":{"rendered":"Envasado de alimentos en polvo con bolsa de sellado en 3 lados, a medida"},"content":{"rendered":"<div class=\"wp-block-columns is-layout-flex wp-container-core-columns-is-layout-9d6595d7 wp-block-columns-is-layout-flex\">\n<div class=\"wp-block-column is-layout-flow wp-block-column-is-layout-flow\">\n<h2 class=\"wp-block-heading\">Caracter\u00edsticas de la bolsa personalizada para alimentos<\/h2>\n\n\n\n<ul class=\"wp-block-list\">\n<li><strong>Excelente sellado: <\/strong>Los sellos de tres lados de nuestra bolsa personalizada para alimentos en polvo garantizan un cierre herm\u00e9tico, bloqueando eficazmente el aire y la humedad, evitando que el polvo seco o las bebidas s\u00f3lidas se apelmacen.<\/li>\n\n\n\n<li><strong>Material compuesto de alta barrera: <\/strong>Estas bolsas personalizadas para envasado de alimentos en polvo se fabrican a medida con un material compuesto PET12\/PE65 mate que proporciona una sorprendente protecci\u00f3n contra la humedad y la oxidaci\u00f3n, al tiempo que ofrece caracter\u00edsticas de resistencia al desgarro y al aplastamiento. Esta combinaci\u00f3n ofrece un envase que permanecer\u00e1 intacto durante el transporte y el almacenamiento, protegiendo as\u00ed su producto en polvo.<\/li>\n\n\n\n<li><strong>Dise\u00f1o f\u00e1cil de rasgar:<\/strong> Estas bolsas personalizadas para alimentos dise\u00f1adas para el envasado de polvo seco tienen una muesca f\u00e1cil de rasgar, que permite abrirlas sin necesidad de utilizar tijeras o cuchillos, una opci\u00f3n m\u00e1s atractiva para la experiencia del usuario.<\/li>\n\n\n\n<li><strong>Estrechamente <\/strong><span style=\"box-sizing: border-box; margin: 0px; padding: 0px;\"><strong>Bordes sellados:\u00a0<\/strong>Los bordes de nuestras bolsas personalizadas de sellado por 3 lados para envasado de alimentos en polvo son ajustados y lisos,<\/span> y atractivas, y no son propensas a agrietarse. Pueden garantizar eficazmente la seguridad alimentaria.<\/li>\n\n\n\n<li><strong>Personalizaci\u00f3n flexible: <\/strong>Nuestras bolsas personalizadas para alimentos ofrecen amplias opciones de personalizaci\u00f3n en t\u00e9rminos de tama\u00f1o de bolsa, capacidad, gr\u00e1ficos e impresi\u00f3n, satisfaciendo las necesidades de envasado de diversas marcas y productos.<\/li>\n<\/ul>\n\n\n\n<div class=\"wp-block-columns is-layout-flex wp-container-core-columns-is-layout-9d6595d7 wp-block-columns-is-layout-flex\">\n<div class=\"wp-block-column is-layout-flow wp-block-column-is-layout-flow\">\n<figure class=\"wp-block-image size-full\"><img decoding=\"async\" width=\"750\" height=\"750\" src=\"https:\/\/www.stanleypackage.com\/wp-content\/uploads\/2025\/11\/Custom-Dry-Powder-Packaging-Bags-Wholesale-3-side-seal-pouch-2.jpg\" alt=\"\" class=\"wp-image-3676\" srcset=\"https:\/\/www.stanleypackage.com\/wp-content\/uploads\/2025\/11\/Custom-Dry-Powder-Packaging-Bags-Wholesale-3-side-seal-pouch-2.jpg 750w, https:\/\/www.stanleypackage.com\/wp-content\/uploads\/2025\/11\/Custom-Dry-Powder-Packaging-Bags-Wholesale-3-side-seal-pouch-2-300x300.jpg 300w, https:\/\/www.stanleypackage.com\/wp-content\/uploads\/2025\/11\/Custom-Dry-Powder-Packaging-Bags-Wholesale-3-side-seal-pouch-2-150x150.jpg 150w, https:\/\/www.stanleypackage.com\/wp-content\/uploads\/2025\/11\/Custom-Dry-Powder-Packaging-Bags-Wholesale-3-side-seal-pouch-2-12x12.jpg 12w, https:\/\/www.stanleypackage.com\/wp-content\/uploads\/2025\/11\/Custom-Dry-Powder-Packaging-Bags-Wholesale-3-side-seal-pouch-2-600x600.jpg 600w, https:\/\/www.stanleypackage.com\/wp-content\/uploads\/2025\/11\/Custom-Dry-Powder-Packaging-Bags-Wholesale-3-side-seal-pouch-2-100x100.jpg 100w\" sizes=\"(max-width: 750px) 100vw, 750px\" \/><\/figure>\n<\/div>\n\n\n\n<div class=\"wp-block-column is-layout-flow wp-block-column-is-layout-flow\">\n<figure class=\"wp-block-image size-full\"><img decoding=\"async\" width=\"750\" height=\"750\" src=\"https:\/\/www.stanleypackage.com\/wp-content\/uploads\/2025\/11\/Custom-Dry-Powder-Packaging-Bags-Wholesale-3-side-seal-pouch-3.jpg\" alt=\"Envasado de alimentos en polvo con bolsa de sellado en 3 lados, a medida\" class=\"wp-image-3677\" srcset=\"https:\/\/www.stanleypackage.com\/wp-content\/uploads\/2025\/11\/Custom-Dry-Powder-Packaging-Bags-Wholesale-3-side-seal-pouch-3.jpg 750w, https:\/\/www.stanleypackage.com\/wp-content\/uploads\/2025\/11\/Custom-Dry-Powder-Packaging-Bags-Wholesale-3-side-seal-pouch-3-300x300.jpg 300w, https:\/\/www.stanleypackage.com\/wp-content\/uploads\/2025\/11\/Custom-Dry-Powder-Packaging-Bags-Wholesale-3-side-seal-pouch-3-150x150.jpg 150w, https:\/\/www.stanleypackage.com\/wp-content\/uploads\/2025\/11\/Custom-Dry-Powder-Packaging-Bags-Wholesale-3-side-seal-pouch-3-12x12.jpg 12w, https:\/\/www.stanleypackage.com\/wp-content\/uploads\/2025\/11\/Custom-Dry-Powder-Packaging-Bags-Wholesale-3-side-seal-pouch-3-600x600.jpg 600w, https:\/\/www.stanleypackage.com\/wp-content\/uploads\/2025\/11\/Custom-Dry-Powder-Packaging-Bags-Wholesale-3-side-seal-pouch-3-100x100.jpg 100w\" sizes=\"(max-width: 750px) 100vw, 750px\" \/><\/figure>\n<\/div>\n<\/div>\n<\/div>\n<\/div>\n\n\n\n<p><\/p>","protected":false},"excerpt":{"rendered":"<p>Bienvenido a las bolsas personalizadas para alimentos. Estas bolsas personalizadas de alta barrera para envasado de alimentos en polvo presentan un dise\u00f1o de sellado por tres lados con una muesca f\u00e1cil de rasgar. Fabricadas en PET12\/PE65 mate, con impresi\u00f3n personalizada.<\/p>\n<table style=\"border-collapse: collapse; width: 312.77pt;\" border=\"0\" width=\"417\" cellspacing=\"0\" cellpadding=\"0\">\n<tbody>\n<tr style=\"height: 12.75pt;\">\n<td class=\"et2\" style=\"height: 12.75pt; width: 91.40pt;\" width=\"121\" height=\"17\">Fabricante<\/td>\n<td class=\"et2\" style=\"width: 222.00pt;\" width=\"296\">Stanley<\/td>\n<\/tr>\n<tr style=\"height: 12.75pt;\">\n<td class=\"et2\" style=\"height: 12.75pt; width: 91.40pt;\" width=\"121\" height=\"17\">Tipos de bolsas<\/td>\n<td class=\"et3\">Bolsa sellada por tres lados<\/td>\n<\/tr>\n<tr style=\"height: 12.75pt;\">\n<td class=\"et2\" style=\"height: 12.75pt; width: 91.40pt;\" width=\"121\" height=\"17\">Material<\/td>\n<td class=\"et2\" style=\"width: 222.00pt;\" width=\"296\">PET12\/PE65<\/td>\n<\/tr>\n<tr style=\"height: 25.50pt;\">\n<td class=\"et2\" style=\"height: 25.50pt; width: 91.40pt;\" width=\"121\" height=\"34\">Reportaje especial<\/td>\n<td class=\"et2\" style=\"width: 222.00pt;\" width=\"296\">Alta barrera, muesca f\u00e1cil de rasgar<\/td>\n<\/tr>\n<tr style=\"height: 12.75pt;\">\n<td class=\"et2\" style=\"height: 12.75pt; width: 91.40pt;\" width=\"121\" height=\"17\">Manipulaci\u00f3n de superficies<\/td>\n<td class=\"et2\" style=\"width: 222.00pt;\" width=\"296\">Impresi\u00f3n en huecograbado<\/td>\n<\/tr>\n<tr style=\"height: 12.75pt;\">\n<td class=\"et2\" style=\"height: 12.75pt; width: 91.40pt;\" width=\"121\" height=\"17\">Color<\/td>\n<td class=\"et2\" style=\"width: 222.00pt;\" width=\"296\">Hasta 10 colores<\/td>\n<\/tr>\n<tr style=\"height: 12.75pt;\">\n<td class=\"et2\" style=\"height: 12.75pt; width: 91.40pt;\" width=\"121\" height=\"17\">Utilizaci\u00f3n<\/td>\n<td class=\"et3\">bebidas s\u00f3lidas, tentempi\u00e9<\/td>\n<\/tr>\n<tr style=\"height: 12.75pt;\">\n<td class=\"et2\" style=\"height: 12.75pt; width: 91.40pt;\" width=\"121\" height=\"17\">MOQ<\/td>\n<td class=\"et2\" style=\"width: 222.00pt;\" width=\"296\">50.000 unidades<\/td>\n<\/tr>\n<tr style=\"height: 12.75pt;\">\n<td class=\"et2\" style=\"height: 12.75pt; width: 91.40pt;\" width=\"121\" height=\"17\">Pedido a medida<\/td>\n<td class=\"et2\" style=\"width: 222.00pt;\" width=\"296\">Acepta OEM , Soporte Muestra gratis<\/td>\n<\/tr>\n<\/tbody>\n<\/table>\n<p>&nbsp;<\/p>","protected":false},"featured_media":3678,"comment_status":"closed","ping_status":"closed","template":"","meta":{"_acf_changed":false},"product_brand":[],"product_cat":[28,31],"product_tag":[],"class_list":{"0":"post-3674","1":"product","2":"type-product","3":"status-publish","4":"has-post-thumbnail","6":"product_cat-three-side-seal-pouch-manufacturer","7":"product_cat-lay-flat-pouch-manufacturer","8":"pa_food-packaging-sauce-condiment-pouches","9":"pa_food-packaging-ready-meal-pouch","11":"first","12":"instock","13":"shipping-taxable","14":"product-type-simple"},"acf":[],"_links":{"self":[{"href":"https:\/\/www.stanleypackage.com\/es\/wp-json\/wp\/v2\/product\/3674","targetHints":{"allow":["GET"]}}],"collection":[{"href":"https:\/\/www.stanleypackage.com\/es\/wp-json\/wp\/v2\/product"}],"about":[{"href":"https:\/\/www.stanleypackage.com\/es\/wp-json\/wp\/v2\/types\/product"}],"replies":[{"embeddable":true,"href":"https:\/\/www.stanleypackage.com\/es\/wp-json\/wp\/v2\/comments?post=3674"}],"wp:featuredmedia":[{"embeddable":true,"href":"https:\/\/www.stanleypackage.com\/es\/wp-json\/wp\/v2\/media\/3678"}],"wp:attachment":[{"href":"https:\/\/www.stanleypackage.com\/es\/wp-json\/wp\/v2\/media?parent=3674"}],"wp:term":[{"taxonomy":"product_brand","embeddable":true,"href":"https:\/\/www.stanleypackage.com\/es\/wp-json\/wp\/v2\/product_brand?post=3674"},{"taxonomy":"product_cat","embeddable":true,"href":"https:\/\/www.stanleypackage.com\/es\/wp-json\/wp\/v2\/product_cat?post=3674"},{"taxonomy":"product_tag","embeddable":true,"href":"https:\/\/www.stanleypackage.com\/es\/wp-json\/wp\/v2\/product_tag?post=3674"}],"curies":[{"name":"wp","href":"https:\/\/api.w.org\/{rel}","templated":true}]}}