{"id":3695,"date":"2025-11-11T10:08:53","date_gmt":"2025-11-11T10:08:53","guid":{"rendered":"https:\/\/www.stanleypackage.com\/?post_type=product&#038;p=3695"},"modified":"2025-11-11T10:08:58","modified_gmt":"2025-11-11T10:08:58","slug":"oem-snack-pouch-packaging","status":"publish","type":"product","link":"https:\/\/www.stanleypackage.com\/es\/product\/oem-snack-pouch-packaging\/","title":{"rendered":"OEM Snack Pouch Packaging, Venta al por mayor Stand Up Pouches de gelatina"},"content":{"rendered":"<div class=\"wp-block-columns is-layout-flex wp-container-core-columns-is-layout-9d6595d7 wp-block-columns-is-layout-flex\">\n<div class=\"wp-block-column is-layout-flow wp-block-column-is-layout-flow\">\n<h2 class=\"wp-block-heading\">Caracter\u00edsticas de las bolsas OEM para aperitivos<\/h2>\n\n\n\n<ul class=\"wp-block-list\">\n<li><strong>Bolsas de pie, f\u00e1ciles de exponer y almacenar:<\/strong> Estos envases de bolsa OEM para aperitivos tienen una estructura de base de pie duradera, que mejora la exposici\u00f3n en los estantes, ahorra espacio de almacenamiento y facilita las ventas finales.<\/li>\n\n\n\n<li><strong>Dise\u00f1o redondeado de cuatro esquinas: <\/strong>Nuestras bolsas de gelatina al por mayor tienen esquinas redondeadas en los cuatro lados, por lo que es menos probable que causen lesiones en las manos.<\/li>\n\n\n\n<li><strong>Dise\u00f1o f\u00e1cil de rasgar: <\/strong>Nuestro envase de bolsa OEM para aperitivos adopta un rasgado f\u00e1cil, que es sencillo y no p\u00fablico, por lo que resulta c\u00f3modo de abrir para los clientes.<\/li>\n\n\n\n<li><strong>Dise\u00f1o con orificio de supermercado, c\u00f3modo de exponer: <\/strong>Nuestras bolsas de gelatina stand-up al por mayor est\u00e1n dise\u00f1adas con agujeros de supermercado, que se pueden colgar en las estanter\u00edas. Esto no solo facilita la exposici\u00f3n, sino que tambi\u00e9n ahorra espacio.<\/li>\n\n\n\n<li><strong>Apoyar la personalizaci\u00f3n de la marca para satisfacer diversas necesidades de envasado:<\/strong> Nuestros envases OEM al por mayor para bolsas de aperitivos admiten impresi\u00f3n, patrones y capacidad para satisfacer las necesidades de envasado exclusivas de los clientes.<\/li>\n<\/ul>\n\n\n\n<div class=\"wp-block-columns is-layout-flex wp-container-core-columns-is-layout-9d6595d7 wp-block-columns-is-layout-flex\">\n<div class=\"wp-block-column is-layout-flow wp-block-column-is-layout-flow\">\n<figure class=\"wp-block-image size-full\"><img decoding=\"async\" width=\"750\" height=\"750\" src=\"https:\/\/www.stanleypackage.com\/wp-content\/uploads\/2025\/11\/Custom-Food-Pouches-Wholesale-Stand-Up-Pouch-Of-Jelly-6.jpg\" alt=\"\" class=\"wp-image-3696\" srcset=\"https:\/\/www.stanleypackage.com\/wp-content\/uploads\/2025\/11\/Custom-Food-Pouches-Wholesale-Stand-Up-Pouch-Of-Jelly-6.jpg 750w, https:\/\/www.stanleypackage.com\/wp-content\/uploads\/2025\/11\/Custom-Food-Pouches-Wholesale-Stand-Up-Pouch-Of-Jelly-6-300x300.jpg 300w, https:\/\/www.stanleypackage.com\/wp-content\/uploads\/2025\/11\/Custom-Food-Pouches-Wholesale-Stand-Up-Pouch-Of-Jelly-6-150x150.jpg 150w, https:\/\/www.stanleypackage.com\/wp-content\/uploads\/2025\/11\/Custom-Food-Pouches-Wholesale-Stand-Up-Pouch-Of-Jelly-6-12x12.jpg 12w, https:\/\/www.stanleypackage.com\/wp-content\/uploads\/2025\/11\/Custom-Food-Pouches-Wholesale-Stand-Up-Pouch-Of-Jelly-6-600x600.jpg 600w, https:\/\/www.stanleypackage.com\/wp-content\/uploads\/2025\/11\/Custom-Food-Pouches-Wholesale-Stand-Up-Pouch-Of-Jelly-6-100x100.jpg 100w\" sizes=\"(max-width: 750px) 100vw, 750px\" \/><\/figure>\n<\/div>\n\n\n\n<div class=\"wp-block-column is-layout-flow wp-block-column-is-layout-flow\">\n<figure class=\"wp-block-image size-full\"><img decoding=\"async\" width=\"750\" height=\"750\" src=\"https:\/\/www.stanleypackage.com\/wp-content\/uploads\/2025\/11\/Custom-Food-Pouches-Wholesale-Stand-Up-Pouch-Of-Jelly-7.jpg\" alt=\"\" class=\"wp-image-3697\" srcset=\"https:\/\/www.stanleypackage.com\/wp-content\/uploads\/2025\/11\/Custom-Food-Pouches-Wholesale-Stand-Up-Pouch-Of-Jelly-7.jpg 750w, https:\/\/www.stanleypackage.com\/wp-content\/uploads\/2025\/11\/Custom-Food-Pouches-Wholesale-Stand-Up-Pouch-Of-Jelly-7-300x300.jpg 300w, https:\/\/www.stanleypackage.com\/wp-content\/uploads\/2025\/11\/Custom-Food-Pouches-Wholesale-Stand-Up-Pouch-Of-Jelly-7-150x150.jpg 150w, https:\/\/www.stanleypackage.com\/wp-content\/uploads\/2025\/11\/Custom-Food-Pouches-Wholesale-Stand-Up-Pouch-Of-Jelly-7-12x12.jpg 12w, https:\/\/www.stanleypackage.com\/wp-content\/uploads\/2025\/11\/Custom-Food-Pouches-Wholesale-Stand-Up-Pouch-Of-Jelly-7-600x600.jpg 600w, https:\/\/www.stanleypackage.com\/wp-content\/uploads\/2025\/11\/Custom-Food-Pouches-Wholesale-Stand-Up-Pouch-Of-Jelly-7-100x100.jpg 100w\" sizes=\"(max-width: 750px) 100vw, 750px\" \/><\/figure>\n<\/div>\n<\/div>\n<\/div>\n<\/div>","protected":false},"excerpt":{"rendered":"<p>Bienvenido a comprar envases OEM para bolsas de aperitivos. Estas bolsas de gelatina de pie al por mayor vienen con un dise\u00f1o f\u00e1cil de rasgar, cuatro-coner redondeado y agujeros de supermercado, que apoyan la impresi\u00f3n personalizada.<\/p>\n<table style=\"border-collapse: collapse; width: 327.77pt;\" border=\"0\" width=\"437\" cellspacing=\"0\" cellpadding=\"0\">\n<tbody>\n<tr style=\"height: 12.75pt;\">\n<td class=\"et2\" style=\"height: 12.75pt; width: 91.40pt;\" width=\"121\" height=\"17\">Fabricante<\/td>\n<td class=\"et2\" style=\"width: 237.00pt;\" width=\"316\">Stanley<\/td>\n<\/tr>\n<tr style=\"height: 12.75pt;\">\n<td class=\"et2\" style=\"height: 12.75pt; width: 91.40pt;\" width=\"121\" height=\"17\">Tipos de bolsas<\/td>\n<td class=\"et3\">Funda de pie<\/td>\n<\/tr>\n<tr style=\"height: 12.75pt;\">\n<td class=\"et2\" style=\"height: 12.75pt; width: 91.40pt;\" width=\"121\" height=\"17\">Material<\/td>\n<td class=\"et2\" style=\"width: 237.00pt;\" width=\"316\">PET12\/\u00bdVMPET12\/PE80<\/td>\n<\/tr>\n<tr style=\"height: 12.75pt;\">\n<td class=\"et2\" style=\"height: 12.75pt; width: 91.40pt;\" width=\"121\" height=\"17\">Reportaje especial<\/td>\n<td class=\"et2\" style=\"width: 237.00pt;\" width=\"316\">Fondo autoportante, muesca de f\u00e1cil rasgado<\/td>\n<\/tr>\n<tr style=\"height: 12.75pt;\">\n<td class=\"et2\" style=\"height: 12.75pt; width: 91.40pt;\" width=\"121\" height=\"17\">Manipulaci\u00f3n de superficies<\/td>\n<td class=\"et2\" style=\"width: 237.00pt;\" width=\"316\">Impresi\u00f3n en huecograbado<\/td>\n<\/tr>\n<tr style=\"height: 12.75pt;\">\n<td class=\"et2\" style=\"height: 12.75pt; width: 91.40pt;\" width=\"121\" height=\"17\">Color<\/td>\n<td class=\"et2\" style=\"width: 237.00pt;\" width=\"316\">Hasta 10 colores<\/td>\n<\/tr>\n<tr style=\"height: 12.75pt;\">\n<td class=\"et2\" style=\"height: 12.75pt; width: 91.40pt;\" width=\"121\" height=\"17\">Utilizaci\u00f3n<\/td>\n<td class=\"et3\">Caramelos, frutos secos, aperitivos, pan<\/td>\n<\/tr>\n<tr style=\"height: 12.75pt;\">\n<td class=\"et2\" style=\"height: 12.75pt; width: 91.40pt;\" width=\"121\" height=\"17\">MOQ<\/td>\n<td class=\"et2\" style=\"width: 237.00pt;\" width=\"316\">50.000 unidades<\/td>\n<\/tr>\n<tr style=\"height: 12.75pt;\">\n<td class=\"et2\" style=\"height: 12.75pt; width: 91.40pt;\" width=\"121\" height=\"17\">Pedido a medida<\/td>\n<td class=\"et2\" style=\"width: 237.00pt;\" width=\"316\">Aceptamos OEM, Soporte Muestra gratis<\/td>\n<\/tr>\n<\/tbody>\n<\/table>","protected":false},"featured_media":3698,"comment_status":"closed","ping_status":"closed","template":"","meta":{"_acf_changed":false},"product_brand":[],"product_cat":[30],"product_tag":[],"class_list":{"0":"post-3695","1":"product","2":"type-product","3":"status-publish","4":"has-post-thumbnail","6":"product_cat-stand-up-pouch-manufacturer","7":"pa_food-packaging-snack-food-pouch","9":"first","10":"instock","11":"shipping-taxable","12":"product-type-simple"},"acf":[],"_links":{"self":[{"href":"https:\/\/www.stanleypackage.com\/es\/wp-json\/wp\/v2\/product\/3695","targetHints":{"allow":["GET"]}}],"collection":[{"href":"https:\/\/www.stanleypackage.com\/es\/wp-json\/wp\/v2\/product"}],"about":[{"href":"https:\/\/www.stanleypackage.com\/es\/wp-json\/wp\/v2\/types\/product"}],"replies":[{"embeddable":true,"href":"https:\/\/www.stanleypackage.com\/es\/wp-json\/wp\/v2\/comments?post=3695"}],"wp:featuredmedia":[{"embeddable":true,"href":"https:\/\/www.stanleypackage.com\/es\/wp-json\/wp\/v2\/media\/3698"}],"wp:attachment":[{"href":"https:\/\/www.stanleypackage.com\/es\/wp-json\/wp\/v2\/media?parent=3695"}],"wp:term":[{"taxonomy":"product_brand","embeddable":true,"href":"https:\/\/www.stanleypackage.com\/es\/wp-json\/wp\/v2\/product_brand?post=3695"},{"taxonomy":"product_cat","embeddable":true,"href":"https:\/\/www.stanleypackage.com\/es\/wp-json\/wp\/v2\/product_cat?post=3695"},{"taxonomy":"product_tag","embeddable":true,"href":"https:\/\/www.stanleypackage.com\/es\/wp-json\/wp\/v2\/product_tag?post=3695"}],"curies":[{"name":"wp","href":"https:\/\/api.w.org\/{rel}","templated":true}]}}