{"id":3731,"date":"2025-11-15T01:08:49","date_gmt":"2025-11-15T01:08:49","guid":{"rendered":"https:\/\/www.stanleypackage.com\/?post_type=product&#038;p=3731"},"modified":"2025-11-15T01:08:56","modified_gmt":"2025-11-15T01:08:56","slug":"custom-print-coffee-bags","status":"publish","type":"product","link":"https:\/\/www.stanleypackage.com\/es\/product\/custom-print-coffee-bags\/","title":{"rendered":"Bolsas de caf\u00e9 con impresi\u00f3n personalizada, bolsas de fondo plano para caf\u00e9 instant\u00e1neo"},"content":{"rendered":"<div class=\"wp-block-columns is-layout-flex wp-container-core-columns-is-layout-9d6595d7 wp-block-columns-is-layout-flex\">\n<div class=\"wp-block-column is-layout-flow wp-block-column-is-layout-flow\">\n<h2 class=\"wp-block-heading\">Caracter\u00edsticas de las bolsas de caf\u00e9 con impresi\u00f3n personalizada<\/h2>\n\n\n\n<ul class=\"wp-block-list\">\n<li><strong>Dise\u00f1o en 3D con bordes laterales: <\/strong>El lateral de nuestras bolsas de caf\u00e9 con impresi\u00f3n personalizada adopta un dise\u00f1o en 3D, lo que hace que nuestros envases tengan un aspecto m\u00e1s tridimensional y bello, atrayendo as\u00ed la atenci\u00f3n de los clientes.<\/li>\n\n\n\n<li><strong>Dise\u00f1o de fondo estable:<\/strong> Estas bolsas de fondo plano para la venta al por mayor garantizan un soporte estable en estanter\u00edas o mostradores de exposici\u00f3n, mejorando el aspecto de las estanter\u00edas a la vez que maximizan la capacidad interna.<\/li>\n\n\n\n<li><strong>Dise\u00f1o f\u00e1cil de rasgar:<\/strong> Nuestras bolsas de caf\u00e9 con impresi\u00f3n personalizada est\u00e1n equipadas con una muesca f\u00e1cil de rasgar que permite a los consumidores abrirlas con facilidad.<\/li>\n\n\n\n<li><strong>Admite personalizaci\u00f3n de tama\u00f1o y marca:\u00a0<\/strong>Nuestras bolsas de fondo plano al por mayor pueden personalizarse en tama\u00f1o, patr\u00f3n de impresi\u00f3n y detalles del tipo de bolsa seg\u00fan los requisitos del producto para crear una soluci\u00f3n de envasado \u00fanica para la marca.<\/li>\n\n\n\n<li><strong>Forma y efecto especiales: <\/strong>Nuestra impresi\u00f3n personalizada de bolsas de caf\u00e9 al por mayor ofrece la opci\u00f3n de personalizar la forma de las bolsas, as\u00ed como los efectos de impresi\u00f3n, como UV, mate, brillante, etc.<\/li>\n<\/ul>\n\n\n\n<div class=\"wp-block-columns is-layout-flex wp-container-core-columns-is-layout-9d6595d7 wp-block-columns-is-layout-flex\">\n<div class=\"wp-block-column is-layout-flow wp-block-column-is-layout-flow\">\n<figure class=\"wp-block-image size-full\"><img decoding=\"async\" width=\"750\" height=\"750\" src=\"https:\/\/www.stanleypackage.com\/wp-content\/uploads\/2025\/11\/Custom-Instant-Coffee-Packaging-Pouch-Wholesale-8-Side-Seal-Box-Bottom-Pouch-7.webp\" alt=\"Bolsas de caf\u00e9 con impresi\u00f3n personalizada, bolsas de fondo plano para caf\u00e9 instant\u00e1neo\" class=\"wp-image-3734\" srcset=\"https:\/\/www.stanleypackage.com\/wp-content\/uploads\/2025\/11\/Custom-Instant-Coffee-Packaging-Pouch-Wholesale-8-Side-Seal-Box-Bottom-Pouch-7.webp 750w, https:\/\/www.stanleypackage.com\/wp-content\/uploads\/2025\/11\/Custom-Instant-Coffee-Packaging-Pouch-Wholesale-8-Side-Seal-Box-Bottom-Pouch-7-300x300.webp 300w, https:\/\/www.stanleypackage.com\/wp-content\/uploads\/2025\/11\/Custom-Instant-Coffee-Packaging-Pouch-Wholesale-8-Side-Seal-Box-Bottom-Pouch-7-150x150.webp 150w, https:\/\/www.stanleypackage.com\/wp-content\/uploads\/2025\/11\/Custom-Instant-Coffee-Packaging-Pouch-Wholesale-8-Side-Seal-Box-Bottom-Pouch-7-12x12.webp 12w, https:\/\/www.stanleypackage.com\/wp-content\/uploads\/2025\/11\/Custom-Instant-Coffee-Packaging-Pouch-Wholesale-8-Side-Seal-Box-Bottom-Pouch-7-600x600.webp 600w, https:\/\/www.stanleypackage.com\/wp-content\/uploads\/2025\/11\/Custom-Instant-Coffee-Packaging-Pouch-Wholesale-8-Side-Seal-Box-Bottom-Pouch-7-100x100.webp 100w\" sizes=\"(max-width: 750px) 100vw, 750px\" \/><\/figure>\n<\/div>\n\n\n\n<div class=\"wp-block-column is-layout-flow wp-block-column-is-layout-flow\">\n<figure class=\"wp-block-image size-full\"><img decoding=\"async\" width=\"750\" height=\"750\" src=\"https:\/\/www.stanleypackage.com\/wp-content\/uploads\/2025\/11\/Custom-Instant-Coffee-Packaging-Pouch-Wholesale-8-Side-Seal-Box-Bottom-Pouch.webp\" alt=\"\" class=\"wp-image-3733\" srcset=\"https:\/\/www.stanleypackage.com\/wp-content\/uploads\/2025\/11\/Custom-Instant-Coffee-Packaging-Pouch-Wholesale-8-Side-Seal-Box-Bottom-Pouch.webp 750w, https:\/\/www.stanleypackage.com\/wp-content\/uploads\/2025\/11\/Custom-Instant-Coffee-Packaging-Pouch-Wholesale-8-Side-Seal-Box-Bottom-Pouch-300x300.webp 300w, https:\/\/www.stanleypackage.com\/wp-content\/uploads\/2025\/11\/Custom-Instant-Coffee-Packaging-Pouch-Wholesale-8-Side-Seal-Box-Bottom-Pouch-150x150.webp 150w, https:\/\/www.stanleypackage.com\/wp-content\/uploads\/2025\/11\/Custom-Instant-Coffee-Packaging-Pouch-Wholesale-8-Side-Seal-Box-Bottom-Pouch-12x12.webp 12w, https:\/\/www.stanleypackage.com\/wp-content\/uploads\/2025\/11\/Custom-Instant-Coffee-Packaging-Pouch-Wholesale-8-Side-Seal-Box-Bottom-Pouch-600x600.webp 600w, https:\/\/www.stanleypackage.com\/wp-content\/uploads\/2025\/11\/Custom-Instant-Coffee-Packaging-Pouch-Wholesale-8-Side-Seal-Box-Bottom-Pouch-100x100.webp 100w\" sizes=\"(max-width: 750px) 100vw, 750px\" \/><\/figure>\n<\/div>\n<\/div>\n<\/div>\n<\/div>","protected":false},"excerpt":{"rendered":"<p>Bienvenido a solicitar bolsas de caf\u00e9 con impresi\u00f3n personalizada. Nuestras bolsas de fondo plano al por mayor para el caf\u00e9 instant\u00e1neo cuentan con una muesca f\u00e1cil de rasgar, apoyar la forma especial y personalizaci\u00f3n de la marca.<\/p>\n<table style=\"border-collapse: collapse; width: 365.02pt;\" border=\"0\" width=\"365\" cellspacing=\"0\" cellpadding=\"0\">\n<tbody>\n<tr style=\"height: 16.00pt;\">\n<td class=\"et2\" style=\"height: 16.00pt; width: 97.50pt;\" width=\"97\" height=\"16\">Fabricante<\/td>\n<td class=\"et2\" style=\"width: 267.50pt;\" width=\"267\">Stanley<\/td>\n<\/tr>\n<tr style=\"height: 16.00pt;\">\n<td class=\"et2\" style=\"height: 16.00pt; width: 97.50pt;\" width=\"97\" height=\"16\">Tipos de bolsas<\/td>\n<td class=\"et2\" style=\"width: 267.50pt;\" width=\"267\">8 Bolsa de fondo plano con cierre lateral<\/td>\n<\/tr>\n<tr style=\"height: 31.00pt;\">\n<td class=\"et2\" style=\"height: 31.00pt; width: 97.50pt;\" width=\"97\" height=\"31\">Material<\/td>\n<td class=\"et2\" style=\"width: 267.50pt;\" width=\"267\">PET12\/Papel kraft blanco 50 g\/PE60 Temperatura ultrabaja<\/td>\n<\/tr>\n<tr style=\"height: 16.00pt;\">\n<td class=\"et2\" style=\"height: 16.00pt; width: 97.50pt;\" width=\"97\" height=\"16\">Reportaje especial<\/td>\n<td class=\"et2\" style=\"width: 267.50pt;\" width=\"267\">8 Sello lateral, muesca de rasgado,\u00a0<\/td>\n<\/tr>\n<tr style=\"height: 16.00pt;\">\n<td class=\"et2\" style=\"height: 16.00pt; width: 97.50pt;\" width=\"97\" height=\"16\">Manipulaci\u00f3n de superficies<\/td>\n<td class=\"et2\" style=\"width: 267.50pt;\" width=\"267\">Impresi\u00f3n en huecograbado<\/td>\n<\/tr>\n<tr style=\"height: 16.00pt;\">\n<td class=\"et2\" style=\"height: 16.00pt; width: 97.50pt;\" width=\"97\" height=\"16\">Color<\/td>\n<td class=\"et2\" style=\"width: 267.50pt;\" width=\"267\">Hasta 10 colores<\/td>\n<\/tr>\n<tr style=\"height: 16.00pt;\">\n<td class=\"et2\" style=\"height: 16.00pt; width: 97.50pt;\" width=\"97\" height=\"16\">Utilizaci\u00f3n<\/td>\n<td class=\"et2\" style=\"width: 267.50pt;\" width=\"267\">Caf\u00e9, merienda, pan<\/td>\n<\/tr>\n<tr style=\"height: 16.00pt;\">\n<td class=\"et2\" style=\"height: 16.00pt; width: 97.50pt;\" width=\"97\" height=\"16\">MOQ<\/td>\n<td class=\"et2\" style=\"width: 267.50pt;\" width=\"267\">50.000 unidades<\/td>\n<\/tr>\n<tr style=\"height: 16.00pt;\">\n<td class=\"et2\" style=\"height: 16.00pt; width: 97.50pt;\" width=\"97\" height=\"16\">Pedido a medida<\/td>\n<td class=\"et2\" style=\"width: 267.50pt;\" width=\"267\">Aceptar soporte OEM Muestra gratuita<\/td>\n<\/tr>\n<\/tbody>\n<\/table>","protected":false},"featured_media":3732,"comment_status":"closed","ping_status":"closed","template":"","meta":{"_acf_changed":false},"product_brand":[],"product_cat":[24],"product_tag":[],"class_list":{"0":"post-3731","1":"product","2":"type-product","3":"status-publish","4":"has-post-thumbnail","6":"product_cat-flat-bottom-pouch-manufacturer","7":"pa_food-packaging-coffee-packaging-pouch","9":"first","10":"instock","11":"shipping-taxable","12":"product-type-simple"},"acf":[],"_links":{"self":[{"href":"https:\/\/www.stanleypackage.com\/es\/wp-json\/wp\/v2\/product\/3731","targetHints":{"allow":["GET"]}}],"collection":[{"href":"https:\/\/www.stanleypackage.com\/es\/wp-json\/wp\/v2\/product"}],"about":[{"href":"https:\/\/www.stanleypackage.com\/es\/wp-json\/wp\/v2\/types\/product"}],"replies":[{"embeddable":true,"href":"https:\/\/www.stanleypackage.com\/es\/wp-json\/wp\/v2\/comments?post=3731"}],"wp:featuredmedia":[{"embeddable":true,"href":"https:\/\/www.stanleypackage.com\/es\/wp-json\/wp\/v2\/media\/3732"}],"wp:attachment":[{"href":"https:\/\/www.stanleypackage.com\/es\/wp-json\/wp\/v2\/media?parent=3731"}],"wp:term":[{"taxonomy":"product_brand","embeddable":true,"href":"https:\/\/www.stanleypackage.com\/es\/wp-json\/wp\/v2\/product_brand?post=3731"},{"taxonomy":"product_cat","embeddable":true,"href":"https:\/\/www.stanleypackage.com\/es\/wp-json\/wp\/v2\/product_cat?post=3731"},{"taxonomy":"product_tag","embeddable":true,"href":"https:\/\/www.stanleypackage.com\/es\/wp-json\/wp\/v2\/product_tag?post=3731"}],"curies":[{"name":"wp","href":"https:\/\/api.w.org\/{rel}","templated":true}]}}