{"id":3754,"date":"2025-11-15T02:25:48","date_gmt":"2025-11-15T02:25:48","guid":{"rendered":"https:\/\/www.stanleypackage.com\/?post_type=product&#038;p=3754"},"modified":"2025-11-15T02:25:55","modified_gmt":"2025-11-15T02:25:55","slug":"custom-print-stand-up-pouches","status":"publish","type":"product","link":"https:\/\/www.stanleypackage.com\/es\/product\/custom-print-stand-up-pouches\/","title":{"rendered":"Impresi\u00f3n personalizada de bolsas de pie para recambios de limpiadores faciales"},"content":{"rendered":"<div class=\"wp-block-columns is-layout-flex wp-container-core-columns-is-layout-9d6595d7 wp-block-columns-is-layout-flex\">\n<div class=\"wp-block-column is-layout-flow wp-block-column-is-layout-flow\">\n<h2 class=\"wp-block-heading\">Caracter\u00edsticas de las bolsas de pie con impresi\u00f3n personalizada<\/h2>\n\n\n\n<ul class=\"wp-block-list\">\n<li><strong>Efecto especial disponible:<\/strong> Nuestras bolsas stand up de impresi\u00f3n personalizada para limpiador facial l\u00edquido admiten efectos especiales disponibles, como UV, mate, brillante, etc.<\/li>\n\n\n\n<li><strong>Forma especial disponible:<\/strong> Nuestras bolsas para l\u00edquidos al por mayor para productos de cuidado personal pueden transformarse en diversas formas seg\u00fan los requisitos del cliente.<\/li>\n\n\n\n<li><strong>Estructura de pie:<\/strong> Nuestras bolsas de pie con impresi\u00f3n personalizada para limpiadores faciales l\u00edquidos adoptan una estructura de pie, que les permite mantenerse firmes durante la exposici\u00f3n, mejorando el efecto de exposici\u00f3n en el estante y la calidad del producto.<\/li>\n\n\n\n<li><strong>Material multicapa duradero: <\/strong>La estructura de tres capas (PET12\/BOPA15\/MBPE110) de estas bolsas para l\u00edquidos al por mayor para productos de cuidado personal tiene buena rigidez, durabilidad y sellado, adecuado para l\u00edquidos de viscosidad media y alta como champ\u00fa y gel de ducha.<\/li>\n\n\n\n<li><strong>Personalizable y listo para la venta al por mayor:<\/strong> Nuestras bolsas stand up de impresi\u00f3n personalizada para limpiadores faciales l\u00edquidos admiten patrones personalizados, LOGO, capacidad y detalles estructurales, que son adecuados para la producci\u00f3n en masa y ayudan a las marcas a crear soluciones de envasado personalizadas.<\/li>\n<\/ul>\n\n\n\n<div class=\"wp-block-columns is-layout-flex wp-container-core-columns-is-layout-9d6595d7 wp-block-columns-is-layout-flex\">\n<div class=\"wp-block-column is-layout-flow wp-block-column-is-layout-flow\">\n<figure class=\"wp-block-image size-full\"><img decoding=\"async\" width=\"750\" height=\"750\" src=\"https:\/\/www.stanleypackage.com\/wp-content\/uploads\/2025\/11\/Wholesale-Liquid-Pouches-Custom-Travel-Facial-Cleanser-Packaging-5.webp\" alt=\"\" class=\"wp-image-3755\" srcset=\"https:\/\/www.stanleypackage.com\/wp-content\/uploads\/2025\/11\/Wholesale-Liquid-Pouches-Custom-Travel-Facial-Cleanser-Packaging-5.webp 750w, https:\/\/www.stanleypackage.com\/wp-content\/uploads\/2025\/11\/Wholesale-Liquid-Pouches-Custom-Travel-Facial-Cleanser-Packaging-5-300x300.webp 300w, https:\/\/www.stanleypackage.com\/wp-content\/uploads\/2025\/11\/Wholesale-Liquid-Pouches-Custom-Travel-Facial-Cleanser-Packaging-5-150x150.webp 150w, https:\/\/www.stanleypackage.com\/wp-content\/uploads\/2025\/11\/Wholesale-Liquid-Pouches-Custom-Travel-Facial-Cleanser-Packaging-5-12x12.webp 12w, https:\/\/www.stanleypackage.com\/wp-content\/uploads\/2025\/11\/Wholesale-Liquid-Pouches-Custom-Travel-Facial-Cleanser-Packaging-5-600x600.webp 600w, https:\/\/www.stanleypackage.com\/wp-content\/uploads\/2025\/11\/Wholesale-Liquid-Pouches-Custom-Travel-Facial-Cleanser-Packaging-5-100x100.webp 100w\" sizes=\"(max-width: 750px) 100vw, 750px\" \/><\/figure>\n<\/div>\n\n\n\n<div class=\"wp-block-column is-layout-flow wp-block-column-is-layout-flow\">\n<figure class=\"wp-block-image size-full\"><img decoding=\"async\" width=\"750\" height=\"750\" src=\"https:\/\/www.stanleypackage.com\/wp-content\/uploads\/2025\/11\/Wholesale-Liquid-Pouches-Custom-Travel-Facial-Cleanser-Packaging-3.webp\" alt=\"\" class=\"wp-image-3756\" srcset=\"https:\/\/www.stanleypackage.com\/wp-content\/uploads\/2025\/11\/Wholesale-Liquid-Pouches-Custom-Travel-Facial-Cleanser-Packaging-3.webp 750w, https:\/\/www.stanleypackage.com\/wp-content\/uploads\/2025\/11\/Wholesale-Liquid-Pouches-Custom-Travel-Facial-Cleanser-Packaging-3-300x300.webp 300w, https:\/\/www.stanleypackage.com\/wp-content\/uploads\/2025\/11\/Wholesale-Liquid-Pouches-Custom-Travel-Facial-Cleanser-Packaging-3-150x150.webp 150w, https:\/\/www.stanleypackage.com\/wp-content\/uploads\/2025\/11\/Wholesale-Liquid-Pouches-Custom-Travel-Facial-Cleanser-Packaging-3-12x12.webp 12w, https:\/\/www.stanleypackage.com\/wp-content\/uploads\/2025\/11\/Wholesale-Liquid-Pouches-Custom-Travel-Facial-Cleanser-Packaging-3-600x600.webp 600w, https:\/\/www.stanleypackage.com\/wp-content\/uploads\/2025\/11\/Wholesale-Liquid-Pouches-Custom-Travel-Facial-Cleanser-Packaging-3-100x100.webp 100w\" sizes=\"(max-width: 750px) 100vw, 750px\" \/><\/figure>\n<\/div>\n<\/div>\n<\/div>\n<\/div>\n\n\n\n<p><\/p>","protected":false},"excerpt":{"rendered":"<p>Bienvenido a pedir al por mayor bolsas de l\u00edquido para productos de cuidado personal. Nuestra impresi\u00f3n personalizada de pie bolsas para limpiador facial l\u00edquido est\u00e1n equipadas con el dise\u00f1o general irregular es \u00fanico y f\u00e1cil de llevar. Admite una personalizaci\u00f3n completa.<\/p>\n<table style=\"border-collapse: collapse; width: 312.77pt;\" border=\"0\" width=\"417\" cellspacing=\"0\" cellpadding=\"0\">\n<tbody>\n<tr style=\"height: 12.75pt;\">\n<td class=\"et2\" style=\"height: 12.75pt; width: 91.40pt;\" width=\"121\" height=\"17\">Fabricante<\/td>\n<td class=\"et2\" style=\"width: 222.00pt;\" width=\"296\">Stanley<\/td>\n<\/tr>\n<tr style=\"height: 12.75pt;\">\n<td class=\"et2\" style=\"height: 12.75pt; width: 91.40pt;\" width=\"121\" height=\"17\">Tipos de bolsas<\/td>\n<td class=\"et3\">Bolsa de pie irregular<\/td>\n<\/tr>\n<tr style=\"height: 12.75pt;\">\n<td class=\"et2\" style=\"height: 12.75pt; width: 91.40pt;\" width=\"121\" height=\"17\">Material<\/td>\n<td class=\"et2\" style=\"width: 222.00pt;\" width=\"296\">PET12\/BOPA15\/MBPE110<\/td>\n<\/tr>\n<tr style=\"height: 12.75pt;\">\n<td class=\"et2\" style=\"height: 12.75pt; width: 91.40pt;\" width=\"121\" height=\"17\">Reportaje especial<\/td>\n<td class=\"et2\" style=\"width: 222.00pt;\" width=\"296\">De pie en el fondo, <span class=\"font1\">I<\/span><span class=\"font0\">Forma irregular<\/span><\/td>\n<\/tr>\n<tr style=\"height: 12.75pt;\">\n<td class=\"et2\" style=\"height: 12.75pt; width: 91.40pt;\" width=\"121\" height=\"17\">Manipulaci\u00f3n de superficies<\/td>\n<td class=\"et2\" style=\"width: 222.00pt;\" width=\"296\">Impresi\u00f3n en huecograbado<\/td>\n<\/tr>\n<tr style=\"height: 12.75pt;\">\n<td class=\"et2\" style=\"height: 12.75pt; width: 91.40pt;\" width=\"121\" height=\"17\">Color<\/td>\n<td class=\"et2\" style=\"width: 222.00pt;\" width=\"296\">Hasta 10 colores<\/td>\n<\/tr>\n<tr style=\"height: 12.75pt;\">\n<td class=\"et2\" style=\"height: 12.75pt; width: 91.40pt;\" width=\"121\" height=\"17\">Utilizaci\u00f3n<\/td>\n<td class=\"et3\">Bolsas de recambio de champ\u00fa, jab\u00f3n corporal y jab\u00f3n de manos<\/td>\n<\/tr>\n<tr style=\"height: 12.75pt;\">\n<td class=\"et2\" style=\"height: 12.75pt; width: 91.40pt;\" width=\"121\" height=\"17\">MOQ<\/td>\n<td class=\"et2\" style=\"width: 222.00pt;\" width=\"296\">50.000 unidades<\/td>\n<\/tr>\n<tr style=\"height: 12.75pt;\">\n<td class=\"et2\" style=\"height: 12.75pt; width: 91.40pt;\" width=\"121\" height=\"17\">Pedido a medida<\/td>\n<td class=\"et2\" style=\"width: 222.00pt;\" width=\"296\">Aceptamos OEM, Soporte Muestra gratis<\/td>\n<\/tr>\n<\/tbody>\n<\/table>\n<p>&nbsp;<\/p>","protected":false},"featured_media":3757,"comment_status":"closed","ping_status":"closed","template":"","meta":{"_acf_changed":false},"product_brand":[],"product_cat":[22,30],"product_tag":[],"class_list":{"0":"post-3754","1":"product","2":"type-product","3":"status-publish","4":"has-post-thumbnail","6":"product_cat-shaped-pouches-factory","7":"product_cat-stand-up-pouch-manufacturer","8":"pa_non-food-packaging-soap-detergent-pouches","10":"first","11":"instock","12":"shipping-taxable","13":"product-type-simple"},"acf":[],"_links":{"self":[{"href":"https:\/\/www.stanleypackage.com\/es\/wp-json\/wp\/v2\/product\/3754","targetHints":{"allow":["GET"]}}],"collection":[{"href":"https:\/\/www.stanleypackage.com\/es\/wp-json\/wp\/v2\/product"}],"about":[{"href":"https:\/\/www.stanleypackage.com\/es\/wp-json\/wp\/v2\/types\/product"}],"replies":[{"embeddable":true,"href":"https:\/\/www.stanleypackage.com\/es\/wp-json\/wp\/v2\/comments?post=3754"}],"wp:featuredmedia":[{"embeddable":true,"href":"https:\/\/www.stanleypackage.com\/es\/wp-json\/wp\/v2\/media\/3757"}],"wp:attachment":[{"href":"https:\/\/www.stanleypackage.com\/es\/wp-json\/wp\/v2\/media?parent=3754"}],"wp:term":[{"taxonomy":"product_brand","embeddable":true,"href":"https:\/\/www.stanleypackage.com\/es\/wp-json\/wp\/v2\/product_brand?post=3754"},{"taxonomy":"product_cat","embeddable":true,"href":"https:\/\/www.stanleypackage.com\/es\/wp-json\/wp\/v2\/product_cat?post=3754"},{"taxonomy":"product_tag","embeddable":true,"href":"https:\/\/www.stanleypackage.com\/es\/wp-json\/wp\/v2\/product_tag?post=3754"}],"curies":[{"name":"wp","href":"https:\/\/api.w.org\/{rel}","templated":true}]}}