{"id":3771,"date":"2025-11-15T01:27:02","date_gmt":"2025-11-15T01:27:02","guid":{"rendered":"https:\/\/www.stanleypackage.com\/?post_type=product&#038;p=3771"},"modified":"2025-11-15T01:27:10","modified_gmt":"2025-11-15T01:27:10","slug":"three-side-seal-pouches-with-zipper","status":"publish","type":"product","link":"https:\/\/www.stanleypackage.com\/es\/product\/three-side-seal-pouches-with-zipper\/","title":{"rendered":"Bolsas personalizadas con cierre de cremallera en tres lados Suministro al por mayor"},"content":{"rendered":"<div class=\"wp-block-columns is-layout-flex wp-container-core-columns-is-layout-9d6595d7 wp-block-columns-is-layout-flex\">\n<div class=\"wp-block-column is-layout-flow wp-block-column-is-layout-flow\">\n<h2 class=\"wp-block-heading\">Caracter\u00edsticas de las bolsas personalizadas de cierre trilateral con cremallera<\/h2>\n\n\n\n<ul class=\"wp-block-list\">\n<li><strong>Bordes bien sellados:<\/strong>\u00a0Los bordes de nuestras bolsas personalizadas de cierre trilateral con cremallera son ajustados, suaves y atractivos, y no son propensos a agrietarse.<\/li>\n\n\n\n<li><strong>Personalizaci\u00f3n flexible:<\/strong> Nuestras bolsas planas OEM al por mayor ofrecen amplias opciones de personalizaci\u00f3n en t\u00e9rminos de tama\u00f1o de bolsa, capacidad, gr\u00e1ficos e impresi\u00f3n, satisfaciendo las necesidades de envasado de diversas marcas y productos.<\/li>\n\n\n\n<li><strong>Dise\u00f1o f\u00e1cil de rasgar:<\/strong> Estas bolsas personalizadas con cierre en tres lados y cremallera para uso diario tienen muescas para rasgar, que permiten abrir f\u00e1cilmente el envase, facilitan la apertura y mejoran la experiencia del usuario.<\/li>\n\n\n\n<li><strong>Estructura de cremallera sellada:<\/strong> Nuestras bolsas planas OEM al por mayor con cremallera admiten m\u00faltiples aperturas y cierres, y son adecuadas para el consumo port\u00e1til diario.<\/li>\n\n\n\n<li><strong>Adecuado para diversos aperitivos:<\/strong> Estas bolsas personalizadas con cierre de cremallera en tres lados son muy adecuadas para diversas necesidades diarias de envasado de productos qu\u00edmicos, como mascarillas, productos para el cuidado de la piel, jab\u00f3n l\u00edquido, champ\u00fa, etc.<\/li>\n<\/ul>\n\n\n\n<div class=\"wp-block-columns is-layout-flex wp-container-core-columns-is-layout-9d6595d7 wp-block-columns-is-layout-flex\">\n<div class=\"wp-block-column is-layout-flow wp-block-column-is-layout-flow\">\n<figure class=\"wp-block-image size-full\"><img decoding=\"async\" width=\"750\" height=\"750\" src=\"https:\/\/www.stanleypackage.com\/wp-content\/uploads\/2025\/11\/Custom-Daily-Chemical-Bags-With-Zipper-Wholesale-OEM-3-Side-Seal-Pouches-5.webp\" alt=\"\" class=\"wp-image-3772\" srcset=\"https:\/\/www.stanleypackage.com\/wp-content\/uploads\/2025\/11\/Custom-Daily-Chemical-Bags-With-Zipper-Wholesale-OEM-3-Side-Seal-Pouches-5.webp 750w, https:\/\/www.stanleypackage.com\/wp-content\/uploads\/2025\/11\/Custom-Daily-Chemical-Bags-With-Zipper-Wholesale-OEM-3-Side-Seal-Pouches-5-300x300.webp 300w, https:\/\/www.stanleypackage.com\/wp-content\/uploads\/2025\/11\/Custom-Daily-Chemical-Bags-With-Zipper-Wholesale-OEM-3-Side-Seal-Pouches-5-150x150.webp 150w, https:\/\/www.stanleypackage.com\/wp-content\/uploads\/2025\/11\/Custom-Daily-Chemical-Bags-With-Zipper-Wholesale-OEM-3-Side-Seal-Pouches-5-12x12.webp 12w, https:\/\/www.stanleypackage.com\/wp-content\/uploads\/2025\/11\/Custom-Daily-Chemical-Bags-With-Zipper-Wholesale-OEM-3-Side-Seal-Pouches-5-600x600.webp 600w, https:\/\/www.stanleypackage.com\/wp-content\/uploads\/2025\/11\/Custom-Daily-Chemical-Bags-With-Zipper-Wholesale-OEM-3-Side-Seal-Pouches-5-100x100.webp 100w\" sizes=\"(max-width: 750px) 100vw, 750px\" \/><\/figure>\n<\/div>\n\n\n\n<div class=\"wp-block-column is-layout-flow wp-block-column-is-layout-flow\">\n<figure class=\"wp-block-image size-full\"><img decoding=\"async\" width=\"750\" height=\"750\" src=\"https:\/\/www.stanleypackage.com\/wp-content\/uploads\/2025\/11\/Custom-Daily-Chemical-Bags-With-Zipper-Wholesale-OEM-3-Side-Seal-Pouches-6.webp\" alt=\"\" class=\"wp-image-3773\" srcset=\"https:\/\/www.stanleypackage.com\/wp-content\/uploads\/2025\/11\/Custom-Daily-Chemical-Bags-With-Zipper-Wholesale-OEM-3-Side-Seal-Pouches-6.webp 750w, https:\/\/www.stanleypackage.com\/wp-content\/uploads\/2025\/11\/Custom-Daily-Chemical-Bags-With-Zipper-Wholesale-OEM-3-Side-Seal-Pouches-6-300x300.webp 300w, https:\/\/www.stanleypackage.com\/wp-content\/uploads\/2025\/11\/Custom-Daily-Chemical-Bags-With-Zipper-Wholesale-OEM-3-Side-Seal-Pouches-6-150x150.webp 150w, https:\/\/www.stanleypackage.com\/wp-content\/uploads\/2025\/11\/Custom-Daily-Chemical-Bags-With-Zipper-Wholesale-OEM-3-Side-Seal-Pouches-6-12x12.webp 12w, https:\/\/www.stanleypackage.com\/wp-content\/uploads\/2025\/11\/Custom-Daily-Chemical-Bags-With-Zipper-Wholesale-OEM-3-Side-Seal-Pouches-6-600x600.webp 600w, https:\/\/www.stanleypackage.com\/wp-content\/uploads\/2025\/11\/Custom-Daily-Chemical-Bags-With-Zipper-Wholesale-OEM-3-Side-Seal-Pouches-6-100x100.webp 100w\" sizes=\"(max-width: 750px) 100vw, 750px\" \/><\/figure>\n<\/div>\n<\/div>\n<\/div>\n<\/div>","protected":false},"excerpt":{"rendered":"<p>Le invitamos a solicitar bolsas personalizadas con cierre de cremallera en tres lados. Nuestras bolsas planas al por mayor del OEM de la endecha ofrecen una muesca de la cremallera y del rasg\u00f3n, que se dise\u00f1a especialmente para la m\u00e1scara facial, el cuidado de piel, el jab\u00f3n l\u00edquido y otros productos qu\u00edmicos diarios para aumentar el efecto de la exhibici\u00f3n del estante del producto.<\/p>\n<table width=\"365\">\n<tbody>\n<tr>\n<td width=\"97\">Fabricante<\/td>\n<td width=\"267\">Stanley<\/td>\n<\/tr>\n<tr>\n<td width=\"97\">Tipos de bolsas<\/td>\n<td width=\"267\">Bolsa de cierre lateral 3, Bolsa con cremallera<\/td>\n<\/tr>\n<tr>\n<td width=\"97\">Material<\/td>\n<td width=\"267\">MOPP25\/PET12\/PE80<\/td>\n<\/tr>\n<tr>\n<td width=\"97\">Reportaje especial<\/td>\n<td width=\"267\">\u00a0Cremallera, muesca<\/td>\n<\/tr>\n<tr>\n<td width=\"97\">Manipulaci\u00f3n de superficies<\/td>\n<td width=\"267\">Impresi\u00f3n en huecograbado<\/td>\n<\/tr>\n<tr>\n<td width=\"97\">Color<\/td>\n<td width=\"267\">Impresi\u00f3n a doble cara, hasta 10 colores<\/td>\n<\/tr>\n<tr>\n<td width=\"97\">Utilizaci\u00f3n<\/td>\n<td width=\"267\">Mascarilla facial, Cuidado de la piel, Jab\u00f3n l\u00edquido, etc.<\/td>\n<\/tr>\n<tr>\n<td width=\"97\">MOQ<\/td>\n<td width=\"267\">50.000 unidades<\/td>\n<\/tr>\n<tr>\n<td width=\"97\">Pedido a medida<\/td>\n<td width=\"267\">Acepta OEM , Soporte Muestra gratis<\/td>\n<\/tr>\n<\/tbody>\n<\/table>","protected":false},"featured_media":3774,"comment_status":"closed","ping_status":"closed","template":"","meta":{"_acf_changed":false},"product_brand":[],"product_cat":[18,31,28],"product_tag":[],"class_list":{"0":"post-3771","1":"product","2":"type-product","3":"status-publish","4":"has-post-thumbnail","6":"product_cat-zipper-pouch-manufacturer","7":"product_cat-lay-flat-pouch-manufacturer","8":"product_cat-three-side-seal-pouch-manufacturer","9":"pa_non-food-packaging-cosmetic-packaging-pouches","10":"pa_non-food-packaging-soap-detergent-pouches","12":"first","13":"instock","14":"shipping-taxable","15":"product-type-simple"},"acf":[],"_links":{"self":[{"href":"https:\/\/www.stanleypackage.com\/es\/wp-json\/wp\/v2\/product\/3771","targetHints":{"allow":["GET"]}}],"collection":[{"href":"https:\/\/www.stanleypackage.com\/es\/wp-json\/wp\/v2\/product"}],"about":[{"href":"https:\/\/www.stanleypackage.com\/es\/wp-json\/wp\/v2\/types\/product"}],"replies":[{"embeddable":true,"href":"https:\/\/www.stanleypackage.com\/es\/wp-json\/wp\/v2\/comments?post=3771"}],"wp:featuredmedia":[{"embeddable":true,"href":"https:\/\/www.stanleypackage.com\/es\/wp-json\/wp\/v2\/media\/3774"}],"wp:attachment":[{"href":"https:\/\/www.stanleypackage.com\/es\/wp-json\/wp\/v2\/media?parent=3771"}],"wp:term":[{"taxonomy":"product_brand","embeddable":true,"href":"https:\/\/www.stanleypackage.com\/es\/wp-json\/wp\/v2\/product_brand?post=3771"},{"taxonomy":"product_cat","embeddable":true,"href":"https:\/\/www.stanleypackage.com\/es\/wp-json\/wp\/v2\/product_cat?post=3771"},{"taxonomy":"product_tag","embeddable":true,"href":"https:\/\/www.stanleypackage.com\/es\/wp-json\/wp\/v2\/product_tag?post=3771"}],"curies":[{"name":"wp","href":"https:\/\/api.w.org\/{rel}","templated":true}]}}