{"id":3794,"date":"2025-11-20T06:09:40","date_gmt":"2025-11-20T06:09:40","guid":{"rendered":"https:\/\/www.stanleypackage.com\/?post_type=product&#038;p=3794"},"modified":"2025-11-20T06:30:38","modified_gmt":"2025-11-20T06:30:38","slug":"custom-printed-doypack","status":"publish","type":"product","link":"https:\/\/www.stanleypackage.com\/es\/product\/custom-printed-doypack\/","title":{"rendered":"Doypack impreso personalizado con cremallera, OEM bolsas de soporte de cereales"},"content":{"rendered":"<div class=\"wp-block-columns is-layout-flex wp-container-core-columns-is-layout-9d6595d7 wp-block-columns-is-layout-flex\">\n<div class=\"wp-block-column is-layout-flow wp-block-column-is-layout-flow\">\n<h2 class=\"wp-block-heading\">Caracter\u00edsticas del Doypack impreso a medida<\/h2>\n\n\n\n<ul class=\"wp-block-list\">\n<li><strong>M\u00e1xima conservaci\u00f3n de la frescura: <\/strong>Este doypack impreso a medida est\u00e1 fabricado con una estructura de material compuesto PET\/AL\/PE. La capa de papel de aluminio (AL) se encuentra en el centro y proporciona la mejor protecci\u00f3n contra la humedad, el ox\u00edgeno y la luz, evitando que los cereales y aperitivos se ablanden u oxiden, y manteniendo su textura crujiente y sabor fresco durante bastante tiempo.<\/li>\n\n\n\n<li><strong>C\u00f3modo resellado:<\/strong> Esta bolsa OEM con cremallera de pie es f\u00e1cil de abrir y cerrar con un sellado decente. Los consumidores pueden volver a cerrarla cuando lo deseen despu\u00e9s de abrirla, lo que resuelve inmediatamente el dilema de arrastrar las sobras, al tiempo que proporciona comodidad y reduce los residuos.<\/li>\n\n\n\n<li><strong>Rendimiento sobresaliente en estanter\u00edas: <\/strong>Este exclusivo doypack impreso a medida se mantiene estable sin soporte, ofreciendo una gran superficie de exposici\u00f3n. Admite impresi\u00f3n personalizada de gama completa en color de alta definici\u00f3n, muestra plenamente los logotipos de la marca y la informaci\u00f3n del producto, lo que hace que destaque en los estantes de las tiendas y atraiga la atenci\u00f3n del consumidor.<\/li>\n\n\n\n<li><strong>Robusto, resistente y funcional: <\/strong>Nuestras bolsas OEM con cremallera est\u00e1n fabricadas con un material resistente a la perforaci\u00f3n y la abrasi\u00f3n. La fiabilidad est\u00e1 garantizada durante el llenado y el env\u00edo y, en \u00faltima instancia, durante el uso por parte del consumidor.<\/li>\n\n\n\n<li><strong>Dise\u00f1o f\u00e1cil de usar: <\/strong>Nuestro doypack impreso a medida combina la estabilidad autoportante con una apertura de f\u00e1cil apertura para un vertido y un desembalado c\u00f3modos y sin esfuerzo, lo que mejora significativamente la experiencia del usuario y aumenta la satisfacci\u00f3n con el producto.<\/li>\n<\/ul>\n\n\n\n<div class=\"wp-block-columns is-layout-flex wp-container-core-columns-is-layout-9d6595d7 wp-block-columns-is-layout-flex\">\n<div class=\"wp-block-column is-layout-flow wp-block-column-is-layout-flow\">\n<figure class=\"wp-block-image size-full\"><img decoding=\"async\" width=\"750\" height=\"750\" src=\"https:\/\/www.stanleypackage.com\/wp-content\/uploads\/2025\/11\/Moisture-Proof-Stand-Up-Zipper-Pouches-Wholesale-Packaging-Bag-for-Cereal-2.jpg\" alt=\"\" class=\"wp-image-3798\" srcset=\"https:\/\/www.stanleypackage.com\/wp-content\/uploads\/2025\/11\/Moisture-Proof-Stand-Up-Zipper-Pouches-Wholesale-Packaging-Bag-for-Cereal-2.jpg 750w, https:\/\/www.stanleypackage.com\/wp-content\/uploads\/2025\/11\/Moisture-Proof-Stand-Up-Zipper-Pouches-Wholesale-Packaging-Bag-for-Cereal-2-300x300.jpg 300w, https:\/\/www.stanleypackage.com\/wp-content\/uploads\/2025\/11\/Moisture-Proof-Stand-Up-Zipper-Pouches-Wholesale-Packaging-Bag-for-Cereal-2-150x150.jpg 150w, https:\/\/www.stanleypackage.com\/wp-content\/uploads\/2025\/11\/Moisture-Proof-Stand-Up-Zipper-Pouches-Wholesale-Packaging-Bag-for-Cereal-2-12x12.jpg 12w, https:\/\/www.stanleypackage.com\/wp-content\/uploads\/2025\/11\/Moisture-Proof-Stand-Up-Zipper-Pouches-Wholesale-Packaging-Bag-for-Cereal-2-600x600.jpg 600w, https:\/\/www.stanleypackage.com\/wp-content\/uploads\/2025\/11\/Moisture-Proof-Stand-Up-Zipper-Pouches-Wholesale-Packaging-Bag-for-Cereal-2-100x100.jpg 100w\" sizes=\"(max-width: 750px) 100vw, 750px\" \/><\/figure>\n<\/div>\n\n\n\n<div class=\"wp-block-column is-layout-flow wp-block-column-is-layout-flow\">\n<figure class=\"wp-block-image size-full\"><img decoding=\"async\" width=\"750\" height=\"750\" src=\"https:\/\/www.stanleypackage.com\/wp-content\/uploads\/2025\/11\/Moisture-Proof-Stand-Up-Zipper-Pouches-Wholesale-Packaging-Bag-for-Cereal-6.jpg\" alt=\"\" class=\"wp-image-3799\" srcset=\"https:\/\/www.stanleypackage.com\/wp-content\/uploads\/2025\/11\/Moisture-Proof-Stand-Up-Zipper-Pouches-Wholesale-Packaging-Bag-for-Cereal-6.jpg 750w, https:\/\/www.stanleypackage.com\/wp-content\/uploads\/2025\/11\/Moisture-Proof-Stand-Up-Zipper-Pouches-Wholesale-Packaging-Bag-for-Cereal-6-300x300.jpg 300w, https:\/\/www.stanleypackage.com\/wp-content\/uploads\/2025\/11\/Moisture-Proof-Stand-Up-Zipper-Pouches-Wholesale-Packaging-Bag-for-Cereal-6-150x150.jpg 150w, https:\/\/www.stanleypackage.com\/wp-content\/uploads\/2025\/11\/Moisture-Proof-Stand-Up-Zipper-Pouches-Wholesale-Packaging-Bag-for-Cereal-6-12x12.jpg 12w, https:\/\/www.stanleypackage.com\/wp-content\/uploads\/2025\/11\/Moisture-Proof-Stand-Up-Zipper-Pouches-Wholesale-Packaging-Bag-for-Cereal-6-600x600.jpg 600w, https:\/\/www.stanleypackage.com\/wp-content\/uploads\/2025\/11\/Moisture-Proof-Stand-Up-Zipper-Pouches-Wholesale-Packaging-Bag-for-Cereal-6-100x100.jpg 100w\" sizes=\"(max-width: 750px) 100vw, 750px\" \/><\/figure>\n<\/div>\n<\/div>\n<\/div>\n<\/div>\n\n\n\n<p><\/p>","protected":false},"excerpt":{"rendered":"<p>Bienvenido a nuestro doypack impreso personalizado. Esta bolsa OEM con cremallera est\u00e1 hecha espec\u00edficamente para alimentos secos como cereales y aperitivos. Est\u00e1 fabricada con materiales de alta barrera, por lo que ofrece una gran protecci\u00f3n contra la humedad, el ox\u00edgeno y la luz.<\/p>\n<table width=\"365\">\n<tbody>\n<tr>\n<td width=\"97\">Fabricante<\/td>\n<td width=\"267\">Stanley<\/td>\n<\/tr>\n<tr>\n<td width=\"97\">Tipos de bolsas<\/td>\n<td width=\"267\">Bolsa de pie, bolsa con cremallera<\/td>\n<\/tr>\n<tr>\n<td width=\"97\">Material<\/td>\n<td width=\"267\">PET12\/AL7\/PE85<\/td>\n<\/tr>\n<tr>\n<td width=\"97\">Reportaje especial<\/td>\n<td width=\"267\">Cremallera, muesca<\/td>\n<\/tr>\n<tr>\n<td width=\"97\">Manipulaci\u00f3n de superficies<\/td>\n<td width=\"267\">Impresi\u00f3n en huecograbado<\/td>\n<\/tr>\n<tr>\n<td width=\"97\">Color<\/td>\n<td width=\"267\">Impresi\u00f3n a doble cara, hasta 10 colores<\/td>\n<\/tr>\n<tr>\n<td width=\"97\">Utilizaci\u00f3n<\/td>\n<td width=\"267\">\u00a0caramelos, t\u00e9, frutos secos, gelatina, etc.<\/td>\n<\/tr>\n<tr>\n<td width=\"97\">MOQ<\/td>\n<td width=\"267\">50.000 unidades<\/td>\n<\/tr>\n<tr>\n<td width=\"97\">Pedido a medida<\/td>\n<td width=\"267\">Acepta OEM , Soporte Muestra gratis<\/td>\n<\/tr>\n<\/tbody>\n<\/table>","protected":false},"featured_media":3800,"comment_status":"closed","ping_status":"closed","template":"","meta":{"_acf_changed":false},"product_brand":[],"product_cat":[30,18],"product_tag":[],"class_list":{"0":"post-3794","1":"product","2":"type-product","3":"status-publish","4":"has-post-thumbnail","6":"product_cat-stand-up-pouch-manufacturer","7":"product_cat-zipper-pouch-manufacturer","8":"pa_food-packaging-oatmeal-pouch","9":"pa_food-packaging-snack-food-pouch","11":"first","12":"instock","13":"shipping-taxable","14":"product-type-simple"},"acf":[],"_links":{"self":[{"href":"https:\/\/www.stanleypackage.com\/es\/wp-json\/wp\/v2\/product\/3794","targetHints":{"allow":["GET"]}}],"collection":[{"href":"https:\/\/www.stanleypackage.com\/es\/wp-json\/wp\/v2\/product"}],"about":[{"href":"https:\/\/www.stanleypackage.com\/es\/wp-json\/wp\/v2\/types\/product"}],"replies":[{"embeddable":true,"href":"https:\/\/www.stanleypackage.com\/es\/wp-json\/wp\/v2\/comments?post=3794"}],"wp:featuredmedia":[{"embeddable":true,"href":"https:\/\/www.stanleypackage.com\/es\/wp-json\/wp\/v2\/media\/3800"}],"wp:attachment":[{"href":"https:\/\/www.stanleypackage.com\/es\/wp-json\/wp\/v2\/media?parent=3794"}],"wp:term":[{"taxonomy":"product_brand","embeddable":true,"href":"https:\/\/www.stanleypackage.com\/es\/wp-json\/wp\/v2\/product_brand?post=3794"},{"taxonomy":"product_cat","embeddable":true,"href":"https:\/\/www.stanleypackage.com\/es\/wp-json\/wp\/v2\/product_cat?post=3794"},{"taxonomy":"product_tag","embeddable":true,"href":"https:\/\/www.stanleypackage.com\/es\/wp-json\/wp\/v2\/product_tag?post=3794"}],"curies":[{"name":"wp","href":"https:\/\/api.w.org\/{rel}","templated":true}]}}