{"id":3805,"date":"2025-11-20T06:38:43","date_gmt":"2025-11-20T06:38:43","guid":{"rendered":"https:\/\/www.stanleypackage.com\/?post_type=product&#038;p=3805"},"modified":"2025-11-20T06:38:49","modified_gmt":"2025-11-20T06:38:49","slug":"foil-pouches-wholesale","status":"publish","type":"product","link":"https:\/\/www.stanleypackage.com\/es\/product\/foil-pouches-wholesale\/","title":{"rendered":"Bolsas de aluminio de fondo plano al por mayor, Envasado de bebidas en polvo"},"content":{"rendered":"<div class=\"wp-block-columns is-layout-flex wp-container-core-columns-is-layout-9d6595d7 wp-block-columns-is-layout-flex\">\n<div class=\"wp-block-column is-layout-flow wp-block-column-is-layout-flow\">\n<h2 class=\"wp-block-heading\">Caracter\u00edsticas de las bolsas de aluminio de fondo plano al por mayor<\/h2>\n\n\n\n<ul class=\"wp-block-list\">\n<li><strong>Protecci\u00f3n superior contra la humedad y la frescura: <\/strong>Nuestras bolsas de aluminio personalizadas al por mayor utilizan sustratos compuestos multicapa y capas de papel de aluminio para proporcionar propiedades superiores de barrera contra la humedad y el ox\u00edgeno. Esto evita que los productos en polvo se apelmacen o se oxiden, manteniendo intactos sus ingredientes activos y su sabor fresco para un uso prolongado.<\/li>\n\n\n\n<li><strong>Embalaje resistente de fondo plano: <\/strong>El exclusivo dise\u00f1o de fondo plano de estas bolsas OEM de envasado de bebidas en polvo permite que se mantengan estables en posici\u00f3n vertical, ahorrando espacio en las estanter\u00edas y facilitando a los consumidores su almacenamiento y acceso. El vertido del polvo es suave y c\u00f3modo, lo que mejora enormemente la experiencia del usuario.<\/li>\n\n\n\n<li><strong>Excelente presentaci\u00f3n visual de alta gama: <\/strong>Nuestras bolsas de aluminio personalizadas para la venta al por mayor ofrecen un impresionante degradado blanco-verde y una impresi\u00f3n digital que confiere a su envase un aspecto fresco, profesional y de gama alta que atrae la mirada del consumidor y eleva la distinci\u00f3n de su marca frente a la competencia.<\/li>\n\n\n\n<li><strong>Robusto y resistente a los pinchazos:<\/strong> Nuestros envases OEM para bebidas en polvo est\u00e1n hechos de material robusto con buena resistencia a la perforaci\u00f3n y a la abrasi\u00f3n para proteger el contenido desde el transporte y el almacenamiento hasta su uso.<\/li>\n\n\n\n<li><strong>Elecci\u00f3n de mayorista de alto valor:<\/strong> Estas bolsas de papel de aluminio personalizadas al por mayor proporcionan una protecci\u00f3n de papel de aluminio de alto nivel y un aspecto mejorado a un precio excelente, lo que constituye una opci\u00f3n excelente para los propietarios de marcas que necesitan comprar en vol\u00famenes y precios al por mayor.<\/li>\n<\/ul>\n\n\n\n<div class=\"wp-block-columns is-layout-flex wp-container-core-columns-is-layout-9d6595d7 wp-block-columns-is-layout-flex\">\n<div class=\"wp-block-column is-layout-flow wp-block-column-is-layout-flow\">\n<figure class=\"wp-block-image size-full\"><img decoding=\"async\" width=\"750\" height=\"750\" src=\"https:\/\/www.stanleypackage.com\/wp-content\/uploads\/2025\/11\/Food-Grade-Stand-Up-Pouch-With-Zipper-Wholesale-Custom-Drinks-Packaging-3.jpg\" alt=\"\" class=\"wp-image-3807\" srcset=\"https:\/\/www.stanleypackage.com\/wp-content\/uploads\/2025\/11\/Food-Grade-Stand-Up-Pouch-With-Zipper-Wholesale-Custom-Drinks-Packaging-3.jpg 750w, https:\/\/www.stanleypackage.com\/wp-content\/uploads\/2025\/11\/Food-Grade-Stand-Up-Pouch-With-Zipper-Wholesale-Custom-Drinks-Packaging-3-300x300.jpg 300w, https:\/\/www.stanleypackage.com\/wp-content\/uploads\/2025\/11\/Food-Grade-Stand-Up-Pouch-With-Zipper-Wholesale-Custom-Drinks-Packaging-3-150x150.jpg 150w, https:\/\/www.stanleypackage.com\/wp-content\/uploads\/2025\/11\/Food-Grade-Stand-Up-Pouch-With-Zipper-Wholesale-Custom-Drinks-Packaging-3-12x12.jpg 12w, https:\/\/www.stanleypackage.com\/wp-content\/uploads\/2025\/11\/Food-Grade-Stand-Up-Pouch-With-Zipper-Wholesale-Custom-Drinks-Packaging-3-600x600.jpg 600w, https:\/\/www.stanleypackage.com\/wp-content\/uploads\/2025\/11\/Food-Grade-Stand-Up-Pouch-With-Zipper-Wholesale-Custom-Drinks-Packaging-3-100x100.jpg 100w\" sizes=\"(max-width: 750px) 100vw, 750px\" \/><\/figure>\n<\/div>\n\n\n\n<div class=\"wp-block-column is-layout-flow wp-block-column-is-layout-flow\">\n<figure class=\"wp-block-image size-full\"><img decoding=\"async\" width=\"750\" height=\"750\" src=\"https:\/\/www.stanleypackage.com\/wp-content\/uploads\/2025\/11\/Food-Grade-Stand-Up-Pouch-With-Zipper-Wholesale-Custom-Drinks-Packaging-4.jpg\" alt=\"\" class=\"wp-image-3808\" srcset=\"https:\/\/www.stanleypackage.com\/wp-content\/uploads\/2025\/11\/Food-Grade-Stand-Up-Pouch-With-Zipper-Wholesale-Custom-Drinks-Packaging-4.jpg 750w, https:\/\/www.stanleypackage.com\/wp-content\/uploads\/2025\/11\/Food-Grade-Stand-Up-Pouch-With-Zipper-Wholesale-Custom-Drinks-Packaging-4-300x300.jpg 300w, https:\/\/www.stanleypackage.com\/wp-content\/uploads\/2025\/11\/Food-Grade-Stand-Up-Pouch-With-Zipper-Wholesale-Custom-Drinks-Packaging-4-150x150.jpg 150w, https:\/\/www.stanleypackage.com\/wp-content\/uploads\/2025\/11\/Food-Grade-Stand-Up-Pouch-With-Zipper-Wholesale-Custom-Drinks-Packaging-4-12x12.jpg 12w, https:\/\/www.stanleypackage.com\/wp-content\/uploads\/2025\/11\/Food-Grade-Stand-Up-Pouch-With-Zipper-Wholesale-Custom-Drinks-Packaging-4-600x600.jpg 600w, https:\/\/www.stanleypackage.com\/wp-content\/uploads\/2025\/11\/Food-Grade-Stand-Up-Pouch-With-Zipper-Wholesale-Custom-Drinks-Packaging-4-100x100.jpg 100w\" sizes=\"(max-width: 750px) 100vw, 750px\" \/><\/figure>\n<\/div>\n<\/div>\n<\/div>\n<\/div>\n\n\n\n<p><\/p>","protected":false},"excerpt":{"rendered":"<p>Bienvenido a pedir OEM bebida en polvo bolsas de embalaje. Estas bolsas de aluminio personalizadas al por mayor est\u00e1n dise\u00f1adas espec\u00edficamente para suplementos en polvo, como bebidas s\u00f3lidas en polvo y prote\u00ednas en polvo. Hecho con un material compuesto de alta barrera, que proporcionan una excelente protecci\u00f3n contra la humedad y el ox\u00edgeno.<\/p>\n<table style=\"border-collapse: collapse; width: 365.02pt;\" border=\"0\" width=\"365\" cellspacing=\"0\" cellpadding=\"0\">\n<tbody>\n<tr style=\"height: 16.00pt;\">\n<td class=\"et2\" style=\"height: 16.00pt; width: 97.50pt;\" width=\"97\" height=\"16\">Fabricante<\/td>\n<td class=\"et2\" style=\"width: 267.50pt;\" width=\"267\">Stanley<\/td>\n<\/tr>\n<tr style=\"height: 16.00pt;\">\n<td class=\"et2\" style=\"height: 16.00pt; width: 97.50pt;\" width=\"97\" height=\"16\">Tipos de bolsas<\/td>\n<td class=\"et2\" style=\"width: 267.50pt;\" width=\"267\">Bolsa de fondo plano con cierre en 8 lados, bolsa con cremallera<\/td>\n<\/tr>\n<tr style=\"height: 31.00pt;\">\n<td class=\"et2\" style=\"height: 31.00pt; width: 97.50pt;\" width=\"97\" height=\"31\">Material<\/td>\n<td class=\"et2\" style=\"width: 267.50pt;\" width=\"267\">Anverso y reverso: MOPP25\/VMPET12\/PE105<br \/>Laterales: PET12\/VMPET12\/PE105<\/td>\n<\/tr>\n<tr style=\"height: 16.00pt;\">\n<td class=\"et2\" style=\"height: 16.00pt; width: 97.50pt;\" width=\"97\" height=\"16\">Reportaje especial<\/td>\n<td class=\"et2\" style=\"width: 267.50pt;\" width=\"267\">Muesca de desgarro, relleno inferior, cremallera<\/td>\n<\/tr>\n<tr style=\"height: 16.00pt;\">\n<td class=\"et2\" style=\"height: 16.00pt; width: 97.50pt;\" width=\"97\" height=\"16\">Manipulaci\u00f3n de superficies<\/td>\n<td class=\"et2\" style=\"width: 267.50pt;\" width=\"267\">Impresi\u00f3n en huecograbado<\/td>\n<\/tr>\n<tr style=\"height: 16.00pt;\">\n<td class=\"et2\" style=\"height: 16.00pt; width: 97.50pt;\" width=\"97\" height=\"16\">Color<\/td>\n<td class=\"et2\" style=\"width: 267.50pt;\" width=\"267\">Hasta 10 colores<\/td>\n<\/tr>\n<tr style=\"height: 16.00pt;\">\n<td class=\"et2\" style=\"height: 16.00pt; width: 97.50pt;\" width=\"97\" height=\"16\">Utilizaci\u00f3n<\/td>\n<td class=\"et2\" style=\"width: 267.50pt;\" width=\"267\">Bebidas s\u00f3lidas, suplementos en polvo, alimentos secos<\/td>\n<\/tr>\n<tr style=\"height: 16.00pt;\">\n<td class=\"et2\" style=\"height: 16.00pt; width: 97.50pt;\" width=\"97\" height=\"16\">MOQ<\/td>\n<td class=\"et2\" style=\"width: 267.50pt;\" width=\"267\">50.000 unidades<\/td>\n<\/tr>\n<tr style=\"height: 16.00pt;\">\n<td class=\"et2\" style=\"height: 16.00pt; width: 97.50pt;\" width=\"97\" height=\"16\">Pedido a medida<\/td>\n<td class=\"et2\" style=\"width: 267.50pt;\" width=\"267\">Aceptar soporte OEM Muestra gratuita<\/td>\n<\/tr>\n<\/tbody>\n<\/table>","protected":false},"featured_media":3809,"comment_status":"closed","ping_status":"closed","template":"","meta":{"_acf_changed":false},"product_brand":[],"product_cat":[24,18],"product_tag":[],"class_list":{"0":"post-3805","1":"product","2":"type-product","3":"status-publish","4":"has-post-thumbnail","6":"product_cat-flat-bottom-pouch-manufacturer","7":"product_cat-zipper-pouch-manufacturer","8":"pa_food-packaging-food-powder-packaging","9":"pa_food-packaging-drink-beverage-pouch","11":"first","12":"instock","13":"shipping-taxable","14":"product-type-simple"},"acf":[],"_links":{"self":[{"href":"https:\/\/www.stanleypackage.com\/es\/wp-json\/wp\/v2\/product\/3805","targetHints":{"allow":["GET"]}}],"collection":[{"href":"https:\/\/www.stanleypackage.com\/es\/wp-json\/wp\/v2\/product"}],"about":[{"href":"https:\/\/www.stanleypackage.com\/es\/wp-json\/wp\/v2\/types\/product"}],"replies":[{"embeddable":true,"href":"https:\/\/www.stanleypackage.com\/es\/wp-json\/wp\/v2\/comments?post=3805"}],"wp:featuredmedia":[{"embeddable":true,"href":"https:\/\/www.stanleypackage.com\/es\/wp-json\/wp\/v2\/media\/3809"}],"wp:attachment":[{"href":"https:\/\/www.stanleypackage.com\/es\/wp-json\/wp\/v2\/media?parent=3805"}],"wp:term":[{"taxonomy":"product_brand","embeddable":true,"href":"https:\/\/www.stanleypackage.com\/es\/wp-json\/wp\/v2\/product_brand?post=3805"},{"taxonomy":"product_cat","embeddable":true,"href":"https:\/\/www.stanleypackage.com\/es\/wp-json\/wp\/v2\/product_cat?post=3805"},{"taxonomy":"product_tag","embeddable":true,"href":"https:\/\/www.stanleypackage.com\/es\/wp-json\/wp\/v2\/product_tag?post=3805"}],"curies":[{"name":"wp","href":"https:\/\/api.w.org\/{rel}","templated":true}]}}