{"id":3842,"date":"2025-11-26T06:33:35","date_gmt":"2025-11-26T06:33:35","guid":{"rendered":"https:\/\/www.stanleypackage.com\/?post_type=product&#038;p=3842"},"modified":"2025-11-26T06:33:42","modified_gmt":"2025-11-26T06:33:42","slug":"custom-printed-pouch","status":"publish","type":"product","link":"https:\/\/www.stanleypackage.com\/es\/product\/custom-printed-pouch\/","title":{"rendered":"Bolsas personalizadas con impresi\u00f3n de calidad alimentaria, bolsas OEM para aperitivos de fruta"},"content":{"rendered":"<div class=\"wp-block-columns is-layout-flex wp-container-core-columns-is-layout-9d6595d7 wp-block-columns-is-layout-flex\">\n<div class=\"wp-block-column is-layout-flow wp-block-column-is-layout-flow\">\n<h2 class=\"wp-block-heading\">Caracter\u00edsticas de la bolsa con impresi\u00f3n personalizada para aperitivos de frutas<\/h2>\n\n\n\n<ul class=\"wp-block-list\">\n<li><strong>Materiales seguros de calidad alimentaria, que protegen la salud: <\/strong>Esta bolsa impresa a medida para aperitivos utiliza material compuesto PET12\/MBPE105 que cumple las normas nacionales. Es seguro e inodoro, y ofrece una protecci\u00f3n sanitaria fiable para el envasado de alimentos, lo que permite a los consumidores disfrutar de su comida con tranquilidad.<\/li>\n\n\n\n<li><strong>Dise\u00f1o inferior autoportante, visualizaci\u00f3n superior: <\/strong>Nuestros dise\u00f1os personalizados de bolsas stand-up tienen un distintivo dise\u00f1o de fondo plano que permite un envasado estable de pie en el lineal, proporcionando el uso m\u00e1s eficiente del espacio en el lineal y de la presentaci\u00f3n visual, mejorando as\u00ed la calidad percibida del producto y realzando su imagen terminal.<\/li>\n\n\n\n<li><strong>Apertura con un solo toque, f\u00e1cil acceso:<\/strong> El cuidado dise\u00f1o de la abertura f\u00e1cil de rasgar de esta bolsa impresa personalizada para aperitivos hace que la apertura de la bolsa sea f\u00e1cil y sin esfuerzo, lo que mejora enormemente la comodidad y la experiencia de los consumidores.<\/li>\n\n\n\n<li><strong>F\u00e1cil de colgar, ahorra espacio: <\/strong>Nuestras bolsas de pie personalizadas tienen agujeros pretaladrados para colgarlas en la parte superior, lo que permite aprovechar al m\u00e1ximo los estantes colgantes de los supermercados para una exposici\u00f3n tridimensional. Esto no solo ahorra espacio de exposici\u00f3n, sino que tambi\u00e9n aumenta la exposici\u00f3n del producto.<\/li>\n\n\n\n<li><strong>Bloqueo superior de la luz y conservaci\u00f3n de la frescura: <\/strong>Nuestras bolsas impresas personalizadas para aperitivos tienen excelentes propiedades de bloqueo de la luz y a prueba de humedad, impidiendo eficazmente la luz solar directa y la entrada de humedad, ayudando a conservar el sabor, el color y la textura crujiente originales de frutas y aperitivos.<\/li>\n<\/ul>\n\n\n\n<div class=\"wp-block-columns is-layout-flex wp-container-core-columns-is-layout-9d6595d7 wp-block-columns-is-layout-flex\">\n<div class=\"wp-block-column is-layout-flow wp-block-column-is-layout-flow\">\n<figure class=\"wp-block-image size-full\"><img decoding=\"async\" width=\"750\" height=\"750\" src=\"https:\/\/www.stanleypackage.com\/wp-content\/uploads\/2025\/11\/OEM-Food-Package-Bag-Custom-Print-Preserved-Friut-Stand-Up-Pouch-2.jpg\" alt=\"\" class=\"wp-image-3843\" srcset=\"https:\/\/www.stanleypackage.com\/wp-content\/uploads\/2025\/11\/OEM-Food-Package-Bag-Custom-Print-Preserved-Friut-Stand-Up-Pouch-2.jpg 750w, https:\/\/www.stanleypackage.com\/wp-content\/uploads\/2025\/11\/OEM-Food-Package-Bag-Custom-Print-Preserved-Friut-Stand-Up-Pouch-2-300x300.jpg 300w, https:\/\/www.stanleypackage.com\/wp-content\/uploads\/2025\/11\/OEM-Food-Package-Bag-Custom-Print-Preserved-Friut-Stand-Up-Pouch-2-150x150.jpg 150w, https:\/\/www.stanleypackage.com\/wp-content\/uploads\/2025\/11\/OEM-Food-Package-Bag-Custom-Print-Preserved-Friut-Stand-Up-Pouch-2-12x12.jpg 12w, https:\/\/www.stanleypackage.com\/wp-content\/uploads\/2025\/11\/OEM-Food-Package-Bag-Custom-Print-Preserved-Friut-Stand-Up-Pouch-2-600x600.jpg 600w, https:\/\/www.stanleypackage.com\/wp-content\/uploads\/2025\/11\/OEM-Food-Package-Bag-Custom-Print-Preserved-Friut-Stand-Up-Pouch-2-100x100.jpg 100w\" sizes=\"(max-width: 750px) 100vw, 750px\" \/><\/figure>\n<\/div>\n\n\n\n<div class=\"wp-block-column is-layout-flow wp-block-column-is-layout-flow\">\n<figure class=\"wp-block-image size-full\"><img decoding=\"async\" width=\"750\" height=\"750\" src=\"https:\/\/www.stanleypackage.com\/wp-content\/uploads\/2025\/11\/OEM-Food-Package-Bag-Custom-Print-Preserved-Friut-Stand-Up-Pouch-5.jpg\" alt=\"\" class=\"wp-image-3844\" srcset=\"https:\/\/www.stanleypackage.com\/wp-content\/uploads\/2025\/11\/OEM-Food-Package-Bag-Custom-Print-Preserved-Friut-Stand-Up-Pouch-5.jpg 750w, https:\/\/www.stanleypackage.com\/wp-content\/uploads\/2025\/11\/OEM-Food-Package-Bag-Custom-Print-Preserved-Friut-Stand-Up-Pouch-5-300x300.jpg 300w, https:\/\/www.stanleypackage.com\/wp-content\/uploads\/2025\/11\/OEM-Food-Package-Bag-Custom-Print-Preserved-Friut-Stand-Up-Pouch-5-150x150.jpg 150w, https:\/\/www.stanleypackage.com\/wp-content\/uploads\/2025\/11\/OEM-Food-Package-Bag-Custom-Print-Preserved-Friut-Stand-Up-Pouch-5-12x12.jpg 12w, https:\/\/www.stanleypackage.com\/wp-content\/uploads\/2025\/11\/OEM-Food-Package-Bag-Custom-Print-Preserved-Friut-Stand-Up-Pouch-5-600x600.jpg 600w, https:\/\/www.stanleypackage.com\/wp-content\/uploads\/2025\/11\/OEM-Food-Package-Bag-Custom-Print-Preserved-Friut-Stand-Up-Pouch-5-100x100.jpg 100w\" sizes=\"(max-width: 750px) 100vw, 750px\" \/><\/figure>\n<\/div>\n<\/div>\n<\/div>\n<\/div>","protected":false},"excerpt":{"rendered":"<p>Le invitamos a encargar bolsas impresas personalizadas para aperitivos. Nuestras bolsas autoportantes personalizadas est\u00e1n fabricadas con materiales compuestos seguros y respetuosos con el medio ambiente, que proporcionan una excelente protecci\u00f3n de barrera. La estructura inferior autoportante facilita una exposici\u00f3n estable.<\/p>\n<table style=\"border-collapse: collapse; width: 327.77pt;\" border=\"0\" width=\"437\" cellspacing=\"0\" cellpadding=\"0\">\n<tbody>\n<tr style=\"height: 12.75pt;\">\n<td class=\"et2\" style=\"height: 12.75pt; width: 91.40pt;\" width=\"121\" height=\"17\">Fabricante<\/td>\n<td class=\"et2\" style=\"width: 237.00pt;\" width=\"316\">Stanley<\/td>\n<\/tr>\n<tr style=\"height: 12.75pt;\">\n<td class=\"et2\" style=\"height: 12.75pt; width: 91.40pt;\" width=\"121\" height=\"17\">Tipos de bolsas<\/td>\n<td class=\"et3\">Funda de pie<\/td>\n<\/tr>\n<tr style=\"height: 12.75pt;\">\n<td class=\"et2\" style=\"height: 12.75pt; width: 91.40pt;\" width=\"121\" height=\"17\">Material<\/td>\n<td class=\"et2\" style=\"width: 237.00pt;\" width=\"316\">PET12\/MBPE105<\/td>\n<\/tr>\n<tr style=\"height: 12.75pt;\">\n<td class=\"et2\" style=\"height: 12.75pt; width: 91.40pt;\" width=\"121\" height=\"17\">Reportaje especial<\/td>\n<td class=\"et2\" style=\"width: 237.00pt;\" width=\"316\">Parte inferior abatible, muesca para rasgar f\u00e1cilmente, orificio para colgar<\/td>\n<\/tr>\n<tr style=\"height: 12.75pt;\">\n<td class=\"et2\" style=\"height: 12.75pt; width: 91.40pt;\" width=\"121\" height=\"17\">Manipulaci\u00f3n de superficies<\/td>\n<td class=\"et2\" style=\"width: 237.00pt;\" width=\"316\">Impresi\u00f3n en huecograbado<\/td>\n<\/tr>\n<tr style=\"height: 12.75pt;\">\n<td class=\"et2\" style=\"height: 12.75pt; width: 91.40pt;\" width=\"121\" height=\"17\">Color<\/td>\n<td class=\"et2\" style=\"width: 237.00pt;\" width=\"316\">Hasta 10 colores<\/td>\n<\/tr>\n<tr style=\"height: 12.75pt;\">\n<td class=\"et2\" style=\"height: 12.75pt; width: 91.40pt;\" width=\"121\" height=\"17\">Utilizaci\u00f3n<\/td>\n<td class=\"et3\">Aperitivos de fruta, caramelos, frutos secos, alimentos secos<\/td>\n<\/tr>\n<tr style=\"height: 12.75pt;\">\n<td class=\"et2\" style=\"height: 12.75pt; width: 91.40pt;\" width=\"121\" height=\"17\">MOQ<\/td>\n<td class=\"et2\" style=\"width: 237.00pt;\" width=\"316\">50.000 unidades<\/td>\n<\/tr>\n<tr style=\"height: 12.75pt;\">\n<td class=\"et2\" style=\"height: 12.75pt; width: 91.40pt;\" width=\"121\" height=\"17\">Pedido a medida<\/td>\n<td class=\"et2\" style=\"width: 237.00pt;\" width=\"316\">Aceptamos OEM, Soporte Muestra gratis<\/td>\n<\/tr>\n<\/tbody>\n<\/table>","protected":false},"featured_media":3845,"comment_status":"closed","ping_status":"closed","template":"","meta":{"_acf_changed":false},"product_brand":[],"product_cat":[30],"product_tag":[],"class_list":{"0":"post-3842","1":"product","2":"type-product","3":"status-publish","4":"has-post-thumbnail","6":"product_cat-stand-up-pouch-manufacturer","7":"pa_food-packaging-snack-food-pouch","9":"first","10":"instock","11":"shipping-taxable","12":"product-type-simple"},"acf":[],"_links":{"self":[{"href":"https:\/\/www.stanleypackage.com\/es\/wp-json\/wp\/v2\/product\/3842","targetHints":{"allow":["GET"]}}],"collection":[{"href":"https:\/\/www.stanleypackage.com\/es\/wp-json\/wp\/v2\/product"}],"about":[{"href":"https:\/\/www.stanleypackage.com\/es\/wp-json\/wp\/v2\/types\/product"}],"replies":[{"embeddable":true,"href":"https:\/\/www.stanleypackage.com\/es\/wp-json\/wp\/v2\/comments?post=3842"}],"wp:featuredmedia":[{"embeddable":true,"href":"https:\/\/www.stanleypackage.com\/es\/wp-json\/wp\/v2\/media\/3845"}],"wp:attachment":[{"href":"https:\/\/www.stanleypackage.com\/es\/wp-json\/wp\/v2\/media?parent=3842"}],"wp:term":[{"taxonomy":"product_brand","embeddable":true,"href":"https:\/\/www.stanleypackage.com\/es\/wp-json\/wp\/v2\/product_brand?post=3842"},{"taxonomy":"product_cat","embeddable":true,"href":"https:\/\/www.stanleypackage.com\/es\/wp-json\/wp\/v2\/product_cat?post=3842"},{"taxonomy":"product_tag","embeddable":true,"href":"https:\/\/www.stanleypackage.com\/es\/wp-json\/wp\/v2\/product_tag?post=3842"}],"curies":[{"name":"wp","href":"https:\/\/api.w.org\/{rel}","templated":true}]}}