{"id":3849,"date":"2025-11-26T04:02:57","date_gmt":"2025-11-26T04:02:57","guid":{"rendered":"https:\/\/www.stanleypackage.com\/?post_type=product&#038;p=3849"},"modified":"2025-11-26T04:03:04","modified_gmt":"2025-11-26T04:03:04","slug":"face-sheet-mask-packaging","status":"publish","type":"product","link":"https:\/\/www.stanleypackage.com\/es\/product\/face-sheet-mask-packaging\/","title":{"rendered":"Envasado de mascarillas faciales, bolsas de aluminio personalizadas con sellado en 3 lados"},"content":{"rendered":"<div class=\"wp-block-columns is-layout-flex wp-container-core-columns-is-layout-9d6595d7 wp-block-columns-is-layout-flex\">\n<div class=\"wp-block-column is-layout-flow wp-block-column-is-layout-flow\">\n<h2 class=\"wp-block-heading\">Caracter\u00edsticas del envasado de mascarillas personalizadas<\/h2>\n\n\n\n<ul class=\"wp-block-list\">\n<li><strong>Papel de aluminio de alta barrera: <\/strong>Nuestros envases personalizados para mascarillas faciales utilizan una capa de barrera con n\u00facleo de papel de aluminio (AL7), que bloquea perfectamente la luz, el ox\u00edgeno y la humedad. Esto garantiza que los ingredientes activos de la esencia de la mascarilla permanezcan frescos hasta el momento de su uso, proporcion\u00e1ndole unos beneficios eficaces para el cuidado de la piel cuando utilice la mascarilla.<\/li>\n\n\n\n<li><strong>Impresi\u00f3n de alta definici\u00f3n a doble cara:<\/strong> Nuestra bolsa personalizada de l\u00e1mina de sellado por tres caras admite una exquisita impresi\u00f3n a doble cara con hasta 10 colores, con lo que se consigue una amplia difusi\u00f3n de la informaci\u00f3n de la marca y una sensaci\u00f3n de alta gama.<\/li>\n\n\n\n<li><strong>Dise\u00f1o f\u00e1cil de usar, c\u00f3modo y pr\u00e1ctico: <\/strong>El orificio para colgar en la parte superior de este envase personalizado de mascarilla facial facilita la exposici\u00f3n colgada en los estantes del supermercado, mejorando la eficacia de la exposici\u00f3n. La abertura f\u00e1cil de rasgar hace que la apertura sea suave y sin esfuerzo, optimizando la experiencia del consumidor.<\/li>\n\n\n\n<li><strong>Material duradero y a prueba de fugas: <\/strong>Esta bolsa personalizada de l\u00e1mina de sellado por tres lados combina una capa exterior de PET con una capa interior de PE de gran grosor, lo que confiere a la bolsa de envasado una excelente resistencia a la tracci\u00f3n y a la perforaci\u00f3n.<\/li>\n\n\n\n<li><strong>Personalizaci\u00f3n flexible y asistencia para muestras: <\/strong>Ofrecemos servicios integrales de personalizaci\u00f3n OEM para envases de mascarillas faciales a medida. Los tama\u00f1os, las formas y los dise\u00f1os se pueden adaptar a sus necesidades.<\/li>\n<\/ul>\n\n\n\n<div class=\"wp-block-columns is-layout-flex wp-container-core-columns-is-layout-9d6595d7 wp-block-columns-is-layout-flex\">\n<div class=\"wp-block-column is-layout-flow wp-block-column-is-layout-flow\">\n<figure class=\"wp-block-image size-full\"><img decoding=\"async\" width=\"750\" height=\"750\" src=\"https:\/\/www.stanleypackage.com\/wp-content\/uploads\/2025\/11\/Custom-Packaging-Bag-Of-Face-Mask-Factory-OEM-3-Side-Seal-Pouch-3.webp\" alt=\"\" class=\"wp-image-3850\" srcset=\"https:\/\/www.stanleypackage.com\/wp-content\/uploads\/2025\/11\/Custom-Packaging-Bag-Of-Face-Mask-Factory-OEM-3-Side-Seal-Pouch-3.webp 750w, https:\/\/www.stanleypackage.com\/wp-content\/uploads\/2025\/11\/Custom-Packaging-Bag-Of-Face-Mask-Factory-OEM-3-Side-Seal-Pouch-3-300x300.webp 300w, https:\/\/www.stanleypackage.com\/wp-content\/uploads\/2025\/11\/Custom-Packaging-Bag-Of-Face-Mask-Factory-OEM-3-Side-Seal-Pouch-3-150x150.webp 150w, https:\/\/www.stanleypackage.com\/wp-content\/uploads\/2025\/11\/Custom-Packaging-Bag-Of-Face-Mask-Factory-OEM-3-Side-Seal-Pouch-3-12x12.webp 12w, https:\/\/www.stanleypackage.com\/wp-content\/uploads\/2025\/11\/Custom-Packaging-Bag-Of-Face-Mask-Factory-OEM-3-Side-Seal-Pouch-3-600x600.webp 600w, https:\/\/www.stanleypackage.com\/wp-content\/uploads\/2025\/11\/Custom-Packaging-Bag-Of-Face-Mask-Factory-OEM-3-Side-Seal-Pouch-3-100x100.webp 100w\" sizes=\"(max-width: 750px) 100vw, 750px\" \/><\/figure>\n<\/div>\n\n\n\n<div class=\"wp-block-column is-layout-flow wp-block-column-is-layout-flow\">\n<figure class=\"wp-block-image size-full\"><img decoding=\"async\" width=\"750\" height=\"750\" src=\"https:\/\/www.stanleypackage.com\/wp-content\/uploads\/2025\/11\/Custom-Packaging-Bag-Of-Face-Mask-Factory-OEM-3-Side-Seal-Pouch-7.webp\" alt=\"\" class=\"wp-image-3851\" srcset=\"https:\/\/www.stanleypackage.com\/wp-content\/uploads\/2025\/11\/Custom-Packaging-Bag-Of-Face-Mask-Factory-OEM-3-Side-Seal-Pouch-7.webp 750w, https:\/\/www.stanleypackage.com\/wp-content\/uploads\/2025\/11\/Custom-Packaging-Bag-Of-Face-Mask-Factory-OEM-3-Side-Seal-Pouch-7-300x300.webp 300w, https:\/\/www.stanleypackage.com\/wp-content\/uploads\/2025\/11\/Custom-Packaging-Bag-Of-Face-Mask-Factory-OEM-3-Side-Seal-Pouch-7-150x150.webp 150w, https:\/\/www.stanleypackage.com\/wp-content\/uploads\/2025\/11\/Custom-Packaging-Bag-Of-Face-Mask-Factory-OEM-3-Side-Seal-Pouch-7-12x12.webp 12w, https:\/\/www.stanleypackage.com\/wp-content\/uploads\/2025\/11\/Custom-Packaging-Bag-Of-Face-Mask-Factory-OEM-3-Side-Seal-Pouch-7-600x600.webp 600w, https:\/\/www.stanleypackage.com\/wp-content\/uploads\/2025\/11\/Custom-Packaging-Bag-Of-Face-Mask-Factory-OEM-3-Side-Seal-Pouch-7-100x100.webp 100w\" sizes=\"(max-width: 750px) 100vw, 750px\" \/><\/figure>\n<\/div>\n<\/div>\n<\/div>\n<\/div>","protected":false},"excerpt":{"rendered":"<p>Bienvenido a pedir envases personalizados de mascarillas faciales. Esta bolsa de l\u00e1mina personalizada con sellado por tres lados bloquea eficazmente la luz, el ox\u00edgeno y la humedad. La bolsa cuenta con un orificio para colgar y una abertura f\u00e1cil de rasgar para una c\u00f3moda exposici\u00f3n y uso por parte del consumidor.<\/p>\n<table width=\"365\">\n<tbody>\n<tr>\n<td width=\"97\">Fabricante<\/td>\n<td width=\"267\">Stanley<\/td>\n<\/tr>\n<tr>\n<td width=\"97\">Tipos de bolsas<\/td>\n<td width=\"267\">Bolsa con 3 soldaduras laterales<\/td>\n<\/tr>\n<tr>\n<td width=\"97\">Material<\/td>\n<td width=\"267\">PET12\/AL7\/PE105<\/td>\n<\/tr>\n<tr>\n<td width=\"97\">Reportaje especial<\/td>\n<td width=\"267\">Agujero para colgar, muesca para rasgar\u00a0<\/td>\n<\/tr>\n<tr>\n<td width=\"97\">Manipulaci\u00f3n de superficies<\/td>\n<td width=\"267\">Impresi\u00f3n en huecograbado<\/td>\n<\/tr>\n<tr>\n<td width=\"97\">Color<\/td>\n<td width=\"267\">Impresi\u00f3n a doble cara, hasta 10 colores<\/td>\n<\/tr>\n<tr>\n<td width=\"97\">Utilizaci\u00f3n<\/td>\n<td width=\"267\">mascarilla facial, crema para los ojos, loci\u00f3n<\/td>\n<\/tr>\n<tr>\n<td width=\"97\">MOQ<\/td>\n<td width=\"267\">50.000 unidades<\/td>\n<\/tr>\n<tr>\n<td width=\"97\">Pedido a medida<\/td>\n<td width=\"267\">Aceptamos OEM, Soporte Muestra gratis<\/td>\n<\/tr>\n<\/tbody>\n<\/table>","protected":false},"featured_media":3852,"comment_status":"closed","ping_status":"closed","template":"","meta":{"_acf_changed":false},"product_brand":[],"product_cat":[28,31],"product_tag":[],"class_list":{"0":"post-3849","1":"product","2":"type-product","3":"status-publish","4":"has-post-thumbnail","6":"product_cat-three-side-seal-pouch-manufacturer","7":"product_cat-lay-flat-pouch-manufacturer","8":"pa_non-food-packaging-cosmetic-packaging-pouches","10":"first","11":"instock","12":"shipping-taxable","13":"product-type-simple"},"acf":[],"_links":{"self":[{"href":"https:\/\/www.stanleypackage.com\/es\/wp-json\/wp\/v2\/product\/3849","targetHints":{"allow":["GET"]}}],"collection":[{"href":"https:\/\/www.stanleypackage.com\/es\/wp-json\/wp\/v2\/product"}],"about":[{"href":"https:\/\/www.stanleypackage.com\/es\/wp-json\/wp\/v2\/types\/product"}],"replies":[{"embeddable":true,"href":"https:\/\/www.stanleypackage.com\/es\/wp-json\/wp\/v2\/comments?post=3849"}],"wp:featuredmedia":[{"embeddable":true,"href":"https:\/\/www.stanleypackage.com\/es\/wp-json\/wp\/v2\/media\/3852"}],"wp:attachment":[{"href":"https:\/\/www.stanleypackage.com\/es\/wp-json\/wp\/v2\/media?parent=3849"}],"wp:term":[{"taxonomy":"product_brand","embeddable":true,"href":"https:\/\/www.stanleypackage.com\/es\/wp-json\/wp\/v2\/product_brand?post=3849"},{"taxonomy":"product_cat","embeddable":true,"href":"https:\/\/www.stanleypackage.com\/es\/wp-json\/wp\/v2\/product_cat?post=3849"},{"taxonomy":"product_tag","embeddable":true,"href":"https:\/\/www.stanleypackage.com\/es\/wp-json\/wp\/v2\/product_tag?post=3849"}],"curies":[{"name":"wp","href":"https:\/\/api.w.org\/{rel}","templated":true}]}}