{"id":3866,"date":"2025-11-26T03:27:03","date_gmt":"2025-11-26T03:27:03","guid":{"rendered":"https:\/\/www.stanleypackage.com\/?post_type=product&#038;p=3866"},"modified":"2025-11-26T03:27:09","modified_gmt":"2025-11-26T03:27:09","slug":"custom-candy-packaging","status":"publish","type":"product","link":"https:\/\/www.stanleypackage.com\/es\/product\/custom-candy-packaging\/","title":{"rendered":"Bolsa personalizada para caramelos, impresi\u00f3n en 10 colores"},"content":{"rendered":"<div class=\"wp-block-columns is-layout-flex wp-container-core-columns-is-layout-9d6595d7 wp-block-columns-is-layout-flex\">\n<div class=\"wp-block-column is-layout-flow wp-block-column-is-layout-flow\">\n<h2 class=\"wp-block-heading\">Caracter\u00edsticas de la bolsa personalizada para caramelos<\/h2>\n\n\n\n<ul class=\"wp-block-list\">\n<li><strong>Ventana transparente para una visi\u00f3n clara:<\/strong> Esta bolsa personalizada para caramelos tiene una ventana transparente para que los clientes vean lo que hay dentro, as\u00ed como una forma atractiva de comprar productos.<\/li>\n\n\n\n<li><strong>Impresi\u00f3n en huecograbado a 10 colores para obtener colores vibrantes: <\/strong>Nuestra bolsa personalizada para caramelos admite la impresi\u00f3n en huecograbado de alta calidad de hasta 10 colores, lo que da como resultado colores vivos, patrones exquisitos y detalles realistas, que reproducen a la perfecci\u00f3n el dise\u00f1o de la marca y crean una experiencia visual deslumbrante y de alta gama.<\/li>\n\n\n\n<li><strong>Material compuesto de alta calidad para mayor frescura y protecci\u00f3n contra la humedad:<\/strong> Esta bolsa para envasado de caramelos a medida utiliza el compuesto BOPP\/PET\/PE, que hace que las bolsas sean duraderas, resistentes a la deformaci\u00f3n y con excelentes propiedades de barrera frente a la humedad y el ox\u00edgeno.<\/li>\n\n\n\n<li><strong>Dise\u00f1o vertical para una visualizaci\u00f3n estable: <\/strong>Esta bolsa de caramelos de pie personalizada se mantiene firme en los estantes, garantizando una exposici\u00f3n ordenada y atractiva, maximizando la superficie de exposici\u00f3n y mejorando la imagen de marca y las ventas al por menor.<\/li>\n\n\n\n<li><strong>Personalizaci\u00f3n flexible: <\/strong>Ofrecemos servicios integrales de personalizaci\u00f3n OEM para bolsas personalizadas de envasado de caramelos. Desde el tama\u00f1o y la forma hasta los motivos impresos, todo puede dise\u00f1arse para satisfacer sus necesidades espec\u00edficas de diferenciaci\u00f3n de marca y reforzar el reconocimiento de la misma.<\/li>\n<\/ul>\n\n\n\n<div class=\"wp-block-columns is-layout-flex wp-container-core-columns-is-layout-9d6595d7 wp-block-columns-is-layout-flex\">\n<div class=\"wp-block-column is-layout-flow wp-block-column-is-layout-flow\">\n<figure class=\"wp-block-image size-full\"><img decoding=\"async\" width=\"750\" height=\"750\" src=\"https:\/\/www.stanleypackage.com\/wp-content\/uploads\/2025\/11\/Custom-Candy-Packaging-BagsWholesale-Snack-Stand-Up-Pouch-3.webp\" alt=\"\" class=\"wp-image-3867\" srcset=\"https:\/\/www.stanleypackage.com\/wp-content\/uploads\/2025\/11\/Custom-Candy-Packaging-BagsWholesale-Snack-Stand-Up-Pouch-3.webp 750w, https:\/\/www.stanleypackage.com\/wp-content\/uploads\/2025\/11\/Custom-Candy-Packaging-BagsWholesale-Snack-Stand-Up-Pouch-3-300x300.webp 300w, https:\/\/www.stanleypackage.com\/wp-content\/uploads\/2025\/11\/Custom-Candy-Packaging-BagsWholesale-Snack-Stand-Up-Pouch-3-150x150.webp 150w, https:\/\/www.stanleypackage.com\/wp-content\/uploads\/2025\/11\/Custom-Candy-Packaging-BagsWholesale-Snack-Stand-Up-Pouch-3-12x12.webp 12w, https:\/\/www.stanleypackage.com\/wp-content\/uploads\/2025\/11\/Custom-Candy-Packaging-BagsWholesale-Snack-Stand-Up-Pouch-3-600x600.webp 600w, https:\/\/www.stanleypackage.com\/wp-content\/uploads\/2025\/11\/Custom-Candy-Packaging-BagsWholesale-Snack-Stand-Up-Pouch-3-100x100.webp 100w\" sizes=\"(max-width: 750px) 100vw, 750px\" \/><\/figure>\n<\/div>\n\n\n\n<div class=\"wp-block-column is-layout-flow wp-block-column-is-layout-flow\">\n<figure class=\"wp-block-image size-full\"><img decoding=\"async\" width=\"750\" height=\"750\" src=\"https:\/\/www.stanleypackage.com\/wp-content\/uploads\/2025\/11\/Custom-Candy-Packaging-BagsWholesale-Snack-Stand-Up-Pouch-5.webp\" alt=\"\" class=\"wp-image-3868\" srcset=\"https:\/\/www.stanleypackage.com\/wp-content\/uploads\/2025\/11\/Custom-Candy-Packaging-BagsWholesale-Snack-Stand-Up-Pouch-5.webp 750w, https:\/\/www.stanleypackage.com\/wp-content\/uploads\/2025\/11\/Custom-Candy-Packaging-BagsWholesale-Snack-Stand-Up-Pouch-5-300x300.webp 300w, https:\/\/www.stanleypackage.com\/wp-content\/uploads\/2025\/11\/Custom-Candy-Packaging-BagsWholesale-Snack-Stand-Up-Pouch-5-150x150.webp 150w, https:\/\/www.stanleypackage.com\/wp-content\/uploads\/2025\/11\/Custom-Candy-Packaging-BagsWholesale-Snack-Stand-Up-Pouch-5-12x12.webp 12w, https:\/\/www.stanleypackage.com\/wp-content\/uploads\/2025\/11\/Custom-Candy-Packaging-BagsWholesale-Snack-Stand-Up-Pouch-5-600x600.webp 600w, https:\/\/www.stanleypackage.com\/wp-content\/uploads\/2025\/11\/Custom-Candy-Packaging-BagsWholesale-Snack-Stand-Up-Pouch-5-100x100.webp 100w\" sizes=\"(max-width: 750px) 100vw, 750px\" \/><\/figure>\n<\/div>\n<\/div>\n<\/div>\n<\/div>","protected":false},"excerpt":{"rendered":"<p>Le invitamos a encargar una bolsa personalizada para envasar caramelos. Esta bolsa personalizada para caramelos est\u00e1 hecha de un material compuesto muy transparente, que combina una excelente resistencia y conservaci\u00f3n de la frescura. La bolsa tiene una ventana transparente prominente y admite impresi\u00f3n en huecograbado de hasta 10 colores.<\/p>\n<table style=\"border-collapse: collapse; width: 327.77pt;\" border=\"0\" width=\"437\" cellspacing=\"0\" cellpadding=\"0\">\n<tbody>\n<tr style=\"height: 12.75pt;\">\n<td class=\"et2\" style=\"height: 12.75pt; width: 91.40pt;\" width=\"121\" height=\"17\">Fabricante<\/td>\n<td class=\"et2\" style=\"width: 237.00pt;\" width=\"316\">Stanley<\/td>\n<\/tr>\n<tr style=\"height: 12.75pt;\">\n<td class=\"et2\" style=\"height: 12.75pt; width: 91.40pt;\" width=\"121\" height=\"17\">Tipos de bolsas<\/td>\n<td class=\"et3\">Funda de pie<\/td>\n<\/tr>\n<tr style=\"height: 12.75pt;\">\n<td class=\"et2\" style=\"height: 12.75pt; width: 91.40pt;\" width=\"121\" height=\"17\">Material<\/td>\n<td class=\"et2\" style=\"width: 237.00pt;\" width=\"316\">BOPP38\/PET12\/PE60<\/td>\n<\/tr>\n<tr style=\"height: 12.75pt;\">\n<td class=\"et2\" style=\"height: 12.75pt; width: 91.40pt;\" width=\"121\" height=\"17\">Reportaje especial<\/td>\n<td class=\"et2\" style=\"width: 237.00pt;\" width=\"316\">Parte inferior abatible, muesca de f\u00e1cil apertura, ventana transparente<\/td>\n<\/tr>\n<tr style=\"height: 12.75pt;\">\n<td class=\"et2\" style=\"height: 12.75pt; width: 91.40pt;\" width=\"121\" height=\"17\">Manipulaci\u00f3n de superficies<\/td>\n<td class=\"et2\" style=\"width: 237.00pt;\" width=\"316\">Impresi\u00f3n en huecograbado<\/td>\n<\/tr>\n<tr style=\"height: 12.75pt;\">\n<td class=\"et2\" style=\"height: 12.75pt; width: 91.40pt;\" width=\"121\" height=\"17\">Color<\/td>\n<td class=\"et2\" style=\"width: 237.00pt;\" width=\"316\">Hasta 10 colores<\/td>\n<\/tr>\n<tr style=\"height: 12.75pt;\">\n<td class=\"et2\" style=\"height: 12.75pt; width: 91.40pt;\" width=\"121\" height=\"17\">Utilizaci\u00f3n<\/td>\n<td class=\"et3\">Caramelos, Frutos secos, Aperitivos<\/td>\n<\/tr>\n<tr style=\"height: 12.75pt;\">\n<td class=\"et2\" style=\"height: 12.75pt; width: 91.40pt;\" width=\"121\" height=\"17\">MOQ<\/td>\n<td class=\"et2\" style=\"width: 237.00pt;\" width=\"316\">50.000 unidades<\/td>\n<\/tr>\n<tr style=\"height: 12.75pt;\">\n<td class=\"et2\" style=\"height: 12.75pt; width: 91.40pt;\" width=\"121\" height=\"17\">Pedido a medida<\/td>\n<td class=\"et2\" style=\"width: 237.00pt;\" width=\"316\">Aceptamos OEM, Soporte Muestra gratis<\/td>\n<\/tr>\n<\/tbody>\n<\/table>","protected":false},"featured_media":3869,"comment_status":"closed","ping_status":"closed","template":"","meta":{"_acf_changed":false},"product_brand":[],"product_cat":[30],"product_tag":[],"class_list":{"0":"post-3866","1":"product","2":"type-product","3":"status-publish","4":"has-post-thumbnail","6":"product_cat-stand-up-pouch-manufacturer","7":"pa_food-packaging-snack-food-pouch","9":"first","10":"instock","11":"shipping-taxable","12":"product-type-simple"},"acf":[],"_links":{"self":[{"href":"https:\/\/www.stanleypackage.com\/es\/wp-json\/wp\/v2\/product\/3866","targetHints":{"allow":["GET"]}}],"collection":[{"href":"https:\/\/www.stanleypackage.com\/es\/wp-json\/wp\/v2\/product"}],"about":[{"href":"https:\/\/www.stanleypackage.com\/es\/wp-json\/wp\/v2\/types\/product"}],"replies":[{"embeddable":true,"href":"https:\/\/www.stanleypackage.com\/es\/wp-json\/wp\/v2\/comments?post=3866"}],"wp:featuredmedia":[{"embeddable":true,"href":"https:\/\/www.stanleypackage.com\/es\/wp-json\/wp\/v2\/media\/3869"}],"wp:attachment":[{"href":"https:\/\/www.stanleypackage.com\/es\/wp-json\/wp\/v2\/media?parent=3866"}],"wp:term":[{"taxonomy":"product_brand","embeddable":true,"href":"https:\/\/www.stanleypackage.com\/es\/wp-json\/wp\/v2\/product_brand?post=3866"},{"taxonomy":"product_cat","embeddable":true,"href":"https:\/\/www.stanleypackage.com\/es\/wp-json\/wp\/v2\/product_cat?post=3866"},{"taxonomy":"product_tag","embeddable":true,"href":"https:\/\/www.stanleypackage.com\/es\/wp-json\/wp\/v2\/product_tag?post=3866"}],"curies":[{"name":"wp","href":"https:\/\/api.w.org\/{rel}","templated":true}]}}