{"id":3873,"date":"2025-11-26T03:03:23","date_gmt":"2025-11-26T03:03:23","guid":{"rendered":"https:\/\/www.stanleypackage.com\/?post_type=product&#038;p=3873"},"modified":"2025-11-26T03:03:48","modified_gmt":"2025-11-26T03:03:48","slug":"oem-flat-bottom-standing-pouch","status":"publish","type":"product","link":"https:\/\/www.stanleypackage.com\/es\/product\/oem-flat-bottom-standing-pouch\/","title":{"rendered":"Bolsa de fondo plano OEM, bolsa de avena a medida"},"content":{"rendered":"<div class=\"wp-block-columns is-layout-flex wp-container-core-columns-is-layout-9d6595d7 wp-block-columns-is-layout-flex\">\n<div class=\"wp-block-column is-layout-flow wp-block-column-is-layout-flow\">\n<h2 class=\"wp-block-heading\">Caracter\u00edsticas de la bolsa de pie con fondo plano OEM<\/h2>\n\n\n\n<ul class=\"wp-block-list\">\n<li><strong>Dise\u00f1o estable de pie con fondo plano: <\/strong>Nuestra bolsa OEM de fondo plano se caracteriza por un dise\u00f1o de fondo s\u00f3lido y plano que permite una colocaci\u00f3n independiente, proporcionando estabilidad mientras se presentan los productos al por menor, maximizando la utilizaci\u00f3n del espacio vertical del estante, mejorando as\u00ed el atractivo del estante al por menor.<\/li>\n\n\n\n<li><strong>Material especial de alta barrera: <\/strong>Esta bolsa a medida para el envasado de avena contiene un dorso de PE de 100 capas de grosor y una cara de PE de 80 capas de grosor con una pel\u00edcula aleada de VMPET laminada en la capa intermedia para mejorar la protecci\u00f3n de barrera contra el ox\u00edgeno y la humedad y prolongar la vida \u00fatil de los productos alimenticios perecederos.<\/li>\n\n\n\n<li><strong>C\u00f3modo dise\u00f1o de la experiencia de usuario: <\/strong>Esta bolsa OEM de fondo plano est\u00e1 equipada con orificios para colgarla y exponerla f\u00e1cilmente, un precinto de f\u00e1cil desgarro para abrirla con facilidad y un orificio de llenado inferior para un llenado r\u00e1pido, lo que mejora la eficacia en el uso y la producci\u00f3n.<\/li>\n\n\n\n<li><strong>Impresi\u00f3n avanzada en huecograbado: <\/strong>Nuestra bolsa personalizada para envasado de avena admite impresi\u00f3n precisa a 10 colores con alta saturaci\u00f3n de color. Puede personalizarse con logotipos de empresa, motivos, etc., lo que mejora el reconocimiento de la marca.<\/li>\n\n\n\n<li><strong>Servicio flexible de personalizaci\u00f3n OEM: <\/strong>El tama\u00f1o, el grosor y el contenido de impresi\u00f3n de nuestras bolsas planas de fondo plano OEM pueden adaptarse con flexibilidad a las necesidades del cliente, satisfaciendo los diversos requisitos del mercado de envases de avena personalizados.<\/li>\n<\/ul>\n\n\n\n<div class=\"wp-block-columns is-layout-flex wp-container-core-columns-is-layout-9d6595d7 wp-block-columns-is-layout-flex\">\n<div class=\"wp-block-column is-layout-flow wp-block-column-is-layout-flow\">\n<figure class=\"wp-block-image size-full\"><img decoding=\"async\" width=\"750\" height=\"750\" src=\"https:\/\/www.stanleypackage.com\/wp-content\/uploads\/2025\/11\/Custom-Flat-Bottom-Pouches-Wholesale-8-Side-Seal-Oatmeal-Packaging-Bags-6.jpg\" alt=\"\" class=\"wp-image-3874\" srcset=\"https:\/\/www.stanleypackage.com\/wp-content\/uploads\/2025\/11\/Custom-Flat-Bottom-Pouches-Wholesale-8-Side-Seal-Oatmeal-Packaging-Bags-6.jpg 750w, https:\/\/www.stanleypackage.com\/wp-content\/uploads\/2025\/11\/Custom-Flat-Bottom-Pouches-Wholesale-8-Side-Seal-Oatmeal-Packaging-Bags-6-300x300.jpg 300w, https:\/\/www.stanleypackage.com\/wp-content\/uploads\/2025\/11\/Custom-Flat-Bottom-Pouches-Wholesale-8-Side-Seal-Oatmeal-Packaging-Bags-6-150x150.jpg 150w, https:\/\/www.stanleypackage.com\/wp-content\/uploads\/2025\/11\/Custom-Flat-Bottom-Pouches-Wholesale-8-Side-Seal-Oatmeal-Packaging-Bags-6-12x12.jpg 12w, https:\/\/www.stanleypackage.com\/wp-content\/uploads\/2025\/11\/Custom-Flat-Bottom-Pouches-Wholesale-8-Side-Seal-Oatmeal-Packaging-Bags-6-600x600.jpg 600w, https:\/\/www.stanleypackage.com\/wp-content\/uploads\/2025\/11\/Custom-Flat-Bottom-Pouches-Wholesale-8-Side-Seal-Oatmeal-Packaging-Bags-6-100x100.jpg 100w\" sizes=\"(max-width: 750px) 100vw, 750px\" \/><\/figure>\n<\/div>\n\n\n\n<div class=\"wp-block-column is-layout-flow wp-block-column-is-layout-flow\">\n<figure class=\"wp-block-image size-full\"><img decoding=\"async\" width=\"750\" height=\"750\" src=\"https:\/\/www.stanleypackage.com\/wp-content\/uploads\/2025\/11\/Custom-Flat-Bottom-Pouches-Wholesale-8-Side-Seal-Oatmeal-Packaging-Bags-7.jpg\" alt=\"\" class=\"wp-image-3875\" srcset=\"https:\/\/www.stanleypackage.com\/wp-content\/uploads\/2025\/11\/Custom-Flat-Bottom-Pouches-Wholesale-8-Side-Seal-Oatmeal-Packaging-Bags-7.jpg 750w, https:\/\/www.stanleypackage.com\/wp-content\/uploads\/2025\/11\/Custom-Flat-Bottom-Pouches-Wholesale-8-Side-Seal-Oatmeal-Packaging-Bags-7-300x300.jpg 300w, https:\/\/www.stanleypackage.com\/wp-content\/uploads\/2025\/11\/Custom-Flat-Bottom-Pouches-Wholesale-8-Side-Seal-Oatmeal-Packaging-Bags-7-150x150.jpg 150w, https:\/\/www.stanleypackage.com\/wp-content\/uploads\/2025\/11\/Custom-Flat-Bottom-Pouches-Wholesale-8-Side-Seal-Oatmeal-Packaging-Bags-7-12x12.jpg 12w, https:\/\/www.stanleypackage.com\/wp-content\/uploads\/2025\/11\/Custom-Flat-Bottom-Pouches-Wholesale-8-Side-Seal-Oatmeal-Packaging-Bags-7-600x600.jpg 600w, https:\/\/www.stanleypackage.com\/wp-content\/uploads\/2025\/11\/Custom-Flat-Bottom-Pouches-Wholesale-8-Side-Seal-Oatmeal-Packaging-Bags-7-100x100.jpg 100w\" sizes=\"(max-width: 750px) 100vw, 750px\" \/><\/figure>\n<\/div>\n<\/div>\n<\/div>\n<\/div>","protected":false},"excerpt":{"rendered":"<p>Le damos la bienvenida a nuestra bolsa de fondo plano OEM. Esta bolsa personalizada para avena combina durabilidad con un atractivo visual. Su fondo plano con 8 soldaduras laterales garantiza la estabilidad y cuenta con orificios para colgar, cierre de rasgado y relleno inferior. Admite impresi\u00f3n en huecograbado de hasta 10 colores.<\/p>\n<table style=\"border-collapse: collapse; width: 365.02pt;\" border=\"0\" width=\"365\" cellspacing=\"0\" cellpadding=\"0\">\n<tbody>\n<tr style=\"height: 16.00pt;\">\n<td class=\"et2\" style=\"height: 16.00pt; width: 97.50pt;\" width=\"97\" height=\"16\">Fabricante<\/td>\n<td class=\"et2\" style=\"width: 267.50pt;\" width=\"267\">Stanley<\/td>\n<\/tr>\n<tr style=\"height: 16.00pt;\">\n<td class=\"et2\" style=\"height: 16.00pt; width: 97.50pt;\" width=\"97\" height=\"16\">Tipos de bolsas<\/td>\n<td class=\"et2\" style=\"width: 267.50pt;\" width=\"267\">8 Bolsa de fondo plano con cierre lateral<\/td>\n<\/tr>\n<tr style=\"height: 31.00pt;\">\n<td class=\"et2\" style=\"height: 31.00pt; width: 97.50pt;\" width=\"97\" height=\"31\">Material<\/td>\n<td class=\"et2\" style=\"width: 267.50pt;\" width=\"267\">Anverso y reverso: PET12\/VMPET12\/PE100 <br \/>Laterales: PET12\/VMPET12\/PE80<\/td>\n<\/tr>\n<tr style=\"height: 16.00pt;\">\n<td class=\"et2\" style=\"height: 16.00pt; width: 97.50pt;\" width=\"97\" height=\"16\">Reportaje especial<\/td>\n<td class=\"et2\" style=\"width: 267.50pt;\" width=\"267\">Agujero para colgar, muesca para rasgar, relleno inferior<\/td>\n<\/tr>\n<tr style=\"height: 16.00pt;\">\n<td class=\"et2\" style=\"height: 16.00pt; width: 97.50pt;\" width=\"97\" height=\"16\">Manipulaci\u00f3n de superficies<\/td>\n<td class=\"et2\" style=\"width: 267.50pt;\" width=\"267\">Impresi\u00f3n en huecograbado<\/td>\n<\/tr>\n<tr style=\"height: 16.00pt;\">\n<td class=\"et2\" style=\"height: 16.00pt; width: 97.50pt;\" width=\"97\" height=\"16\">Color<\/td>\n<td class=\"et2\" style=\"width: 267.50pt;\" width=\"267\">Hasta 10 colores<\/td>\n<\/tr>\n<tr style=\"height: 16.00pt;\">\n<td class=\"et2\" style=\"height: 16.00pt; width: 97.50pt;\" width=\"97\" height=\"16\">Utilizaci\u00f3n<\/td>\n<td class=\"et2\" style=\"width: 267.50pt;\" width=\"267\">Copos de avena, caf\u00e9, aperitivos, frutos secos, alimentos secos<\/td>\n<\/tr>\n<tr style=\"height: 16.00pt;\">\n<td class=\"et2\" style=\"height: 16.00pt; width: 97.50pt;\" width=\"97\" height=\"16\">MOQ<\/td>\n<td class=\"et2\" style=\"width: 267.50pt;\" width=\"267\">50.000 unidades<\/td>\n<\/tr>\n<tr style=\"height: 16.00pt;\">\n<td class=\"et2\" style=\"height: 16.00pt; width: 97.50pt;\" width=\"97\" height=\"16\">Pedido a medida<\/td>\n<td class=\"et2\" style=\"width: 267.50pt;\" width=\"267\">Aceptar soporte OEM Muestra gratuita<\/td>\n<\/tr>\n<\/tbody>\n<\/table>","protected":false},"featured_media":3876,"comment_status":"closed","ping_status":"closed","template":"","meta":{"_acf_changed":false},"product_brand":[],"product_cat":[24],"product_tag":[],"class_list":{"0":"post-3873","1":"product","2":"type-product","3":"status-publish","4":"has-post-thumbnail","6":"product_cat-flat-bottom-pouch-manufacturer","7":"pa_food-packaging-oatmeal-pouch","9":"first","10":"instock","11":"shipping-taxable","12":"product-type-simple"},"acf":[],"_links":{"self":[{"href":"https:\/\/www.stanleypackage.com\/es\/wp-json\/wp\/v2\/product\/3873","targetHints":{"allow":["GET"]}}],"collection":[{"href":"https:\/\/www.stanleypackage.com\/es\/wp-json\/wp\/v2\/product"}],"about":[{"href":"https:\/\/www.stanleypackage.com\/es\/wp-json\/wp\/v2\/types\/product"}],"replies":[{"embeddable":true,"href":"https:\/\/www.stanleypackage.com\/es\/wp-json\/wp\/v2\/comments?post=3873"}],"wp:featuredmedia":[{"embeddable":true,"href":"https:\/\/www.stanleypackage.com\/es\/wp-json\/wp\/v2\/media\/3876"}],"wp:attachment":[{"href":"https:\/\/www.stanleypackage.com\/es\/wp-json\/wp\/v2\/media?parent=3873"}],"wp:term":[{"taxonomy":"product_brand","embeddable":true,"href":"https:\/\/www.stanleypackage.com\/es\/wp-json\/wp\/v2\/product_brand?post=3873"},{"taxonomy":"product_cat","embeddable":true,"href":"https:\/\/www.stanleypackage.com\/es\/wp-json\/wp\/v2\/product_cat?post=3873"},{"taxonomy":"product_tag","embeddable":true,"href":"https:\/\/www.stanleypackage.com\/es\/wp-json\/wp\/v2\/product_tag?post=3873"}],"curies":[{"name":"wp","href":"https:\/\/api.w.org\/{rel}","templated":true}]}}